{"id":5984,"date":"2025-07-30T08:55:44","date_gmt":"2025-07-30T08:55:44","guid":{"rendered":"https:\/\/altaroda.es\/?post_type=product&#038;p=5984"},"modified":"2025-07-30T08:55:44","modified_gmt":"2025-07-30T08:55:44","slug":"destalonadora-de-neumaticos-esco","status":"publish","type":"product","link":"https:\/\/altaroda.es\/en\/product\/destalonadora-de-neumaticos-esco\/","title":{"rendered":"Destalonadora de neum\u00e1ticos Esco"},"content":{"rendered":"<p>La ESCO COMBI 10101 es la primera m\u00e1quina hidr\u00e1ulica para desmontar talones de neum\u00e1ticos que debes tener en tu taller.<br data-start=\"260\" data-end=\"263\" \/>Se puede ampliar con el kit 10620, que transforma la COMBI 10101 en el rompe-talones 10102 Maxi.<br data-start=\"359\" data-end=\"362\" \/>Ayuda en el mantenimiento de ruedas de 1, 2 y 3 piezas, incluyendo tractores.<br data-start=\"439\" data-end=\"442\" \/>Rompe los talones en segundos, utilizando 13,8 toneladas de fuerza.<br data-start=\"509\" data-end=\"512\" data-is-only-node=\"\" \/>El rompe-talones \u201cCombi\u201d no funciona en ruedas o llantas gigantes.<\/p>","protected":false},"excerpt":{"rendered":"<p>La ESCO COMBI 10101 es la primera m\u00e1quina hidr\u00e1ulica para desmontar talones de neum\u00e1ticos que debes tener en tu taller.Se puede ampliar con el kit 10620, que transforma la COMBI 10101 en el rompe-talones 10102 Maxi.Ayuda en el mantenimiento de ruedas de 1, 2 y 3 piezas, incluyendo tractores.Rompe los talones en segundos, utilizando 13,8 [&hellip;]<\/p>","protected":false},"featured_media":0,"comment_status":"open","ping_status":"closed","template":"","meta":{"_acf_changed":false},"product_brand":[21725],"product_cat":[21739,42],"product_tag":[21731,21754,21755,21727],"class_list":{"0":"post-5984","1":"product","2":"type-product","3":"status-publish","5":"product_brand-esco","6":"product_cat-destalonadoras","7":"product_cat-equipamiento","8":"product_tag-desmontadora","9":"product_tag-destalonadora","10":"product_tag-es10101","11":"product_tag-esco","13":"first","14":"instock","15":"taxable","16":"shipping-taxable","17":"purchasable","18":"product-type-simple"},"acf":[],"_links":{"self":[{"href":"https:\/\/altaroda.es\/en\/wp-json\/wp\/v2\/product\/5984","targetHints":{"allow":["GET"]}}],"collection":[{"href":"https:\/\/altaroda.es\/en\/wp-json\/wp\/v2\/product"}],"about":[{"href":"https:\/\/altaroda.es\/en\/wp-json\/wp\/v2\/types\/product"}],"replies":[{"embeddable":true,"href":"https:\/\/altaroda.es\/en\/wp-json\/wp\/v2\/comments?post=5984"}],"version-history":[{"count":0,"href":"https:\/\/altaroda.es\/en\/wp-json\/wp\/v2\/product\/5984\/revisions"}],"wp:attachment":[{"href":"https:\/\/altaroda.es\/en\/wp-json\/wp\/v2\/media?parent=5984"}],"wp:term":[{"taxonomy":"product_brand","embeddable":true,"href":"https:\/\/altaroda.es\/en\/wp-json\/wp\/v2\/product_brand?post=5984"},{"taxonomy":"product_cat","embeddable":true,"href":"https:\/\/altaroda.es\/en\/wp-json\/wp\/v2\/product_cat?post=5984"},{"taxonomy":"product_tag","embeddable":true,"href":"https:\/\/altaroda.es\/en\/wp-json\/wp\/v2\/product_tag?post=5984"}],"curies":[{"name":"wp","href":"https:\/\/api.w.org\/{rel}","templated":true}]}}