{"id":5944,"date":"2025-07-29T11:21:44","date_gmt":"2025-07-29T11:21:44","guid":{"rendered":"https:\/\/altaroda.es\/?post_type=product&#038;p=5944"},"modified":"2025-07-30T08:12:22","modified_gmt":"2025-07-30T08:12:22","slug":"base-para-gato-esco-100-toneladas","status":"publish","type":"product","link":"https:\/\/altaroda.es\/en\/product\/base-para-gato-esco-100-toneladas\/","title":{"rendered":"Base para Gato ESCO 100 Toneladas"},"content":{"rendered":"<p data-start=\"138\" data-end=\"413\">Las bases ESCO funcionan con todo tipo de gatos y duplican el \u00e1rea de superficie para que el gato se apoye.<br data-start=\"245\" data-end=\"248\" \/>Ideal para terrenos blandos o irregulares.<br data-start=\"290\" data-end=\"293\" \/>Ligera, resistente a la corrosi\u00f3n y a la descomposici\u00f3n.<br data-start=\"349\" data-end=\"352\" \/>No absorbe humedad.<br data-start=\"371\" data-end=\"374\" \/>Capacidad de carga hasta 100 toneladas.<\/p>\n<p data-start=\"415\" data-end=\"462\"><strong data-start=\"415\" data-end=\"427\">Medidas:<\/strong> 305 x 305 x 25 mm<br data-start=\"445\" data-end=\"448\" \/><strong data-start=\"448\" data-end=\"457\">Peso:<\/strong> 2 kg<\/p>","protected":false},"excerpt":{"rendered":"<p>Las bases ESCO funcionan con todo tipo de gatos y duplican el \u00e1rea de superficie para que el gato se apoye.Ideal para terrenos blandos o irregulares.Ligera, resistente a la corrosi\u00f3n y a la descomposici\u00f3n.No absorbe humedad.Capacidad de carga hasta 100 toneladas. Medidas: 305 x 305 x 25 mmPeso: 2 kg<\/p>","protected":false},"featured_media":0,"comment_status":"open","ping_status":"closed","template":"","meta":{"_acf_changed":false},"product_brand":[21725],"product_cat":[42,21741],"product_tag":[21737,21727,134],"class_list":{"0":"post-5944","1":"product","2":"type-product","3":"status-publish","5":"product_brand-esco","6":"product_cat-equipamiento","7":"product_cat-gatos","8":"product_tag-base","9":"product_tag-esco","10":"product_tag-gato","12":"first","13":"instock","14":"taxable","15":"shipping-taxable","16":"purchasable","17":"product-type-simple"},"acf":[],"_links":{"self":[{"href":"https:\/\/altaroda.es\/en\/wp-json\/wp\/v2\/product\/5944","targetHints":{"allow":["GET"]}}],"collection":[{"href":"https:\/\/altaroda.es\/en\/wp-json\/wp\/v2\/product"}],"about":[{"href":"https:\/\/altaroda.es\/en\/wp-json\/wp\/v2\/types\/product"}],"replies":[{"embeddable":true,"href":"https:\/\/altaroda.es\/en\/wp-json\/wp\/v2\/comments?post=5944"}],"version-history":[{"count":0,"href":"https:\/\/altaroda.es\/en\/wp-json\/wp\/v2\/product\/5944\/revisions"}],"wp:attachment":[{"href":"https:\/\/altaroda.es\/en\/wp-json\/wp\/v2\/media?parent=5944"}],"wp:term":[{"taxonomy":"product_brand","embeddable":true,"href":"https:\/\/altaroda.es\/en\/wp-json\/wp\/v2\/product_brand?post=5944"},{"taxonomy":"product_cat","embeddable":true,"href":"https:\/\/altaroda.es\/en\/wp-json\/wp\/v2\/product_cat?post=5944"},{"taxonomy":"product_tag","embeddable":true,"href":"https:\/\/altaroda.es\/en\/wp-json\/wp\/v2\/product_tag?post=5944"}],"curies":[{"name":"wp","href":"https:\/\/api.w.org\/{rel}","templated":true}]}}