{"id":5929,"date":"2025-07-29T11:04:59","date_gmt":"2025-07-29T11:04:59","guid":{"rendered":"https:\/\/altaroda.es\/?post_type=product&#038;p=5929"},"modified":"2025-07-30T08:57:55","modified_gmt":"2025-07-30T08:57:55","slug":"destalonadora-industrial-esco-10102","status":"publish","type":"product","link":"https:\/\/altaroda.es\/en\/product\/destalonadora-industrial-esco-10102\/","title":{"rendered":"Destalonadora  Industrial ESCO 10102"},"content":{"rendered":"<p data-start=\"131\" data-end=\"340\">Funciona en todas las ruedas de 3 piezas con brida extendida.<br data-start=\"192\" data-end=\"195\" \/>Dise\u00f1ado para trabajar en la parte delantera o trasera de la rueda sin accesorios.<br data-start=\"277\" data-end=\"280\" \/>Se fija f\u00e1cilmente a la rueda.<br data-start=\"310\" data-end=\"313\" \/>Pies y garras m\u00e1s largos.<\/p>\n<p data-start=\"342\" data-end=\"357\"><strong data-start=\"342\" data-end=\"351\">Peso:<\/strong> 17 kg<\/p>","protected":false},"excerpt":{"rendered":"<p>Funciona en todas las ruedas de 3 piezas con brida extendida.Dise\u00f1ado para trabajar en la parte delantera o trasera de la rueda sin accesorios.Se fija f\u00e1cilmente a la rueda.Pies y garras m\u00e1s largos. Peso: 17 kg<\/p>","protected":false},"featured_media":0,"comment_status":"open","ping_status":"closed","template":"","meta":{"_acf_changed":false},"product_brand":[21725],"product_cat":[21739,42],"product_tag":[21735,21731,21754,21727,21732],"class_list":{"0":"post-5929","1":"product","2":"type-product","3":"status-publish","5":"product_brand-esco","6":"product_cat-destalonadoras","7":"product_cat-equipamiento","8":"product_tag-21735","9":"product_tag-desmontadora","10":"product_tag-destalonadora","11":"product_tag-esco","12":"product_tag-industrial","14":"first","15":"instock","16":"taxable","17":"shipping-taxable","18":"purchasable","19":"product-type-simple"},"acf":[],"_links":{"self":[{"href":"https:\/\/altaroda.es\/en\/wp-json\/wp\/v2\/product\/5929","targetHints":{"allow":["GET"]}}],"collection":[{"href":"https:\/\/altaroda.es\/en\/wp-json\/wp\/v2\/product"}],"about":[{"href":"https:\/\/altaroda.es\/en\/wp-json\/wp\/v2\/types\/product"}],"replies":[{"embeddable":true,"href":"https:\/\/altaroda.es\/en\/wp-json\/wp\/v2\/comments?post=5929"}],"version-history":[{"count":0,"href":"https:\/\/altaroda.es\/en\/wp-json\/wp\/v2\/product\/5929\/revisions"}],"wp:attachment":[{"href":"https:\/\/altaroda.es\/en\/wp-json\/wp\/v2\/media?parent=5929"}],"wp:term":[{"taxonomy":"product_brand","embeddable":true,"href":"https:\/\/altaroda.es\/en\/wp-json\/wp\/v2\/product_brand?post=5929"},{"taxonomy":"product_cat","embeddable":true,"href":"https:\/\/altaroda.es\/en\/wp-json\/wp\/v2\/product_cat?post=5929"},{"taxonomy":"product_tag","embeddable":true,"href":"https:\/\/altaroda.es\/en\/wp-json\/wp\/v2\/product_tag?post=5929"}],"curies":[{"name":"wp","href":"https:\/\/api.w.org\/{rel}","templated":true}]}}