{"id":5909,"date":"2025-07-29T10:42:12","date_gmt":"2025-07-29T10:42:12","guid":{"rendered":"https:\/\/altaroda.es\/?post_type=product&#038;p=5909"},"modified":"2025-07-30T08:08:09","modified_gmt":"2025-07-30T08:08:09","slug":"bomba-hidraulica-esco-10592","status":"publish","type":"product","link":"https:\/\/altaroda.es\/en\/product\/bomba-hidraulica-esco-10592\/","title":{"rendered":"Bomba Hidr\u00e1ulica ESCO 10592"},"content":{"rendered":"<p>Capacidad de aceite suficiente para operar gatos de elevaci\u00f3n.<br data-start=\"220\" data-end=\"223\" \/>Dep\u00f3sito met\u00e1lico robusto de 5 litros.<br data-start=\"261\" data-end=\"264\" \/>Presi\u00f3n hidr\u00e1ulica de 10.000 PSI.<br data-start=\"297\" data-end=\"300\" \/>Dise\u00f1ada espec\u00edficamente para camiones de servicio de neum\u00e1ticos.<br data-start=\"365\" data-end=\"368\" data-is-only-node=\"\" \/><strong data-start=\"368\" data-end=\"377\">Peso:<\/strong> 12 kg<\/p>","protected":false},"excerpt":{"rendered":"<p>Capacidad de aceite suficiente para operar gatos de elevaci\u00f3n.Dep\u00f3sito met\u00e1lico robusto de 5 litros.Presi\u00f3n hidr\u00e1ulica de 10.000 PSI.Dise\u00f1ada espec\u00edficamente para camiones de servicio de neum\u00e1ticos.Peso: 12 kg<\/p>","protected":false},"featured_media":0,"comment_status":"open","ping_status":"closed","template":"","meta":{"_acf_changed":false},"product_brand":[21725],"product_cat":[21740,42],"product_tag":[21730,21726,21727,21729],"class_list":{"0":"post-5909","1":"product","2":"type-product","3":"status-publish","5":"product_brand-esco","6":"product_cat-bombas","7":"product_cat-equipamiento","8":"product_tag-21730","9":"product_tag-bomba","10":"product_tag-esco","11":"product_tag-hidraulica","13":"first","14":"instock","15":"taxable","16":"shipping-taxable","17":"purchasable","18":"product-type-simple"},"acf":[],"_links":{"self":[{"href":"https:\/\/altaroda.es\/en\/wp-json\/wp\/v2\/product\/5909","targetHints":{"allow":["GET"]}}],"collection":[{"href":"https:\/\/altaroda.es\/en\/wp-json\/wp\/v2\/product"}],"about":[{"href":"https:\/\/altaroda.es\/en\/wp-json\/wp\/v2\/types\/product"}],"replies":[{"embeddable":true,"href":"https:\/\/altaroda.es\/en\/wp-json\/wp\/v2\/comments?post=5909"}],"version-history":[{"count":0,"href":"https:\/\/altaroda.es\/en\/wp-json\/wp\/v2\/product\/5909\/revisions"}],"wp:attachment":[{"href":"https:\/\/altaroda.es\/en\/wp-json\/wp\/v2\/media?parent=5909"}],"wp:term":[{"taxonomy":"product_brand","embeddable":true,"href":"https:\/\/altaroda.es\/en\/wp-json\/wp\/v2\/product_brand?post=5909"},{"taxonomy":"product_cat","embeddable":true,"href":"https:\/\/altaroda.es\/en\/wp-json\/wp\/v2\/product_cat?post=5909"},{"taxonomy":"product_tag","embeddable":true,"href":"https:\/\/altaroda.es\/en\/wp-json\/wp\/v2\/product_tag?post=5909"}],"curies":[{"name":"wp","href":"https:\/\/api.w.org\/{rel}","templated":true}]}}