{"id":5746,"date":"2025-07-28T09:01:54","date_gmt":"2025-07-28T09:01:54","guid":{"rendered":"https:\/\/altaroda.es\/?post_type=product&#038;p=5746"},"modified":"2025-07-28T09:04:42","modified_gmt":"2025-07-28T09:04:42","slug":"reparador-de-tornillos-de-rueda-laser-5216","status":"publish","type":"product","link":"https:\/\/altaroda.es\/en\/product\/reparador-de-tornillos-de-rueda-laser-5216\/","title":{"rendered":"reparador de tornillos de rueda &#8211; LASER 5216"},"content":{"rendered":"<p>Para reparar roscas de tornillos de rueda da\u00f1ados utilizando una acci\u00f3n inversa para asegurar la alineaci\u00f3n de la rosca.<\/p>\n<p>Incluye los siguientes tama\u00f1os de adaptadores: M12 x 1,25 mm | M12 x 1,5 mm | M14 x 1,5 mm.<\/p>\n<p>Gama de tama\u00f1os: M12 x 1,25 (ref. 0052) M12 x 1,5 (ref. 0053) M14 x 1,5 (ref. 0054)<\/p>\n<p>Junta t\u00f3rica de repuesto (ref. 10); 2560<\/p>\n<p>Asegura la alineaci\u00f3n en la rosca existente.<\/p>","protected":false},"excerpt":{"rendered":"<p>Para reparar roscas de tornillos de rueda da\u00f1ados utilizando una acci\u00f3n inversa para asegurar la alineaci\u00f3n de la rosca. Incluye los siguientes tama\u00f1os de adaptadores: M12 x 1,25 mm | M12 x 1,5 mm | M14 x 1,5 mm. Gama de tama\u00f1os: M12 x 1,25 (ref. 0052) M12 x 1,5 (ref. 0053) M14 x 1,5 [&hellip;]<\/p>","protected":false},"featured_media":0,"comment_status":"open","ping_status":"closed","template":"","meta":{"_acf_changed":false},"product_brand":[],"product_cat":[21683],"product_tag":[21655,21708,21707,60],"class_list":{"0":"post-5746","1":"product","2":"type-product","3":"status-publish","5":"product_cat-tornillos","6":"product_tag-kit","7":"product_tag-reparacion","8":"product_tag-roscas-de-tornillos","9":"product_tag-ruedas","11":"first","12":"instock","13":"taxable","14":"shipping-taxable","15":"purchasable","16":"product-type-simple"},"acf":[],"_links":{"self":[{"href":"https:\/\/altaroda.es\/en\/wp-json\/wp\/v2\/product\/5746","targetHints":{"allow":["GET"]}}],"collection":[{"href":"https:\/\/altaroda.es\/en\/wp-json\/wp\/v2\/product"}],"about":[{"href":"https:\/\/altaroda.es\/en\/wp-json\/wp\/v2\/types\/product"}],"replies":[{"embeddable":true,"href":"https:\/\/altaroda.es\/en\/wp-json\/wp\/v2\/comments?post=5746"}],"version-history":[{"count":0,"href":"https:\/\/altaroda.es\/en\/wp-json\/wp\/v2\/product\/5746\/revisions"}],"wp:attachment":[{"href":"https:\/\/altaroda.es\/en\/wp-json\/wp\/v2\/media?parent=5746"}],"wp:term":[{"taxonomy":"product_brand","embeddable":true,"href":"https:\/\/altaroda.es\/en\/wp-json\/wp\/v2\/product_brand?post=5746"},{"taxonomy":"product_cat","embeddable":true,"href":"https:\/\/altaroda.es\/en\/wp-json\/wp\/v2\/product_cat?post=5746"},{"taxonomy":"product_tag","embeddable":true,"href":"https:\/\/altaroda.es\/en\/wp-json\/wp\/v2\/product_tag?post=5746"}],"curies":[{"name":"wp","href":"https:\/\/api.w.org\/{rel}","templated":true}]}}