{"id":5742,"date":"2025-07-28T08:59:18","date_gmt":"2025-07-28T08:59:18","guid":{"rendered":"https:\/\/altaroda.es\/?post_type=product&#038;p=5742"},"modified":"2025-07-29T09:41:24","modified_gmt":"2025-07-29T09:41:24","slug":"kit-de-desmontaje-de-los-tornillos-de-seguridad-vag","status":"publish","type":"product","link":"https:\/\/altaroda.es\/en\/product\/kit-de-desmontaje-de-los-tornillos-de-seguridad-vag\/","title":{"rendered":"Kit de desmontaje de los tornillos de seguridad VAG"},"content":{"rendered":"<p>Especialmente dise\u00f1ado para quitar los tornillos de seguridad de las ruedas de los veh\u00edculos Volkswagen, cubriendo pr\u00e1cticamente el 100% del parque de veh\u00edculos VW del mercado.<\/p>","protected":false},"excerpt":{"rendered":"<p>Especialmente dise\u00f1ado para quitar los tornillos de seguridad de las ruedas de los veh\u00edculos Volkswagen, cubriendo pr\u00e1cticamente el 100% del parque de veh\u00edculos VW del mercado.<\/p>","protected":false},"featured_media":0,"comment_status":"open","ping_status":"closed","template":"","meta":{"_acf_changed":false},"product_brand":[],"product_cat":[21683,21723],"product_tag":[150,21704,21655,21706,21691,21685,21705,21700],"class_list":{"0":"post-5742","1":"product","2":"type-product","3":"status-publish","5":"product_cat-tornillos","6":"product_cat-tornilhosantirrobo","7":"product_tag-audi","8":"product_tag-desmontaje","9":"product_tag-kit","10":"product_tag-seat","11":"product_tag-seguridad","12":"product_tag-tornillos","13":"product_tag-vag","14":"product_tag-volkswagen","16":"first","17":"instock","18":"taxable","19":"shipping-taxable","20":"purchasable","21":"product-type-simple"},"acf":[],"_links":{"self":[{"href":"https:\/\/altaroda.es\/en\/wp-json\/wp\/v2\/product\/5742","targetHints":{"allow":["GET"]}}],"collection":[{"href":"https:\/\/altaroda.es\/en\/wp-json\/wp\/v2\/product"}],"about":[{"href":"https:\/\/altaroda.es\/en\/wp-json\/wp\/v2\/types\/product"}],"replies":[{"embeddable":true,"href":"https:\/\/altaroda.es\/en\/wp-json\/wp\/v2\/comments?post=5742"}],"version-history":[{"count":0,"href":"https:\/\/altaroda.es\/en\/wp-json\/wp\/v2\/product\/5742\/revisions"}],"wp:attachment":[{"href":"https:\/\/altaroda.es\/en\/wp-json\/wp\/v2\/media?parent=5742"}],"wp:term":[{"taxonomy":"product_brand","embeddable":true,"href":"https:\/\/altaroda.es\/en\/wp-json\/wp\/v2\/product_brand?post=5742"},{"taxonomy":"product_cat","embeddable":true,"href":"https:\/\/altaroda.es\/en\/wp-json\/wp\/v2\/product_cat?post=5742"},{"taxonomy":"product_tag","embeddable":true,"href":"https:\/\/altaroda.es\/en\/wp-json\/wp\/v2\/product_tag?post=5742"}],"curies":[{"name":"wp","href":"https:\/\/api.w.org\/{rel}","templated":true}]}}