{"id":5721,"date":"2025-07-28T08:46:05","date_gmt":"2025-07-28T08:46:05","guid":{"rendered":"https:\/\/altaroda.es\/?post_type=product&#038;p=5721"},"modified":"2025-07-29T09:41:24","modified_gmt":"2025-07-29T09:41:24","slug":"antirrobo-sicustar-m14x1-25-ch17-bvn728-rosca-28mm-negro-especial-bmw","status":"publish","type":"product","link":"https:\/\/altaroda.es\/en\/product\/antirrobo-sicustar-m14x1-25-ch17-bvn728-rosca-28mm-negro-especial-bmw\/","title":{"rendered":"Antirrobo Sicustar M14x1.25 Ch17 BVN728 (rosca 28mm) Negro ESPECIAL BMW"},"content":{"rendered":"<p>Los tornillos de seguridad son ideales para aumentar la seguridad de su veh\u00edculo, para evitar el robo de llantas y neum\u00e1ticos.<\/p>\n<p>Con este kit antirrobo, los tornillos s\u00f3lo pueden retirarse con las llaves espec\u00edficas suministradas en el kit.<\/p>\n<p>Nivel de seguridad: Muy alto<\/p>\n<p>&#8211; Caracter\u00edsticas:<\/p>\n<p>* Rosca M14x1,25<\/p>\n<p>* Forma: c\u00f3nica 60<\/p>\n<p>* Llave de apriete 17<\/p>\n<p>* Tama\u00f1o de rosca: 28<\/p>","protected":false},"excerpt":{"rendered":"<p>Los tornillos de seguridad son ideales para aumentar la seguridad de su veh\u00edculo, para evitar el robo de llantas y neum\u00e1ticos. Con este kit antirrobo, los tornillos s\u00f3lo pueden retirarse con las llaves espec\u00edficas suministradas en el kit. Nivel de seguridad: Muy alto &#8211; Caracter\u00edsticas: * Rosca M14x1,25 * Forma: c\u00f3nica 60 * Llave de [&hellip;]<\/p>","protected":false},"featured_media":0,"comment_status":"open","ping_status":"closed","template":"","meta":{"_acf_changed":false},"product_brand":[],"product_cat":[21683,21723],"product_tag":[21695,21698,21696,21685],"class_list":{"0":"post-5721","1":"product","2":"type-product","3":"status-publish","5":"product_cat-tornillos","6":"product_cat-tornilhosantirrobo","7":"product_tag-antirrobo","8":"product_tag-m14x1-25","9":"product_tag-sicustar","10":"product_tag-tornillos","12":"first","13":"instock","14":"taxable","15":"shipping-taxable","16":"purchasable","17":"product-type-simple"},"acf":[],"_links":{"self":[{"href":"https:\/\/altaroda.es\/en\/wp-json\/wp\/v2\/product\/5721","targetHints":{"allow":["GET"]}}],"collection":[{"href":"https:\/\/altaroda.es\/en\/wp-json\/wp\/v2\/product"}],"about":[{"href":"https:\/\/altaroda.es\/en\/wp-json\/wp\/v2\/types\/product"}],"replies":[{"embeddable":true,"href":"https:\/\/altaroda.es\/en\/wp-json\/wp\/v2\/comments?post=5721"}],"version-history":[{"count":0,"href":"https:\/\/altaroda.es\/en\/wp-json\/wp\/v2\/product\/5721\/revisions"}],"wp:attachment":[{"href":"https:\/\/altaroda.es\/en\/wp-json\/wp\/v2\/media?parent=5721"}],"wp:term":[{"taxonomy":"product_brand","embeddable":true,"href":"https:\/\/altaroda.es\/en\/wp-json\/wp\/v2\/product_brand?post=5721"},{"taxonomy":"product_cat","embeddable":true,"href":"https:\/\/altaroda.es\/en\/wp-json\/wp\/v2\/product_cat?post=5721"},{"taxonomy":"product_tag","embeddable":true,"href":"https:\/\/altaroda.es\/en\/wp-json\/wp\/v2\/product_tag?post=5721"}],"curies":[{"name":"wp","href":"https:\/\/api.w.org\/{rel}","templated":true}]}}