{"id":5706,"date":"2025-07-28T08:30:09","date_gmt":"2025-07-28T08:30:09","guid":{"rendered":"https:\/\/altaroda.es\/?post_type=product&#038;p=5706"},"modified":"2025-07-28T08:30:09","modified_gmt":"2025-07-28T08:30:09","slug":"tornillos-excentricos-para-alineacion-correccion-camber-de-la-caida","status":"publish","type":"product","link":"https:\/\/altaroda.es\/en\/product\/tornillos-excentricos-para-alineacion-correccion-camber-de-la-caida\/","title":{"rendered":"Tornillos exc\u00e9ntricos para alineaci\u00f3n &#8211; correcci\u00f3n Camber (de la ca\u00edda)"},"content":{"rendered":"<p>Nuestro kit de tornillos exc\u00e9ntricos es ideal para ajustar el camber, y sustituye el tornillo superior original de los soportes de suspensi\u00f3n por una fijaci\u00f3n de dos pernos a la junta, uno colocado encima del otro, permitiendo hasta +\/- 1,75 grados de ajuste. Este kit contiene 2 tornillos.<\/p>","protected":false},"excerpt":{"rendered":"<p>Nuestro kit de tornillos exc\u00e9ntricos es ideal para ajustar el camber, y sustituye el tornillo superior original de los soportes de suspensi\u00f3n por una fijaci\u00f3n de dos pernos a la junta, uno colocado encima del otro, permitiendo hasta +\/- 1,75 grados de ajuste. Este kit contiene 2 tornillos.<\/p>","protected":false},"featured_media":0,"comment_status":"open","ping_status":"closed","template":"","meta":{"_acf_changed":false},"product_brand":[],"product_cat":[21683],"product_tag":[21693,21694,21692,21685],"class_list":{"0":"post-5706","1":"product","2":"type-product","3":"status-publish","5":"product_cat-tornillos","6":"product_tag-alineacion","7":"product_tag-camber","8":"product_tag-excentricos","9":"product_tag-tornillos","11":"first","12":"instock","13":"taxable","14":"shipping-taxable","15":"purchasable","16":"product-type-variable"},"acf":[],"_links":{"self":[{"href":"https:\/\/altaroda.es\/en\/wp-json\/wp\/v2\/product\/5706","targetHints":{"allow":["GET"]}}],"collection":[{"href":"https:\/\/altaroda.es\/en\/wp-json\/wp\/v2\/product"}],"about":[{"href":"https:\/\/altaroda.es\/en\/wp-json\/wp\/v2\/types\/product"}],"replies":[{"embeddable":true,"href":"https:\/\/altaroda.es\/en\/wp-json\/wp\/v2\/comments?post=5706"}],"version-history":[{"count":0,"href":"https:\/\/altaroda.es\/en\/wp-json\/wp\/v2\/product\/5706\/revisions"}],"wp:attachment":[{"href":"https:\/\/altaroda.es\/en\/wp-json\/wp\/v2\/media?parent=5706"}],"wp:term":[{"taxonomy":"product_brand","embeddable":true,"href":"https:\/\/altaroda.es\/en\/wp-json\/wp\/v2\/product_brand?post=5706"},{"taxonomy":"product_cat","embeddable":true,"href":"https:\/\/altaroda.es\/en\/wp-json\/wp\/v2\/product_cat?post=5706"},{"taxonomy":"product_tag","embeddable":true,"href":"https:\/\/altaroda.es\/en\/wp-json\/wp\/v2\/product_tag?post=5706"}],"curies":[{"name":"wp","href":"https:\/\/api.w.org\/{rel}","templated":true}]}}