{"id":5694,"date":"2025-07-28T08:11:04","date_gmt":"2025-07-28T08:11:04","guid":{"rendered":"https:\/\/altaroda.es\/?post_type=product&#038;p=5694"},"modified":"2025-07-28T08:12:13","modified_gmt":"2025-07-28T08:12:13","slug":"kit-de-bolsa-antirrobo-universal-sin-170-0110","status":"publish","type":"product","link":"https:\/\/altaroda.es\/en\/product\/kit-de-bolsa-antirrobo-universal-sin-170-0110\/","title":{"rendered":"Kit de bolsa antirrobo universal SIN-170.0110"},"content":{"rendered":"<p>Sencillo y f\u00e1cil de usar<\/p>\n<p>Quita pr\u00e1cticamente todos los esp\u00e1rragos\/tuercas de seguridad<\/p>\n<p>No da\u00f1a las llantas<\/p>\n<p>Para uso en carretera<\/p>\n<p>Peso: 2,4 kg<\/p>","protected":false},"excerpt":{"rendered":"<p>Sencillo y f\u00e1cil de usar Quita pr\u00e1cticamente todos los esp\u00e1rragos\/tuercas de seguridad No da\u00f1a las llantas Para uso en carretera Peso: 2,4 kg<\/p>","protected":false},"featured_media":0,"comment_status":"open","ping_status":"closed","template":"","meta":{"_acf_changed":false},"product_brand":[],"product_cat":[21683],"product_tag":[21686,21655,21684,21685,21688,21687],"class_list":{"0":"post-5694","1":"product","2":"type-product","3":"status-publish","5":"product_cat-tornillos","6":"product_tag-anti-roubo","7":"product_tag-kit","8":"product_tag-saca","9":"product_tag-tornillos","10":"product_tag-universal","11":"product_tag-universao","13":"first","14":"instock","15":"taxable","16":"shipping-taxable","17":"purchasable","18":"product-type-simple"},"acf":[],"_links":{"self":[{"href":"https:\/\/altaroda.es\/en\/wp-json\/wp\/v2\/product\/5694","targetHints":{"allow":["GET"]}}],"collection":[{"href":"https:\/\/altaroda.es\/en\/wp-json\/wp\/v2\/product"}],"about":[{"href":"https:\/\/altaroda.es\/en\/wp-json\/wp\/v2\/types\/product"}],"replies":[{"embeddable":true,"href":"https:\/\/altaroda.es\/en\/wp-json\/wp\/v2\/comments?post=5694"}],"version-history":[{"count":0,"href":"https:\/\/altaroda.es\/en\/wp-json\/wp\/v2\/product\/5694\/revisions"}],"wp:attachment":[{"href":"https:\/\/altaroda.es\/en\/wp-json\/wp\/v2\/media?parent=5694"}],"wp:term":[{"taxonomy":"product_brand","embeddable":true,"href":"https:\/\/altaroda.es\/en\/wp-json\/wp\/v2\/product_brand?post=5694"},{"taxonomy":"product_cat","embeddable":true,"href":"https:\/\/altaroda.es\/en\/wp-json\/wp\/v2\/product_cat?post=5694"},{"taxonomy":"product_tag","embeddable":true,"href":"https:\/\/altaroda.es\/en\/wp-json\/wp\/v2\/product_tag?post=5694"}],"curies":[{"name":"wp","href":"https:\/\/api.w.org\/{rel}","templated":true}]}}