{"id":562,"date":"2025-04-11T20:58:44","date_gmt":"2025-04-11T20:58:44","guid":{"rendered":"https:\/\/altaroda.es\/?post_type=product&#038;p=562"},"modified":"2025-04-11T20:58:44","modified_gmt":"2025-04-11T20:58:44","slug":"invento-a63r-1-2-inalambrico-juego-de-llave-de-impacto-de-1180-nm-en-bolsa","status":"publish","type":"product","link":"https:\/\/altaroda.es\/en\/product\/invento-a63r-1-2-inalambrico-juego-de-llave-de-impacto-de-1180-nm-en-bolsa\/","title":{"rendered":"INVENTO A63R 1\/2\u2033 CORDLESS 1180 NM IMPACT WRENCH KIT IN A BAG"},"content":{"rendered":"<p>INVENTO A63R Llave de Impacto Sin Cable &#8211; Potencia, Velocidad, Ergonom\u00eda<\/p>\n<p>&nbsp;<\/p>\n<p>El modelo INVENTO A63R es una llave de impacto sin cable fiable, perfecta para talleres de automoci\u00f3n, la industria de la construcci\u00f3n, as\u00ed como aplicaciones de electr\u00f3nica y telecomunicaciones.<\/p>\n<p><em><strong>Gracias a su avanzada tecnolog\u00eda, es una herramienta excelente tanto para profesionales como para usuarios exigentes.<\/strong><\/em><\/p>\n<p><strong>Caracter\u00edsticas principales:<\/strong><\/p>\n<ul>\n<li>Par m\u00e1ximo: 1180 Nm, que proporciona una gran fuerza de arranque, totalmente suficiente para aflojar tornillos de cabeza dura y realizar las tareas m\u00e1s pesadas en el taller de automoci\u00f3n.<\/li>\n<li>Velocidad de rotaci\u00f3n: Hasta 2500 rpm, lo que permite apretar y aflojar tornillos de forma r\u00e1pida y eficaz.Motor sin escobillas: Un motor sin escobillas de larga duraci\u00f3n que permite un funcionamiento continuo a alta velocidad.<\/li>\n<li>Ligera y c\u00f3moda: Pesa s\u00f3lo 1,9 kg (sin bater\u00eda), lo que reduce significativamente la fatiga durante un uso prolongado.Dise\u00f1o ergon\u00f3mico: La nueva construcci\u00f3n reforzada que absorbe los impactos garantiza un agarre estable, proporcionando seguridad y comodidad en el trabajo.Iluminaci\u00f3n<\/li>\n<li>SHADOWLESS: Iluminaci\u00f3n mejorada con dos bombillas LED brillantes que proporcionan una excelente visibilidadincluso en condiciones dif\u00edciles.<\/li>\n<li>Moderno sistema de refrigeraci\u00f3n: La tecnolog\u00eda CFM garantiza una larga vida \u00fatil de la herramienta al refrigerar eficazmente el motor sin cepillo.Sistema inteligente<\/li>\n<li>AUTO-STOP: Protege la mu\u00f1eca parando autom\u00e1ticamente en caso de carga excesiva.<\/li>\n<li>Sistema inteligente SMART CONTROL: Ajusta autom\u00e1ticamente la velocidad para las operaciones de aflojar y apretar.<\/li>\n<\/ul>\n<p><img fetchpriority=\"high\" decoding=\"async\" class=\"alignnone size-medium wp-image-569\" src=\"http:\/\/altaroda.es\/wp-content\/uploads\/2025\/04\/Captura-de-ecra-2025-04-11-as-21.56.49-300x216.png\" alt=\"\" width=\"300\" height=\"216\" \/><\/p>","protected":false},"excerpt":{"rendered":"<p>El modelo INVENTO A63R es una llave de impacto sin cable fiable, perfecta para talleres de automoci\u00f3n, la industria de la construcci\u00f3n, as\u00ed como aplicaciones de electr\u00f3nica y telecomunicaciones.<\/p>","protected":false},"featured_media":0,"comment_status":"open","ping_status":"closed","template":"","meta":{"_acf_changed":false},"product_brand":[],"product_cat":[42],"product_tag":[57,56,58],"class_list":{"0":"post-562","1":"product","2":"type-product","3":"status-publish","5":"product_cat-equipamiento","6":"product_tag-impacto","7":"product_tag-invento","8":"product_tag-juego-de-llave","10":"first","11":"instock","12":"taxable","13":"shipping-taxable","14":"purchasable","15":"product-type-simple"},"acf":[],"_links":{"self":[{"href":"https:\/\/altaroda.es\/en\/wp-json\/wp\/v2\/product\/562","targetHints":{"allow":["GET"]}}],"collection":[{"href":"https:\/\/altaroda.es\/en\/wp-json\/wp\/v2\/product"}],"about":[{"href":"https:\/\/altaroda.es\/en\/wp-json\/wp\/v2\/types\/product"}],"replies":[{"embeddable":true,"href":"https:\/\/altaroda.es\/en\/wp-json\/wp\/v2\/comments?post=562"}],"version-history":[{"count":0,"href":"https:\/\/altaroda.es\/en\/wp-json\/wp\/v2\/product\/562\/revisions"}],"wp:attachment":[{"href":"https:\/\/altaroda.es\/en\/wp-json\/wp\/v2\/media?parent=562"}],"wp:term":[{"taxonomy":"product_brand","embeddable":true,"href":"https:\/\/altaroda.es\/en\/wp-json\/wp\/v2\/product_brand?post=562"},{"taxonomy":"product_cat","embeddable":true,"href":"https:\/\/altaroda.es\/en\/wp-json\/wp\/v2\/product_cat?post=562"},{"taxonomy":"product_tag","embeddable":true,"href":"https:\/\/altaroda.es\/en\/wp-json\/wp\/v2\/product_tag?post=562"}],"curies":[{"name":"wp","href":"https:\/\/api.w.org\/{rel}","templated":true}]}}