{"id":558,"date":"2025-04-11T20:49:20","date_gmt":"2025-04-11T20:49:20","guid":{"rendered":"https:\/\/altaroda.es\/?post_type=product&#038;p=558"},"modified":"2025-04-21T22:10:23","modified_gmt":"2025-04-21T22:10:23","slug":"carro-de-transporte-de-neumaticos-caddy","status":"publish","type":"product","link":"https:\/\/altaroda.es\/en\/product\/carro-de-transporte-de-neumaticos-caddy\/","title":{"rendered":"CARRO DE TRANSPORTE DE NEUM\u00c1TICOS CADDY"},"content":{"rendered":"<p>El carro para neum\u00e1ticos es una herramienta sencilla pero indispensable en el negocio de los neum\u00e1ticos.<br \/>\nPermite recoger y transportar c\u00f3modamente los neum\u00e1ticos dentro de un taller o dep\u00f3sito, de modo que no haya que reorganizarlos manualmente.<\/p>\n<p>Est\u00e1 fabricada en acero tubular resistente con uniones soldadas.<br \/>\nLa estabilidad optimizada y el uso de ruedas de alta calidad (peque\u00f1as, macizas o grandes y blandas) permiten un transporte f\u00e1cil incluso en espacios reducidos y garantizan un uso seguro y una larga vida \u00fatil.<\/p>\n<p>&nbsp;<\/p>\n<p><strong>altura:<\/strong> 182 cm<br \/>\n<strong>largura:<\/strong> 85 cm<br \/>\n<strong>comprimento:<\/strong> 100 cm<br \/>\n<strong>peso:<\/strong> 28 kg<\/p>\n<p>&nbsp;<\/p>\n<p><iframe title=\"CATCHER tyre trolley \/ trolley for transporting tyres\" width=\"800\" height=\"450\" src=\"https:\/\/www.youtube.com\/embed\/HYmKy52ALZY?feature=oembed\" frameborder=\"0\" allow=\"accelerometer; autoplay; clipboard-write; encrypted-media; gyroscope; picture-in-picture; web-share\" referrerpolicy=\"strict-origin-when-cross-origin\" allowfullscreen><\/iframe><\/p>","protected":false},"excerpt":{"rendered":"<p>El carro para neum\u00e1ticos es una herramienta sencilla pero indispensable en el negocio de los neum\u00e1ticos.<\/p>","protected":false},"featured_media":0,"comment_status":"open","ping_status":"closed","template":"","meta":{"_acf_changed":false},"product_brand":[],"product_cat":[43,16],"product_tag":[],"class_list":{"0":"post-558","1":"product","2":"type-product","3":"status-publish","5":"product_cat-herramientas","6":"product_cat-uncategorized","8":"first","9":"instock","10":"taxable","11":"shipping-taxable","12":"purchasable","13":"product-type-simple"},"acf":[],"_links":{"self":[{"href":"https:\/\/altaroda.es\/en\/wp-json\/wp\/v2\/product\/558","targetHints":{"allow":["GET"]}}],"collection":[{"href":"https:\/\/altaroda.es\/en\/wp-json\/wp\/v2\/product"}],"about":[{"href":"https:\/\/altaroda.es\/en\/wp-json\/wp\/v2\/types\/product"}],"replies":[{"embeddable":true,"href":"https:\/\/altaroda.es\/en\/wp-json\/wp\/v2\/comments?post=558"}],"version-history":[{"count":0,"href":"https:\/\/altaroda.es\/en\/wp-json\/wp\/v2\/product\/558\/revisions"}],"wp:attachment":[{"href":"https:\/\/altaroda.es\/en\/wp-json\/wp\/v2\/media?parent=558"}],"wp:term":[{"taxonomy":"product_brand","embeddable":true,"href":"https:\/\/altaroda.es\/en\/wp-json\/wp\/v2\/product_brand?post=558"},{"taxonomy":"product_cat","embeddable":true,"href":"https:\/\/altaroda.es\/en\/wp-json\/wp\/v2\/product_cat?post=558"},{"taxonomy":"product_tag","embeddable":true,"href":"https:\/\/altaroda.es\/en\/wp-json\/wp\/v2\/product_tag?post=558"}],"curies":[{"name":"wp","href":"https:\/\/api.w.org\/{rel}","templated":true}]}}