{"id":5556,"date":"2025-07-23T11:26:12","date_gmt":"2025-07-23T11:26:12","guid":{"rendered":"https:\/\/altaroda.es\/?post_type=product&#038;p=5556"},"modified":"2025-07-23T11:26:35","modified_gmt":"2025-07-23T11:26:35","slug":"contrapesos-para-ruedas-de-hierro-trax","status":"publish","type":"product","link":"https:\/\/altaroda.es\/en\/product\/contrapesos-para-ruedas-de-hierro-trax\/","title":{"rendered":"Contrapesos para ruedas de hierro &#8211; TRAX"},"content":{"rendered":"<div>\n<div>\n<div>\n<p>Mantiene la rueda en equilibrio din\u00e1mico bajo rotaci\u00f3n a alta velocidad.<\/p>\n<p>Clips de acero endurecido para muelles para una mejor retenci\u00f3n del peso y son m\u00e1s r\u00e1pidos de colocar\/quitar Incorpora un revestimiento especial de pol\u00edmero que evita que la rueda se manche por su propio peso.<\/p>\n<p>Dise\u00f1ado para adaptarse al perfil \u00fanico de la brida de la rueda y no interferir con ning\u00fan otro componente de la rueda<\/p>\n<\/div>\n<div><\/div>\n<div>\n<div>\n<div>\n<div><\/div>\n<\/div>\n<\/div>\n<div><\/div>\n<\/div>\n<\/div>\n<div><\/div>\n<div><\/div>\n<div>\n<div><\/div>\n<\/div>\n<\/div>\n<div>\n<div><\/div>\n<\/div>","protected":false},"excerpt":{"rendered":"<p>Mantiene la rueda en equilibrio din\u00e1mico bajo rotaci\u00f3n a alta velocidad. Clips de acero endurecido para muelles para una mejor retenci\u00f3n del peso y son m\u00e1s r\u00e1pidos de colocar\/quitar Incorpora un revestimiento especial de pol\u00edmero que evita que la rueda se manche por su propio peso. Dise\u00f1ado para adaptarse al perfil \u00fanico de la brida [&hellip;]<\/p>","protected":false},"featured_media":0,"comment_status":"open","ping_status":"closed","template":"","meta":{"_acf_changed":false},"product_brand":[],"product_cat":[21658],"product_tag":[21660,21659],"class_list":{"0":"post-5556","1":"product","2":"type-product","3":"status-publish","5":"product_cat-pesos","6":"product_tag-adhesivos","7":"product_tag-contrapesos","9":"first","10":"instock","11":"taxable","12":"shipping-taxable","13":"purchasable","14":"product-type-variable"},"acf":[],"_links":{"self":[{"href":"https:\/\/altaroda.es\/en\/wp-json\/wp\/v2\/product\/5556","targetHints":{"allow":["GET"]}}],"collection":[{"href":"https:\/\/altaroda.es\/en\/wp-json\/wp\/v2\/product"}],"about":[{"href":"https:\/\/altaroda.es\/en\/wp-json\/wp\/v2\/types\/product"}],"replies":[{"embeddable":true,"href":"https:\/\/altaroda.es\/en\/wp-json\/wp\/v2\/comments?post=5556"}],"version-history":[{"count":0,"href":"https:\/\/altaroda.es\/en\/wp-json\/wp\/v2\/product\/5556\/revisions"}],"wp:attachment":[{"href":"https:\/\/altaroda.es\/en\/wp-json\/wp\/v2\/media?parent=5556"}],"wp:term":[{"taxonomy":"product_brand","embeddable":true,"href":"https:\/\/altaroda.es\/en\/wp-json\/wp\/v2\/product_brand?post=5556"},{"taxonomy":"product_cat","embeddable":true,"href":"https:\/\/altaroda.es\/en\/wp-json\/wp\/v2\/product_cat?post=5556"},{"taxonomy":"product_tag","embeddable":true,"href":"https:\/\/altaroda.es\/en\/wp-json\/wp\/v2\/product_tag?post=5556"}],"curies":[{"name":"wp","href":"https:\/\/api.w.org\/{rel}","templated":true}]}}