{"id":555,"date":"2025-04-11T20:44:21","date_gmt":"2025-04-11T20:44:21","guid":{"rendered":"https:\/\/altaroda.es\/?post_type=product&#038;p=555"},"modified":"2025-04-11T20:44:21","modified_gmt":"2025-04-11T20:44:21","slug":"generador-de-ozoto-nitrogeno-para-vehiculos-turismo","status":"publish","type":"product","link":"https:\/\/altaroda.es\/en\/product\/generador-de-ozoto-nitrogeno-para-vehiculos-turismo\/","title":{"rendered":"Ozone (Nitrogen) Generator for Passenger Vehicles"},"content":{"rendered":"<p>El generador de nitr\u00f3geno NITROMAC R8 est\u00e1 dise\u00f1ado para llenar neum\u00e1ticos con nitr\u00f3geno.<br \/>\nEst\u00e1 equipado con un eficaz sistema de separaci\u00f3n del nitr\u00f3geno del aire.<br \/>\nDispone de filtros de carb\u00f3n de alta calidad.<br \/>\nEl dispositivo se puede conectar f\u00e1cilmente al sistema de aire de su taller.<\/p>\n<p>ESPECIFICACIONES DEL PRODUCTO:<br \/>\n* uso: turismos y veh\u00edculos comerciales<br \/>\n* Alimentaci\u00f3n: 230 V; 50 Hz; 1ph<br \/>\n* Capacidad: 8 m3\/h<br \/>\n* pureza del gas: 87% &#8211; 92<br \/>\n* Filtros de carb\u00f3n incorporados<br \/>\n* man\u00f3metro de nitr\u00f3geno incorporado<br \/>\n* no requiere el uso de un dep\u00f3sito interno<\/p>\n<p>&nbsp;<\/p>","protected":false},"excerpt":{"rendered":"<p>El generador de nitr\u00f3geno NITROMAC R8 est\u00e1 dise\u00f1ado para llenar neum\u00e1ticos con nitr\u00f3geno.<\/p>","protected":false},"featured_media":0,"comment_status":"open","ping_status":"closed","template":"","meta":{"_acf_changed":false},"product_brand":[],"product_cat":[42],"product_tag":[53,54],"class_list":{"0":"post-555","1":"product","2":"type-product","3":"status-publish","5":"product_cat-equipamiento","6":"product_tag-generador-de-ozoto","7":"product_tag-nitrogenio","9":"first","10":"instock","11":"taxable","12":"shipping-taxable","13":"purchasable","14":"product-type-simple"},"acf":[],"_links":{"self":[{"href":"https:\/\/altaroda.es\/en\/wp-json\/wp\/v2\/product\/555","targetHints":{"allow":["GET"]}}],"collection":[{"href":"https:\/\/altaroda.es\/en\/wp-json\/wp\/v2\/product"}],"about":[{"href":"https:\/\/altaroda.es\/en\/wp-json\/wp\/v2\/types\/product"}],"replies":[{"embeddable":true,"href":"https:\/\/altaroda.es\/en\/wp-json\/wp\/v2\/comments?post=555"}],"version-history":[{"count":0,"href":"https:\/\/altaroda.es\/en\/wp-json\/wp\/v2\/product\/555\/revisions"}],"wp:attachment":[{"href":"https:\/\/altaroda.es\/en\/wp-json\/wp\/v2\/media?parent=555"}],"wp:term":[{"taxonomy":"product_brand","embeddable":true,"href":"https:\/\/altaroda.es\/en\/wp-json\/wp\/v2\/product_brand?post=555"},{"taxonomy":"product_cat","embeddable":true,"href":"https:\/\/altaroda.es\/en\/wp-json\/wp\/v2\/product_cat?post=555"},{"taxonomy":"product_tag","embeddable":true,"href":"https:\/\/altaroda.es\/en\/wp-json\/wp\/v2\/product_tag?post=555"}],"curies":[{"name":"wp","href":"https:\/\/api.w.org\/{rel}","templated":true}]}}