{"id":5511,"date":"2025-07-23T10:09:31","date_gmt":"2025-07-23T10:09:31","guid":{"rendered":"https:\/\/altaroda.es\/?post_type=product&#038;p=5511"},"modified":"2025-07-23T10:09:31","modified_gmt":"2025-07-23T10:09:31","slug":"valvula-con-base-metalica-para-camara-de-aire","status":"publish","type":"product","link":"https:\/\/altaroda.es\/en\/product\/valvula-con-base-metalica-para-camara-de-aire\/","title":{"rendered":"V\u00e1lvula con base met\u00e1lica para c\u00e1mara de aire"},"content":{"rendered":"<p><img fetchpriority=\"high\" decoding=\"async\" src=\"https:\/\/cdnw1.omeuwebsite.com\/users\/novo-alta\/SU555.JPG\" alt=\"\" width=\"918\" height=\"316\" \/><\/p>","protected":false},"excerpt":{"rendered":"","protected":false},"featured_media":0,"comment_status":"open","ping_status":"closed","template":"","meta":{"_acf_changed":false},"product_brand":[],"product_cat":[21629],"product_tag":[21656,21657,21637,21638],"class_list":{"0":"post-5511","1":"product","2":"type-product","3":"status-publish","5":"product_cat-valves","6":"product_tag-base-metalica","7":"product_tag-camara-aire","8":"product_tag-valve","9":"product_tag-valvula","11":"first","12":"instock","13":"taxable","14":"shipping-taxable","15":"purchasable","16":"product-type-simple"},"acf":[],"_links":{"self":[{"href":"https:\/\/altaroda.es\/en\/wp-json\/wp\/v2\/product\/5511","targetHints":{"allow":["GET"]}}],"collection":[{"href":"https:\/\/altaroda.es\/en\/wp-json\/wp\/v2\/product"}],"about":[{"href":"https:\/\/altaroda.es\/en\/wp-json\/wp\/v2\/types\/product"}],"replies":[{"embeddable":true,"href":"https:\/\/altaroda.es\/en\/wp-json\/wp\/v2\/comments?post=5511"}],"version-history":[{"count":0,"href":"https:\/\/altaroda.es\/en\/wp-json\/wp\/v2\/product\/5511\/revisions"}],"wp:attachment":[{"href":"https:\/\/altaroda.es\/en\/wp-json\/wp\/v2\/media?parent=5511"}],"wp:term":[{"taxonomy":"product_brand","embeddable":true,"href":"https:\/\/altaroda.es\/en\/wp-json\/wp\/v2\/product_brand?post=5511"},{"taxonomy":"product_cat","embeddable":true,"href":"https:\/\/altaroda.es\/en\/wp-json\/wp\/v2\/product_cat?post=5511"},{"taxonomy":"product_tag","embeddable":true,"href":"https:\/\/altaroda.es\/en\/wp-json\/wp\/v2\/product_tag?post=5511"}],"curies":[{"name":"wp","href":"https:\/\/api.w.org\/{rel}","templated":true}]}}