{"id":5394,"date":"2025-07-22T08:42:08","date_gmt":"2025-07-22T08:42:08","guid":{"rendered":"https:\/\/altaroda.es\/?post_type=product&#038;p=5394"},"modified":"2025-07-22T08:47:54","modified_gmt":"2025-07-22T08:47:54","slug":"valvulas-para-neumaticos-sin-camara-de-alta-presion-para-uso-comercial","status":"publish","type":"product","link":"https:\/\/altaroda.es\/en\/product\/valvulas-para-neumaticos-sin-camara-de-alta-presion-para-uso-comercial\/","title":{"rendered":"V\u00e1lvulas para neum\u00e1ticos sin c\u00e1mara de alta presi\u00f3n (para uso comercial)"},"content":{"rendered":"<p>V\u00e1lvulas para neum\u00e1ticos sin c\u00e1mara de alta presi\u00f3n S\u00f3lo para veh\u00edculos comerciales de m\u00e1s de 3,5 t Presi\u00f3n m\u00e1xima 5,50 bar a temperatura ambiente.<\/p>\n<p><img fetchpriority=\"high\" decoding=\"async\" src=\"https:\/\/cdnw1.omeuwebsite.com\/users\/novo-alta\/TECHWONTR600HP.JPG\" alt=\"\" width=\"760\" height=\"223\" \/><\/p>","protected":false},"excerpt":{"rendered":"<p>V\u00e1lvulas para neum\u00e1ticos sin c\u00e1mara de alta presi\u00f3n S\u00f3lo para veh\u00edculos comerciales de m\u00e1s de 3,5 t Presi\u00f3n m\u00e1xima 5,50 bar a temperatura ambiente.<\/p>","protected":false},"featured_media":0,"comment_status":"open","ping_status":"closed","template":"","meta":{"_acf_changed":false},"product_brand":[],"product_cat":[21629],"product_tag":[],"class_list":{"0":"post-5394","1":"product","2":"type-product","3":"status-publish","5":"product_cat-valves","7":"first","8":"instock","9":"taxable","10":"shipping-taxable","11":"purchasable","12":"product-type-variable"},"acf":[],"_links":{"self":[{"href":"https:\/\/altaroda.es\/en\/wp-json\/wp\/v2\/product\/5394","targetHints":{"allow":["GET"]}}],"collection":[{"href":"https:\/\/altaroda.es\/en\/wp-json\/wp\/v2\/product"}],"about":[{"href":"https:\/\/altaroda.es\/en\/wp-json\/wp\/v2\/types\/product"}],"replies":[{"embeddable":true,"href":"https:\/\/altaroda.es\/en\/wp-json\/wp\/v2\/comments?post=5394"}],"version-history":[{"count":0,"href":"https:\/\/altaroda.es\/en\/wp-json\/wp\/v2\/product\/5394\/revisions"}],"wp:attachment":[{"href":"https:\/\/altaroda.es\/en\/wp-json\/wp\/v2\/media?parent=5394"}],"wp:term":[{"taxonomy":"product_brand","embeddable":true,"href":"https:\/\/altaroda.es\/en\/wp-json\/wp\/v2\/product_brand?post=5394"},{"taxonomy":"product_cat","embeddable":true,"href":"https:\/\/altaroda.es\/en\/wp-json\/wp\/v2\/product_cat?post=5394"},{"taxonomy":"product_tag","embeddable":true,"href":"https:\/\/altaroda.es\/en\/wp-json\/wp\/v2\/product_tag?post=5394"}],"curies":[{"name":"wp","href":"https:\/\/api.w.org\/{rel}","templated":true}]}}