{"id":5378,"date":"2025-07-21T11:06:13","date_gmt":"2025-07-21T11:06:13","guid":{"rendered":"https:\/\/altaroda.es\/?post_type=product&#038;p=5378"},"modified":"2025-07-21T11:06:13","modified_gmt":"2025-07-21T11:06:13","slug":"valvulas-metalicas-sin-camara-para-vehiculos-ligeros","status":"publish","type":"product","link":"https:\/\/altaroda.es\/en\/product\/valvulas-metalicas-sin-camara-para-vehiculos-ligeros\/","title":{"rendered":"V\u00e1lvulas met\u00e1licas sin c\u00e1mara para veh\u00edculos ligeros"},"content":{"rendered":"<p><img fetchpriority=\"high\" decoding=\"async\" class=\"alignnone  wp-image-5380\" src=\"http:\/\/altaroda.es\/wp-content\/uploads\/2025\/07\/WON140X-300x83.jpg\" alt=\"\" width=\"1030\" height=\"285\" \/><\/p>","protected":false},"excerpt":{"rendered":"","protected":false},"featured_media":0,"comment_status":"open","ping_status":"closed","template":"","meta":{"_acf_changed":false},"product_brand":[],"product_cat":[21629],"product_tag":[21647,21645,21646,21644,21643],"class_list":{"0":"post-5378","1":"product","2":"type-product","3":"status-publish","5":"product_cat-valves","6":"product_tag-ligeros","7":"product_tag-metal","8":"product_tag-sin-camara","9":"product_tag-tubeless","10":"product_tag-valvulas","12":"first","13":"instock","14":"taxable","15":"shipping-taxable","16":"purchasable","17":"product-type-variable"},"acf":[],"_links":{"self":[{"href":"https:\/\/altaroda.es\/en\/wp-json\/wp\/v2\/product\/5378","targetHints":{"allow":["GET"]}}],"collection":[{"href":"https:\/\/altaroda.es\/en\/wp-json\/wp\/v2\/product"}],"about":[{"href":"https:\/\/altaroda.es\/en\/wp-json\/wp\/v2\/types\/product"}],"replies":[{"embeddable":true,"href":"https:\/\/altaroda.es\/en\/wp-json\/wp\/v2\/comments?post=5378"}],"version-history":[{"count":0,"href":"https:\/\/altaroda.es\/en\/wp-json\/wp\/v2\/product\/5378\/revisions"}],"wp:attachment":[{"href":"https:\/\/altaroda.es\/en\/wp-json\/wp\/v2\/media?parent=5378"}],"wp:term":[{"taxonomy":"product_brand","embeddable":true,"href":"https:\/\/altaroda.es\/en\/wp-json\/wp\/v2\/product_brand?post=5378"},{"taxonomy":"product_cat","embeddable":true,"href":"https:\/\/altaroda.es\/en\/wp-json\/wp\/v2\/product_cat?post=5378"},{"taxonomy":"product_tag","embeddable":true,"href":"https:\/\/altaroda.es\/en\/wp-json\/wp\/v2\/product_tag?post=5378"}],"curies":[{"name":"wp","href":"https:\/\/api.w.org\/{rel}","templated":true}]}}