{"id":5321,"date":"2025-07-21T08:44:24","date_gmt":"2025-07-21T08:44:24","guid":{"rendered":"https:\/\/altaroda.es\/?post_type=product&#038;p=5321"},"modified":"2025-07-21T08:44:24","modified_gmt":"2025-07-21T08:44:24","slug":"centros-de-valvula-niquel-para-valvulas-tpms-100-unid","status":"publish","type":"product","link":"https:\/\/altaroda.es\/en\/product\/centros-de-valvula-niquel-para-valvulas-tpms-100-unid\/","title":{"rendered":"CENTROS DE V\u00c1LVULA N\u00edquel para v\u00e1lvulas TPMS (100 unid.)"},"content":{"rendered":"","protected":false},"excerpt":{"rendered":"","protected":false},"featured_media":0,"comment_status":"open","ping_status":"closed","template":"","meta":{"_acf_changed":false},"product_brand":[],"product_cat":[21629],"product_tag":[21631,21632,21630],"class_list":{"0":"post-5321","1":"product","2":"type-product","3":"status-publish","5":"product_cat-valves","6":"product_tag-centro","7":"product_tag-tpms","8":"product_tag-valves","10":"first","11":"instock","12":"taxable","13":"shipping-taxable","14":"purchasable","15":"product-type-simple"},"acf":[],"_links":{"self":[{"href":"https:\/\/altaroda.es\/en\/wp-json\/wp\/v2\/product\/5321","targetHints":{"allow":["GET"]}}],"collection":[{"href":"https:\/\/altaroda.es\/en\/wp-json\/wp\/v2\/product"}],"about":[{"href":"https:\/\/altaroda.es\/en\/wp-json\/wp\/v2\/types\/product"}],"replies":[{"embeddable":true,"href":"https:\/\/altaroda.es\/en\/wp-json\/wp\/v2\/comments?post=5321"}],"version-history":[{"count":0,"href":"https:\/\/altaroda.es\/en\/wp-json\/wp\/v2\/product\/5321\/revisions"}],"wp:attachment":[{"href":"https:\/\/altaroda.es\/en\/wp-json\/wp\/v2\/media?parent=5321"}],"wp:term":[{"taxonomy":"product_brand","embeddable":true,"href":"https:\/\/altaroda.es\/en\/wp-json\/wp\/v2\/product_brand?post=5321"},{"taxonomy":"product_cat","embeddable":true,"href":"https:\/\/altaroda.es\/en\/wp-json\/wp\/v2\/product_cat?post=5321"},{"taxonomy":"product_tag","embeddable":true,"href":"https:\/\/altaroda.es\/en\/wp-json\/wp\/v2\/product_tag?post=5321"}],"curies":[{"name":"wp","href":"https:\/\/api.w.org\/{rel}","templated":true}]}}