{"id":5317,"date":"2025-07-21T08:20:39","date_gmt":"2025-07-21T08:20:39","guid":{"rendered":"https:\/\/altaroda.es\/?post_type=product&#038;p=5317"},"modified":"2025-07-21T08:27:34","modified_gmt":"2025-07-21T08:27:34","slug":"valvula-desmontado-coche-de-pasajeros-camion-ligero","status":"publish","type":"product","link":"https:\/\/altaroda.es\/en\/product\/valvula-desmontado-coche-de-pasajeros-camion-ligero\/","title":{"rendered":"V\u00e1lvula , desmontado, coche de pasajeros, cami\u00f3n ligero"},"content":{"rendered":"<div class=\"h3 product-detail-description-title\">Informaci\u00f3n sobre el producto \u00abV\u00e1lvula , desmontado, coche de pasajeros, cami\u00f3n ligero\u00bb<\/div>\n<div class=\"product-detail-description-text\">\n<p>La v\u00e1lvula oculta \u00a0es m\u00e1s ligera que las v\u00e1lvulas de lat\u00f3n. El dise\u00f1o especial protege contra el sabotaje y evita que la v\u00e1lvula se rompa en el campo.<\/p>\n<p>V\u00e1lvulas de llanta para neum\u00e1ticos sin c\u00e1mara de coches y furgonetas. \u00d8 11,3\u00a0mm Denominaci\u00f3n: V\u00e1lvula oculta, unidad de embalaje: 1 set Par de apriete: 7-10\u00a0Nm<\/p>\n<p>\u00bfCu\u00e1ndo se deben reemplazar las v\u00e1lvulas de metal? \u00a1Lo mejor es hacerlo con cada cambio de neum\u00e1tico!<\/p>\n<p>Las v\u00e1lvulas de los neum\u00e1ticos est\u00e1n sometidas a una enorme tensi\u00f3n durante su vida \u00fatil y est\u00e1n expuestas a muchas influencias ambientales diferentes. Estas incluyen cantidades elevadas y variables de ozono, radiaci\u00f3n solar y el uso de productos qu\u00edmicos. No importa si se trata de una v\u00e1lvula de llanta de un coche, cami\u00f3n o bicicleta ni de qu\u00e9 material (goma o metal) sea.<\/p>\n<p>Por esta raz\u00f3n, cada vez que se cambia un neum\u00e1tico en el taller, no solo deben inspeccionarse y probarse los neum\u00e1ticos y las llantas, sino tambi\u00e9n las v\u00e1lvulas. Una experiencia de conducci\u00f3n segura solo puede garantizarse con un control regular de las v\u00e1lvulas de metal. La posible p\u00e9rdida de presi\u00f3n de los neum\u00e1ticos puede estar causada por v\u00e1lvulas de goma o metal defectuosas. Tambi\u00e9n los da\u00f1os externos del neum\u00e1tico del coche o la corrosi\u00f3n del obus de la v\u00e1lvula pueden ser responsables.<\/p>\n<p>Las consecuencias de la p\u00e9rdida de presi\u00f3n de los neum\u00e1ticos incluyen varios riesgos de seguridad, entre los cuales destacan el aumento del desgaste de los neum\u00e1ticos, el aumento de la resistencia a la rodadura y el aumento del consumo de combustible entre los menos peligrosos. Sin embargo, la rotura de las v\u00e1lvulas de las llantas puede tener el efecto negativo de aumentar la distancia de frenado y provocar un comportamiento en marcha con el riesgo de perder el control sobre el veh\u00edculo.<\/p>\n<\/div>","protected":false},"excerpt":{"rendered":"<div class=\"h3 product-detail-description-title\">Informaci\u00f3n sobre el producto \u00abV\u00e1lvula , desmontado, coche de pasajeros, cami\u00f3n ligero\u00bb<\/div>\n<div class=\"product-detail-description-text\">La v\u00e1lvula oculta \u00a0es m\u00e1s ligera que las v\u00e1lvulas de lat\u00f3n. El dise\u00f1o especial protege contra el sabotaje y evita que la v\u00e1lvula se rompa en el campo.<\/div>","protected":false},"featured_media":0,"comment_status":"open","ping_status":"closed","template":"","meta":{"_acf_changed":false},"product_brand":[],"product_cat":[21629],"product_tag":[21630],"class_list":{"0":"post-5317","1":"product","2":"type-product","3":"status-publish","5":"product_cat-valves","6":"product_tag-valves","8":"first","9":"instock","10":"taxable","11":"shipping-taxable","12":"purchasable","13":"product-type-simple"},"acf":[],"_links":{"self":[{"href":"https:\/\/altaroda.es\/en\/wp-json\/wp\/v2\/product\/5317","targetHints":{"allow":["GET"]}}],"collection":[{"href":"https:\/\/altaroda.es\/en\/wp-json\/wp\/v2\/product"}],"about":[{"href":"https:\/\/altaroda.es\/en\/wp-json\/wp\/v2\/types\/product"}],"replies":[{"embeddable":true,"href":"https:\/\/altaroda.es\/en\/wp-json\/wp\/v2\/comments?post=5317"}],"version-history":[{"count":0,"href":"https:\/\/altaroda.es\/en\/wp-json\/wp\/v2\/product\/5317\/revisions"}],"wp:attachment":[{"href":"https:\/\/altaroda.es\/en\/wp-json\/wp\/v2\/media?parent=5317"}],"wp:term":[{"taxonomy":"product_brand","embeddable":true,"href":"https:\/\/altaroda.es\/en\/wp-json\/wp\/v2\/product_brand?post=5317"},{"taxonomy":"product_cat","embeddable":true,"href":"https:\/\/altaroda.es\/en\/wp-json\/wp\/v2\/product_cat?post=5317"},{"taxonomy":"product_tag","embeddable":true,"href":"https:\/\/altaroda.es\/en\/wp-json\/wp\/v2\/product_tag?post=5317"}],"curies":[{"name":"wp","href":"https:\/\/api.w.org\/{rel}","templated":true}]}}