{"id":5270,"date":"2025-06-09T01:12:23","date_gmt":"2025-06-09T01:12:23","guid":{"rendered":"https:\/\/altaroda.es\/product\/zenith-16-light-titan-5\/"},"modified":"2025-06-09T01:12:32","modified_gmt":"2025-06-09T01:12:32","slug":"zenith-16-light-titan-5","status":"publish","type":"product","link":"https:\/\/altaroda.es\/en\/product\/zenith-16-light-titan-5\/","title":{"rendered":"ZENITH 16 LIGHT TITAN"},"content":{"rendered":"<p>6,5J16 ZENI\/HA2X ET25 5X98 58,1 LITNotas:<br \/>\n                     &#8211; Pre\u00e7o unit\u00e1rio;<br \/>\n                     &#8211; IVA \u00e0 taxa em vigor inclu\u00eddo no pre\u00e7o;<br \/>\n                     &#8211; Limitado ao stock existente;<br \/>\n                     &#8211; Disponibilidade e pre\u00e7o carece de re-confirma\u00e7\u00e3o.<\/p>","protected":false},"excerpt":{"rendered":"<p>6,5J16 ZENI\/HA2X ET25 5X98 58,1 LITNotas:<br \/>\n                     &#8211; Pre\u00e7o unit\u00e1rio;<br \/>\n                     &#8211; IVA \u00e0 taxa em vigor inclu\u00eddo no pre\u00e7o;<br \/>\n                     &#8211; Limitado ao stock existente;<br \/>\n                     &#8211; Disponibilidade e pre\u00e7o carece de re-confirma\u00e7\u00e3o.<\/p>","protected":false},"featured_media":5272,"comment_status":"closed","ping_status":"open","template":"","meta":{"_acf_changed":false},"product_brand":[],"product_cat":[16832,16823,16749,16828,16819,16747,16833,16824,16745,16829,16820,16743,16825,16741,16830,16821,16748,16826,16746,16831,16822,16744,16827,16742,16855,16846,16837,16851,16842,16856,16847,16838,16852,16843,16834,16857,16848,16839,16853,16844,16835,16849,16840,16854,16845,16836,16850,16841,16864,16878,16869,16860,16874,16865,16879,16870,16861,16875,16866,16880,16871,16862,16876,16867,16858,16881,16872,16863,16877,16868,16859,16873,16896,16887,16756,16892,16883,16754,16888,16893,16752,16884,16889,16750,16757,16894,16885,16755,16890,16895,16753,16886,16891,16751,16882,16758,16765,16910,16901,16763,16906,16897,16911,16761,16902,16907,16759,16898,16766,16903,16764,16908,16899,16762,16904,16909,16760,16900,16767,16905,16928,16919,16933,16924,16915,16929,16920,16934,16925,16916,16930,16921,16912,16935,16926,16917,16931,16922,16913,16927,16918,16932,16923,16914,16951,16942,16956,16947,16938,16952,16943,16957,16948,16939,16953,16944,16958,16949,16940,16954,16945,16936,16959,16950,16941,16955,16946,16937,16960,16983,16974,16965,16979,16970,16961,16975,16966,16980,16971,16962,16976,16967,16981,16972,16963,16977,16968,16982,16973,16964,16978,16969,16992,16772,16997,16988,16770,16993,16984,16998,16768,16989,16775,16994,16985,16773,16990,16771,16995,16986,16769,16991,16776,16996,16987,16774,16781,17006,16779,17011,17002,16777,17007,16784,17012,17003,16782,17008,16999,16780,17013,17004,16778,17009,17000,16785,17005,16783,17010,17001,17024,17015,17029,17020,17034,17025,17016,17030,17021,17035,17026,17017,17031,17022,17036,17027,17018,17032,17023,17014,17037,17028,17019,17033,17056,17047,17038,17061,17052,17043,17057,17048,17039,17053,17044,17058,17049,17040,17054,17045,17059,17050,17041,17055,17046,17060,17051,17042,17079,17070,17084,17075,17066,17080,17071,17062,17085,17076,17067,17081,17072,17063,17077,17068,17082,17073,17064,17078,17069,17083,17074,17065,17088,16788,17093,17098,16786,17089,16793,17094,16791,17099,17090,16789,17095,17086,17100,16787,17091,16794,17096,17087,16792,17092,16790,17097,16797,17111,17102,16795,17107,16802,17112,17103,16800,17108,16798,17113,17104,16796,17109,16803,17114,17105,16801,17110,17101,16799,17115,17106,2002,16736,16804,16737,16805,16806,16807,16738,16808,16809,16810,16811,16812,16813,16814,16739,5629,5630,16740,16815,635,16816,16817,5633,5634,16818],"product_tag":[],"class_list":{"0":"post-5270","1":"product","2":"type-product","3":"status-publish","4":"has-post-thumbnail","6":"product_cat-02-2010-2022-lancia-z","7":"product_cat-02-2010-2022-alfa-r-gtv-coupe","8":"product_cat-02-2010-2022-opel-combo-n1","9":"product_cat-02-2010-2022-alfa-romeo-gtv-spyder","10":"product_cat-02-2010-2022-alfa-r-147-gta","11":"product_cat-02-2010-2022-fiat-tipo","12":"product_cat-02-2010-2022-peugeot-807","13":"product_cat-02-2010-2022-alfa-r-gtv-spyder","14":"product_cat-02-2010-2022-fiat-doblo-m1","15":"product_cat-02-2010-2022-citroen-ds-c8","16":"product_cat-02-2010-2022-alfa-r-156-gta","17":"product_cat-02-2010-2022-alfa-r-gt","18":"product_cat-02-2010-2022-alfa-romeo-147-gta","19":"product_cat-02-2010-2022","20":"product_cat-02-2010-2022-fiat-ulysse","21":"product_cat-02-2010-2022-alfa-r-164-turbo","22":"product_cat-02-2010-2022-opel-combo-m1","23":"product_cat-02-2010-2022-alfa-romeo-156-gta","24":"product_cat-02-2010-2022-fiat-doblo-n1","25":"product_cat-02-2010-2022-lancia-phedra","26":"product_cat-02-2010-2022-alfa-r-164-v6","27":"product_cat-02-2010-2022-fiat-500l","28":"product_cat-02-2010-2022-alfa-romeo-gtv-coupe","29":"product_cat-02-2010-2022-alfa-r-156","30":"product_cat-08-2003-opel-combo-m1","31":"product_cat-08-2003-alfa-romeo-gtv-spyder","32":"product_cat-08-2003-alfa-r-156-gta","33":"product_cat-08-2003-fiat-tipo","34":"product_cat-08-2003-alfa-r-gtv-spyder","35":"product_cat-08-2003-opel-combo-n1","36":"product_cat-08-2003-citroen-ds-c8","37":"product_cat-08-2003-alfa-r-164-turbo","38":"product_cat-08-2003-fiat-ulysse","39":"product_cat-08-2003-alfa-romeo-147-gta","40":"product_cat-08-2003-alfa-r-147","41":"product_cat-08-2003-peugeot-807","42":"product_cat-08-2003-fiat-500l","43":"product_cat-08-2003-alfa-r-164-v6","44":"product_cat-08-2003-lancia-phedra","45":"product_cat-08-2003-alfa-romeo-156-gta","46":"product_cat-08-2003-alfa-r-147-gta","47":"product_cat-08-2003-fiat-doblo-m1","48":"product_cat-08-2003-alfa-r-gt","49":"product_cat-08-2003-lancia-z","50":"product_cat-08-2003-alfa-romeo-gtv-coupe","51":"product_cat-08-2003-alfa-r-156","52":"product_cat-08-2003-fiat-doblo-n1","53":"product_cat-08-2003-alfa-r-gtv-coupe","54":"product_cat-08-2003-2014-alfa-r-gt","55":"product_cat-08-2003-2014-lancia-z","56":"product_cat-08-2003-2014-alfa-romeo-gtv-coupe","57":"product_cat-08-2003-2014-alfa-r-156","58":"product_cat-08-2003-2014-fiat-doblo-n1","59":"product_cat-08-2003-2014-alfa-r-gtv-coupe","60":"product_cat-08-2003-2014-opel-combo-m1","61":"product_cat-08-2003-2014-alfa-romeo-gtv-spyder","62":"product_cat-08-2003-2014-alfa-r-156-gta","63":"product_cat-08-2003-2014-fiat-tipo","64":"product_cat-08-2003-2014-alfa-r-gtv-spyder","65":"product_cat-08-2003-2014-opel-combo-n1","66":"product_cat-08-2003-2014-citroen-ds-c8","67":"product_cat-08-2003-2014-alfa-r-164-turbo","68":"product_cat-08-2003-2014-fiat-ulysse","69":"product_cat-08-2003-2014-alfa-romeo-147-gta","70":"product_cat-08-2003-2014","71":"product_cat-08-2003-2014-peugeot-807","72":"product_cat-08-2003-2014-fiat-500l","73":"product_cat-08-2003-2014-alfa-r-164-v6","74":"product_cat-08-2003-2014-lancia-phedra","75":"product_cat-08-2003-2014-alfa-romeo-156-gta","76":"product_cat-08-2003-2014-alfa-r-147-gta","77":"product_cat-08-2003-2014-fiat-doblo-m1","78":"product_cat-09-2012-peugeot-807","79":"product_cat-09-2012-alfa-r-gtv-spyder","80":"product_cat-09-2012-fiat-tipo","81":"product_cat-09-2012-citroen-ds-c8","82":"product_cat-09-2012-alfa-r-156-gta","83":"product_cat-09-2012-fiat-doblo-m1","84":"product_cat-09-2012-alfa-romeo-147-gta","85":"product_cat-09-2012-fiat-ulysse","86":"product_cat-09-2012-alfa-r-gt","87":"product_cat-09-2012-alfa-r-164-turbo","88":"product_cat-09-2012-alfa-romeo-156-gta","89":"product_cat-09-2012","90":"product_cat-09-2012-opel-combo-m1","91":"product_cat-09-2012-lancia-phedra","92":"product_cat-09-2012-alfa-r-164-v6","93":"product_cat-09-2012-fiat-doblo-n1","94":"product_cat-09-2012-alfa-romeo-gtv-coupe","95":"product_cat-09-2012-lancia-z","96":"product_cat-09-2012-fiat-500l","97":"product_cat-09-2012-alfa-r-gtv-coupe","98":"product_cat-09-2012-alfa-romeo-gtv-spyder","99":"product_cat-09-2012-alfa-r-156","100":"product_cat-09-2012-alfa-r-147-gta","101":"product_cat-09-2012-opel-combo-n1","102":"product_cat-12-2015-fiat-tipo","103":"product_cat-12-2015-lancia-z","104":"product_cat-12-2015-alfa-r-gtv-coupe","105":"product_cat-12-2015-fiat-doblo-m1","106":"product_cat-12-2015-alfa-romeo-gtv-spyder","107":"product_cat-12-2015-alfa-r-147-gta","108":"product_cat-12-2015-peugeot-807","109":"product_cat-12-2015-alfa-r-gt","110":"product_cat-12-2015-alfa-r-gtv-spyder","111":"product_cat-12-2015-citroen-ds-c8","112":"product_cat-12-2015","113":"product_cat-12-2015-alfa-r-156-gta","114":"product_cat-12-2015-opel-combo-m1","115":"product_cat-12-2015-alfa-romeo-147-gta","116":"product_cat-12-2015-fiat-doblo-n1","117":"product_cat-12-2015-fiat-ulysse","118":"product_cat-12-2015-alfa-r-164-turbo","119":"product_cat-12-2015-fiat-500l","120":"product_cat-12-2015-alfa-romeo-156-gta","121":"product_cat-12-2015-lancia-phedra","122":"product_cat-12-2015-alfa-r-156","123":"product_cat-12-2015-alfa-r-164-v6","124":"product_cat-12-2015-opel-combo-n1","125":"product_cat-12-2015-alfa-romeo-gtv-coupe","126":"product_cat-1987-1997-fiat-doblo-n1","127":"product_cat-1987-1997-alfa-r-gtv-coupe","128":"product_cat-1987-1997-opel-combo-m1","129":"product_cat-1987-1997-alfa-romeo-gtv-spyder","130":"product_cat-1987-1997-alfa-r-156-gta","131":"product_cat-1987-1997-fiat-tipo","132":"product_cat-1987-1997-alfa-r-gtv-spyder","133":"product_cat-1987-1997-opel-combo-n1","134":"product_cat-1987-1997-citroen-ds-c8","135":"product_cat-1987-1997-alfa-r-164-turbo","136":"product_cat-1987-1997-fiat-ulysse","137":"product_cat-1987-1997-alfa-romeo-147-gta","138":"product_cat-1987-1997","139":"product_cat-1987-1997-peugeot-807","140":"product_cat-1987-1997-fiat-500l","141":"product_cat-1987-1997-alfa-r-164-v6","142":"product_cat-1987-1997-lancia-phedra","143":"product_cat-1987-1997-alfa-romeo-156-gta","144":"product_cat-1987-1997-alfa-r-147-gta","145":"product_cat-1987-1997-fiat-doblo-m1","146":"product_cat-1987-1997-alfa-r-gt","147":"product_cat-1987-1997-lancia-z","148":"product_cat-1987-1997-alfa-romeo-gtv-coupe","149":"product_cat-1987-1997-alfa-r-156","150":"product_cat-1994-2000-fiat-doblo-m1","151":"product_cat-1994-2000-alfa-r-gt","152":"product_cat-1994-2000-lancia-z","153":"product_cat-1994-2000-alfa-romeo-gtv-coupe","154":"product_cat-1994-2000-alfa-r-156","155":"product_cat-1994-2000-fiat-doblo-n1","156":"product_cat-1994-2000-alfa-r-gtv-coupe","157":"product_cat-1994-2000-opel-combo-m1","158":"product_cat-1994-2000-alfa-romeo-gtv-spyder","159":"product_cat-1994-2000-alfa-r-156-gta","160":"product_cat-1994-2000-fiat-tipo","161":"product_cat-1994-2000-alfa-r-gtv-spyder","162":"product_cat-1994-2000-opel-combo-n1","163":"product_cat-1994-2000-citroen-ds-c8","164":"product_cat-1994-2000-alfa-r-164-turbo","165":"product_cat-1994-2000-fiat-ulysse","166":"product_cat-1994-2000-alfa-romeo-147-gta","167":"product_cat-1994-2000","168":"product_cat-1994-2000-peugeot-807","169":"product_cat-1994-2000-fiat-500l","170":"product_cat-1994-2000-alfa-r-164-v6","171":"product_cat-1994-2000-lancia-phedra","172":"product_cat-1994-2000-alfa-romeo-156-gta","173":"product_cat-1994-2000-alfa-r-147-gta","174":"product_cat-1995-2006","175":"product_cat-1995-2006-peugeot-807","176":"product_cat-1995-2006-fiat-500l","177":"product_cat-1995-2006-alfa-r-164-v6","178":"product_cat-1995-2006-lancia-phedra","179":"product_cat-1995-2006-alfa-romeo-156-gta","180":"product_cat-1995-2006-alfa-r-147-gta","181":"product_cat-1995-2006-fiat-doblo-m1","182":"product_cat-1995-2006-alfa-r-gt","183":"product_cat-1995-2006-lancia-z","184":"product_cat-1995-2006-alfa-romeo-gtv-coupe","185":"product_cat-1995-2006-alfa-r-156","186":"product_cat-1995-2006-fiat-doblo-n1","187":"product_cat-1995-2006-alfa-r-gtv-coupe","188":"product_cat-1995-2006-opel-combo-m1","189":"product_cat-1995-2006-alfa-romeo-gtv-spyder","190":"product_cat-1995-2006-alfa-r-156-gta","191":"product_cat-1995-2006-fiat-tipo","192":"product_cat-1995-2006-alfa-r-gtv-spyder","193":"product_cat-1995-2006-opel-combo-n1","194":"product_cat-1995-2006-citroen-ds-c8","195":"product_cat-1995-2006-alfa-r-164-turbo","196":"product_cat-1995-2006-fiat-ulysse","197":"product_cat-1995-2006-alfa-romeo-147-gta","198":"product_cat-1997-2005-alfa-romeo-gtv-coupe","199":"product_cat-1997-2005-fiat-doblo-m1","200":"product_cat-1997-2005-lancia-z","201":"product_cat-1997-2005-alfa-r-gtv-coupe","202":"product_cat-1997-2005-alfa-r-gt","203":"product_cat-1997-2005-alfa-romeo-gtv-spyder","204":"product_cat-1997-2005-alfa-r-147-gta","205":"product_cat-1997-2005-peugeot-807","206":"product_cat-1997-2005-alfa-r-147","207":"product_cat-1997-2005-alfa-r-gtv-spyder","208":"product_cat-1997-2005-opel-combo-m1","209":"product_cat-1997-2005-citroen-ds-c8","210":"product_cat-1997-2005-alfa-r-156-gta","211":"product_cat-1997-2005-fiat-doblo-n1","212":"product_cat-1997-2005-alfa-romeo-147-gta","213":"product_cat-1997-2005-fiat-500l","214":"product_cat-1997-2005-fiat-ulysse","215":"product_cat-1997-2005-alfa-r-164-turbo","216":"product_cat-1997-2005-alfa-r-156","217":"product_cat-1997-2005-alfa-romeo-156-gta","218":"product_cat-1997-2005-opel-combo-n1","219":"product_cat-1997-2005-lancia-phedra","220":"product_cat-1997-2005-alfa-r-164-v6","221":"product_cat-1997-2005-fiat-tipo","222":"product_cat-2000-2010-fiat-doblo-m1","223":"product_cat-2000-2010-alfa-romeo-156-gta","224":"product_cat-2000-2010-alfa-r-gt","225":"product_cat-2000-2010-lancia-phedra","226":"product_cat-2000-2010-alfa-r-164-v6","227":"product_cat-2000-2010","228":"product_cat-2000-2010-alfa-romeo-gtv-coupe","229":"product_cat-2000-2010-opel-combo-m1","230":"product_cat-2000-2010-lancia-z","231":"product_cat-2000-2010-alfa-r-gtv-coupe","232":"product_cat-2000-2010-fiat-doblo-n1","233":"product_cat-2000-2010-alfa-romeo-gtv-spyder","234":"product_cat-2000-2010-alfa-r-147-gta","235":"product_cat-2000-2010-fiat-500l","236":"product_cat-2000-2010-peugeot-807","237":"product_cat-2000-2010-alfa-r-gtv-spyder","238":"product_cat-2000-2010-alfa-r-156","239":"product_cat-2000-2010-citroen-ds-c8","240":"product_cat-2000-2010-alfa-r-156-gta","241":"product_cat-2000-2010-opel-combo-n1","242":"product_cat-2000-2010-alfa-romeo-147-gta","243":"product_cat-2000-2010-fiat-tipo","244":"product_cat-2000-2010-fiat-ulysse","245":"product_cat-2000-2010-alfa-r-164-turbo","246":"product_cat-2002-07-2003-alfa-romeo-156-gta","247":"product_cat-2002-07-2003-alfa-r-147-gta","248":"product_cat-2002-07-2003-fiat-doblo-m1","249":"product_cat-2002-07-2003-alfa-r-gt","250":"product_cat-2002-07-2003-lancia-z","251":"product_cat-2002-07-2003-alfa-romeo-gtv-coupe","252":"product_cat-2002-07-2003-alfa-r-156","253":"product_cat-2002-07-2003-fiat-doblo-n1","254":"product_cat-2002-07-2003-alfa-r-gtv-coupe","255":"product_cat-2002-07-2003-opel-combo-m1","256":"product_cat-2002-07-2003-alfa-romeo-gtv-spyder","257":"product_cat-2002-07-2003-alfa-r-156-gta","258":"product_cat-2002-07-2003-fiat-tipo","259":"product_cat-2002-07-2003-alfa-r-gtv-spyder","260":"product_cat-2002-07-2003-opel-combo-n1","261":"product_cat-2002-07-2003-citroen-ds-c8","262":"product_cat-2002-07-2003-alfa-r-164-turbo","263":"product_cat-2002-07-2003-fiat-ulysse","264":"product_cat-2002-07-2003-alfa-romeo-147-gta","265":"product_cat-2002-07-2003-alfa-r-147","266":"product_cat-2002-07-2003-peugeot-807","267":"product_cat-2002-07-2003-fiat-500l","268":"product_cat-2002-07-2003-alfa-r-164-v6","269":"product_cat-2002-07-2003-lancia-phedra","270":"product_cat-2002-2010-fiat-ulysse","271":"product_cat-2002-2010-alfa-romeo-147-gta","272":"product_cat-2002-2010","273":"product_cat-2002-2010-peugeot-807","274":"product_cat-2002-2010-fiat-500l","275":"product_cat-2002-2010-alfa-r-164-v6","276":"product_cat-2002-2010-lancia-phedra","277":"product_cat-2002-2010-alfa-romeo-156-gta","278":"product_cat-2002-2010-alfa-r-147-gta","279":"product_cat-2002-2010-fiat-doblo-m1","280":"product_cat-2002-2010-alfa-r-gt","281":"product_cat-2002-2010-lancia-z","282":"product_cat-2002-2010-alfa-romeo-gtv-coupe","283":"product_cat-2002-2010-alfa-r-156","284":"product_cat-2002-2010-fiat-doblo-n1","285":"product_cat-2002-2010-alfa-r-gtv-coupe","286":"product_cat-2002-2010-opel-combo-m1","287":"product_cat-2002-2010-alfa-romeo-gtv-spyder","288":"product_cat-2002-2010-alfa-r-156-gta","289":"product_cat-2002-2010-fiat-tipo","290":"product_cat-2002-2010-alfa-r-gtv-spyder","291":"product_cat-2002-2010-opel-combo-n1","292":"product_cat-2002-2010-citroen-ds-c8","293":"product_cat-2002-2010-alfa-r-164-turbo","294":"product_cat-2002-2011-fiat-tipo","295":"product_cat-2002-2011-alfa-r-gtv-spyder","296":"product_cat-2002-2011-opel-combo-n1","297":"product_cat-2002-2011-citroen-ds-c8","298":"product_cat-2002-2011-alfa-r-164-turbo","299":"product_cat-2002-2011-fiat-ulysse","300":"product_cat-2002-2011-alfa-romeo-147-gta","301":"product_cat-2002-2011-alfa-r-147","302":"product_cat-2002-2011-peugeot-807","303":"product_cat-2002-2011-fiat-500l","304":"product_cat-2002-2011-alfa-r-164-v6","305":"product_cat-2002-2011-lancia-phedra","306":"product_cat-2002-2011-alfa-romeo-156-gta","307":"product_cat-2002-2011-alfa-r-147-gta","308":"product_cat-2002-2011-fiat-doblo-m1","309":"product_cat-2002-2011-alfa-r-gt","310":"product_cat-2002-2011-lancia-z","311":"product_cat-2002-2011-alfa-romeo-gtv-coupe","312":"product_cat-2002-2011-alfa-r-156","313":"product_cat-2002-2011-fiat-doblo-n1","314":"product_cat-2002-2011-alfa-r-gtv-coupe","315":"product_cat-2002-2011-opel-combo-m1","316":"product_cat-2002-2011-alfa-romeo-gtv-spyder","317":"product_cat-2002-2011-alfa-r-156-gta","318":"product_cat-2004-2010-alfa-r-164-turbo","319":"product_cat-2004-2010-alfa-r-gt","320":"product_cat-2004-2010-alfa-romeo-156-gta","321":"product_cat-2004-2010-lancia-phedra","322":"product_cat-2004-2010-alfa-r-147","323":"product_cat-2004-2010-alfa-r-164-v6","324":"product_cat-2004-2010-opel-combo-m1","325":"product_cat-2004-2010-alfa-romeo-gtv-coupe","326":"product_cat-2004-2010-fiat-doblo-n1","327":"product_cat-2004-2010-lancia-z","328":"product_cat-2004-2010-alfa-r-gtv-coupe","329":"product_cat-2004-2010-fiat-500l","330":"product_cat-2004-2010-alfa-romeo-gtv-spyder","331":"product_cat-2004-2010-alfa-r-147-gta","332":"product_cat-2004-2010-peugeot-807","333":"product_cat-2004-2010-alfa-r-156","334":"product_cat-2004-2010-alfa-r-gtv-spyder","335":"product_cat-2004-2010-opel-combo-n1","336":"product_cat-2004-2010-citroen-ds-c8","337":"product_cat-2004-2010-alfa-r-156-gta","338":"product_cat-2004-2010-fiat-tipo","339":"product_cat-2004-2010-alfa-romeo-147-gta","340":"product_cat-2004-2010-fiat-doblo-m1","341":"product_cat-2004-2010-fiat-ulysse","342":"product_cat-2012-2017-alfa-r-gt","343":"product_cat-2012-2017-citroen-ds-c8","344":"product_cat-2012-2017-alfa-r-156-gta","345":"product_cat-2012-2017","346":"product_cat-2012-2017-alfa-romeo-147-gta","347":"product_cat-2012-2017-opel-combo-m1","348":"product_cat-2012-2017-fiat-ulysse","349":"product_cat-2012-2017-alfa-r-164-turbo","350":"product_cat-2012-2017-fiat-doblo-n1","351":"product_cat-2012-2017-alfa-romeo-156-gta","352":"product_cat-2012-2017-fiat-500l","353":"product_cat-2012-2017-lancia-phedra","354":"product_cat-2012-2017-alfa-r-164-v6","355":"product_cat-2012-2017-alfa-r-156","356":"product_cat-2012-2017-alfa-romeo-gtv-coupe","357":"product_cat-2012-2017-opel-combo-n1","358":"product_cat-2012-2017-lancia-z","359":"product_cat-2012-2017-alfa-r-gtv-coupe","360":"product_cat-2012-2017-fiat-tipo","361":"product_cat-2012-2017-alfa-romeo-gtv-spyder","362":"product_cat-2012-2017-alfa-r-147-gta","363":"product_cat-2012-2017-fiat-doblo-m1","364":"product_cat-2012-2017-peugeot-807","365":"product_cat-2012-2017-alfa-r-gtv-spyder","366":"product_cat-2013-2017-toyota-prius-iii","367":"product_cat-alfa-r-147","368":"product_cat-alfa-r-147-gta","369":"product_cat-alfa-r-156","370":"product_cat-alfa-r-156-gta","371":"product_cat-alfa-r-164-turbo","372":"product_cat-alfa-r-164-v6","373":"product_cat-alfa-r-gt","374":"product_cat-alfa-r-gtv-coupe","375":"product_cat-alfa-r-gtv-spyder","376":"product_cat-alfa-romeo-147-gta","377":"product_cat-alfa-romeo-156-gta","378":"product_cat-alfa-romeo-gtv-coupe","379":"product_cat-alfa-romeo-gtv-spyder","380":"product_cat-citroen-ds-c8","381":"product_cat-fiat-500l","382":"product_cat-fiat-doblo-m1","383":"product_cat-fiat-doblo-n1","384":"product_cat-fiat-tipo","385":"product_cat-fiat-ulysse","386":"product_cat-jantes","387":"product_cat-lancia-phedra","388":"product_cat-lancia-z","389":"product_cat-opel-combo-m1","390":"product_cat-opel-combo-n1","391":"product_cat-peugeot-807","393":"first","394":"instock","395":"purchasable","396":"product-type-simple"},"acf":[],"_links":{"self":[{"href":"https:\/\/altaroda.es\/en\/wp-json\/wp\/v2\/product\/5270","targetHints":{"allow":["GET"]}}],"collection":[{"href":"https:\/\/altaroda.es\/en\/wp-json\/wp\/v2\/product"}],"about":[{"href":"https:\/\/altaroda.es\/en\/wp-json\/wp\/v2\/types\/product"}],"replies":[{"embeddable":true,"href":"https:\/\/altaroda.es\/en\/wp-json\/wp\/v2\/comments?post=5270"}],"version-history":[{"count":1,"href":"https:\/\/altaroda.es\/en\/wp-json\/wp\/v2\/product\/5270\/revisions"}],"predecessor-version":[{"id":5271,"href":"https:\/\/altaroda.es\/en\/wp-json\/wp\/v2\/product\/5270\/revisions\/5271"}],"wp:featuredmedia":[{"embeddable":true,"href":"https:\/\/altaroda.es\/en\/wp-json\/wp\/v2\/media\/5272"}],"wp:attachment":[{"href":"https:\/\/altaroda.es\/en\/wp-json\/wp\/v2\/media?parent=5270"}],"wp:term":[{"taxonomy":"product_brand","embeddable":true,"href":"https:\/\/altaroda.es\/en\/wp-json\/wp\/v2\/product_brand?post=5270"},{"taxonomy":"product_cat","embeddable":true,"href":"https:\/\/altaroda.es\/en\/wp-json\/wp\/v2\/product_cat?post=5270"},{"taxonomy":"product_tag","embeddable":true,"href":"https:\/\/altaroda.es\/en\/wp-json\/wp\/v2\/product_tag?post=5270"}],"curies":[{"name":"wp","href":"https:\/\/api.w.org\/{rel}","templated":true}]}}