{"id":5267,"date":"2025-06-09T01:12:23","date_gmt":"2025-06-09T01:12:23","guid":{"rendered":"https:\/\/altaroda.es\/product\/zenith-17-light-titan-5\/"},"modified":"2025-06-09T01:12:23","modified_gmt":"2025-06-09T01:12:23","slug":"zenith-17-light-titan-5","status":"publish","type":"product","link":"https:\/\/altaroda.es\/en\/product\/zenith-17-light-titan-5\/","title":{"rendered":"ZENITH 17 LIGHT TITAN"},"content":{"rendered":"<p>7J17 ZENITH\/HA2X ET41 5X98 58,1 LITREMOVA O PIV\u00d4 &#8211; PARA RODAS HOMOLOGADAS VERIFIQUE OS DOCUMENTOS TUV-NADCertifica\u00e7\u00f5es: ZH7070 HA2X-58,1-A19Notas:<br \/>\n                     &#8211; Pre\u00e7o unit\u00e1rio;<br \/>\n                     &#8211; IVA \u00e0 taxa em vigor inclu\u00eddo no pre\u00e7o;<br \/>\n                     &#8211; Limitado ao stock existente;<br \/>\n                     &#8211; Disponibilidade e pre\u00e7o carece de re-confirma\u00e7\u00e3o.<\/p>","protected":false},"excerpt":{"rendered":"<p>7J17 ZENITH\/HA2X ET41 5X98 58,1 LITREMOVA O PIV\u00d4 &#8211; PARA RODAS HOMOLOGADAS VERIFIQUE OS DOCUMENTOS TUV-NADCertifica\u00e7\u00f5es: ZH7070 HA2X-58,1-A19Notas:<br \/>\n                     &#8211; Pre\u00e7o unit\u00e1rio;<br \/>\n                     &#8211; IVA \u00e0 taxa em vigor inclu\u00eddo no pre\u00e7o;<br \/>\n                     &#8211; Limitado ao stock existente;<br \/>\n                     &#8211; Disponibilidade e pre\u00e7o carece de re-confirma\u00e7\u00e3o.<\/p>","protected":false},"featured_media":5269,"comment_status":"closed","ping_status":"open","template":"","meta":{"_acf_changed":false},"product_brand":[],"product_cat":[16746,16742,16747,16743,16748,16744,16749,16745,16741,16751,16756,16752,16757,16753,16758,16754,16750,16755,16760,16765,16761,16766,16762,16767,16763,16759,16764,16769,16774,16770,16775,16771,16776,16772,16768,16773,16778,16783,16779,16784,16780,16785,16781,16777,16782,16792,16788,16793,16789,16794,16790,16786,16791,16787,16801,16797,16802,16798,16803,16799,16795,16800,16796,16736,16737,16738,16739,5629,5630,16740,635,5633,5634],"product_tag":[],"class_list":{"0":"post-5267","1":"product","2":"type-product","3":"status-publish","4":"has-post-thumbnail","6":"product_cat-02-2010-2022-fiat-doblo-n1","7":"product_cat-02-2010-2022-alfa-r-156","8":"product_cat-02-2010-2022-fiat-tipo","9":"product_cat-02-2010-2022-alfa-r-gt","10":"product_cat-02-2010-2022-opel-combo-m1","11":"product_cat-02-2010-2022-fiat-500l","12":"product_cat-02-2010-2022-opel-combo-n1","13":"product_cat-02-2010-2022-fiat-doblo-m1","14":"product_cat-02-2010-2022","15":"product_cat-09-2012-alfa-r-156","16":"product_cat-09-2012-fiat-tipo","17":"product_cat-09-2012-alfa-r-gt","18":"product_cat-09-2012-opel-combo-m1","19":"product_cat-09-2012-fiat-500l","20":"product_cat-09-2012-opel-combo-n1","21":"product_cat-09-2012-fiat-doblo-m1","22":"product_cat-09-2012","23":"product_cat-09-2012-fiat-doblo-n1","24":"product_cat-12-2015-alfa-r-156","25":"product_cat-12-2015-fiat-tipo","26":"product_cat-12-2015-alfa-r-gt","27":"product_cat-12-2015-opel-combo-m1","28":"product_cat-12-2015-fiat-500l","29":"product_cat-12-2015-opel-combo-n1","30":"product_cat-12-2015-fiat-doblo-m1","31":"product_cat-12-2015","32":"product_cat-12-2015-fiat-doblo-n1","33":"product_cat-1997-2005-alfa-r-156","34":"product_cat-1997-2005-fiat-tipo","35":"product_cat-1997-2005-alfa-r-gt","36":"product_cat-1997-2005-opel-combo-m1","37":"product_cat-1997-2005-fiat-500l","38":"product_cat-1997-2005-opel-combo-n1","39":"product_cat-1997-2005-fiat-doblo-m1","40":"product_cat-1997-2005-alfa-r-147","41":"product_cat-1997-2005-fiat-doblo-n1","42":"product_cat-2000-2010-alfa-r-156","43":"product_cat-2000-2010-fiat-tipo","44":"product_cat-2000-2010-alfa-r-gt","45":"product_cat-2000-2010-opel-combo-m1","46":"product_cat-2000-2010-fiat-500l","47":"product_cat-2000-2010-opel-combo-n1","48":"product_cat-2000-2010-fiat-doblo-m1","49":"product_cat-2000-2010","50":"product_cat-2000-2010-fiat-doblo-n1","51":"product_cat-2004-2010-fiat-tipo","52":"product_cat-2004-2010-alfa-r-gt","53":"product_cat-2004-2010-opel-combo-m1","54":"product_cat-2004-2010-fiat-500l","55":"product_cat-2004-2010-opel-combo-n1","56":"product_cat-2004-2010-fiat-doblo-m1","57":"product_cat-2004-2010-alfa-r-147","58":"product_cat-2004-2010-fiat-doblo-n1","59":"product_cat-2004-2010-alfa-r-156","60":"product_cat-2012-2017-fiat-tipo","61":"product_cat-2012-2017-alfa-r-gt","62":"product_cat-2012-2017-opel-combo-m1","63":"product_cat-2012-2017-fiat-500l","64":"product_cat-2012-2017-opel-combo-n1","65":"product_cat-2012-2017-fiat-doblo-m1","66":"product_cat-2012-2017","67":"product_cat-2012-2017-fiat-doblo-n1","68":"product_cat-2012-2017-alfa-r-156","69":"product_cat-alfa-r-147","70":"product_cat-alfa-r-156","71":"product_cat-alfa-r-gt","72":"product_cat-fiat-500l","73":"product_cat-fiat-doblo-m1","74":"product_cat-fiat-doblo-n1","75":"product_cat-fiat-tipo","76":"product_cat-jantes","77":"product_cat-opel-combo-m1","78":"product_cat-opel-combo-n1","80":"first","81":"instock","82":"purchasable","83":"product-type-simple"},"acf":[],"_links":{"self":[{"href":"https:\/\/altaroda.es\/en\/wp-json\/wp\/v2\/product\/5267","targetHints":{"allow":["GET"]}}],"collection":[{"href":"https:\/\/altaroda.es\/en\/wp-json\/wp\/v2\/product"}],"about":[{"href":"https:\/\/altaroda.es\/en\/wp-json\/wp\/v2\/types\/product"}],"replies":[{"embeddable":true,"href":"https:\/\/altaroda.es\/en\/wp-json\/wp\/v2\/comments?post=5267"}],"version-history":[{"count":1,"href":"https:\/\/altaroda.es\/en\/wp-json\/wp\/v2\/product\/5267\/revisions"}],"predecessor-version":[{"id":5268,"href":"https:\/\/altaroda.es\/en\/wp-json\/wp\/v2\/product\/5267\/revisions\/5268"}],"wp:featuredmedia":[{"embeddable":true,"href":"https:\/\/altaroda.es\/en\/wp-json\/wp\/v2\/media\/5269"}],"wp:attachment":[{"href":"https:\/\/altaroda.es\/en\/wp-json\/wp\/v2\/media?parent=5267"}],"wp:term":[{"taxonomy":"product_brand","embeddable":true,"href":"https:\/\/altaroda.es\/en\/wp-json\/wp\/v2\/product_brand?post=5267"},{"taxonomy":"product_cat","embeddable":true,"href":"https:\/\/altaroda.es\/en\/wp-json\/wp\/v2\/product_cat?post=5267"},{"taxonomy":"product_tag","embeddable":true,"href":"https:\/\/altaroda.es\/en\/wp-json\/wp\/v2\/product_tag?post=5267"}],"curies":[{"name":"wp","href":"https:\/\/api.w.org\/{rel}","templated":true}]}}