{"id":5238,"date":"2025-06-08T13:41:19","date_gmt":"2025-06-08T13:41:19","guid":{"rendered":"https:\/\/altaroda.es\/product\/overland-17-gloss-black-mirror-ring-8\/"},"modified":"2025-06-08T13:41:22","modified_gmt":"2025-06-08T13:41:22","slug":"overland-17-gloss-black-mirror-ring-8","status":"publish","type":"product","link":"https:\/\/altaroda.es\/en\/product\/overland-17-gloss-black-mirror-ring-8\/","title":{"rendered":"OVERLAND 17 GLOSS BLACK MIRROR RING"},"content":{"rendered":"<p>7J17 OVERL\/KZ2 ET62 5X130 78,1 BMILFIAT DUCATO COM RODA DE 16 DE S\u00c9RIE  &#8211; PER TYPE 230\/244 KIT PARAFUSUS MAK DIFERENTES DOS ORIGINAIS &#8211; FOR TYPE 230\/244 KIT MAK BOLTS DIFFERENT THAN ORIGINALNotas:<br \/>\n                     &#8211; Pre\u00e7o unit\u00e1rio;<br \/>\n                     &#8211; IVA \u00e0 taxa em vigor inclu\u00eddo no pre\u00e7o;<br \/>\n                     &#8211; Limitado ao stock existente;<br \/>\n                     &#8211; Disponibilidade e pre\u00e7o carece de re-confirma\u00e7\u00e3o.<\/p>","protected":false},"excerpt":{"rendered":"<p>7J17 OVERL\/KZ2 ET62 5X130 78,1 BMILFIAT DUCATO COM RODA DE 16 DE S\u00c9RIE  &#8211; PER TYPE 230\/244 KIT PARAFUSUS MAK DIFERENTES DOS ORIGINAIS &#8211; FOR TYPE 230\/244 KIT MAK BOLTS DIFFERENT THAN ORIGINALNotas:<br \/>\n                     &#8211; Pre\u00e7o unit\u00e1rio;<br \/>\n                     &#8211; IVA \u00e0 taxa em vigor inclu\u00eddo no pre\u00e7o;<br \/>\n                     &#8211; Limitado ao stock existente;<br \/>\n                     &#8211; Disponibilidade e pre\u00e7o carece de re-confirma\u00e7\u00e3o.<\/p>","protected":false},"featured_media":5240,"comment_status":"closed","ping_status":"open","template":"","meta":{"_acf_changed":false},"product_brand":[],"product_cat":[682,11195,11184,11192,11189,684,11197,11186,11194,11191,11188,11199,683,11196,11185,11193,11190,11187,11198,11250,11234,11241,11248,11232,11239,11246,11237,11244,11235,11242,11249,11233,11240,11247,11238,11245,11236,11243,11280,11277,11281,11267,11282,11271,11284,11279,11276,11273,11268,11283,11274,11278,11269,11266,11275,11270,11272,11289,11291,11299,11296,11300,11286,11301,11290,11303,11298,11295,11292,11287,11302,11293,11288,11297,11285,11294,2022,2014,11311,11306,11312,11321,11307,11316,11304,11313,11308,11310,11318,11315,11319,11305,11320,11309,11322,11317,11314,11336,11333,11330,11325,11331,11340,11326,11335,11323,11332,11327,11329,11337,11334,11338,11324,11339,11328,11341,685,687,686,679,680,11168,11169,11170,11171,11172,11173,681,11174,11175,11176,635,11177,11178,11179,11180,11181,11182,11183],"product_tag":[],"class_list":{"0":"post-5238","1":"product","2":"type-product","3":"status-publish","4":"has-post-thumbnail","6":"product_cat-03-2002-06-2006","7":"product_cat-03-2002-06-2006-peugeot-boxer-m1","8":"product_cat-03-2002-06-2006-citroen-ds-jumper-m1","9":"product_cat-03-2002-06-2006-fiat-ducato-heavy-pcd-130n1","10":"product_cat-03-2002-06-2006-fiat-ducato-m1","11":"product_cat-03-2002-06-2006-fiat-ducato-n1","12":"product_cat-03-2002-06-2006-peugeot-boxer-camper-pcd-130","13":"product_cat-03-2002-06-2006-citroen-ds-jumper-camper-pcd-130","14":"product_cat-03-2002-06-2006-opel-movano-c-pcd-130-n1","15":"product_cat-03-2002-06-2006-fiat-ducato-heavy-pcd-130m1","16":"product_cat-03-2002-06-2006-citroen-ds-jumper-heavy-pcd-130n1","17":"product_cat-03-2002-06-2006-peugeot-boxer-heavy-pcd-130-n1","18":"product_cat-03-2002-06-2006-citroen-ds-e-jumper-n1-pcd-130","19":"product_cat-03-2002-06-2006-peugeot-boxer-n1","20":"product_cat-03-2002-06-2006-citroen-ds-jumper-n1","21":"product_cat-03-2002-06-2006-opel-movano-c-pcd-130-m1","22":"product_cat-03-2002-06-2006-fiat-ducato-camper-pcd-130","23":"product_cat-03-2002-06-2006-citroen-ds-jumper-heavy-pcd-130m1","24":"product_cat-03-2002-06-2006-peugeot-boxer-heavy-pcd-130-m1","25":"product_cat-07-2006-peugeot-boxer-heavy-pcd-130-n1","26":"product_cat-07-2006-citroen-ds-jumper-m1","27":"product_cat-07-2006-fiat-ducato-camper-pcd-130","28":"product_cat-07-2006-peugeot-boxer-camper-pcd-130","29":"product_cat-07-2006","30":"product_cat-07-2006-fiat-ducato-m1","31":"product_cat-07-2006-peugeot-boxer-m1","32":"product_cat-07-2006-citroen-ds-jumper-heavy-pcd-130m1","33":"product_cat-07-2006-opel-movano-c-pcd-130-m1","34":"product_cat-07-2006-citroen-ds-jumper-n1","35":"product_cat-07-2006-fiat-ducato-heavy-pcd-130m1","36":"product_cat-07-2006-peugeot-boxer-heavy-pcd-130-m1","37":"product_cat-07-2006-citroen-ds-e-jumper-n1-pcd-130","38":"product_cat-07-2006-fiat-ducato-n1","39":"product_cat-07-2006-peugeot-boxer-n1","40":"product_cat-07-2006-citroen-ds-jumper-heavy-pcd-130n1","41":"product_cat-07-2006-opel-movano-c-pcd-130-n1","42":"product_cat-07-2006-citroen-ds-jumper-camper-pcd-130","43":"product_cat-07-2006-fiat-ducato-heavy-pcd-130n1","44":"product_cat-07-2006-2013-peugeot-boxer-m1","45":"product_cat-07-2006-2013-fiat-ducato-heavy-pcd-130n1","46":"product_cat-07-2006-2013-peugeot-boxer-n1","47":"product_cat-07-2006-2013-citroen-ds-e-jumper-n1-pcd-130","48":"product_cat-07-2006-2013-peugeot-boxer-camper-pcd-130","49":"product_cat-07-2006-2013-citroen-ds-jumper-heavy-pcd-130m1","50":"product_cat-07-2006-2013-peugeot-boxer-heavy-pcd-130-n1","51":"product_cat-07-2006-2013-opel-movano-c-pcd-130-n1","52":"product_cat-07-2006-2013-fiat-ducato-heavy-pcd-130m1","53":"product_cat-07-2006-2013-fiat-ducato-m1","54":"product_cat-07-2006-2013-citroen-ds-jumper-m1","55":"product_cat-07-2006-2013-peugeot-boxer-heavy-pcd-130-m1","56":"product_cat-07-2006-2013-fiat-ducato-n1","57":"product_cat-07-2006-2013-opel-movano-c-pcd-130-m1","58":"product_cat-07-2006-2013-citroen-ds-jumper-n1","59":"product_cat-07-2006-2013","60":"product_cat-07-2006-2013-fiat-ducato-camper-pcd-130","61":"product_cat-07-2006-2013-citroen-ds-jumper-camper-pcd-130","62":"product_cat-07-2006-2013-citroen-ds-jumper-heavy-pcd-130n1","63":"product_cat-1995-06-2006-citroen-ds-jumper-camper-pcd-130","64":"product_cat-1995-06-2006-citroen-ds-jumper-heavy-pcd-130n1","65":"product_cat-1995-06-2006-peugeot-boxer-m1","66":"product_cat-1995-06-2006-fiat-ducato-heavy-pcd-130n1","67":"product_cat-1995-06-2006-peugeot-boxer-n1","68":"product_cat-1995-06-2006-citroen-ds-e-jumper-n1-pcd-130","69":"product_cat-1995-06-2006-peugeot-boxer-camper-pcd-130","70":"product_cat-1995-06-2006-citroen-ds-jumper-heavy-pcd-130m1","71":"product_cat-1995-06-2006-peugeot-boxer-heavy-pcd-130-n1","72":"product_cat-1995-06-2006-opel-movano-c-pcd-130-n1","73":"product_cat-1995-06-2006-fiat-ducato-heavy-pcd-130m1","74":"product_cat-1995-06-2006-fiat-ducato-m1","75":"product_cat-1995-06-2006-citroen-ds-jumper-m1","76":"product_cat-1995-06-2006-peugeot-boxer-heavy-pcd-130-m1","77":"product_cat-1995-06-2006-fiat-ducato-n1","78":"product_cat-1995-06-2006-citroen-ds-jumper-n1","79":"product_cat-1995-06-2006-opel-movano-c-pcd-130-m1","80":"product_cat-1995-06-2006","81":"product_cat-1995-06-2006-fiat-ducato-camper-pcd-130","82":"product_cat-2014-2019-subaru-legacy","83":"product_cat-2014-2019-audi-tt","84":"product_cat-2014-2021-fiat-ducato-m1","85":"product_cat-2014-2021-citroen-ds-jumper-m1","86":"product_cat-2014-2021-fiat-ducato-n1","87":"product_cat-2014-2021-peugeot-boxer-heavy-pcd-130-m1","88":"product_cat-2014-2021-citroen-ds-jumper-n1","89":"product_cat-2014-2021-opel-movano-c-pcd-130-m1","90":"product_cat-2014-2021-citroen-ds-e-jumper-m1-pcd-130","91":"product_cat-2014-2021-fiat-ducato-camper-pcd-130","92":"product_cat-2014-2021-citroen-ds-jumper-camper-pcd-130","93":"product_cat-2014-2021-citroen-ds-jumper-heavy-pcd-130n1","94":"product_cat-2014-2021-peugeot-boxer-m1","95":"product_cat-2014-2021-fiat-ducato-heavy-pcd-130n1","96":"product_cat-2014-2021-peugeot-boxer-n1","97":"product_cat-2014-2021-citroen-ds-e-jumper-n1-pcd-130","98":"product_cat-2014-2021-peugeot-boxer-camper-pcd-130","99":"product_cat-2014-2021-citroen-ds-jumper-heavy-pcd-130m1","100":"product_cat-2014-2021-peugeot-boxer-heavy-pcd-130-n1","101":"product_cat-2014-2021-opel-movano-c-pcd-130-n1","102":"product_cat-2014-2021-fiat-ducato-heavy-pcd-130m1","103":"product_cat-2014-2022-opel-movano-c-pcd-130-n1","104":"product_cat-2014-2022-fiat-ducato-heavy-pcd-130m1","105":"product_cat-2014-2022-fiat-ducato-m1","106":"product_cat-2014-2022-citroen-ds-jumper-m1","107":"product_cat-2014-2022-fiat-ducato-n1","108":"product_cat-2014-2022-peugeot-boxer-heavy-pcd-130-m1","109":"product_cat-2014-2022-citroen-ds-jumper-n1","110":"product_cat-2014-2022-opel-movano-c-pcd-130-m1","111":"product_cat-2014-2022","112":"product_cat-2014-2022-fiat-ducato-camper-pcd-130","113":"product_cat-2014-2022-citroen-ds-jumper-camper-pcd-130","114":"product_cat-2014-2022-citroen-ds-jumper-heavy-pcd-130n1","115":"product_cat-2014-2022-peugeot-boxer-m1","116":"product_cat-2014-2022-fiat-ducato-heavy-pcd-130n1","117":"product_cat-2014-2022-peugeot-boxer-n1","118":"product_cat-2014-2022-citroen-ds-e-jumper-n1-pcd-130","119":"product_cat-2014-2022-peugeot-boxer-camper-pcd-130","120":"product_cat-2014-2022-citroen-ds-jumper-heavy-pcd-130m1","121":"product_cat-2014-2022-peugeot-boxer-heavy-pcd-130-n1","122":"product_cat-685","123":"product_cat-2022-fiat-ducato-n1","124":"product_cat-2022-citroen-ds-e-jumper-n1-pcd-130","125":"product_cat-citroen-ds-e-jumper-m1-pcd-130","126":"product_cat-citroen-ds-e-jumper-n1-pcd-130","127":"product_cat-citroen-ds-jumper-m1","128":"product_cat-citroen-ds-jumper-n1","129":"product_cat-citroen-ds-jumper-camper-pcd-130","130":"product_cat-citroen-ds-jumper-heavy-pcd-130m1","131":"product_cat-citroen-ds-jumper-heavy-pcd-130n1","132":"product_cat-fiat-ducato-m1","133":"product_cat-fiat-ducato-n1","134":"product_cat-fiat-ducato-camper-pcd-130","135":"product_cat-fiat-ducato-heavy-pcd-130m1","136":"product_cat-fiat-ducato-heavy-pcd-130n1","137":"product_cat-jantes","138":"product_cat-opel-movano-c-pcd-130-m1","139":"product_cat-opel-movano-c-pcd-130-n1","140":"product_cat-peugeot-boxer-m1","141":"product_cat-peugeot-boxer-n1","142":"product_cat-peugeot-boxer-camper-pcd-130","143":"product_cat-peugeot-boxer-heavy-pcd-130-m1","144":"product_cat-peugeot-boxer-heavy-pcd-130-n1","146":"first","147":"instock","148":"purchasable","149":"product-type-simple"},"acf":[],"_links":{"self":[{"href":"https:\/\/altaroda.es\/en\/wp-json\/wp\/v2\/product\/5238","targetHints":{"allow":["GET"]}}],"collection":[{"href":"https:\/\/altaroda.es\/en\/wp-json\/wp\/v2\/product"}],"about":[{"href":"https:\/\/altaroda.es\/en\/wp-json\/wp\/v2\/types\/product"}],"replies":[{"embeddable":true,"href":"https:\/\/altaroda.es\/en\/wp-json\/wp\/v2\/comments?post=5238"}],"version-history":[{"count":1,"href":"https:\/\/altaroda.es\/en\/wp-json\/wp\/v2\/product\/5238\/revisions"}],"predecessor-version":[{"id":5239,"href":"https:\/\/altaroda.es\/en\/wp-json\/wp\/v2\/product\/5238\/revisions\/5239"}],"wp:featuredmedia":[{"embeddable":true,"href":"https:\/\/altaroda.es\/en\/wp-json\/wp\/v2\/media\/5240"}],"wp:attachment":[{"href":"https:\/\/altaroda.es\/en\/wp-json\/wp\/v2\/media?parent=5238"}],"wp:term":[{"taxonomy":"product_brand","embeddable":true,"href":"https:\/\/altaroda.es\/en\/wp-json\/wp\/v2\/product_brand?post=5238"},{"taxonomy":"product_cat","embeddable":true,"href":"https:\/\/altaroda.es\/en\/wp-json\/wp\/v2\/product_cat?post=5238"},{"taxonomy":"product_tag","embeddable":true,"href":"https:\/\/altaroda.es\/en\/wp-json\/wp\/v2\/product_tag?post=5238"}],"curies":[{"name":"wp","href":"https:\/\/api.w.org\/{rel}","templated":true}]}}