{"id":5208,"date":"2025-06-08T13:40:37","date_gmt":"2025-06-08T13:40:37","guid":{"rendered":"https:\/\/altaroda.es\/product\/epica-17-black-mirror-11\/"},"modified":"2025-06-08T13:40:41","modified_gmt":"2025-06-08T13:40:41","slug":"epica-17-black-mirror-11","status":"publish","type":"product","link":"https:\/\/altaroda.es\/en\/product\/epica-17-black-mirror-11\/","title":{"rendered":"EPICA 17 BLACK MIRROR"},"content":{"rendered":"<p>6,5J17 EPIC\/FR4X ET50 5X114 64,1 BMAPENAS PARA CARROS COM RODAS ORIGINAIS DE 17Notas:<br \/>\n                     &#8211; Pre\u00e7o unit\u00e1rio;<br \/>\n                     &#8211; IVA \u00e0 taxa em vigor inclu\u00eddo no pre\u00e7o;<br \/>\n                     &#8211; Limitado ao stock existente;<br \/>\n                     &#8211; Disponibilidade e pre\u00e7o carece de re-confirma\u00e7\u00e3o.<\/p>","protected":false},"excerpt":{"rendered":"<p>6,5J17 EPIC\/FR4X ET50 5X114 64,1 BMAPENAS PARA CARROS COM RODAS ORIGINAIS DE 17Notas:<br \/>\n                     &#8211; Pre\u00e7o unit\u00e1rio;<br \/>\n                     &#8211; IVA \u00e0 taxa em vigor inclu\u00eddo no pre\u00e7o;<br \/>\n                     &#8211; Limitado ao stock existente;<br \/>\n                     &#8211; Disponibilidade e pre\u00e7o carece de re-confirma\u00e7\u00e3o.<\/p>","protected":false},"featured_media":5210,"comment_status":"closed","ping_status":"open","template":"","meta":{"_acf_changed":false},"product_brand":[],"product_cat":[9300,9301,9297,9302,9298,9303,9299,9304,9309,9305,9310,9306,9307,9308,9314,9315,9311,9316,9312,9317,9313,9318,9323,9319,9324,9320,9321,9322,9327,9328,9329,9325,9330,9326,9331,2022,2023,9336,9332,9337,9333,9338,9334,9335,9341,1256,9342,1257,1258,9339,9340,1260,1261,1259,1262,1263,1264,1253,9293,1254,9294,9295,9296,1255,635],"product_tag":[],"class_list":{"0":"post-5208","1":"product","2":"type-product","3":"status-publish","4":"has-post-thumbnail","6":"product_cat-03-2010-honda-cr-z","7":"product_cat-03-2010-honda-fr-v","8":"product_cat-03-2010","9":"product_cat-03-2010-honda-hr-v","10":"product_cat-03-2010-honda-civic-5h","11":"product_cat-03-2010-honda-zr-v","12":"product_cat-03-2010-honda-cr-v-cr-v-hybrid","13":"product_cat-10-2015-2020","14":"product_cat-10-2015-2020-honda-hr-v","15":"product_cat-10-2015-2020-honda-civic-5h","16":"product_cat-10-2015-2020-honda-zr-v","17":"product_cat-10-2015-2020-honda-cr-v-cr-v-hybrid","18":"product_cat-10-2015-2020-honda-cr-z","19":"product_cat-10-2015-2020-honda-fr-v","20":"product_cat-2002-2016-honda-cr-z","21":"product_cat-2002-2016-honda-fr-v","22":"product_cat-2002-2016","23":"product_cat-2002-2016-honda-hr-v","24":"product_cat-2002-2016-honda-civic-5h","25":"product_cat-2002-2016-honda-zr-v","26":"product_cat-2002-2016-honda-cr-v-cr-v-hybrid","27":"product_cat-2004-2010-honda-civic","28":"product_cat-2004-2010-honda-hr-v","29":"product_cat-2004-2010-honda-civic-5h","30":"product_cat-2004-2010-honda-zr-v","31":"product_cat-2004-2010-honda-cr-v-cr-v-hybrid","32":"product_cat-2004-2010-honda-cr-z","33":"product_cat-2004-2010-honda-fr-v","34":"product_cat-2007-2017-honda-cr-v-cr-v-hybrid","35":"product_cat-2007-2017-honda-cr-z","36":"product_cat-2007-2017-honda-fr-v","37":"product_cat-2007-2017","38":"product_cat-2007-2017-honda-hr-v","39":"product_cat-2007-2017-honda-civic-5h","40":"product_cat-2007-2017-honda-zr-v","41":"product_cat-2014-2019-subaru-legacy","42":"product_cat-2014-2019-subaru-outback-legacy","43":"product_cat-2017-2021-honda-fr-v","44":"product_cat-2017-2021-honda-civic","45":"product_cat-2017-2021-honda-hr-v","46":"product_cat-2017-2021-honda-civic-5h","47":"product_cat-2017-2021-honda-zr-v","48":"product_cat-2017-2021-honda-cr-v-cr-v-hybrid","49":"product_cat-2017-2021-honda-cr-z","50":"product_cat-2018-2022-honda-fr-v","51":"product_cat-2018-2022","52":"product_cat-2018-2022-honda-hr-v","53":"product_cat-2018-2022-honda-cr-v-cr-v-hybrid","54":"product_cat-2018-2022-honda-zr-v","55":"product_cat-2018-2022-honda-civic-5h","56":"product_cat-2018-2022-honda-cr-z","57":"product_cat-2022-honda-cr-v-cr-v-hybrid","58":"product_cat-2022-honda-zr-v","59":"product_cat-2022-honda-civic","60":"product_cat-2023-honda-civic","61":"product_cat-2023-honda-cr-v-cr-v-hybrid","62":"product_cat-2023-honda-zr-v","63":"product_cat-honda-civic","64":"product_cat-honda-civic-5h","65":"product_cat-honda-cr-v-cr-v-hybrid","66":"product_cat-honda-cr-z","67":"product_cat-honda-fr-v","68":"product_cat-honda-hr-v","69":"product_cat-honda-zr-v","70":"product_cat-jantes","72":"first","73":"instock","74":"purchasable","75":"product-type-simple"},"acf":[],"_links":{"self":[{"href":"https:\/\/altaroda.es\/en\/wp-json\/wp\/v2\/product\/5208","targetHints":{"allow":["GET"]}}],"collection":[{"href":"https:\/\/altaroda.es\/en\/wp-json\/wp\/v2\/product"}],"about":[{"href":"https:\/\/altaroda.es\/en\/wp-json\/wp\/v2\/types\/product"}],"replies":[{"embeddable":true,"href":"https:\/\/altaroda.es\/en\/wp-json\/wp\/v2\/comments?post=5208"}],"version-history":[{"count":1,"href":"https:\/\/altaroda.es\/en\/wp-json\/wp\/v2\/product\/5208\/revisions"}],"predecessor-version":[{"id":5209,"href":"https:\/\/altaroda.es\/en\/wp-json\/wp\/v2\/product\/5208\/revisions\/5209"}],"wp:featuredmedia":[{"embeddable":true,"href":"https:\/\/altaroda.es\/en\/wp-json\/wp\/v2\/media\/5210"}],"wp:attachment":[{"href":"https:\/\/altaroda.es\/en\/wp-json\/wp\/v2\/media?parent=5208"}],"wp:term":[{"taxonomy":"product_brand","embeddable":true,"href":"https:\/\/altaroda.es\/en\/wp-json\/wp\/v2\/product_brand?post=5208"},{"taxonomy":"product_cat","embeddable":true,"href":"https:\/\/altaroda.es\/en\/wp-json\/wp\/v2\/product_cat?post=5208"},{"taxonomy":"product_tag","embeddable":true,"href":"https:\/\/altaroda.es\/en\/wp-json\/wp\/v2\/product_tag?post=5208"}],"curies":[{"name":"wp","href":"https:\/\/api.w.org\/{rel}","templated":true}]}}