{"id":5200,"date":"2025-06-08T13:39:57","date_gmt":"2025-06-08T13:39:57","guid":{"rendered":"https:\/\/altaroda.es\/product\/koln-19-gloss-black\/"},"modified":"2025-06-08T13:40:25","modified_gmt":"2025-06-08T13:40:25","slug":"koln-19-gloss-black","status":"publish","type":"product","link":"https:\/\/altaroda.es\/en\/product\/koln-19-gloss-black\/","title":{"rendered":"KOLN 19 GLOSS BLACK"},"content":{"rendered":"<p>9J19 KOLN\/KY3X E50 5X130 71,6 GLBLAN\u00c3O 2.5 TDI R5 &#8211; PARA RODAS HOMOLOGADAS VERIFIQUE OS DOCUMENTOS TUV-NADCertifica\u00e7\u00f5es: HI9090 KY3X-71,6-A02Notas:<br \/>\n                     &#8211; Pre\u00e7o unit\u00e1rio;<br \/>\n                     &#8211; IVA \u00e0 taxa em vigor inclu\u00eddo no pre\u00e7o;<br \/>\n                     &#8211; Limitado ao stock existente;<br \/>\n                     &#8211; Disponibilidade e pre\u00e7o carece de re-confirma\u00e7\u00e3o.<\/p>","protected":false},"excerpt":{"rendered":"<p>9J19 KOLN\/KY3X E50 5X130 71,6 GLBLAN\u00c3O 2.5 TDI R5 &#8211; PARA RODAS HOMOLOGADAS VERIFIQUE OS DOCUMENTOS TUV-NADCertifica\u00e7\u00f5es: HI9090 KY3X-71,6-A02Notas:<br \/>\n                     &#8211; Pre\u00e7o unit\u00e1rio;<br \/>\n                     &#8211; IVA \u00e0 taxa em vigor inclu\u00eddo no pre\u00e7o;<br \/>\n                     &#8211; Limitado ao stock existente;<br \/>\n                     &#8211; Disponibilidade e pre\u00e7o carece de re-confirma\u00e7\u00e3o.<\/p>","protected":false},"featured_media":0,"comment_status":"closed","ping_status":"open","template":"","meta":{"_acf_changed":false},"product_brand":[],"product_cat":[8815,8806,8820,8811,8816,8807,8821,8812,8817,8808,8822,8813,8818,8809,8823,8814,8819,8810,8865,8833,8856,8824,8847,8838,8861,8829,8852,8843,8834,8857,8825,8848,8839,8862,8830,8853,8844,8835,8858,8826,8849,8840,8863,8831,8854,8845,8836,8859,8827,8850,8841,8864,8832,8855,8846,8837,8860,8828,8851,8842,8870,8875,8866,8871,8867,8872,8868,8873,8869,8874,8888,8879,8893,8884,8889,8880,8885,8876,8890,8881,8886,8877,8891,8882,8887,8878,8892,8883,8897,8902,8898,8903,8894,8899,8895,8900,8896,8901,5471,635,8798,8799,8800,8801,8802,8803,8804,5475,8805],"product_tag":[],"class_list":{"0":"post-5200","1":"product","2":"type-product","3":"status-publish","5":"product_cat-03-2010-2017-volkswagen-touareg-hybrid","6":"product_cat-03-2010-2017","7":"product_cat-03-2010-2017-porsche-cayenne-92ah-92ahn-s-hybrid-2","8":"product_cat-03-2010-2017-porsche-cayenne-92ah-92ahn-s-hybrid","9":"product_cat-03-2010-2017-porsche-cayenne-92a-92an-diesel-2","10":"product_cat-03-2010-2017-porsche-cayenne-92a-92an-diesel","11":"product_cat-03-2010-2017-porsche-cayenne-9pa-v6-2","12":"product_cat-03-2010-2017-porsche-cayenne-9pa-v6","13":"product_cat-03-2010-2017-porsche-cayenne-92a-92an-s-2","14":"product_cat-03-2010-2017-porsche-cayenne-92a-92an-s","15":"product_cat-03-2010-2017-porsche-cayenne-9pa-v8-turbo-2","16":"product_cat-03-2010-2017-porsche-cayenne-9pa-v8-turbo","17":"product_cat-03-2010-2017-porsche-cayenne-92a-92an-turbo-cayenne-gts-2","18":"product_cat-03-2010-2017-porsche-cayenne-92a-92an-turbo-cayenne-gts","19":"product_cat-03-2010-2017-volkswagen-touareg-hybrid-2","20":"product_cat-03-2010-2017-volkswagen-touareg","21":"product_cat-03-2010-2017-porsche-cayenne-92a-92an-v6-2","22":"product_cat-03-2010-2017-porsche-cayenne-92a-92an-v6","23":"product_cat-06-2010-2017-volkswagen-touareg-hybrid-5","24":"product_cat-06-2010-2017-volkswagen-touareg-hybrid","25":"product_cat-06-2010-2017-porsche-cayenne-9pa-v8-turbo-4","26":"product_cat-06-2010-2017","27":"product_cat-06-2010-2017-porsche-cayenne-9pa-v6-3","28":"product_cat-06-2010-2017-porsche-cayenne-92ah-92ahn-s-hybrid-2","29":"product_cat-06-2010-2017-porsche-cayenne-92a-92an-v6-5","30":"product_cat-06-2010-2017-porsche-cayenne-92ah-92ahn-s-hybrid","31":"product_cat-06-2010-2017-porsche-cayenne-92a-92an-turbo-cayenne-gts-4","32":"product_cat-06-2010-2017-porsche-cayenne-92a-92an-s-3","33":"product_cat-06-2010-2017-porsche-cayenne-92a-92an-diesel-2","34":"product_cat-06-2010-2017-volkswagen-touareg-hybrid-4","35":"product_cat-06-2010-2017-porsche-cayenne-92a-92an-diesel","36":"product_cat-06-2010-2017-porsche-cayenne-9pa-v8-turbo-3","37":"product_cat-06-2010-2017-porsche-cayenne-9pa-v6-2","38":"product_cat-06-2010-2017-porsche-cayenne-92ah-92ahn-s-hybrid-5","39":"product_cat-06-2010-2017-porsche-cayenne-9pa-v6","40":"product_cat-06-2010-2017-porsche-cayenne-92a-92an-v6-4","41":"product_cat-06-2010-2017-porsche-cayenne-92a-92an-turbo-cayenne-gts-3","42":"product_cat-06-2010-2017-porsche-cayenne-92a-92an-s-2","43":"product_cat-06-2010-2017-porsche-cayenne-92a-92an-diesel-5","44":"product_cat-06-2010-2017-porsche-cayenne-92a-92an-s","45":"product_cat-06-2010-2017-volkswagen-touareg-hybrid-3","46":"product_cat-06-2010-2017-porsche-cayenne-9pa-v8-turbo-2","47":"product_cat-06-2010-2017-porsche-cayenne-9pa-v6-5","48":"product_cat-06-2010-2017-porsche-cayenne-9pa-v8-turbo","49":"product_cat-06-2010-2017-porsche-cayenne-92ah-92ahn-s-hybrid-4","50":"product_cat-06-2010-2017-porsche-cayenne-92a-92an-v6-3","51":"product_cat-06-2010-2017-porsche-cayenne-92a-92an-turbo-cayenne-gts-2","52":"product_cat-06-2010-2017-porsche-cayenne-92a-92an-s-5","53":"product_cat-06-2010-2017-porsche-cayenne-92a-92an-turbo-cayenne-gts","54":"product_cat-06-2010-2017-porsche-cayenne-92a-92an-diesel-4","55":"product_cat-06-2010-2017-volkswagen-touareg-hybrid-2","56":"product_cat-06-2010-2017-porsche-cayenne-9pa-v8-turbo-5","57":"product_cat-06-2010-2017-volkswagen-touareg","58":"product_cat-06-2010-2017-porsche-cayenne-9pa-v6-4","59":"product_cat-06-2010-2017-porsche-cayenne-92ah-92ahn-s-hybrid-3","60":"product_cat-06-2010-2017-porsche-cayenne-92a-92an-v6-2","61":"product_cat-06-2010-2017-porsche-cayenne-92a-92an-turbo-cayenne-gts-5","62":"product_cat-06-2010-2017-porsche-cayenne-92a-92an-v6","63":"product_cat-06-2010-2017-porsche-cayenne-92a-92an-s-4","64":"product_cat-06-2010-2017-porsche-cayenne-92a-92an-diesel-3","65":"product_cat-2003-02-2010-porsche-cayenne-92a-92an-v6","66":"product_cat-2003-02-2010-volkswagen-touareg-hybrid","67":"product_cat-2003-02-2010","68":"product_cat-2003-02-2010-porsche-cayenne-92ah-92ahn-s-hybrid","69":"product_cat-2003-02-2010-porsche-cayenne-92a-92an-diesel","70":"product_cat-2003-02-2010-porsche-cayenne-9pa-v6","71":"product_cat-2003-02-2010-porsche-cayenne-92a-92an-s","72":"product_cat-2003-02-2010-porsche-cayenne-9pa-v8-turbo","73":"product_cat-2003-02-2010-porsche-cayenne-92a-92an-turbo-cayenne-gts","74":"product_cat-2003-02-2010-volkswagen-touareg","75":"product_cat-2003-05-2010-porsche-cayenne-92a-92an-turbo-cayenne-gts-2","76":"product_cat-2003-05-2010-porsche-cayenne-92a-92an-turbo-cayenne-gts","77":"product_cat-2003-05-2010-volkswagen-touareg-hybrid-2","78":"product_cat-2003-05-2010-volkswagen-touareg","79":"product_cat-2003-05-2010-porsche-cayenne-92a-92an-v6-2","80":"product_cat-2003-05-2010-porsche-cayenne-92a-92an-v6","81":"product_cat-2003-05-2010-volkswagen-touareg-hybrid","82":"product_cat-2003-05-2010","83":"product_cat-2003-05-2010-porsche-cayenne-92ah-92ahn-s-hybrid-2","84":"product_cat-2003-05-2010-porsche-cayenne-92ah-92ahn-s-hybrid","85":"product_cat-2003-05-2010-porsche-cayenne-92a-92an-diesel-2","86":"product_cat-2003-05-2010-porsche-cayenne-92a-92an-diesel","87":"product_cat-2003-05-2010-porsche-cayenne-9pa-v6-2","88":"product_cat-2003-05-2010-porsche-cayenne-9pa-v6","89":"product_cat-2003-05-2010-porsche-cayenne-92a-92an-s-2","90":"product_cat-2003-05-2010-porsche-cayenne-92a-92an-s","91":"product_cat-2003-05-2010-porsche-cayenne-9pa-v8-turbo-2","92":"product_cat-2003-05-2010-porsche-cayenne-9pa-v8-turbo","93":"product_cat-2006-2014-porsche-cayenne-92a-92an-turbo-cayenne-gts","94":"product_cat-2006-2014-volkswagen-touareg","95":"product_cat-2006-2014-porsche-cayenne-92a-92an-v6","96":"product_cat-2006-2014-volkswagen-touareg-hybrid","97":"product_cat-2006-2014","98":"product_cat-2006-2014-porsche-cayenne-92ah-92ahn-s-hybrid","99":"product_cat-2006-2014-porsche-cayenne-92a-92an-diesel","100":"product_cat-2006-2014-porsche-cayenne-9pa-v6","101":"product_cat-2006-2014-porsche-cayenne-92a-92an-s","102":"product_cat-2006-2014-porsche-cayenne-9pa-v8-turbo","103":"product_cat-audi-q7","104":"product_cat-jantes","105":"product_cat-porsche-cayenne-92a-92an-diesel","106":"product_cat-porsche-cayenne-92a-92an-s","107":"product_cat-porsche-cayenne-92a-92an-turbo-cayenne-gts","108":"product_cat-porsche-cayenne-92a-92an-v6","109":"product_cat-porsche-cayenne-92ah-92ahn-s-hybrid","110":"product_cat-porsche-cayenne-9pa-v6","111":"product_cat-porsche-cayenne-9pa-v8-turbo","112":"product_cat-volkswagen-touareg","113":"product_cat-volkswagen-touareg-hybrid","115":"first","116":"instock","117":"purchasable","118":"product-type-simple"},"acf":[],"_links":{"self":[{"href":"https:\/\/altaroda.es\/en\/wp-json\/wp\/v2\/product\/5200","targetHints":{"allow":["GET"]}}],"collection":[{"href":"https:\/\/altaroda.es\/en\/wp-json\/wp\/v2\/product"}],"about":[{"href":"https:\/\/altaroda.es\/en\/wp-json\/wp\/v2\/types\/product"}],"replies":[{"embeddable":true,"href":"https:\/\/altaroda.es\/en\/wp-json\/wp\/v2\/comments?post=5200"}],"version-history":[{"count":1,"href":"https:\/\/altaroda.es\/en\/wp-json\/wp\/v2\/product\/5200\/revisions"}],"predecessor-version":[{"id":5201,"href":"https:\/\/altaroda.es\/en\/wp-json\/wp\/v2\/product\/5200\/revisions\/5201"}],"wp:attachment":[{"href":"https:\/\/altaroda.es\/en\/wp-json\/wp\/v2\/media?parent=5200"}],"wp:term":[{"taxonomy":"product_brand","embeddable":true,"href":"https:\/\/altaroda.es\/en\/wp-json\/wp\/v2\/product_brand?post=5200"},{"taxonomy":"product_cat","embeddable":true,"href":"https:\/\/altaroda.es\/en\/wp-json\/wp\/v2\/product_cat?post=5200"},{"taxonomy":"product_tag","embeddable":true,"href":"https:\/\/altaroda.es\/en\/wp-json\/wp\/v2\/product_tag?post=5200"}],"curies":[{"name":"wp","href":"https:\/\/api.w.org\/{rel}","templated":true}]}}