{"id":5197,"date":"2025-06-08T13:39:57","date_gmt":"2025-06-08T13:39:57","guid":{"rendered":"https:\/\/altaroda.es\/product\/overland-17-gloss-black-mirror-ring-6\/"},"modified":"2025-06-08T13:40:21","modified_gmt":"2025-06-08T13:40:21","slug":"overland-17-gloss-black-mirror-ring-6","status":"publish","type":"product","link":"https:\/\/altaroda.es\/en\/product\/overland-17-gloss-black-mirror-ring-6\/","title":{"rendered":"OVERLAND 17 GLOSS BLACK MIRROR RING"},"content":{"rendered":"<p>7J17 OVERL\/GGX ET46 5X108 65,1 BLMLPARA RODAS HOMOLOGADAS VERIFIQUE OS DOCUMENTOS TUVCertifica\u00e7\u00f5es: RV7070 GGX-65,1-A01Notas:<br \/>\n                     &#8211; Pre\u00e7o unit\u00e1rio;<br \/>\n                     &#8211; IVA \u00e0 taxa em vigor inclu\u00eddo no pre\u00e7o;<br \/>\n                     &#8211; Limitado ao stock existente;<br \/>\n                     &#8211; Disponibilidade e pre\u00e7o carece de re-confirma\u00e7\u00e3o.<\/p>","protected":false},"excerpt":{"rendered":"<p>7J17 OVERL\/GGX ET46 5X108 65,1 BLMLPARA RODAS HOMOLOGADAS VERIFIQUE OS DOCUMENTOS TUVCertifica\u00e7\u00f5es: RV7070 GGX-65,1-A01Notas:<br \/>\n                     &#8211; Pre\u00e7o unit\u00e1rio;<br \/>\n                     &#8211; IVA \u00e0 taxa em vigor inclu\u00eddo no pre\u00e7o;<br \/>\n                     &#8211; Limitado ao stock existente;<br \/>\n                     &#8211; Disponibilidade e pre\u00e7o carece de re-confirma\u00e7\u00e3o.<\/p>","protected":false},"featured_media":5199,"comment_status":"closed","ping_status":"open","template":"","meta":{"_acf_changed":false},"product_brand":[],"product_cat":[8638,8670,8661,8652,8643,8666,8657,8648,8639,8671,8662,8653,8644,8667,8658,8649,8640,8672,8663,8654,8645,8636,8668,8659,8650,8641,8664,8655,8646,8637,8669,8660,8651,8642,8665,8656,8647,7709,8693,8684,8675,7705,8698,8689,8680,7688,8694,8685,8676,7706,8699,8690,8681,7689,8695,8686,8677,8700,7707,8691,8682,8673,7690,8696,8687,8678,7708,8692,8683,8674,7704,8697,8688,8679,8705,8728,8719,8710,7740,8724,8715,8706,7723,8729,8720,8711,7741,8725,8716,8707,7724,8730,8721,8712,7742,8726,8717,8708,7725,8731,8722,8713,7743,8704,8727,8718,8709,7739,8723,8714,7744,8737,5723,7822,8742,8733,5708,8747,7810,8738,7823,5724,8743,8734,5720,8748,7811,8739,7824,5730,5705,8744,8735,5721,8749,7812,8740,7825,5731,5706,8745,8736,5722,7821,8741,8732,5707,8746,8769,3161,8760,3152,8751,5619,8765,3157,8756,3162,8761,3153,8752,5620,8766,3158,8757,3149,8762,3154,8753,5621,8767,3159,8758,3150,8763,3155,8754,8768,3160,8759,3151,8750,8764,3156,8755,8078,8792,8783,8774,8797,8061,8788,8779,8770,8079,8793,8784,8775,8062,8789,8780,8771,8080,8794,8785,8776,8076,8790,8781,8772,8081,8795,8786,8777,8077,8791,8782,8773,8796,8060,8787,8778,2018,2020,2022,2016,2023,2017,2094,2095,7539,8633,5585,7540,8634,7541,3135,3136,5629,5630,3137,3138,3139,635,7546,5633,5634,7547,3140,3141,3142,5586,5587,7548,739,8635,3143,3144,5635,5636,3145,3146,3147,3148,5637,5638],"product_tag":[],"class_list":{"0":"post-5197","1":"product","2":"type-product","3":"status-publish","4":"has-post-thumbnail","6":"product_cat-03-2011-2017-citroen-ds-c4-picasso-c4-spacetourer","7":"product_cat-03-2011-2017-toyota-proace-n1","8":"product_cat-03-2011-2017-peugeot-5008","9":"product_cat-03-2011-2017-opel-combo-m1","10":"product_cat-03-2011-2017-citroen-ds-grand-c4-picasso-grand-c4-spacetourer","11":"product_cat-03-2011-2017-peugeot-rifter-m1","12":"product_cat-03-2011-2017-opel-zafira-life","13":"product_cat-03-2011-2017-fiat-e-ulysse-m1","14":"product_cat-03-2011-2017-citroen-ds-c5-aircross","15":"product_cat-03-2011-2017-toyota-proace-city-n1","16":"product_cat-03-2011-2017-peugeot-508","17":"product_cat-03-2011-2017-opel-combo-n1","18":"product_cat-03-2011-2017-citroen-ds-spacetourer-jumpy-m1","19":"product_cat-03-2011-2017-peugeot-traveller-m1","20":"product_cat-03-2011-2017-peugeot-3008","21":"product_cat-03-2011-2017-fiat-scudo-m1","22":"product_cat-03-2011-2017-citroen-ds-ds4","23":"product_cat-03-2011-2017-toyota-proace-city-verso-m1","24":"product_cat-03-2011-2017-peugeot-expert-m1","25":"product_cat-03-2011-2017-opel-grandland-grandland-x","26":"product_cat-03-2011-2017-citroen-ds-spacetourer-jumpy-n1","27":"product_cat-03-2011-2017","28":"product_cat-03-2011-2017-peugeot-traveller-n1","29":"product_cat-03-2011-2017-peugeot-308","30":"product_cat-03-2011-2017-fiat-scudo-n1","31":"product_cat-03-2011-2017-citroen-ds-ds7-crossback","32":"product_cat-03-2011-2017-peugeot-expert-n1","33":"product_cat-03-2011-2017-opel-vivaro-c-m1","34":"product_cat-03-2011-2017-fiat-doblo-m1","35":"product_cat-03-2011-2017-citroen-ds-berlingo-n1","36":"product_cat-03-2011-2017-toyota-proace-m1","37":"product_cat-03-2011-2017-peugeot-407","38":"product_cat-03-2011-2017-opel-astra","39":"product_cat-03-2011-2017-citroen-ds-ds9","40":"product_cat-03-2011-2017-peugeot-rifter-partner-n1","41":"product_cat-03-2011-2017-opel-vivaro-c-n1","42":"product_cat-03-2011-2017-fiat-doblo-n1","43":"product_cat-06-2013-peugeot-5008","44":"product_cat-06-2013-peugeot-rifter-partner-n1","45":"product_cat-06-2013-fiat-scudo-n1","46":"product_cat-06-2013-citroen-ds-c5-aircross","47":"product_cat-06-2013-opel-grandland-grandland-x","48":"product_cat-06-2013-toyota-proace-n1","49":"product_cat-06-2013-opel-zafira-life","50":"product_cat-06-2013-fiat-doblo-m1","51":"product_cat-06-2013","52":"product_cat-06-2013-peugeot-rifter-m1","53":"product_cat-06-2013-opel-combo-m1","54":"product_cat-06-2013-citroen-ds-ds4","55":"product_cat-06-2013-peugeot-3008","56":"product_cat-06-2013-toyota-proace-city-n1","57":"product_cat-06-2013-peugeot-508","58":"product_cat-06-2013-fiat-doblo-n1","59":"product_cat-06-2013-citroen-ds-ds7-crossback","60":"product_cat-06-2013-peugeot-traveller-m1","61":"product_cat-06-2013-opel-combo-n1","62":"product_cat-06-2013-citroen-ds-ds9","63":"product_cat-06-2013-toyota-proace-city-verso-m1","64":"product_cat-06-2013-peugeot-308","65":"product_cat-06-2013-peugeot-expert-m1","66":"product_cat-06-2013-fiat-e-ulysse-m1","67":"product_cat-06-2013-citroen-ds-berlingo-m1","68":"product_cat-06-2013-citroen-ds-grand-c4-picasso-grand-c4-spacetourer","69":"product_cat-06-2013-peugeot-traveller-n1","70":"product_cat-06-2013-opel-vivaro-c-m1","71":"product_cat-06-2013-citroen-ds-spacetourer-jumpy-m1","72":"product_cat-06-2013-peugeot-407","73":"product_cat-06-2013-peugeot-expert-n1","74":"product_cat-06-2013-fiat-scudo-m1","75":"product_cat-06-2013-citroen-ds-berlingo-n1","76":"product_cat-06-2013-opel-astra","77":"product_cat-06-2013-toyota-proace-m1","78":"product_cat-06-2013-opel-vivaro-c-n1","79":"product_cat-06-2013-citroen-ds-spacetourer-jumpy-n1","80":"product_cat-08-2017-citroen-ds-berlingo-n1","81":"product_cat-08-2017-toyota-proace-m1","82":"product_cat-08-2017-opel-vivaro-c-n1","83":"product_cat-08-2017-citroen-ds-spacetourer-jumpy-n1","84":"product_cat-08-2017-opel-grandland-grandland-x","85":"product_cat-08-2017-peugeot-rifter-partner-n1","86":"product_cat-08-2017-fiat-scudo-n1","87":"product_cat-08-2017-citroen-ds-c5-aircross","88":"product_cat-08-2017","89":"product_cat-08-2017-toyota-proace-n1","90":"product_cat-08-2017-opel-zafira-life","91":"product_cat-08-2017-fiat-doblo-m1","92":"product_cat-08-2017-peugeot-3008","93":"product_cat-08-2017-peugeot-rifter-m1","94":"product_cat-08-2017-opel-combo-m1","95":"product_cat-08-2017-citroen-ds-ds4","96":"product_cat-08-2017-citroen-ds-ds7-crossback","97":"product_cat-08-2017-toyota-proace-city-n1","98":"product_cat-08-2017-peugeot-508","99":"product_cat-08-2017-fiat-doblo-n1","100":"product_cat-08-2017-peugeot-308","101":"product_cat-08-2017-peugeot-traveller-m1","102":"product_cat-08-2017-opel-combo-n1","103":"product_cat-08-2017-citroen-ds-ds9","104":"product_cat-08-2017-citroen-ds-grand-c4-picasso-grand-c4-spacetourer","105":"product_cat-08-2017-toyota-proace-city-verso-m1","106":"product_cat-08-2017-peugeot-expert-m1","107":"product_cat-08-2017-fiat-e-ulysse-m1","108":"product_cat-08-2017-peugeot-407","109":"product_cat-08-2017-citroen-ds-berlingo-m1","110":"product_cat-08-2017-peugeot-traveller-n1","111":"product_cat-08-2017-opel-vivaro-c-m1","112":"product_cat-08-2017-citroen-ds-spacetourer-jumpy-m1","113":"product_cat-08-2017-opel-astra","114":"product_cat-08-2017-peugeot-expert-n1","115":"product_cat-08-2017-fiat-scudo-m1","116":"product_cat-08-2017-peugeot-5008","117":"product_cat-10-2013-2021-fiat-e-ulysse-m1","118":"product_cat-10-2013-2021-peugeot-rifter-partner-n1","119":"product_cat-10-2013-2021-opel-grandland-grandland-x","120":"product_cat-10-2013-2021-opel-zafira-life","121":"product_cat-10-2013-2021-citroen-ds-ds4","122":"product_cat-10-2013-2021-fiat-doblo-n1","123":"product_cat-10-2013-2021-peugeot-traveller-n1","124":"product_cat-10-2013-2021-citroen-ds-c4-picasso-c4-spacetourer","125":"product_cat-10-2013-2021-fiat-scudo-m1","126":"product_cat-10-2013-2021-peugeot-3008","127":"product_cat-10-2013-2021-peugeot-rifter-m1","128":"product_cat-10-2013-2021-peugeot-508","129":"product_cat-10-2013-2021-citroen-ds-ds9","130":"product_cat-10-2013-2021-opel-combo-m1","131":"product_cat-10-2013-2021-toyota-proace-m1","132":"product_cat-10-2013-2021-citroen-ds-ds7-crossback","133":"product_cat-10-2013-2021-fiat-scudo-n1","134":"product_cat-10-2013-2021-peugeot-407","135":"product_cat-10-2013-2021-toyota-proace-city-n1","136":"product_cat-10-2013-2021","137":"product_cat-10-2013-2021-peugeot-expert-m1","138":"product_cat-10-2013-2021-citroen-ds-spacetourer-jumpy-m1","139":"product_cat-10-2013-2021-opel-combo-n1","140":"product_cat-10-2013-2021-toyota-proace-n1","141":"product_cat-10-2013-2021-citroen-ds-grand-c4-picasso-grand-c4-spacetourer","142":"product_cat-10-2013-2021-opel-vivaro-c-m1","143":"product_cat-10-2013-2021-peugeot-5008","144":"product_cat-10-2013-2021-toyota-proace-city-verso-m1","145":"product_cat-10-2013-2021-citroen-ds-berlingo-n1","146":"product_cat-10-2013-2021-peugeot-expert-n1","147":"product_cat-10-2013-2021-citroen-ds-spacetourer-jumpy-n1","148":"product_cat-10-2013-2021-peugeot-308","149":"product_cat-10-2013-2021-opel-astra","150":"product_cat-10-2013-2021-opel-vivaro-c-n1","151":"product_cat-10-2013-2021-citroen-ds-c5-aircross","152":"product_cat-10-2013-2021-fiat-doblo-m1","153":"product_cat-10-2013-2021-peugeot-traveller-m1","154":"product_cat-11-2019-toyota-proace-city-verso-m1","155":"product_cat-11-2019-toyota-proace-m1","156":"product_cat-11-2019-opel-combo-m1","157":"product_cat-11-2019-fiat-scudo-m1","158":"product_cat-11-2019-citroen-ds-berlingo-n1","159":"product_cat-11-2019-citroen-ds-ds4","160":"product_cat-11-2019-peugeot-508","161":"product_cat-11-2019-peugeot-expert-m1","162":"product_cat-11-2019-citroen-ds-grand-c4-picasso-grand-c4-spacetourer","163":"product_cat-11-2019-toyota-proace-n1","164":"product_cat-11-2019-opel-combo-n1","165":"product_cat-11-2019-fiat-scudo-n1","166":"product_cat-11-2019-citroen-ds-c4-picasso-c4-spacetourer","167":"product_cat-11-2019-peugeot-3008","168":"product_cat-11-2019-peugeot-rifter-partner-n1","169":"product_cat-11-2019-peugeot-expert-n1","170":"product_cat-11-2019-fiat-doblo-m1","171":"product_cat-11-2019-citroen-ds-spacetourer-jumpy-m1","172":"product_cat-11-2019-opel-grandland-grandland-x","173":"product_cat-11-2019-opel-vivaro-c-m1","174":"product_cat-11-2019-citroen-ds-c5-aircross","175":"product_cat-11-2019-peugeot-308","176":"product_cat-11-2019-peugeot-rifter-m1","177":"product_cat-11-2019-peugeot-traveller-m1","178":"product_cat-11-2019-fiat-doblo-n1","179":"product_cat-11-2019-citroen-ds-spacetourer-jumpy-n1","180":"product_cat-11-2019-peugeot-407","181":"product_cat-11-2019-opel-vivaro-c-n1","182":"product_cat-11-2019-citroen-ds-ds7-crossback","183":"product_cat-11-2019-toyota-proace-city-n1","184":"product_cat-11-2019-peugeot-traveller-n1","185":"product_cat-11-2019-opel-astra","186":"product_cat-11-2019-fiat-e-ulysse-m1","187":"product_cat-11-2019-citroen-ds-berlingo-m1","188":"product_cat-11-2019-peugeot-5008","189":"product_cat-11-2019-opel-zafira-life","190":"product_cat-11-2019-citroen-ds-ds9","191":"product_cat-2004-12-2010-peugeot-3008","192":"product_cat-2004-12-2010-peugeot-traveller-m1","193":"product_cat-2004-12-2010-opel-combo-n1","194":"product_cat-2004-12-2010-citroen-ds-ds9","195":"product_cat-2004-12-2010-toyota-proace-city-verso-m1","196":"product_cat-2004-12-2010-citroen-ds-ds7-crossback","197":"product_cat-2004-12-2010-peugeot-expert-m1","198":"product_cat-2004-12-2010-fiat-e-ulysse-m1","199":"product_cat-2004-12-2010-citroen-ds-berlingo-m1","200":"product_cat-2004-12-2010-peugeot-308","201":"product_cat-2004-12-2010-peugeot-traveller-n1","202":"product_cat-2004-12-2010-opel-vivaro-c-m1","203":"product_cat-2004-12-2010-citroen-ds-spacetourer-jumpy-m1","204":"product_cat-2004-12-2010-citroen-ds-grand-c4-picasso-grand-c4-spacetourer","205":"product_cat-2004-12-2010-peugeot-expert-n1","206":"product_cat-2004-12-2010-fiat-scudo-m1","207":"product_cat-2004-12-2010-citroen-ds-berlingo-n1","208":"product_cat-2004-12-2010-peugeot-407","209":"product_cat-2004-12-2010-toyota-proace-m1","210":"product_cat-2004-12-2010-opel-vivaro-c-n1","211":"product_cat-2004-12-2010-citroen-ds-spacetourer-jumpy-n1","212":"product_cat-2004-12-2010-opel-astra","213":"product_cat-2004-12-2010-peugeot-rifter-partner-n1","214":"product_cat-2004-12-2010-fiat-scudo-n1","215":"product_cat-2004-12-2010-citroen-ds-c5-aircross","216":"product_cat-2004-12-2010-peugeot-5008","217":"product_cat-2004-12-2010-toyota-proace-n1","218":"product_cat-2004-12-2010-opel-zafira-life","219":"product_cat-2004-12-2010-fiat-doblo-m1","220":"product_cat-2004-12-2010-opel-grandland-grandland-x","221":"product_cat-2004-12-2010-peugeot-rifter-m1","222":"product_cat-2004-12-2010-opel-combo-m1","223":"product_cat-2004-12-2010-citroen-ds-ds4","224":"product_cat-2004-12-2010-toyota-proace-city-n1","225":"product_cat-2004-12-2010","226":"product_cat-2004-12-2010-peugeot-508","227":"product_cat-2004-12-2010-fiat-doblo-n1","228":"product_cat-2014-2019-rover-75","229":"product_cat-2014-2019-subaru-forester","230":"product_cat-2014-2019-subaru-legacy","231":"product_cat-2014-2019-chrysler-stratus-cabrio","232":"product_cat-2014-2019-subaru-outback-legacy","233":"product_cat-2014-2019-lexus-ct-200h","234":"product_cat-citroen-ds-berlingo-m1","235":"product_cat-citroen-ds-berlingo-n1","236":"product_cat-citroen-ds-c4-picasso-c4-spacetourer","237":"product_cat-citroen-ds-c5-aircross","238":"product_cat-citroen-ds-ds4","239":"product_cat-citroen-ds-ds7-crossback","240":"product_cat-citroen-ds-ds9","241":"product_cat-citroen-ds-grand-c4-picasso-grand-c4-spacetourer","242":"product_cat-citroen-ds-spacetourer-jumpy-m1","243":"product_cat-citroen-ds-spacetourer-jumpy-n1","244":"product_cat-fiat-doblo-m1","245":"product_cat-fiat-doblo-n1","246":"product_cat-fiat-e-ulysse-m1","247":"product_cat-fiat-scudo-m1","248":"product_cat-fiat-scudo-n1","249":"product_cat-jantes","250":"product_cat-opel-astra","251":"product_cat-opel-combo-m1","252":"product_cat-opel-combo-n1","253":"product_cat-opel-grandland-grandland-x","254":"product_cat-opel-vivaro-c-m1","255":"product_cat-opel-vivaro-c-n1","256":"product_cat-opel-zafira-life","257":"product_cat-peugeot-3008","258":"product_cat-peugeot-308","259":"product_cat-peugeot-407","260":"product_cat-peugeot-5008","261":"product_cat-peugeot-508","262":"product_cat-peugeot-expert-m1","263":"product_cat-peugeot-expert-n1","264":"product_cat-peugeot-rifter-partner-n1","265":"product_cat-peugeot-rifter-m1","266":"product_cat-peugeot-traveller-m1","267":"product_cat-peugeot-traveller-n1","268":"product_cat-toyota-proace-m1","269":"product_cat-toyota-proace-n1","270":"product_cat-toyota-proace-city-n1","271":"product_cat-toyota-proace-city-verso-m1","273":"first","274":"instock","275":"purchasable","276":"product-type-simple"},"acf":[],"_links":{"self":[{"href":"https:\/\/altaroda.es\/en\/wp-json\/wp\/v2\/product\/5197","targetHints":{"allow":["GET"]}}],"collection":[{"href":"https:\/\/altaroda.es\/en\/wp-json\/wp\/v2\/product"}],"about":[{"href":"https:\/\/altaroda.es\/en\/wp-json\/wp\/v2\/types\/product"}],"replies":[{"embeddable":true,"href":"https:\/\/altaroda.es\/en\/wp-json\/wp\/v2\/comments?post=5197"}],"version-history":[{"count":1,"href":"https:\/\/altaroda.es\/en\/wp-json\/wp\/v2\/product\/5197\/revisions"}],"predecessor-version":[{"id":5198,"href":"https:\/\/altaroda.es\/en\/wp-json\/wp\/v2\/product\/5197\/revisions\/5198"}],"wp:featuredmedia":[{"embeddable":true,"href":"https:\/\/altaroda.es\/en\/wp-json\/wp\/v2\/media\/5199"}],"wp:attachment":[{"href":"https:\/\/altaroda.es\/en\/wp-json\/wp\/v2\/media?parent=5197"}],"wp:term":[{"taxonomy":"product_brand","embeddable":true,"href":"https:\/\/altaroda.es\/en\/wp-json\/wp\/v2\/product_brand?post=5197"},{"taxonomy":"product_cat","embeddable":true,"href":"https:\/\/altaroda.es\/en\/wp-json\/wp\/v2\/product_cat?post=5197"},{"taxonomy":"product_tag","embeddable":true,"href":"https:\/\/altaroda.es\/en\/wp-json\/wp\/v2\/product_tag?post=5197"}],"curies":[{"name":"wp","href":"https:\/\/api.w.org\/{rel}","templated":true}]}}