{"id":5194,"date":"2025-06-08T13:39:57","date_gmt":"2025-06-08T13:39:57","guid":{"rendered":"https:\/\/altaroda.es\/product\/overland-17-light-titan-6\/"},"modified":"2025-06-08T13:40:16","modified_gmt":"2025-06-08T13:40:16","slug":"overland-17-light-titan-6","status":"publish","type":"product","link":"https:\/\/altaroda.es\/en\/product\/overland-17-light-titan-6\/","title":{"rendered":"OVERLAND 17 LIGHT TITAN"},"content":{"rendered":"<p>7J17 OVERL\/GGX ET46 5X108 65,1 LITIPARA RODAS HOMOLOGADAS VERIFIQUE OS DOCUMENTOS TUVCertifica\u00e7\u00f5es: RV7070 GGX-65,1-A01Notas:<br \/>\n                     &#8211; Pre\u00e7o unit\u00e1rio;<br \/>\n                     &#8211; IVA \u00e0 taxa em vigor inclu\u00eddo no pre\u00e7o;<br \/>\n                     &#8211; Limitado ao stock existente;<br \/>\n                     &#8211; Disponibilidade e pre\u00e7o carece de re-confirma\u00e7\u00e3o.<\/p>","protected":false},"excerpt":{"rendered":"<p>7J17 OVERL\/GGX ET46 5X108 65,1 LITIPARA RODAS HOMOLOGADAS VERIFIQUE OS DOCUMENTOS TUVCertifica\u00e7\u00f5es: RV7070 GGX-65,1-A01Notas:<br \/>\n                     &#8211; Pre\u00e7o unit\u00e1rio;<br \/>\n                     &#8211; IVA \u00e0 taxa em vigor inclu\u00eddo no pre\u00e7o;<br \/>\n                     &#8211; Limitado ao stock existente;<br \/>\n                     &#8211; Disponibilidade e pre\u00e7o carece de re-confirma\u00e7\u00e3o.<\/p>","protected":false},"featured_media":5196,"comment_status":"closed","ping_status":"open","template":"","meta":{"_acf_changed":false},"product_brand":[],"product_cat":[8654,8670,8638,8645,8661,8652,8668,8636,8659,8643,8650,8666,8657,8641,8648,8664,8655,8671,8639,8646,8662,8653,8669,8637,8644,8660,8651,8667,8658,8642,8649,8665,8656,8672,8640,8647,8663,8686,8703,8693,8677,7690,8684,8700,8691,8675,7708,8698,7705,8682,8689,8673,8696,8680,8687,7689,8694,8678,8685,8701,7707,7704,8692,8676,8699,8683,8690,8674,7688,8702,8697,8681,8688,7709,7706,8695,8679,8728,8715,7724,8706,8719,7744,8726,7741,8713,7739,8704,8724,8711,8731,7723,8722,8709,8729,7743,8716,7740,8707,8720,8717,8727,8714,8705,8718,7725,8725,8712,7742,8723,8710,8730,8708,8721,7810,7823,8744,8735,5720,8742,8733,8749,5723,8740,5707,7812,5731,7825,8747,7822,8738,8745,8736,8743,5722,5706,7811,8734,5730,7824,7821,8741,5721,8732,8748,8739,8746,5724,5708,8737,5705,8757,3157,3154,5620,8768,5619,8764,3151,8755,5621,8766,8762,8751,8753,3162,8760,3159,3156,3153,3150,8758,8769,8756,8767,8763,3161,3158,8750,8754,3155,3152,8765,8752,8761,3149,8759,3160,8076,8784,8775,8791,8782,8060,8773,8789,8081,8796,8780,8078,8771,8787,8794,8778,8785,8062,8776,8792,8783,8080,8774,8077,8790,8797,8781,8772,8788,8795,8061,8779,8770,8786,8777,8079,8793,2018,2022,2017,2023,2016,2020,2094,2095,7539,8633,5585,7540,8634,7541,3135,3136,5629,5630,3137,3138,3139,635,7546,5633,5634,7547,3140,3141,3142,5586,5587,7548,739,8635,3143,3144,5635,5636,3145,3146,3147,3148,5637,5638],"product_tag":[],"class_list":{"0":"post-5194","1":"product","2":"type-product","3":"status-publish","4":"has-post-thumbnail","6":"product_cat-03-2011-2017-opel-grandland-grandland-x","7":"product_cat-03-2011-2017-toyota-proace-n1","8":"product_cat-03-2011-2017-citroen-ds-c4-picasso-c4-spacetourer","9":"product_cat-03-2011-2017-citroen-ds-spacetourer-jumpy-n1","10":"product_cat-03-2011-2017-peugeot-5008","11":"product_cat-03-2011-2017-opel-combo-m1","12":"product_cat-03-2011-2017-peugeot-traveller-n1","13":"product_cat-03-2011-2017","14":"product_cat-03-2011-2017-peugeot-308","15":"product_cat-03-2011-2017-citroen-ds-grand-c4-picasso-grand-c4-spacetourer","16":"product_cat-03-2011-2017-fiat-scudo-n1","17":"product_cat-03-2011-2017-peugeot-rifter-m1","18":"product_cat-03-2011-2017-opel-zafira-life","19":"product_cat-03-2011-2017-citroen-ds-ds7-crossback","20":"product_cat-03-2011-2017-fiat-e-ulysse-m1","21":"product_cat-03-2011-2017-peugeot-expert-n1","22":"product_cat-03-2011-2017-opel-vivaro-c-m1","23":"product_cat-03-2011-2017-toyota-proace-city-n1","24":"product_cat-03-2011-2017-citroen-ds-c5-aircross","25":"product_cat-03-2011-2017-fiat-doblo-m1","26":"product_cat-03-2011-2017-peugeot-508","27":"product_cat-03-2011-2017-opel-combo-n1","28":"product_cat-03-2011-2017-toyota-proace-m1","29":"product_cat-03-2011-2017-citroen-ds-berlingo-n1","30":"product_cat-03-2011-2017-citroen-ds-spacetourer-jumpy-m1","31":"product_cat-03-2011-2017-peugeot-407","32":"product_cat-03-2011-2017-opel-astra","33":"product_cat-03-2011-2017-peugeot-traveller-m1","34":"product_cat-03-2011-2017-peugeot-3008","35":"product_cat-03-2011-2017-citroen-ds-ds9","36":"product_cat-03-2011-2017-fiat-scudo-m1","37":"product_cat-03-2011-2017-peugeot-rifter-partner-n1","38":"product_cat-03-2011-2017-opel-vivaro-c-n1","39":"product_cat-03-2011-2017-toyota-proace-city-verso-m1","40":"product_cat-03-2011-2017-citroen-ds-ds4","41":"product_cat-03-2011-2017-fiat-doblo-n1","42":"product_cat-03-2011-2017-peugeot-expert-m1","43":"product_cat-06-2013-opel-combo-n1","44":"product_cat-06-2013-peugeot-508-2","45":"product_cat-06-2013-peugeot-rifter-partner-n1","46":"product_cat-06-2013-citroen-ds-ds9","47":"product_cat-06-2013-citroen-ds-grand-c4-picasso-grand-c4-spacetourer","48":"product_cat-06-2013-fiat-scudo-n1","49":"product_cat-06-2013-toyota-proace-city-verso-m1","50":"product_cat-06-2013-peugeot-expert-m1","51":"product_cat-06-2013-citroen-ds-c5-aircross","52":"product_cat-06-2013-peugeot-407","53":"product_cat-06-2013-toyota-proace-n1","54":"product_cat-06-2013-opel-grandland-grandland-x","55":"product_cat-06-2013-fiat-e-ulysse-m1","56":"product_cat-06-2013-opel-zafira-life","57":"product_cat-06-2013-citroen-ds-berlingo-m1","58":"product_cat-06-2013-peugeot-traveller-n1","59":"product_cat-06-2013-fiat-doblo-m1","60":"product_cat-06-2013-opel-vivaro-c-m1","61":"product_cat-06-2013-citroen-ds-ds7-crossback","62":"product_cat-06-2013-peugeot-rifter-m1","63":"product_cat-06-2013-citroen-ds-spacetourer-jumpy-m1","64":"product_cat-06-2013-opel-combo-m1","65":"product_cat-06-2013-citroen-ds-c5-aircross-2","66":"product_cat-06-2013-peugeot-308","67":"product_cat-06-2013-opel-astra","68":"product_cat-06-2013-peugeot-expert-n1","69":"product_cat-06-2013-citroen-ds-ds4","70":"product_cat-06-2013-toyota-proace-city-n1","71":"product_cat-06-2013-fiat-scudo-m1","72":"product_cat-06-2013-peugeot-508","73":"product_cat-06-2013-citroen-ds-berlingo-n1","74":"product_cat-06-2013","75":"product_cat-06-2013-citroen-ds-ds9-2","76":"product_cat-06-2013-toyota-proace-m1","77":"product_cat-06-2013-fiat-doblo-n1","78":"product_cat-06-2013-opel-vivaro-c-n1","79":"product_cat-06-2013-peugeot-5008","80":"product_cat-06-2013-peugeot-3008","81":"product_cat-06-2013-peugeot-traveller-m1","82":"product_cat-06-2013-citroen-ds-spacetourer-jumpy-n1","83":"product_cat-08-2017-toyota-proace-m1","84":"product_cat-08-2017-fiat-scudo-n1","85":"product_cat-08-2017-citroen-ds-ds7-crossback","86":"product_cat-08-2017-citroen-ds-c5-aircross","87":"product_cat-08-2017-opel-vivaro-c-n1","88":"product_cat-08-2017-peugeot-5008","89":"product_cat-08-2017-peugeot-traveller-m1","90":"product_cat-08-2017-peugeot-3008","91":"product_cat-08-2017-fiat-e-ulysse-m1","92":"product_cat-08-2017-opel-astra","93":"product_cat-08-2017-citroen-ds-berlingo-m1","94":"product_cat-08-2017-peugeot-rifter-partner-n1","95":"product_cat-08-2017-fiat-doblo-m1","96":"product_cat-08-2017-toyota-proace-city-verso-m1","97":"product_cat-08-2017","98":"product_cat-08-2017-peugeot-expert-m1","99":"product_cat-08-2017-citroen-ds-spacetourer-jumpy-m1","100":"product_cat-08-2017-toyota-proace-n1","101":"product_cat-08-2017-peugeot-407","102":"product_cat-08-2017-opel-combo-m1","103":"product_cat-08-2017-opel-grandland-grandland-x","104":"product_cat-08-2017-citroen-ds-ds4","105":"product_cat-08-2017-opel-zafira-life","106":"product_cat-08-2017-opel-combo-n1","107":"product_cat-08-2017-peugeot-traveller-n1","108":"product_cat-08-2017-fiat-scudo-m1","109":"product_cat-08-2017-citroen-ds-berlingo-n1","110":"product_cat-08-2017-opel-vivaro-c-m1","111":"product_cat-08-2017-citroen-ds-grand-c4-picasso-grand-c4-spacetourer","112":"product_cat-08-2017-peugeot-rifter-m1","113":"product_cat-08-2017-fiat-doblo-n1","114":"product_cat-08-2017-peugeot-308","115":"product_cat-08-2017-peugeot-expert-n1","116":"product_cat-08-2017-citroen-ds-spacetourer-jumpy-n1","117":"product_cat-08-2017-toyota-proace-city-n1","118":"product_cat-08-2017-citroen-ds-ds9","119":"product_cat-08-2017-peugeot-508","120":"product_cat-10-2013-2021-citroen-ds-c4-picasso-c4-spacetourer","121":"product_cat-10-2013-2021-peugeot-3008","122":"product_cat-10-2013-2021-peugeot-expert-m1","123":"product_cat-10-2013-2021-citroen-ds-spacetourer-jumpy-m1","124":"product_cat-10-2013-2021-opel-combo-m1","125":"product_cat-10-2013-2021-opel-zafira-life","126":"product_cat-10-2013-2021-citroen-ds-ds4","127":"product_cat-10-2013-2021-toyota-proace-n1","128":"product_cat-10-2013-2021-peugeot-rifter-partner-n1","129":"product_cat-10-2013-2021-opel-vivaro-c-m1","130":"product_cat-10-2013-2021-fiat-doblo-m1","131":"product_cat-10-2013-2021-citroen-ds-grand-c4-picasso-grand-c4-spacetourer","132":"product_cat-10-2013-2021-toyota-proace-city-verso-m1","133":"product_cat-10-2013-2021-peugeot-5008","134":"product_cat-10-2013-2021-peugeot-traveller-n1","135":"product_cat-10-2013-2021-opel-grandland-grandland-x","136":"product_cat-10-2013-2021-fiat-scudo-m1","137":"product_cat-10-2013-2021-peugeot-expert-n1","138":"product_cat-10-2013-2021-citroen-ds-spacetourer-jumpy-n1","139":"product_cat-10-2013-2021-peugeot-508","140":"product_cat-10-2013-2021-peugeot-308","141":"product_cat-10-2013-2021-citroen-ds-berlingo-n1","142":"product_cat-10-2013-2021-citroen-ds-ds7-crossback","143":"product_cat-10-2013-2021-citroen-ds-ds9","144":"product_cat-10-2013-2021-toyota-proace-city-n1","145":"product_cat-10-2013-2021-peugeot-407","146":"product_cat-10-2013-2021-opel-astra","147":"product_cat-10-2013-2021-opel-vivaro-c-n1","148":"product_cat-10-2013-2021-opel-combo-n1","149":"product_cat-10-2013-2021-citroen-ds-c5-aircross","150":"product_cat-10-2013-2021-toyota-proace-m1","151":"product_cat-10-2013-2021-fiat-scudo-n1","152":"product_cat-10-2013-2021-peugeot-traveller-m1","153":"product_cat-10-2013-2021-peugeot-rifter-m1","154":"product_cat-10-2013-2021-fiat-doblo-n1","155":"product_cat-10-2013-2021-fiat-e-ulysse-m1","156":"product_cat-10-2013-2021","157":"product_cat-11-2019-fiat-doblo-m1","158":"product_cat-11-2019-peugeot-expert-m1","159":"product_cat-11-2019-opel-vivaro-c-m1","160":"product_cat-11-2019-peugeot-3008","161":"product_cat-11-2019-toyota-proace-city-n1","162":"product_cat-11-2019-citroen-ds-ds4","163":"product_cat-11-2019-peugeot-5008","164":"product_cat-11-2019-fiat-e-ulysse-m1","165":"product_cat-11-2019-citroen-ds-ds9","166":"product_cat-11-2019-peugeot-308","167":"product_cat-11-2019-peugeot-rifter-partner-n1","168":"product_cat-11-2019-opel-grandland-grandland-x","169":"product_cat-11-2019-citroen-ds-berlingo-n1","170":"product_cat-11-2019-citroen-ds-c5-aircross","171":"product_cat-11-2019-toyota-proace-n1","172":"product_cat-11-2019-opel-combo-m1","173":"product_cat-11-2019-peugeot-traveller-m1","174":"product_cat-11-2019-opel-zafira-life","175":"product_cat-11-2019-fiat-scudo-n1","176":"product_cat-11-2019-citroen-ds-spacetourer-jumpy-n1","177":"product_cat-11-2019-fiat-doblo-n1","178":"product_cat-11-2019-toyota-proace-city-verso-m1","179":"product_cat-11-2019-citroen-ds-grand-c4-picasso-grand-c4-spacetourer","180":"product_cat-11-2019-peugeot-rifter-m1","181":"product_cat-11-2019-peugeot-407","182":"product_cat-11-2019-toyota-proace-m1","183":"product_cat-11-2019-peugeot-expert-n1","184":"product_cat-11-2019-citroen-ds-berlingo-m1","185":"product_cat-11-2019-citroen-ds-ds7-crossback","186":"product_cat-11-2019-opel-vivaro-c-n1","187":"product_cat-11-2019-fiat-scudo-m1","188":"product_cat-11-2019-peugeot-508","189":"product_cat-11-2019-citroen-ds-c4-picasso-c4-spacetourer","190":"product_cat-11-2019-opel-combo-n1","191":"product_cat-11-2019-citroen-ds-spacetourer-jumpy-m1","192":"product_cat-11-2019-opel-astra","193":"product_cat-11-2019-peugeot-traveller-n1","194":"product_cat-2004-12-2010-opel-astra","195":"product_cat-2004-12-2010-opel-vivaro-c-m1","196":"product_cat-2004-12-2010-citroen-ds-spacetourer-jumpy-m1","197":"product_cat-2004-12-2010-peugeot-rifter-m1","198":"product_cat-2004-12-2010-opel-combo-m1","199":"product_cat-2004-12-2010","200":"product_cat-2004-12-2010-citroen-ds-ds4","201":"product_cat-2004-12-2010-peugeot-expert-n1","202":"product_cat-2004-12-2010-peugeot-5008","203":"product_cat-2004-12-2010-toyota-proace-city-n1","204":"product_cat-2004-12-2010-fiat-scudo-m1","205":"product_cat-2004-12-2010-peugeot-3008","206":"product_cat-2004-12-2010-citroen-ds-berlingo-n1","207":"product_cat-2004-12-2010-peugeot-508","208":"product_cat-2004-12-2010-toyota-proace-m1","209":"product_cat-2004-12-2010-fiat-doblo-n1","210":"product_cat-2004-12-2010-opel-vivaro-c-n1","211":"product_cat-2004-12-2010-citroen-ds-grand-c4-picasso-grand-c4-spacetourer","212":"product_cat-2004-12-2010-citroen-ds-spacetourer-jumpy-n1","213":"product_cat-2004-12-2010-peugeot-traveller-m1","214":"product_cat-2004-12-2010-opel-combo-n1","215":"product_cat-2004-12-2010-peugeot-407","216":"product_cat-2004-12-2010-citroen-ds-ds9","217":"product_cat-2004-12-2010-opel-grandland-grandland-x","218":"product_cat-2004-12-2010-peugeot-rifter-partner-n1","219":"product_cat-2004-12-2010-toyota-proace-city-verso-m1","220":"product_cat-2004-12-2010-fiat-scudo-n1","221":"product_cat-2004-12-2010-citroen-ds-c5-aircross","222":"product_cat-2004-12-2010-peugeot-expert-m1","223":"product_cat-2004-12-2010-toyota-proace-n1","224":"product_cat-2004-12-2010-citroen-ds-ds7-crossback","225":"product_cat-2004-12-2010-fiat-e-ulysse-m1","226":"product_cat-2004-12-2010-citroen-ds-berlingo-m1","227":"product_cat-2004-12-2010-opel-zafira-life","228":"product_cat-2004-12-2010-fiat-doblo-m1","229":"product_cat-2004-12-2010-peugeot-308","230":"product_cat-2004-12-2010-peugeot-traveller-n1","231":"product_cat-2014-2019-rover-75","232":"product_cat-2014-2019-subaru-legacy","233":"product_cat-2014-2019-lexus-ct-200h","234":"product_cat-2014-2019-subaru-outback-legacy","235":"product_cat-2014-2019-chrysler-stratus-cabrio","236":"product_cat-2014-2019-subaru-forester","237":"product_cat-citroen-ds-berlingo-m1","238":"product_cat-citroen-ds-berlingo-n1","239":"product_cat-citroen-ds-c4-picasso-c4-spacetourer","240":"product_cat-citroen-ds-c5-aircross","241":"product_cat-citroen-ds-ds4","242":"product_cat-citroen-ds-ds7-crossback","243":"product_cat-citroen-ds-ds9","244":"product_cat-citroen-ds-grand-c4-picasso-grand-c4-spacetourer","245":"product_cat-citroen-ds-spacetourer-jumpy-m1","246":"product_cat-citroen-ds-spacetourer-jumpy-n1","247":"product_cat-fiat-doblo-m1","248":"product_cat-fiat-doblo-n1","249":"product_cat-fiat-e-ulysse-m1","250":"product_cat-fiat-scudo-m1","251":"product_cat-fiat-scudo-n1","252":"product_cat-jantes","253":"product_cat-opel-astra","254":"product_cat-opel-combo-m1","255":"product_cat-opel-combo-n1","256":"product_cat-opel-grandland-grandland-x","257":"product_cat-opel-vivaro-c-m1","258":"product_cat-opel-vivaro-c-n1","259":"product_cat-opel-zafira-life","260":"product_cat-peugeot-3008","261":"product_cat-peugeot-308","262":"product_cat-peugeot-407","263":"product_cat-peugeot-5008","264":"product_cat-peugeot-508","265":"product_cat-peugeot-expert-m1","266":"product_cat-peugeot-expert-n1","267":"product_cat-peugeot-rifter-partner-n1","268":"product_cat-peugeot-rifter-m1","269":"product_cat-peugeot-traveller-m1","270":"product_cat-peugeot-traveller-n1","271":"product_cat-toyota-proace-m1","272":"product_cat-toyota-proace-n1","273":"product_cat-toyota-proace-city-n1","274":"product_cat-toyota-proace-city-verso-m1","276":"first","277":"instock","278":"purchasable","279":"product-type-simple"},"acf":[],"_links":{"self":[{"href":"https:\/\/altaroda.es\/en\/wp-json\/wp\/v2\/product\/5194","targetHints":{"allow":["GET"]}}],"collection":[{"href":"https:\/\/altaroda.es\/en\/wp-json\/wp\/v2\/product"}],"about":[{"href":"https:\/\/altaroda.es\/en\/wp-json\/wp\/v2\/types\/product"}],"replies":[{"embeddable":true,"href":"https:\/\/altaroda.es\/en\/wp-json\/wp\/v2\/comments?post=5194"}],"version-history":[{"count":1,"href":"https:\/\/altaroda.es\/en\/wp-json\/wp\/v2\/product\/5194\/revisions"}],"predecessor-version":[{"id":5195,"href":"https:\/\/altaroda.es\/en\/wp-json\/wp\/v2\/product\/5194\/revisions\/5195"}],"wp:featuredmedia":[{"embeddable":true,"href":"https:\/\/altaroda.es\/en\/wp-json\/wp\/v2\/media\/5196"}],"wp:attachment":[{"href":"https:\/\/altaroda.es\/en\/wp-json\/wp\/v2\/media?parent=5194"}],"wp:term":[{"taxonomy":"product_brand","embeddable":true,"href":"https:\/\/altaroda.es\/en\/wp-json\/wp\/v2\/product_brand?post=5194"},{"taxonomy":"product_cat","embeddable":true,"href":"https:\/\/altaroda.es\/en\/wp-json\/wp\/v2\/product_cat?post=5194"},{"taxonomy":"product_tag","embeddable":true,"href":"https:\/\/altaroda.es\/en\/wp-json\/wp\/v2\/product_tag?post=5194"}],"curies":[{"name":"wp","href":"https:\/\/api.w.org\/{rel}","templated":true}]}}