{"id":5188,"date":"2025-06-08T13:39:57","date_gmt":"2025-06-08T13:39:57","guid":{"rendered":"https:\/\/altaroda.es\/product\/wolf-bm-16-silver\/"},"modified":"2025-06-08T13:40:10","modified_gmt":"2025-06-08T13:40:10","slug":"wolf-bm-16-silver","status":"publish","type":"product","link":"https:\/\/altaroda.es\/en\/product\/wolf-bm-16-silver\/","title":{"rendered":"WOLF-BM 16 SILVER"},"content":{"rendered":"<p>7J16 WOLF-BM\/WS5X E52 5112 66,6 SILO.E. (BMW) Compat\u00edvel com tampa central Pe\u00e7a Nr.. 36136850834 &#8211; PARA RODAS HOMOLOGADAS VERIFIQUE OS DOCUMENTOS ECENotas:<br \/>\n                     &#8211; Pre\u00e7o unit\u00e1rio;<br \/>\n                     &#8211; IVA \u00e0 taxa em vigor inclu\u00eddo no pre\u00e7o;<br \/>\n                     &#8211; Limitado ao stock existente;<br \/>\n                     &#8211; Disponibilidade e pre\u00e7o carece de re-confirma\u00e7\u00e3o.<\/p>","protected":false},"excerpt":{"rendered":"<p>7J16 WOLF-BM\/WS5X E52 5112 66,6 SILO.E. (BMW) Compat\u00edvel com tampa central Pe\u00e7a Nr.. 36136850834 &#8211; PARA RODAS HOMOLOGADAS VERIFIQUE OS DOCUMENTOS ECENotas:<br \/>\n                     &#8211; Pre\u00e7o unit\u00e1rio;<br \/>\n                     &#8211; IVA \u00e0 taxa em vigor inclu\u00eddo no pre\u00e7o;<br \/>\n                     &#8211; Limitado ao stock existente;<br \/>\n                     &#8211; Disponibilidade e pre\u00e7o carece de re-confirma\u00e7\u00e3o.<\/p>","protected":false},"featured_media":5190,"comment_status":"closed","ping_status":"open","template":"","meta":{"_acf_changed":false},"product_brand":[],"product_cat":[8412,8389,8405,8396,8417,8408,8387,8403,8394,8413,8385,8401,8418,8392,8409,8399,8414,8390,8406,8419,8397,8410,8388,8404,8395,8415,8386,8402,8420,8393,8411,8384,8400,8416,8391,8407,8398,8485,8453,8476,8428,8444,8499,8467,8490,8435,8458,8481,8449,8426,8442,8472,8495,8463,8486,8433,8454,8477,8445,8424,8500,8440,8468,8491,8459,8482,8431,8450,8473,8422,8496,8438,8464,8487,8455,8478,8429,8446,8501,8469,8492,8436,8460,8483,8451,8427,8443,8474,8497,8465,8488,8434,8456,8479,8447,8425,8502,8441,8470,8493,8461,8484,8432,8452,8475,8423,8498,8439,8466,8489,8457,8480,8430,8448,8471,8421,8494,8437,8462,8510,8517,8508,8524,8515,8506,8522,8513,8504,8520,8511,8518,8509,8525,8516,8507,8523,8514,8505,8521,8512,8503,8519,8526,8533,3952,8531,3955,8538,3981,8529,8536,3980,8527,8534,3979,3956,3959,8532,3978,8539,8530,3977,8537,8528,8535,8542,8549,4048,8540,4029,8547,4047,8545,4025,8552,8543,8550,8541,8548,4026,4051,8546,8553,4022,4050,8544,8551,4049,8558,8565,4083,8556,4061,8563,4082,8554,4060,8561,8559,8566,4057,8557,8564,8555,4086,8562,4085,8560,4064,8567,4084,2017,2020,8574,8581,8572,4165,4191,8579,8570,4190,8577,8568,4189,8575,4166,4169,4188,8573,8580,4187,8571,8578,8569,8576,4162,8590,4258,8588,4257,8595,8586,8593,8584,8591,4232,8582,4235,8589,4261,8587,8594,4260,8585,4236,8592,4259,8583,4239,4296,8606,8597,4295,8604,4271,4294,8602,8609,4274,4293,8600,8607,4292,8598,8605,8596,8603,8601,4267,8608,4270,8599,8622,8613,8629,8620,8611,8627,8618,8625,8616,8632,8623,8614,8630,8621,8612,8628,8619,8610,8626,8617,8624,8615,8631,3924,3927,3928,3931,635,3943,3944,3945,3946,3947,8370,8371,8372,8373,8374,8375,8376,8377,8378,8379,8380,8381,8382,8383],"product_tag":[],"class_list":{"0":"post-5188","1":"product","2":"type-product","3":"status-publish","4":"has-post-thumbnail","6":"product_cat-03-2014-mini-cooper-d-convertible-2","7":"product_cat-03-2014-mini-clubman-cooper-d","8":"product_cat-03-2014-mini-one-one-d","9":"product_cat-03-2014-mini-cooper-d","10":"product_cat-03-2014-mini-cooper-sd-5-door-2","11":"product_cat-03-2014-mini-cooper-5-door-2","12":"product_cat-03-2014-bmw-serie-2-gran-tourer","13":"product_cat-03-2014-mini-cooper-sd-5-door","14":"product_cat-03-2014-mini-cooper-5-door","15":"product_cat-03-2014-mini-cooper-s-2","16":"product_cat-03-2014-bmw-serie-2-active-tourer","17":"product_cat-03-2014-mini-cooper-s-convertible","18":"product_cat-03-2014-mini-cooper-se-2","19":"product_cat-03-2014-mini-clubman-one-clubman-one-d","20":"product_cat-03-2014-mini-cooper-convertible-2","21":"product_cat-03-2014-mini-cooper-s","22":"product_cat-03-2014-mini-cooper-s-5-door-2","23":"product_cat-03-2014-mini-clubman-cooper-s","24":"product_cat-03-2014-mini-one-one-d-5-door","25":"product_cat-03-2014-mini-one-one-d-2","26":"product_cat-03-2014-mini-cooper-d-5-door","27":"product_cat-03-2014-mini-cooper-d-2","28":"product_cat-03-2014-mini-clubman-cooper","29":"product_cat-03-2014-mini-cooper-se","30":"product_cat-03-2014-mini-cooper-convertible","31":"product_cat-03-2014-mini-cooper-s-convertible-2","32":"product_cat-03-2014-bmw-serie-2-gran-coupe","33":"product_cat-03-2014-mini-cooper-sd","34":"product_cat-03-2014-mini-one-one-d-5-door-2","35":"product_cat-03-2014-mini-cooper","36":"product_cat-03-2014-mini-cooper-d-5-door-2","37":"product_cat-03-2014","38":"product_cat-03-2014-mini-cooper-s-5-door","39":"product_cat-03-2014-mini-cooper-sd-2","40":"product_cat-03-2014-mini-clubman-cooper-sd","41":"product_cat-03-2014-mini-cooper-2","42":"product_cat-03-2014-mini-cooper-d-convertible","43":"product_cat-03-2014-2016-mini-one-one-d-5-door-4","44":"product_cat-03-2014-2016-mini-cooper-sd-2","45":"product_cat-03-2014-2016-mini-cooper-d-5-door-4","46":"product_cat-03-2014-2016-mini-clubman-cooper-sd","47":"product_cat-03-2014-2016-mini-cooper-2","48":"product_cat-03-2014-2016-mini-one-one-d-5-door-5","49":"product_cat-03-2014-2016-mini-cooper-sd-3","50":"product_cat-03-2014-2016-mini-cooper-d-5-door-5","51":"product_cat-03-2014-2016-mini-cooper-d-convertible","52":"product_cat-03-2014-2016-mini-cooper-3","53":"product_cat-03-2014-2016-mini-cooper-sd-4","54":"product_cat-03-2014-2016-mini-cooper-d-convertible-2","55":"product_cat-03-2014-2016-mini-clubman-cooper-d","56":"product_cat-03-2014-2016-mini-one-one-d","57":"product_cat-03-2014-2016-mini-cooper-4","58":"product_cat-03-2014-2016-mini-cooper-sd-5","59":"product_cat-03-2014-2016-mini-cooper-d-convertible-3","60":"product_cat-03-2014-2016-mini-cooper-5","61":"product_cat-03-2014-2016-mini-cooper-d","62":"product_cat-03-2014-2016-mini-cooper-sd-5-door-2","63":"product_cat-03-2014-2016-mini-cooper-d-convertible-4","64":"product_cat-03-2014-2016-mini-cooper-5-door-2","65":"product_cat-03-2014-2016-bmw-serie-2-gran-tourer","66":"product_cat-03-2014-2016-mini-cooper-6","67":"product_cat-03-2014-2016-mini-cooper-sd-5-door","68":"product_cat-03-2014-2016-mini-cooper-sd-5-door-3","69":"product_cat-03-2014-2016-mini-cooper-d-convertible-5","70":"product_cat-03-2014-2016-mini-cooper-5-door-3","71":"product_cat-03-2014-2016-mini-cooper-sd-5-door-4","72":"product_cat-03-2014-2016-mini-cooper-5-door","73":"product_cat-03-2014-2016-mini-cooper-s-2","74":"product_cat-03-2014-2016-mini-cooper-5-door-4","75":"product_cat-03-2014-2016-bmw-serie-2-active-tourer","76":"product_cat-03-2014-2016-mini-cooper-sd-5-door-5","77":"product_cat-03-2014-2016-mini-cooper-s-convertible","78":"product_cat-03-2014-2016-mini-cooper-s-3","79":"product_cat-03-2014-2016-mini-cooper-5-door-5","80":"product_cat-03-2014-2016-mini-cooper-se-2","81":"product_cat-03-2014-2016-mini-cooper-s-4","82":"product_cat-03-2014-2016-mini-clubman-one-clubman-one-d","83":"product_cat-03-2014-2016-mini-cooper-convertible-2","84":"product_cat-03-2014-2016-mini-cooper-5-door-6","85":"product_cat-03-2014-2016-mini-cooper-se-3","86":"product_cat-03-2014-2016-mini-cooper-s-5","87":"product_cat-03-2014-2016-mini-cooper-s","88":"product_cat-03-2014-2016-mini-cooper-convertible-3","89":"product_cat-03-2014-2016-mini-cooper-se-4","90":"product_cat-03-2014-2016-mini-cooper-s-5-door-2","91":"product_cat-03-2014-2016-mini-clubman-cooper-s","92":"product_cat-03-2014-2016-mini-one-one-d-5-door","93":"product_cat-03-2014-2016-mini-cooper-convertible-4","94":"product_cat-03-2014-2016-mini-cooper-se-5","95":"product_cat-03-2014-2016-mini-cooper-s-5-door-3","96":"product_cat-03-2014-2016-mini-cooper-convertible-5","97":"product_cat-03-2014-2016-mini-cooper-d-5-door","98":"product_cat-03-2014-2016-mini-one-one-d-2","99":"product_cat-03-2014-2016-mini-cooper-s-5-door-4","100":"product_cat-03-2014-2016-mini-cooper-d-2","101":"product_cat-03-2014-2016-mini-clubman-cooper","102":"product_cat-03-2014-2016-mini-cooper-convertible-6","103":"product_cat-03-2014-2016-mini-cooper-se","104":"product_cat-03-2014-2016-mini-one-one-d-3","105":"product_cat-03-2014-2016-mini-cooper-s-5-door-5","106":"product_cat-03-2014-2016-mini-cooper-d-3","107":"product_cat-03-2014-2016-mini-one-one-d-4","108":"product_cat-03-2014-2016-mini-cooper-convertible","109":"product_cat-03-2014-2016-mini-cooper-s-convertible-2","110":"product_cat-03-2014-2016-mini-cooper-d-4","111":"product_cat-03-2014-2016-bmw-serie-2-gran-coupe","112":"product_cat-03-2014-2016-mini-one-one-d-5","113":"product_cat-03-2014-2016-mini-cooper-sd","114":"product_cat-03-2014-2016-mini-cooper-s-convertible-3","115":"product_cat-03-2014-2016-mini-cooper-d-5","116":"product_cat-03-2014-2016-mini-one-one-d-5-door-2","117":"product_cat-03-2014-2016-mini-cooper-s-convertible-4","118":"product_cat-03-2014-2016-mini-cooper","119":"product_cat-03-2014-2016-mini-cooper-d-5-door-2","120":"product_cat-03-2014-2016-mini-one-one-d-5-door-3","121":"product_cat-03-2014-2016","122":"product_cat-03-2014-2016-mini-cooper-s-convertible-5","123":"product_cat-03-2014-2016-mini-cooper-s-5-door","124":"product_cat-03-2014-2016-mini-cooper-d-5-door-3","125":"product_cat-03-2014-2018-mini-clubman-cooper-sd","126":"product_cat-03-2014-2018-mini-cooper-d-convertible","127":"product_cat-03-2014-2018-mini-clubman-cooper-d","128":"product_cat-03-2014-2018-mini-one-one-d","129":"product_cat-03-2014-2018-mini-cooper-d","130":"product_cat-03-2014-2018-bmw-serie-2-gran-tourer","131":"product_cat-03-2014-2018-mini-cooper-sd-5-door","132":"product_cat-03-2014-2018-mini-cooper-5-door","133":"product_cat-03-2014-2018-bmw-serie-2-active-tourer","134":"product_cat-03-2014-2018-mini-cooper-s-convertible","135":"product_cat-03-2014-2018-mini-clubman-one-clubman-one-d","136":"product_cat-03-2014-2018-mini-cooper-s","137":"product_cat-03-2014-2018-mini-clubman-cooper-s","138":"product_cat-03-2014-2018-mini-one-one-d-5-door","139":"product_cat-03-2014-2018-mini-cooper-d-5-door","140":"product_cat-03-2014-2018-mini-clubman-cooper","141":"product_cat-03-2014-2018-mini-cooper-se","142":"product_cat-03-2014-2018-mini-cooper-convertible","143":"product_cat-03-2014-2018-bmw-serie-2-gran-coupe","144":"product_cat-03-2014-2018-mini-cooper-sd","145":"product_cat-03-2014-2018-mini-cooper","146":"product_cat-03-2014-2018","147":"product_cat-03-2014-2018-mini-cooper-s-5-door","148":"product_cat-08-2014-2016-mini-cooper","149":"product_cat-08-2014-2016-mini-cooper-s-5-door","150":"product_cat-08-2014-2016-bmw-serie-1","151":"product_cat-08-2014-2016-mini-cooper-d-convertible","152":"product_cat-08-2014-2016-bmw-serie-2-active-tourer","153":"product_cat-08-2014-2016-mini-one-one-d","154":"product_cat-08-2014-2016-mini-clubman-one-clubman-one-d","155":"product_cat-08-2014-2016-mini-cooper-d","156":"product_cat-08-2014-2016-mini-cooper-sd-5-door","157":"product_cat-08-2014-2016-mini-clubman-cooper-sd","158":"product_cat-08-2014-2016-mini-cooper-5-door","159":"product_cat-08-2014-2016-mini-cooper-s-convertible","160":"product_cat-08-2014-2016-mini-clubman-cooper-s","161":"product_cat-08-2014-2016-bmw-serie-2-gran-coupe","162":"product_cat-08-2014-2016-bmw-serie-2-gran-tourer","163":"product_cat-08-2014-2016-mini-cooper-s","164":"product_cat-08-2014-2016-mini-clubman-cooper-d","165":"product_cat-08-2014-2016-mini-one-one-d-5-door","166":"product_cat-08-2014-2016-mini-cooper-d-5-door","167":"product_cat-08-2014-2016-mini-clubman-cooper","168":"product_cat-08-2014-2016-mini-cooper-se","169":"product_cat-08-2014-2016-mini-cooper-convertible","170":"product_cat-08-2014-2016-mini-cooper-sd","171":"product_cat-09-2019-mini-cooper-convertible","172":"product_cat-09-2019-mini-cooper-sd","173":"product_cat-09-2019-mini-clubman-cooper-d","174":"product_cat-09-2019-mini-cooper","175":"product_cat-09-2019-bmw-serie-2-gran-tourer","176":"product_cat-09-2019-mini-cooper-s-5-door","177":"product_cat-09-2019-mini-clubman-cooper","178":"product_cat-09-2019-mini-cooper-d-convertible","179":"product_cat-09-2019-bmw-serie-2-active-tourer","180":"product_cat-09-2019-mini-one-one-d","181":"product_cat-09-2019-mini-cooper-d","182":"product_cat-09-2019-mini-cooper-sd-5-door","183":"product_cat-09-2019-mini-cooper-5-door","184":"product_cat-09-2019-mini-cooper-s-convertible","185":"product_cat-09-2019-bmw-serie-2-gran-coupe","186":"product_cat-09-2019-mini-clubman-one-clubman-one-d","187":"product_cat-09-2019-mini-cooper-s","188":"product_cat-09-2019-mini-one-one-d-5-door","189":"product_cat-09-2019-bmw-serie-1","190":"product_cat-09-2019-mini-clubman-cooper-sd","191":"product_cat-09-2019-mini-cooper-d-5-door","192":"product_cat-09-2019-mini-cooper-se","193":"product_cat-09-2019-mini-clubman-cooper-s","194":"product_cat-10-2015-2016-mini-cooper-d-5-door","195":"product_cat-10-2015-2016-mini-cooper-se","196":"product_cat-10-2015-2016-mini-clubman-cooper-d","197":"product_cat-10-2015-2016-mini-cooper-convertible","198":"product_cat-10-2015-2016-bmw-serie-2-gran-coupe","199":"product_cat-10-2015-2016-mini-cooper-sd","200":"product_cat-10-2015-2016-mini-clubman-cooper","201":"product_cat-10-2015-2016-mini-cooper","202":"product_cat-10-2015-2016-bmw-serie-2-active-tourer","203":"product_cat-10-2015-2016-mini-cooper-s-5-door","204":"product_cat-10-2015-2016-mini-cooper-d-convertible","205":"product_cat-10-2015-2016-mini-one-one-d","206":"product_cat-10-2015-2016-bmw-serie-1","207":"product_cat-10-2015-2016-mini-cooper-d","208":"product_cat-10-2015-2016-mini-cooper-sd-5-door","209":"product_cat-10-2015-2016-mini-cooper-5-door","210":"product_cat-10-2015-2016-mini-clubman-one-clubman-one-d","211":"product_cat-10-2015-2016-mini-cooper-s-convertible","212":"product_cat-10-2015-2016-mini-clubman-cooper-sd","213":"product_cat-10-2015-2016-mini-cooper-s","214":"product_cat-10-2015-2016-bmw-serie-2-gran-tourer","215":"product_cat-10-2015-2016-mini-one-one-d-5-door","216":"product_cat-10-2015-2016-mini-clubman-cooper-s","217":"product_cat-2014-2019-lexus-ct-200h","218":"product_cat-2014-2019-subaru-forester","219":"product_cat-2015-2016-mini-cooper-s","220":"product_cat-2015-2016-mini-one-one-d-5-door","221":"product_cat-2015-2016-mini-cooper-d-5-door","222":"product_cat-2015-2016-bmw-serie-2-active-tourer","223":"product_cat-2015-2016-mini-clubman-one-clubman-one-d","224":"product_cat-2015-2016-mini-cooper-se","225":"product_cat-2015-2016-mini-cooper-convertible","226":"product_cat-2015-2016-mini-clubman-cooper-sd","227":"product_cat-2015-2016-mini-cooper-sd","228":"product_cat-2015-2016-mini-cooper","229":"product_cat-2015-2016-mini-clubman-cooper-s","230":"product_cat-2015-2016-mini-cooper-s-5-door","231":"product_cat-2015-2016-bmw-serie-2-gran-coupe","232":"product_cat-2015-2016-bmw-serie-2-gran-tourer","233":"product_cat-2015-2016-mini-clubman-cooper-d","234":"product_cat-2015-2016-mini-cooper-d-convertible","235":"product_cat-2015-2016-mini-one-one-d","236":"product_cat-2015-2016-mini-clubman-cooper","237":"product_cat-2015-2016-mini-cooper-d","238":"product_cat-2015-2016-mini-cooper-sd-5-door","239":"product_cat-2015-2016-mini-cooper-5-door","240":"product_cat-2015-2016-mini-cooper-s-convertible","241":"product_cat-2015-2016-bmw-serie-1","242":"product_cat-2017-2021-mini-cooper-s-convertible","243":"product_cat-2017-2021-mini-clubman-cooper-d","244":"product_cat-2017-2021-mini-cooper-s","245":"product_cat-2017-2021-mini-clubman-cooper","246":"product_cat-2017-2021-mini-one-one-d-5-door","247":"product_cat-2017-2021-mini-cooper-d-5-door","248":"product_cat-2017-2021-mini-cooper-se","249":"product_cat-2017-2021-mini-cooper-convertible","250":"product_cat-2017-2021-mini-cooper-sd","251":"product_cat-2017-2021-bmw-serie-1","252":"product_cat-2017-2021-mini-cooper","253":"product_cat-2017-2021-bmw-serie-2-active-tourer","254":"product_cat-2017-2021-mini-cooper-s-5-door","255":"product_cat-2017-2021-mini-clubman-one-clubman-one-d","256":"product_cat-2017-2021-mini-cooper-d-convertible","257":"product_cat-2017-2021-mini-one-one-d","258":"product_cat-2017-2021-mini-clubman-cooper-sd","259":"product_cat-2017-2021-mini-cooper-d","260":"product_cat-2017-2021-bmw-serie-2-gran-coupe","261":"product_cat-2017-2021-mini-cooper-sd-5-door","262":"product_cat-2017-2021-mini-clubman-cooper-s","263":"product_cat-2017-2021-mini-cooper-5-door","264":"product_cat-2017-2021-bmw-serie-2-gran-tourer","265":"product_cat-2017-2023-mini-clubman-one-clubman-one-d","266":"product_cat-2017-2023-mini-cooper-sd-5-door","267":"product_cat-2017-2023-mini-cooper-5-door","268":"product_cat-2017-2023-mini-clubman-cooper-sd","269":"product_cat-2017-2023-mini-cooper-s-convertible","270":"product_cat-2017-2023-bmw-serie-2-gran-coupe","271":"product_cat-2017-2023-mini-clubman-cooper-s","272":"product_cat-2017-2023-mini-cooper-s","273":"product_cat-2017-2023-mini-one-one-d-5-door","274":"product_cat-2017-2023-bmw-serie-2-gran-tourer","275":"product_cat-2017-2023-mini-clubman-cooper-d","276":"product_cat-2017-2023-mini-cooper-d-5-door","277":"product_cat-2017-2023-mini-cooper-se","278":"product_cat-2017-2023-mini-clubman-cooper","279":"product_cat-2017-2023-mini-cooper-convertible","280":"product_cat-2017-2023-mini-cooper-sd","281":"product_cat-2017-2023-mini-cooper","282":"product_cat-2017-2023-mini-cooper-s-5-door","283":"product_cat-2017-2023-mini-cooper-d-convertible","284":"product_cat-2017-2023-bmw-serie-1","285":"product_cat-2017-2023-mini-one-one-d","286":"product_cat-2017-2023-bmw-serie-2-active-tourer","287":"product_cat-2017-2023-mini-cooper-d","288":"product_cat-2020-2023-mini-cooper-d","289":"product_cat-2020-2023-bmw-serie-2-gran-tourer","290":"product_cat-2020-2023-mini-cooper-sd-5-door","291":"product_cat-2020-2023-mini-cooper-5-door","292":"product_cat-2020-2023-bmw-serie-2-active-tourer","293":"product_cat-2020-2023-mini-cooper-s-convertible","294":"product_cat-2020-2023-mini-clubman-one-clubman-one-d","295":"product_cat-2020-2023-mini-cooper-s","296":"product_cat-2020-2023-mini-clubman-cooper-s","297":"product_cat-2020-2023-mini-one-one-d-5-door","298":"product_cat-2020-2023-mini-cooper-d-5-door","299":"product_cat-2020-2023-mini-clubman-cooper","300":"product_cat-2020-2023-mini-cooper-se","301":"product_cat-2020-2023-mini-cooper-convertible","302":"product_cat-2020-2023-bmw-serie-2-gran-coupe","303":"product_cat-2020-2023-mini-cooper-sd","304":"product_cat-2020-2023-mini-cooper","305":"product_cat-2020-2023","306":"product_cat-2020-2023-mini-cooper-s-5-door","307":"product_cat-2020-2023-mini-clubman-cooper-sd","308":"product_cat-2020-2023-mini-cooper-d-convertible","309":"product_cat-2020-2023-mini-clubman-cooper-d","310":"product_cat-2020-2023-mini-one-one-d","311":"product_cat-bmw-serie-1","312":"product_cat-bmw-serie-2-active-tourer","313":"product_cat-bmw-serie-2-gran-coupe","314":"product_cat-bmw-serie-2-gran-tourer","315":"product_cat-jantes","316":"product_cat-mini-clubman-cooper","317":"product_cat-mini-clubman-cooper-d","318":"product_cat-mini-clubman-cooper-s","319":"product_cat-mini-clubman-cooper-sd","320":"product_cat-mini-clubman-one-clubman-one-d","321":"product_cat-mini-cooper","322":"product_cat-mini-cooper-5-door","323":"product_cat-mini-cooper-convertible","324":"product_cat-mini-cooper-d","325":"product_cat-mini-cooper-d-5-door","326":"product_cat-mini-cooper-d-convertible","327":"product_cat-mini-cooper-s","328":"product_cat-mini-cooper-s-5-door","329":"product_cat-mini-cooper-s-convertible","330":"product_cat-mini-cooper-sd","331":"product_cat-mini-cooper-sd-5-door","332":"product_cat-mini-cooper-se","333":"product_cat-mini-one-one-d","334":"product_cat-mini-one-one-d-5-door","336":"first","337":"instock","338":"purchasable","339":"product-type-simple"},"acf":[],"_links":{"self":[{"href":"https:\/\/altaroda.es\/en\/wp-json\/wp\/v2\/product\/5188","targetHints":{"allow":["GET"]}}],"collection":[{"href":"https:\/\/altaroda.es\/en\/wp-json\/wp\/v2\/product"}],"about":[{"href":"https:\/\/altaroda.es\/en\/wp-json\/wp\/v2\/types\/product"}],"replies":[{"embeddable":true,"href":"https:\/\/altaroda.es\/en\/wp-json\/wp\/v2\/comments?post=5188"}],"version-history":[{"count":1,"href":"https:\/\/altaroda.es\/en\/wp-json\/wp\/v2\/product\/5188\/revisions"}],"predecessor-version":[{"id":5189,"href":"https:\/\/altaroda.es\/en\/wp-json\/wp\/v2\/product\/5188\/revisions\/5189"}],"wp:featuredmedia":[{"embeddable":true,"href":"https:\/\/altaroda.es\/en\/wp-json\/wp\/v2\/media\/5190"}],"wp:attachment":[{"href":"https:\/\/altaroda.es\/en\/wp-json\/wp\/v2\/media?parent=5188"}],"wp:term":[{"taxonomy":"product_brand","embeddable":true,"href":"https:\/\/altaroda.es\/en\/wp-json\/wp\/v2\/product_brand?post=5188"},{"taxonomy":"product_cat","embeddable":true,"href":"https:\/\/altaroda.es\/en\/wp-json\/wp\/v2\/product_cat?post=5188"},{"taxonomy":"product_tag","embeddable":true,"href":"https:\/\/altaroda.es\/en\/wp-json\/wp\/v2\/product_tag?post=5188"}],"curies":[{"name":"wp","href":"https:\/\/api.w.org\/{rel}","templated":true}]}}