{"id":5174,"date":"2025-06-08T13:39:40","date_gmt":"2025-06-08T13:39:40","guid":{"rendered":"https:\/\/altaroda.es\/product\/zenith-14-gloss-black-5\/"},"modified":"2025-06-08T13:39:54","modified_gmt":"2025-06-08T13:39:54","slug":"zenith-14-gloss-black-5","status":"publish","type":"product","link":"https:\/\/altaroda.es\/en\/product\/zenith-14-gloss-black-5\/","title":{"rendered":"ZENITH 14 GLOSS BLACK"},"content":{"rendered":"<p>4,5J14 ZENIT\/CM2 E39 4X100 54,1 GLBNotas:<br \/>\n                     &#8211; Pre\u00e7o unit\u00e1rio;<br \/>\n                     &#8211; IVA \u00e0 taxa em vigor inclu\u00eddo no pre\u00e7o;<br \/>\n                     &#8211; Limitado ao stock existente;<br \/>\n                     &#8211; Disponibilidade e pre\u00e7o carece de re-confirma\u00e7\u00e3o.<\/p>","protected":false},"excerpt":{"rendered":"<p>4,5J14 ZENIT\/CM2 E39 4X100 54,1 GLBNotas:<br \/>\n                     &#8211; Pre\u00e7o unit\u00e1rio;<br \/>\n                     &#8211; IVA \u00e0 taxa em vigor inclu\u00eddo no pre\u00e7o;<br \/>\n                     &#8211; Limitado ao stock existente;<br \/>\n                     &#8211; Disponibilidade e pre\u00e7o carece de re-confirma\u00e7\u00e3o.<\/p>","protected":false},"featured_media":5176,"comment_status":"closed","ping_status":"open","template":"","meta":{"_acf_changed":false},"product_brand":[],"product_cat":[7372,7377,7383,7375,7381,7373,7379,7371,7384,7376,7382,7378,7374,7380,7410,7401,7408,7399,7406,7404,7411,7402,7409,7400,7407,7405,7412,7403,7426,7417,7424,7415,7422,7413,7420,7418,7425,7416,7423,7414,7421,7419,7433,7439,7431,7437,7429,7435,7427,7440,7432,7438,7434,7430,7436,7428,7441,7454,7446,7452,7448,7444,7450,7442,7447,7453,7445,7451,7443,7449,7456,7463,7461,7468,7459,7466,7457,7464,7455,7462,7460,7467,7458,7465,7472,7479,7470,7477,7475,7482,7473,7480,7471,7478,7469,7476,7474,7481,7488,7495,7486,7493,7484,7491,7489,7496,7487,7494,7485,7492,7483,7490,7504,7502,7509,7500,7507,7498,7505,7503,7510,7501,7508,7499,7506,7497,7520,7511,7518,7516,7523,7514,7521,7512,7519,7517,7524,7515,7522,7513,7536,7527,7534,7525,7532,7530,7537,7528,7535,7526,7533,7531,7538,7529,2007,2005,2006,2000,2014,7357,7358,7359,7360,7361,7362,7363,635,7364,7365,7366,7367,7368,7369,7370],"product_tag":[],"class_list":{"0":"post-5174","1":"product","2":"type-product","3":"status-publish","4":"has-post-thumbnail","6":"product_cat-04-2009-daihatsu-cuore","7":"product_cat-04-2009-hyundai-i10","8":"product_cat-04-2009-suzuki-alto","9":"product_cat-04-2009-daihatsu-trevis","10":"product_cat-04-2009-peugeot-108","11":"product_cat-04-2009-daihatsu-materia","12":"product_cat-04-2009-nissan-pixo","13":"product_cat-04-2009-citroen-ds-c1","14":"product_cat-04-2009-toyota-aygo","15":"product_cat-04-2009-daihatsu-yrv","16":"product_cat-04-2009-subaru-justy","17":"product_cat-04-2009-kia-picanto","18":"product_cat-04-2009-daihatsu-sirion","19":"product_cat-04-2009-peugeot-107","20":"product_cat-05-2011-2016-subaru-justy","21":"product_cat-05-2011-2016-daihatsu-materia","22":"product_cat-05-2011-2016-peugeot-107","23":"product_cat-05-2011-2016","24":"product_cat-05-2011-2016-kia-picanto","25":"product_cat-05-2011-2016-daihatsu-yrv","26":"product_cat-05-2011-2016-suzuki-alto","27":"product_cat-05-2011-2016-daihatsu-sirion","28":"product_cat-05-2011-2016-peugeot-108","29":"product_cat-05-2011-2016-daihatsu-cuore","30":"product_cat-05-2011-2016-nissan-pixo","31":"product_cat-05-2011-2016-hyundai-i10","32":"product_cat-05-2011-2016-toyota-aygo","33":"product_cat-05-2011-2016-daihatsu-trevis","34":"product_cat-11-2007-toyota-aygo","35":"product_cat-11-2007-daihatsu-trevis","36":"product_cat-11-2007-subaru-justy","37":"product_cat-11-2007-daihatsu-materia","38":"product_cat-11-2007-peugeot-107","39":"product_cat-11-2007","40":"product_cat-11-2007-kia-picanto","41":"product_cat-11-2007-daihatsu-yrv","42":"product_cat-11-2007-suzuki-alto","43":"product_cat-11-2007-daihatsu-sirion","44":"product_cat-11-2007-peugeot-108","45":"product_cat-11-2007-daihatsu-cuore","46":"product_cat-11-2007-nissan-pixo","47":"product_cat-11-2007-hyundai-i10","48":"product_cat-11-2013-2019-hyundai-i10","49":"product_cat-11-2013-2019-suzuki-alto","50":"product_cat-11-2013-2019-daihatsu-trevis","51":"product_cat-11-2013-2019-peugeot-108","52":"product_cat-11-2013-2019-daihatsu-materia","53":"product_cat-11-2013-2019-nissan-pixo","54":"product_cat-11-2013-2019","55":"product_cat-11-2013-2019-toyota-aygo","56":"product_cat-11-2013-2019-daihatsu-yrv","57":"product_cat-11-2013-2019-subaru-justy","58":"product_cat-11-2013-2019-kia-picanto","59":"product_cat-11-2013-2019-daihatsu-sirion","60":"product_cat-11-2013-2019-peugeot-107","61":"product_cat-11-2013-2019-daihatsu-cuore","62":"product_cat-1995-2002-citroen-ds-c1","63":"product_cat-1995-2002-toyota-aygo","64":"product_cat-1995-2002-daihatsu-yrv","65":"product_cat-1995-2002-subaru-justy","66":"product_cat-1995-2002-kia-picanto","67":"product_cat-1995-2002-daihatsu-sirion","68":"product_cat-1995-2002-peugeot-107","69":"product_cat-1995-2002-daihatsu-cuore","70":"product_cat-1995-2002-hyundai-i10","71":"product_cat-1995-2002-suzuki-alto","72":"product_cat-1995-2002-daihatsu-trevis","73":"product_cat-1995-2002-peugeot-108","74":"product_cat-1995-2002-daihatsu-materia","75":"product_cat-1995-2002-nissan-pixo","76":"product_cat-1998-2006-daihatsu-cuore","77":"product_cat-1998-2006-nissan-pixo","78":"product_cat-1998-2006-hyundai-i10","79":"product_cat-1998-2006-toyota-aygo","80":"product_cat-1998-2006-daihatsu-trevis","81":"product_cat-1998-2006-subaru-justy","82":"product_cat-1998-2006-daihatsu-materia","83":"product_cat-1998-2006-peugeot-107","84":"product_cat-1998-2006-citroen-ds-c1","85":"product_cat-1998-2006-kia-picanto","86":"product_cat-1998-2006-daihatsu-yrv","87":"product_cat-1998-2006-suzuki-alto","88":"product_cat-1998-2006-daihatsu-sirion","89":"product_cat-1998-2006-peugeot-108","90":"product_cat-2003-10-2007-daihatsu-sirion","91":"product_cat-2003-10-2007-peugeot-108","92":"product_cat-2003-10-2007-daihatsu-cuore","93":"product_cat-2003-10-2007-nissan-pixo","94":"product_cat-2003-10-2007-hyundai-i10","95":"product_cat-2003-10-2007-toyota-aygo","96":"product_cat-2003-10-2007-daihatsu-trevis","97":"product_cat-2003-10-2007-subaru-justy","98":"product_cat-2003-10-2007-daihatsu-materia","99":"product_cat-2003-10-2007-peugeot-107","100":"product_cat-2003-10-2007","101":"product_cat-2003-10-2007-kia-picanto","102":"product_cat-2003-10-2007-daihatsu-yrv","103":"product_cat-2003-10-2007-suzuki-alto","104":"product_cat-2004-2010-daihatsu-yrv","105":"product_cat-2004-2010-suzuki-alto","106":"product_cat-2004-2010-daihatsu-sirion","107":"product_cat-2004-2010-peugeot-108","108":"product_cat-2004-2010-daihatsu-cuore","109":"product_cat-2004-2010-nissan-pixo","110":"product_cat-2004-2010-hyundai-i10","111":"product_cat-2004-2010-toyota-aygo","112":"product_cat-2004-2010-daihatsu-trevis","113":"product_cat-2004-2010-subaru-justy","114":"product_cat-2004-2010-daihatsu-materia","115":"product_cat-2004-2010-peugeot-107","116":"product_cat-2004-2010","117":"product_cat-2004-2010-kia-picanto","118":"product_cat-2005-2013-kia-picanto","119":"product_cat-2005-2013-daihatsu-yrv","120":"product_cat-2005-2013-suzuki-alto","121":"product_cat-2005-2013-daihatsu-sirion","122":"product_cat-2005-2013-peugeot-108","123":"product_cat-2005-2013-daihatsu-cuore","124":"product_cat-2005-2013-nissan-pixo","125":"product_cat-2005-2013-hyundai-i10","126":"product_cat-2005-2013-toyota-aygo","127":"product_cat-2005-2013-daihatsu-trevis","128":"product_cat-2005-2013-subaru-justy","129":"product_cat-2005-2013-daihatsu-materia","130":"product_cat-2005-2013-peugeot-107","131":"product_cat-2005-2013-citroen-ds-c1","132":"product_cat-2005-2014-peugeot-107","133":"product_cat-2005-2014-citroen-ds-c1","134":"product_cat-2005-2014-kia-picanto","135":"product_cat-2005-2014-daihatsu-yrv","136":"product_cat-2005-2014-suzuki-alto","137":"product_cat-2005-2014-daihatsu-sirion","138":"product_cat-2005-2014-peugeot-108","139":"product_cat-2005-2014-daihatsu-cuore","140":"product_cat-2005-2014-nissan-pixo","141":"product_cat-2005-2014-hyundai-i10","142":"product_cat-2005-2014-toyota-aygo","143":"product_cat-2005-2014-daihatsu-trevis","144":"product_cat-2005-2014-subaru-justy","145":"product_cat-2005-2014-daihatsu-materia","146":"product_cat-2008-2012-subaru-justy","147":"product_cat-2008-2012-daihatsu-materia","148":"product_cat-2008-2012-peugeot-107","149":"product_cat-2008-2012","150":"product_cat-2008-2012-kia-picanto","151":"product_cat-2008-2012-daihatsu-yrv","152":"product_cat-2008-2012-suzuki-alto","153":"product_cat-2008-2012-daihatsu-sirion","154":"product_cat-2008-2012-peugeot-108","155":"product_cat-2008-2012-daihatsu-cuore","156":"product_cat-2008-2012-nissan-pixo","157":"product_cat-2008-2012-hyundai-i10","158":"product_cat-2008-2012-toyota-aygo","159":"product_cat-2008-2012-daihatsu-trevis","160":"product_cat-2013-2017-volkswagen-golf-iii-gti","161":"product_cat-2013-2017-toyota-urban-cruiser","162":"product_cat-2013-2017-toyota-verso-s","163":"product_cat-2013-2017-toyota-gt86","164":"product_cat-2014-2019-audi-tt","165":"product_cat-citroen-ds-c1","166":"product_cat-daihatsu-cuore","167":"product_cat-daihatsu-materia","168":"product_cat-daihatsu-sirion","169":"product_cat-daihatsu-trevis","170":"product_cat-daihatsu-yrv","171":"product_cat-hyundai-i10","172":"product_cat-jantes","173":"product_cat-kia-picanto","174":"product_cat-nissan-pixo","175":"product_cat-peugeot-107","176":"product_cat-peugeot-108","177":"product_cat-subaru-justy","178":"product_cat-suzuki-alto","179":"product_cat-toyota-aygo","181":"first","182":"instock","183":"purchasable","184":"product-type-simple"},"acf":[],"_links":{"self":[{"href":"https:\/\/altaroda.es\/en\/wp-json\/wp\/v2\/product\/5174","targetHints":{"allow":["GET"]}}],"collection":[{"href":"https:\/\/altaroda.es\/en\/wp-json\/wp\/v2\/product"}],"about":[{"href":"https:\/\/altaroda.es\/en\/wp-json\/wp\/v2\/types\/product"}],"replies":[{"embeddable":true,"href":"https:\/\/altaroda.es\/en\/wp-json\/wp\/v2\/comments?post=5174"}],"version-history":[{"count":1,"href":"https:\/\/altaroda.es\/en\/wp-json\/wp\/v2\/product\/5174\/revisions"}],"predecessor-version":[{"id":5175,"href":"https:\/\/altaroda.es\/en\/wp-json\/wp\/v2\/product\/5174\/revisions\/5175"}],"wp:featuredmedia":[{"embeddable":true,"href":"https:\/\/altaroda.es\/en\/wp-json\/wp\/v2\/media\/5176"}],"wp:attachment":[{"href":"https:\/\/altaroda.es\/en\/wp-json\/wp\/v2\/media?parent=5174"}],"wp:term":[{"taxonomy":"product_brand","embeddable":true,"href":"https:\/\/altaroda.es\/en\/wp-json\/wp\/v2\/product_brand?post=5174"},{"taxonomy":"product_cat","embeddable":true,"href":"https:\/\/altaroda.es\/en\/wp-json\/wp\/v2\/product_cat?post=5174"},{"taxonomy":"product_tag","embeddable":true,"href":"https:\/\/altaroda.es\/en\/wp-json\/wp\/v2\/product_tag?post=5174"}],"curies":[{"name":"wp","href":"https:\/\/api.w.org\/{rel}","templated":true}]}}