{"id":5171,"date":"2025-06-08T13:39:40","date_gmt":"2025-06-08T13:39:40","guid":{"rendered":"https:\/\/altaroda.es\/product\/zenith-14-light-titan-3\/"},"modified":"2025-06-08T13:39:52","modified_gmt":"2025-06-08T13:39:52","slug":"zenith-14-light-titan-3","status":"publish","type":"product","link":"https:\/\/altaroda.es\/en\/product\/zenith-14-light-titan-3\/","title":{"rendered":"ZENITH 14 LIGHT TITAN"},"content":{"rendered":"<p>4,5J14 ZENIT\/CM2 E39 4X100 54,1 LITNotas:<br \/>\n                     &#8211; Pre\u00e7o unit\u00e1rio;<br \/>\n                     &#8211; IVA \u00e0 taxa em vigor inclu\u00eddo no pre\u00e7o;<br \/>\n                     &#8211; Limitado ao stock existente;<br \/>\n                     &#8211; Disponibilidade e pre\u00e7o carece de re-confirma\u00e7\u00e3o.<\/p>","protected":false},"excerpt":{"rendered":"<p>4,5J14 ZENIT\/CM2 E39 4X100 54,1 LITNotas:<br \/>\n                     &#8211; Pre\u00e7o unit\u00e1rio;<br \/>\n                     &#8211; IVA \u00e0 taxa em vigor inclu\u00eddo no pre\u00e7o;<br \/>\n                     &#8211; Limitado ao stock existente;<br \/>\n                     &#8211; Disponibilidade e pre\u00e7o carece de re-confirma\u00e7\u00e3o.<\/p>","protected":false},"featured_media":5173,"comment_status":"closed","ping_status":"open","template":"","meta":{"_acf_changed":false},"product_brand":[],"product_cat":[7398,7372,7389,7394,7385,7377,7390,7383,7375,7395,7386,7381,7373,7391,7379,7396,7371,7387,7392,7384,7376,7397,7388,7382,7378,7374,7393,7380,7410,7401,7408,7399,7406,7404,7411,7402,7409,7400,7407,7405,7412,7403,7426,7417,7424,7415,7422,7413,7420,7418,7425,7416,7423,7414,7421,7419,7433,7439,7431,7437,7429,7435,7427,7440,7432,7438,7434,7430,7436,7428,7441,7454,7446,7452,7448,7444,7450,7442,7447,7453,7445,7451,7443,7449,7456,7463,7461,7468,7459,7466,7457,7464,7455,7462,7460,7467,7458,7465,7472,7479,7470,7477,7475,7482,7473,7480,7471,7478,7469,7476,7474,7481,7488,7495,7486,7493,7484,7491,7489,7496,7487,7494,7485,7492,7483,7490,7504,7502,7509,7500,7507,7498,7505,7503,7510,7501,7508,7499,7506,7497,7520,7511,7518,7516,7523,7514,7521,7512,7519,7517,7524,7515,7522,7513,7536,7527,7534,7525,7532,7530,7537,7528,7535,7526,7533,7531,7538,7529,2007,2000,2006,2005,2014,7357,7358,7359,7360,7361,7362,7363,635,7364,7365,7366,7367,7368,7369,7370],"product_tag":[],"class_list":{"0":"post-5171","1":"product","2":"type-product","3":"status-publish","4":"has-post-thumbnail","6":"product_cat-04-2009-toyota-aygo-2","7":"product_cat-04-2009-daihatsu-cuore","8":"product_cat-04-2009-daihatsu-trevis-2","9":"product_cat-04-2009-peugeot-107-2","10":"product_cat-04-2009-citroen-ds-c1-2","11":"product_cat-04-2009-hyundai-i10","12":"product_cat-04-2009-daihatsu-yrv-2","13":"product_cat-04-2009-suzuki-alto","14":"product_cat-04-2009-daihatsu-trevis","15":"product_cat-04-2009-peugeot-108-2","16":"product_cat-04-2009-daihatsu-cuore-2","17":"product_cat-04-2009-peugeot-108","18":"product_cat-04-2009-daihatsu-materia","19":"product_cat-04-2009-hyundai-i10-2","20":"product_cat-04-2009-nissan-pixo","21":"product_cat-04-2009-subaru-justy-2","22":"product_cat-04-2009-citroen-ds-c1","23":"product_cat-04-2009-daihatsu-materia-2","24":"product_cat-04-2009-kia-picanto-2","25":"product_cat-04-2009-toyota-aygo","26":"product_cat-04-2009-daihatsu-yrv","27":"product_cat-04-2009-suzuki-alto-2","28":"product_cat-04-2009-daihatsu-sirion-2","29":"product_cat-04-2009-subaru-justy","30":"product_cat-04-2009-kia-picanto","31":"product_cat-04-2009-daihatsu-sirion","32":"product_cat-04-2009-nissan-pixo-2","33":"product_cat-04-2009-peugeot-107","34":"product_cat-05-2011-2016-subaru-justy","35":"product_cat-05-2011-2016-daihatsu-materia","36":"product_cat-05-2011-2016-peugeot-107","37":"product_cat-05-2011-2016","38":"product_cat-05-2011-2016-kia-picanto","39":"product_cat-05-2011-2016-daihatsu-yrv","40":"product_cat-05-2011-2016-suzuki-alto","41":"product_cat-05-2011-2016-daihatsu-sirion","42":"product_cat-05-2011-2016-peugeot-108","43":"product_cat-05-2011-2016-daihatsu-cuore","44":"product_cat-05-2011-2016-nissan-pixo","45":"product_cat-05-2011-2016-hyundai-i10","46":"product_cat-05-2011-2016-toyota-aygo","47":"product_cat-05-2011-2016-daihatsu-trevis","48":"product_cat-11-2007-toyota-aygo","49":"product_cat-11-2007-daihatsu-trevis","50":"product_cat-11-2007-subaru-justy","51":"product_cat-11-2007-daihatsu-materia","52":"product_cat-11-2007-peugeot-107","53":"product_cat-11-2007","54":"product_cat-11-2007-kia-picanto","55":"product_cat-11-2007-daihatsu-yrv","56":"product_cat-11-2007-suzuki-alto","57":"product_cat-11-2007-daihatsu-sirion","58":"product_cat-11-2007-peugeot-108","59":"product_cat-11-2007-daihatsu-cuore","60":"product_cat-11-2007-nissan-pixo","61":"product_cat-11-2007-hyundai-i10","62":"product_cat-11-2013-2019-hyundai-i10","63":"product_cat-11-2013-2019-suzuki-alto","64":"product_cat-11-2013-2019-daihatsu-trevis","65":"product_cat-11-2013-2019-peugeot-108","66":"product_cat-11-2013-2019-daihatsu-materia","67":"product_cat-11-2013-2019-nissan-pixo","68":"product_cat-11-2013-2019","69":"product_cat-11-2013-2019-toyota-aygo","70":"product_cat-11-2013-2019-daihatsu-yrv","71":"product_cat-11-2013-2019-subaru-justy","72":"product_cat-11-2013-2019-kia-picanto","73":"product_cat-11-2013-2019-daihatsu-sirion","74":"product_cat-11-2013-2019-peugeot-107","75":"product_cat-11-2013-2019-daihatsu-cuore","76":"product_cat-1995-2002-citroen-ds-c1","77":"product_cat-1995-2002-toyota-aygo","78":"product_cat-1995-2002-daihatsu-yrv","79":"product_cat-1995-2002-subaru-justy","80":"product_cat-1995-2002-kia-picanto","81":"product_cat-1995-2002-daihatsu-sirion","82":"product_cat-1995-2002-peugeot-107","83":"product_cat-1995-2002-daihatsu-cuore","84":"product_cat-1995-2002-hyundai-i10","85":"product_cat-1995-2002-suzuki-alto","86":"product_cat-1995-2002-daihatsu-trevis","87":"product_cat-1995-2002-peugeot-108","88":"product_cat-1995-2002-daihatsu-materia","89":"product_cat-1995-2002-nissan-pixo","90":"product_cat-1998-2006-daihatsu-cuore","91":"product_cat-1998-2006-nissan-pixo","92":"product_cat-1998-2006-hyundai-i10","93":"product_cat-1998-2006-toyota-aygo","94":"product_cat-1998-2006-daihatsu-trevis","95":"product_cat-1998-2006-subaru-justy","96":"product_cat-1998-2006-daihatsu-materia","97":"product_cat-1998-2006-peugeot-107","98":"product_cat-1998-2006-citroen-ds-c1","99":"product_cat-1998-2006-kia-picanto","100":"product_cat-1998-2006-daihatsu-yrv","101":"product_cat-1998-2006-suzuki-alto","102":"product_cat-1998-2006-daihatsu-sirion","103":"product_cat-1998-2006-peugeot-108","104":"product_cat-2003-10-2007-daihatsu-sirion","105":"product_cat-2003-10-2007-peugeot-108","106":"product_cat-2003-10-2007-daihatsu-cuore","107":"product_cat-2003-10-2007-nissan-pixo","108":"product_cat-2003-10-2007-hyundai-i10","109":"product_cat-2003-10-2007-toyota-aygo","110":"product_cat-2003-10-2007-daihatsu-trevis","111":"product_cat-2003-10-2007-subaru-justy","112":"product_cat-2003-10-2007-daihatsu-materia","113":"product_cat-2003-10-2007-peugeot-107","114":"product_cat-2003-10-2007","115":"product_cat-2003-10-2007-kia-picanto","116":"product_cat-2003-10-2007-daihatsu-yrv","117":"product_cat-2003-10-2007-suzuki-alto","118":"product_cat-2004-2010-daihatsu-yrv","119":"product_cat-2004-2010-suzuki-alto","120":"product_cat-2004-2010-daihatsu-sirion","121":"product_cat-2004-2010-peugeot-108","122":"product_cat-2004-2010-daihatsu-cuore","123":"product_cat-2004-2010-nissan-pixo","124":"product_cat-2004-2010-hyundai-i10","125":"product_cat-2004-2010-toyota-aygo","126":"product_cat-2004-2010-daihatsu-trevis","127":"product_cat-2004-2010-subaru-justy","128":"product_cat-2004-2010-daihatsu-materia","129":"product_cat-2004-2010-peugeot-107","130":"product_cat-2004-2010","131":"product_cat-2004-2010-kia-picanto","132":"product_cat-2005-2013-kia-picanto","133":"product_cat-2005-2013-daihatsu-yrv","134":"product_cat-2005-2013-suzuki-alto","135":"product_cat-2005-2013-daihatsu-sirion","136":"product_cat-2005-2013-peugeot-108","137":"product_cat-2005-2013-daihatsu-cuore","138":"product_cat-2005-2013-nissan-pixo","139":"product_cat-2005-2013-hyundai-i10","140":"product_cat-2005-2013-toyota-aygo","141":"product_cat-2005-2013-daihatsu-trevis","142":"product_cat-2005-2013-subaru-justy","143":"product_cat-2005-2013-daihatsu-materia","144":"product_cat-2005-2013-peugeot-107","145":"product_cat-2005-2013-citroen-ds-c1","146":"product_cat-2005-2014-peugeot-107","147":"product_cat-2005-2014-citroen-ds-c1","148":"product_cat-2005-2014-kia-picanto","149":"product_cat-2005-2014-daihatsu-yrv","150":"product_cat-2005-2014-suzuki-alto","151":"product_cat-2005-2014-daihatsu-sirion","152":"product_cat-2005-2014-peugeot-108","153":"product_cat-2005-2014-daihatsu-cuore","154":"product_cat-2005-2014-nissan-pixo","155":"product_cat-2005-2014-hyundai-i10","156":"product_cat-2005-2014-toyota-aygo","157":"product_cat-2005-2014-daihatsu-trevis","158":"product_cat-2005-2014-subaru-justy","159":"product_cat-2005-2014-daihatsu-materia","160":"product_cat-2008-2012-subaru-justy","161":"product_cat-2008-2012-daihatsu-materia","162":"product_cat-2008-2012-peugeot-107","163":"product_cat-2008-2012","164":"product_cat-2008-2012-kia-picanto","165":"product_cat-2008-2012-daihatsu-yrv","166":"product_cat-2008-2012-suzuki-alto","167":"product_cat-2008-2012-daihatsu-sirion","168":"product_cat-2008-2012-peugeot-108","169":"product_cat-2008-2012-daihatsu-cuore","170":"product_cat-2008-2012-nissan-pixo","171":"product_cat-2008-2012-hyundai-i10","172":"product_cat-2008-2012-toyota-aygo","173":"product_cat-2008-2012-daihatsu-trevis","174":"product_cat-2013-2017-volkswagen-golf-iii-gti","175":"product_cat-2013-2017-toyota-gt86","176":"product_cat-2013-2017-toyota-verso-s","177":"product_cat-2013-2017-toyota-urban-cruiser","178":"product_cat-2014-2019-audi-tt","179":"product_cat-citroen-ds-c1","180":"product_cat-daihatsu-cuore","181":"product_cat-daihatsu-materia","182":"product_cat-daihatsu-sirion","183":"product_cat-daihatsu-trevis","184":"product_cat-daihatsu-yrv","185":"product_cat-hyundai-i10","186":"product_cat-jantes","187":"product_cat-kia-picanto","188":"product_cat-nissan-pixo","189":"product_cat-peugeot-107","190":"product_cat-peugeot-108","191":"product_cat-subaru-justy","192":"product_cat-suzuki-alto","193":"product_cat-toyota-aygo","195":"first","196":"instock","197":"purchasable","198":"product-type-simple"},"acf":[],"_links":{"self":[{"href":"https:\/\/altaroda.es\/en\/wp-json\/wp\/v2\/product\/5171","targetHints":{"allow":["GET"]}}],"collection":[{"href":"https:\/\/altaroda.es\/en\/wp-json\/wp\/v2\/product"}],"about":[{"href":"https:\/\/altaroda.es\/en\/wp-json\/wp\/v2\/types\/product"}],"replies":[{"embeddable":true,"href":"https:\/\/altaroda.es\/en\/wp-json\/wp\/v2\/comments?post=5171"}],"version-history":[{"count":1,"href":"https:\/\/altaroda.es\/en\/wp-json\/wp\/v2\/product\/5171\/revisions"}],"predecessor-version":[{"id":5172,"href":"https:\/\/altaroda.es\/en\/wp-json\/wp\/v2\/product\/5171\/revisions\/5172"}],"wp:featuredmedia":[{"embeddable":true,"href":"https:\/\/altaroda.es\/en\/wp-json\/wp\/v2\/media\/5173"}],"wp:attachment":[{"href":"https:\/\/altaroda.es\/en\/wp-json\/wp\/v2\/media?parent=5171"}],"wp:term":[{"taxonomy":"product_brand","embeddable":true,"href":"https:\/\/altaroda.es\/en\/wp-json\/wp\/v2\/product_brand?post=5171"},{"taxonomy":"product_cat","embeddable":true,"href":"https:\/\/altaroda.es\/en\/wp-json\/wp\/v2\/product_cat?post=5171"},{"taxonomy":"product_tag","embeddable":true,"href":"https:\/\/altaroda.es\/en\/wp-json\/wp\/v2\/product_tag?post=5171"}],"curies":[{"name":"wp","href":"https:\/\/api.w.org\/{rel}","templated":true}]}}