{"id":5169,"date":"2025-06-08T13:39:40","date_gmt":"2025-06-08T13:39:40","guid":{"rendered":"https:\/\/altaroda.es\/product\/acciaio-16-matt-black-5\/"},"modified":"2025-06-08T13:39:51","modified_gmt":"2025-06-08T13:39:51","slug":"acciaio-16-matt-black-5","status":"publish","type":"product","link":"https:\/\/altaroda.es\/en\/product\/acciaio-16-matt-black-5\/","title":{"rendered":"ACCIAIO 16 MATT BLACK"},"content":{"rendered":"<p>6,5J16 AC 1776\/DFX ET39 5105 56,6MBN\u00c3O DIESEL &#8211; PARA RODAS HOMOLOGADAS VERIFIQUE OS DOCUMENTOS ECENotas:<br \/>\n                     &#8211; Pre\u00e7o unit\u00e1rio;<br \/>\n                     &#8211; IVA \u00e0 taxa em vigor inclu\u00eddo no pre\u00e7o;<br \/>\n                     &#8211; Limitado ao stock existente;<br \/>\n                     &#8211; Disponibilidade e pre\u00e7o carece de re-confirma\u00e7\u00e3o.<\/p>","protected":false},"excerpt":{"rendered":"<p>6,5J16 AC 1776\/DFX ET39 5105 56,6MBN\u00c3O DIESEL &#8211; PARA RODAS HOMOLOGADAS VERIFIQUE OS DOCUMENTOS ECENotas:<br \/>\n                     &#8211; Pre\u00e7o unit\u00e1rio;<br \/>\n                     &#8211; IVA \u00e0 taxa em vigor inclu\u00eddo no pre\u00e7o;<br \/>\n                     &#8211; Limitado ao stock existente;<br \/>\n                     &#8211; Disponibilidade e pre\u00e7o carece de re-confirma\u00e7\u00e3o.<\/p>","protected":false},"featured_media":0,"comment_status":"closed","ping_status":"open","template":"","meta":{"_acf_changed":false},"product_brand":[],"product_cat":[7168,7180,7177,7172,7179,7174,7171,7178,7173,7352,7348,7353,7349,7354,7350,7355,7351,7356,7229,7224,7231,7219,7228,7223,7230,7225,7222,7293,7288,7285,7292,7287,7282,7294,7291,7286,7151,635,7154,7155,7156,7157,7160,7161,7162,7163],"product_tag":[],"class_list":{"0":"post-5169","1":"product","2":"type-product","3":"status-publish","5":"product_cat-04-2009-chevrolet-former-daewoo-cruze-versione-benzina","6":"product_cat-04-2009-opel-astra-sports-tourer-1-6-benzina","7":"product_cat-04-2009-opel-astra-sports-tourer-1-3-diesel","8":"product_cat-04-2009-opel-astra-1-4-benzina","9":"product_cat-04-2009-opel-astra-sports-tourer-1-4-diesel","10":"product_cat-04-2009-opel-astra-1-6-benzina","11":"product_cat-04-2009-opel-astra-1-3-diesel","12":"product_cat-04-2009-opel-astra-sports-tourer-1-4-benzina","13":"product_cat-04-2009-opel-astra-1-4-diesel","14":"product_cat-04-2009-2016-opel-astra-1-6-benzina","15":"product_cat-04-2009-2016","16":"product_cat-04-2009-2016-opel-astra-sports-tourer-1-3-diesel","17":"product_cat-04-2009-2016-opel-astra-1-3-diesel","18":"product_cat-04-2009-2016-opel-astra-sports-tourer-1-4-benzina","19":"product_cat-04-2009-2016-opel-astra-1-4-benzina","20":"product_cat-04-2009-2016-opel-astra-sports-tourer-1-4-diesel","21":"product_cat-04-2009-2016-opel-astra-1-4-diesel","22":"product_cat-04-2009-2016-opel-astra-sports-tourer-1-6-benzina","23":"product_cat-11-2009-2014-opel-astra-sports-tourer-1-4-benzina","24":"product_cat-11-2009-2014-opel-astra-1-4-diesel","25":"product_cat-11-2009-2014-opel-astra-sports-tourer-1-6-benzina","26":"product_cat-11-2009-2014-chevrolet-former-daewoo-cruze-versione-benzina","27":"product_cat-11-2009-2014-opel-astra-sports-tourer-1-3-diesel","28":"product_cat-11-2009-2014-opel-astra-1-4-benzina","29":"product_cat-11-2009-2014-opel-astra-sports-tourer-1-4-diesel","30":"product_cat-11-2009-2014-opel-astra-1-6-benzina","31":"product_cat-11-2009-2014-opel-astra-1-3-diesel","32":"product_cat-11-2010-2015-opel-astra-sports-tourer-1-4-diesel","33":"product_cat-11-2010-2015-opel-astra-1-6-benzina","34":"product_cat-11-2010-2015-opel-astra-1-3-diesel","35":"product_cat-11-2010-2015-opel-astra-sports-tourer-1-4-benzina","36":"product_cat-11-2010-2015-opel-astra-1-4-diesel","37":"product_cat-11-2010-2015-chevrolet-former-daewoo-cruze-versione-benzina","38":"product_cat-11-2010-2015-opel-astra-sports-tourer-1-6-benzina","39":"product_cat-11-2010-2015-opel-astra-sports-tourer-1-3-diesel","40":"product_cat-11-2010-2015-opel-astra-1-4-benzina","41":"product_cat-chevrolet-former-daewoo-cruze-versione-benzina","42":"product_cat-jantes","43":"product_cat-opel-astra-1-3-diesel","44":"product_cat-opel-astra-1-4-benzina","45":"product_cat-opel-astra-1-4-diesel","46":"product_cat-opel-astra-1-6-benzina","47":"product_cat-opel-astra-sports-tourer-1-3-diesel","48":"product_cat-opel-astra-sports-tourer-1-4-benzina","49":"product_cat-opel-astra-sports-tourer-1-4-diesel","50":"product_cat-opel-astra-sports-tourer-1-6-benzina","52":"first","53":"instock","54":"purchasable","55":"product-type-simple"},"acf":[],"_links":{"self":[{"href":"https:\/\/altaroda.es\/en\/wp-json\/wp\/v2\/product\/5169","targetHints":{"allow":["GET"]}}],"collection":[{"href":"https:\/\/altaroda.es\/en\/wp-json\/wp\/v2\/product"}],"about":[{"href":"https:\/\/altaroda.es\/en\/wp-json\/wp\/v2\/types\/product"}],"replies":[{"embeddable":true,"href":"https:\/\/altaroda.es\/en\/wp-json\/wp\/v2\/comments?post=5169"}],"version-history":[{"count":1,"href":"https:\/\/altaroda.es\/en\/wp-json\/wp\/v2\/product\/5169\/revisions"}],"predecessor-version":[{"id":5170,"href":"https:\/\/altaroda.es\/en\/wp-json\/wp\/v2\/product\/5169\/revisions\/5170"}],"wp:attachment":[{"href":"https:\/\/altaroda.es\/en\/wp-json\/wp\/v2\/media?parent=5169"}],"wp:term":[{"taxonomy":"product_brand","embeddable":true,"href":"https:\/\/altaroda.es\/en\/wp-json\/wp\/v2\/product_brand?post=5169"},{"taxonomy":"product_cat","embeddable":true,"href":"https:\/\/altaroda.es\/en\/wp-json\/wp\/v2\/product_cat?post=5169"},{"taxonomy":"product_tag","embeddable":true,"href":"https:\/\/altaroda.es\/en\/wp-json\/wp\/v2\/product_tag?post=5169"}],"curies":[{"name":"wp","href":"https:\/\/api.w.org\/{rel}","templated":true}]}}