{"id":5166,"date":"2025-06-08T13:39:40","date_gmt":"2025-06-08T13:39:40","guid":{"rendered":"https:\/\/altaroda.es\/product\/zenith-16-gloss-black-3\/"},"modified":"2025-06-08T13:39:50","modified_gmt":"2025-06-08T13:39:50","slug":"zenith-16-gloss-black-3","status":"publish","type":"product","link":"https:\/\/altaroda.es\/en\/product\/zenith-16-gloss-black-3\/","title":{"rendered":"ZENITH 16 GLOSS BLACK"},"content":{"rendered":"<p>6,5J16 ZENI\/DF ET39 5X105 56,6 GLBLPARA RODAS HOMOLOGADAS VERIFIQUE OS DOCUMENTOS TUV-NADCertifica\u00e7\u00f5es: ZH6560 DF-56,6-A20Notas:<br \/>\n                     &#8211; Pre\u00e7o unit\u00e1rio;<br \/>\n                     &#8211; IVA \u00e0 taxa em vigor inclu\u00eddo no pre\u00e7o;<br \/>\n                     &#8211; Limitado ao stock existente;<br \/>\n                     &#8211; Disponibilidade e pre\u00e7o carece de re-confirma\u00e7\u00e3o.<\/p>","protected":false},"excerpt":{"rendered":"<p>6,5J16 ZENI\/DF ET39 5X105 56,6 GLBLPARA RODAS HOMOLOGADAS VERIFIQUE OS DOCUMENTOS TUV-NADCertifica\u00e7\u00f5es: ZH6560 DF-56,6-A20Notas:<br \/>\n                     &#8211; Pre\u00e7o unit\u00e1rio;<br \/>\n                     &#8211; IVA \u00e0 taxa em vigor inclu\u00eddo no pre\u00e7o;<br \/>\n                     &#8211; Limitado ao stock existente;<br \/>\n                     &#8211; Disponibilidade e pre\u00e7o carece de re-confirma\u00e7\u00e3o.<\/p>","protected":false},"featured_media":5168,"comment_status":"closed","ping_status":"open","template":"","meta":{"_acf_changed":false},"product_brand":[],"product_cat":[7170,7182,7166,7175,7172,7179,7174,7171,7167,7176,7169,7181,7178,7173,7168,7180,7177,7198,7189,7196,7187,7194,7185,7192,7199,7183,7190,7197,7188,7195,7186,7193,7184,7191,7214,7205,7212,7203,7210,7201,7208,7215,7206,7213,7204,7211,7202,7209,7200,7216,7207,7224,7231,7219,7228,7233,7221,7217,7226,7223,7230,7225,7222,7218,7227,7232,7220,7229,7293,7288,7285,7281,7290,7295,7283,7292,7287,7294,7282,7291,7296,7284,7280,7289,7286,7308,7299,7306,7297,7313,7304,7311,7302,7309,7300,7307,7298,7305,7312,7303,7310,7301,2012,2013,2018,7324,7315,7322,7329,7320,7327,7318,7325,7316,7323,7330,7314,7321,7328,7319,7326,7317,7340,7331,7347,7338,7345,7336,7343,7334,7341,7332,7339,7346,7337,7344,7335,7342,7333,7149,7150,7151,7152,635,7153,7154,7155,7156,7157,7158,7159,7160,7161,7162,7163,7164,7165],"product_tag":[],"class_list":{"0":"post-5166","1":"product","2":"type-product","3":"status-publish","4":"has-post-thumbnail","6":"product_cat-04-2009-opel-ampera-e","7":"product_cat-04-2009-opel-mokka-x","8":"product_cat-04-2009","9":"product_cat-04-2009-opel-astra-k","10":"product_cat-04-2009-opel-astra-1-4-benzina","11":"product_cat-04-2009-opel-astra-sports-tourer-1-4-diesel","12":"product_cat-04-2009-opel-astra-1-6-benzina","13":"product_cat-04-2009-opel-astra-1-3-diesel","14":"product_cat-04-2009-chevrolet-former-daewoo-aveo-5h","15":"product_cat-04-2009-opel-astra-k-sports-tourer","16":"product_cat-04-2009-chevrolet-former-daewoo-trax","17":"product_cat-04-2009-opel-mokka","18":"product_cat-04-2009-opel-astra-sports-tourer-1-4-benzina","19":"product_cat-04-2009-opel-astra-1-4-diesel","20":"product_cat-04-2009-chevrolet-former-daewoo-cruze-versione-benzina","21":"product_cat-04-2009-opel-astra-sports-tourer-1-6-benzina","22":"product_cat-04-2009-opel-astra-sports-tourer-1-3-diesel","23":"product_cat-06-2011-opel-mokka","24":"product_cat-06-2011-opel-astra-1-4-benzina","25":"product_cat-06-2011-opel-astra-sports-tourer-1-4-diesel","26":"product_cat-06-2011-opel-ampera-e","27":"product_cat-06-2011-opel-astra-sports-tourer-1-3-diesel","28":"product_cat-06-2011-chevrolet-former-daewoo-cruze-versione-benzina","29":"product_cat-06-2011-opel-astra-k","30":"product_cat-06-2011-opel-mokka-x","31":"product_cat-06-2011-buick-encore","32":"product_cat-06-2011-opel-astra-1-4-diesel","33":"product_cat-06-2011-opel-astra-sports-tourer-1-6-benzina","34":"product_cat-06-2011-opel-astra-1-3-diesel","35":"product_cat-06-2011-opel-astra-sports-tourer-1-4-benzina","36":"product_cat-06-2011-chevrolet-former-daewoo-trax","37":"product_cat-06-2011-opel-astra-k-sports-tourer","38":"product_cat-06-2011-chevrolet-former-daewoo-aveo-5h","39":"product_cat-06-2011-opel-astra-1-6-benzina","40":"product_cat-10-2015-2021-opel-astra-sports-tourer-1-6-benzina","41":"product_cat-10-2015-2021-opel-astra-1-3-diesel","42":"product_cat-10-2015-2021-opel-astra-sports-tourer-1-4-benzina","43":"product_cat-10-2015-2021-chevrolet-former-daewoo-trax","44":"product_cat-10-2015-2021-opel-astra-k-sports-tourer","45":"product_cat-10-2015-2021-chevrolet-former-daewoo-aveo-5h","46":"product_cat-10-2015-2021-opel-astra-1-6-benzina","47":"product_cat-10-2015-2021-opel-mokka","48":"product_cat-10-2015-2021-opel-astra-1-4-benzina","49":"product_cat-10-2015-2021-opel-astra-sports-tourer-1-4-diesel","50":"product_cat-10-2015-2021-opel-ampera-e","51":"product_cat-10-2015-2021-opel-astra-sports-tourer-1-3-diesel","52":"product_cat-10-2015-2021-chevrolet-former-daewoo-cruze-versione-benzina","53":"product_cat-10-2015-2021-opel-astra-k","54":"product_cat-10-2015-2021","55":"product_cat-10-2015-2021-opel-mokka-x","56":"product_cat-10-2015-2021-opel-astra-1-4-diesel","57":"product_cat-11-2009-2014-opel-astra-1-4-diesel","58":"product_cat-11-2009-2014-opel-astra-sports-tourer-1-6-benzina","59":"product_cat-11-2009-2014-chevrolet-former-daewoo-cruze-versione-benzina","60":"product_cat-11-2009-2014-opel-astra-sports-tourer-1-3-diesel","61":"product_cat-11-2009-2014-opel-mokka-x","62":"product_cat-11-2009-2014-opel-ampera-e","63":"product_cat-11-2009-2014-buick-encore","64":"product_cat-11-2009-2014-opel-astra-k","65":"product_cat-11-2009-2014-opel-astra-1-4-benzina","66":"product_cat-11-2009-2014-opel-astra-sports-tourer-1-4-diesel","67":"product_cat-11-2009-2014-opel-astra-1-6-benzina","68":"product_cat-11-2009-2014-opel-astra-1-3-diesel","69":"product_cat-11-2009-2014-chevrolet-former-daewoo-aveo-5h","70":"product_cat-11-2009-2014-opel-astra-k-sports-tourer","71":"product_cat-11-2009-2014-opel-mokka","72":"product_cat-11-2009-2014-chevrolet-former-daewoo-trax","73":"product_cat-11-2009-2014-opel-astra-sports-tourer-1-4-benzina","74":"product_cat-11-2010-2015-opel-astra-sports-tourer-1-4-diesel","75":"product_cat-11-2010-2015-opel-astra-1-6-benzina","76":"product_cat-11-2010-2015-opel-astra-1-3-diesel","77":"product_cat-11-2010-2015-chevrolet-former-daewoo-aveo-5h","78":"product_cat-11-2010-2015-opel-astra-k-sports-tourer","79":"product_cat-11-2010-2015-opel-mokka","80":"product_cat-11-2010-2015-chevrolet-former-daewoo-trax","81":"product_cat-11-2010-2015-opel-astra-sports-tourer-1-4-benzina","82":"product_cat-11-2010-2015-opel-astra-1-4-diesel","83":"product_cat-11-2010-2015-opel-astra-sports-tourer-1-6-benzina","84":"product_cat-11-2010-2015-chevrolet-former-daewoo-cruze-versione-benzina","85":"product_cat-11-2010-2015-opel-astra-sports-tourer-1-3-diesel","86":"product_cat-11-2010-2015-opel-mokka-x","87":"product_cat-11-2010-2015-opel-ampera-e","88":"product_cat-11-2010-2015","89":"product_cat-11-2010-2015-opel-astra-k","90":"product_cat-11-2010-2015-opel-astra-1-4-benzina","91":"product_cat-2012-2015-opel-astra-sports-tourer-1-3-diesel","92":"product_cat-2012-2015-chevrolet-former-daewoo-cruze-versione-benzina","93":"product_cat-2012-2015-opel-astra-k","94":"product_cat-2012-2015-buick-encore","95":"product_cat-2012-2015-opel-mokka-x","96":"product_cat-2012-2015-opel-astra-1-4-diesel","97":"product_cat-2012-2015-opel-astra-sports-tourer-1-6-benzina","98":"product_cat-2012-2015-opel-astra-1-3-diesel","99":"product_cat-2012-2015-opel-astra-sports-tourer-1-4-benzina","100":"product_cat-2012-2015-chevrolet-former-daewoo-trax","101":"product_cat-2012-2015-opel-astra-k-sports-tourer","102":"product_cat-2012-2015-chevrolet-former-daewoo-aveo-5h","103":"product_cat-2012-2015-opel-astra-1-6-benzina","104":"product_cat-2012-2015-opel-mokka","105":"product_cat-2012-2015-opel-astra-1-4-benzina","106":"product_cat-2012-2015-opel-astra-sports-tourer-1-4-diesel","107":"product_cat-2012-2015-opel-ampera-e","108":"product_cat-2014-2019-audi-a1-citycarver","109":"product_cat-2014-2019-audi-s3","110":"product_cat-2014-2019-rover-75","111":"product_cat-2016-2019-opel-astra-k-sports-tourer","112":"product_cat-2016-2019-chevrolet-former-daewoo-aveo-5h","113":"product_cat-2016-2019-opel-astra-1-6-benzina","114":"product_cat-2016-2019-opel-mokka","115":"product_cat-2016-2019-opel-astra-1-4-benzina","116":"product_cat-2016-2019-opel-astra-sports-tourer-1-4-diesel","117":"product_cat-2016-2019-opel-ampera-e","118":"product_cat-2016-2019-opel-astra-sports-tourer-1-3-diesel","119":"product_cat-2016-2019-chevrolet-former-daewoo-cruze-versione-benzina","120":"product_cat-2016-2019-opel-astra-k","121":"product_cat-2016-2019-opel-mokka-x","122":"product_cat-2016-2019-buick-encore","123":"product_cat-2016-2019-opel-astra-1-4-diesel","124":"product_cat-2016-2019-opel-astra-sports-tourer-1-6-benzina","125":"product_cat-2016-2019-opel-astra-1-3-diesel","126":"product_cat-2016-2019-opel-astra-sports-tourer-1-4-benzina","127":"product_cat-2016-2019-chevrolet-former-daewoo-trax","128":"product_cat-2016-2021-opel-astra-k","129":"product_cat-2016-2021","130":"product_cat-2016-2021-opel-mokka-x","131":"product_cat-2016-2021-opel-astra-1-4-diesel","132":"product_cat-2016-2021-opel-astra-sports-tourer-1-6-benzina","133":"product_cat-2016-2021-opel-astra-1-3-diesel","134":"product_cat-2016-2021-opel-astra-sports-tourer-1-4-benzina","135":"product_cat-2016-2021-chevrolet-former-daewoo-trax","136":"product_cat-2016-2021-opel-astra-k-sports-tourer","137":"product_cat-2016-2021-chevrolet-former-daewoo-aveo-5h","138":"product_cat-2016-2021-opel-astra-1-6-benzina","139":"product_cat-2016-2021-opel-mokka","140":"product_cat-2016-2021-opel-astra-1-4-benzina","141":"product_cat-2016-2021-opel-astra-sports-tourer-1-4-diesel","142":"product_cat-2016-2021-opel-ampera-e","143":"product_cat-2016-2021-opel-astra-sports-tourer-1-3-diesel","144":"product_cat-2016-2021-chevrolet-former-daewoo-cruze-versione-benzina","145":"product_cat-buick-encore","146":"product_cat-chevrolet-former-daewoo-aveo-5h","147":"product_cat-chevrolet-former-daewoo-cruze-versione-benzina","148":"product_cat-chevrolet-former-daewoo-trax","149":"product_cat-jantes","150":"product_cat-opel-ampera-e","151":"product_cat-opel-astra-1-3-diesel","152":"product_cat-opel-astra-1-4-benzina","153":"product_cat-opel-astra-1-4-diesel","154":"product_cat-opel-astra-1-6-benzina","155":"product_cat-opel-astra-k","156":"product_cat-opel-astra-k-sports-tourer","157":"product_cat-opel-astra-sports-tourer-1-3-diesel","158":"product_cat-opel-astra-sports-tourer-1-4-benzina","159":"product_cat-opel-astra-sports-tourer-1-4-diesel","160":"product_cat-opel-astra-sports-tourer-1-6-benzina","161":"product_cat-opel-mokka","162":"product_cat-opel-mokka-x","164":"first","165":"instock","166":"purchasable","167":"product-type-simple"},"acf":[],"_links":{"self":[{"href":"https:\/\/altaroda.es\/en\/wp-json\/wp\/v2\/product\/5166","targetHints":{"allow":["GET"]}}],"collection":[{"href":"https:\/\/altaroda.es\/en\/wp-json\/wp\/v2\/product"}],"about":[{"href":"https:\/\/altaroda.es\/en\/wp-json\/wp\/v2\/types\/product"}],"replies":[{"embeddable":true,"href":"https:\/\/altaroda.es\/en\/wp-json\/wp\/v2\/comments?post=5166"}],"version-history":[{"count":1,"href":"https:\/\/altaroda.es\/en\/wp-json\/wp\/v2\/product\/5166\/revisions"}],"predecessor-version":[{"id":5167,"href":"https:\/\/altaroda.es\/en\/wp-json\/wp\/v2\/product\/5166\/revisions\/5167"}],"wp:featuredmedia":[{"embeddable":true,"href":"https:\/\/altaroda.es\/en\/wp-json\/wp\/v2\/media\/5168"}],"wp:attachment":[{"href":"https:\/\/altaroda.es\/en\/wp-json\/wp\/v2\/media?parent=5166"}],"wp:term":[{"taxonomy":"product_brand","embeddable":true,"href":"https:\/\/altaroda.es\/en\/wp-json\/wp\/v2\/product_brand?post=5166"},{"taxonomy":"product_cat","embeddable":true,"href":"https:\/\/altaroda.es\/en\/wp-json\/wp\/v2\/product_cat?post=5166"},{"taxonomy":"product_tag","embeddable":true,"href":"https:\/\/altaroda.es\/en\/wp-json\/wp\/v2\/product_tag?post=5166"}],"curies":[{"name":"wp","href":"https:\/\/api.w.org\/{rel}","templated":true}]}}