{"id":5163,"date":"2025-06-08T13:39:40","date_gmt":"2025-06-08T13:39:40","guid":{"rendered":"https:\/\/altaroda.es\/product\/zenith-16-light-titan-3\/"},"modified":"2025-06-08T13:39:48","modified_gmt":"2025-06-08T13:39:48","slug":"zenith-16-light-titan-3","status":"publish","type":"product","link":"https:\/\/altaroda.es\/en\/product\/zenith-16-light-titan-3\/","title":{"rendered":"ZENITH 16 LIGHT TITAN"},"content":{"rendered":"<p>6,5J16 ZENI\/DF ET39 5X105 56,6 LITIPARA RODAS HOMOLOGADAS VERIFIQUE OS DOCUMENTOS TUV-NADCertifica\u00e7\u00f5es: ZH6560 DF-56,6-A20Notas:<br \/>\n                     &#8211; Pre\u00e7o unit\u00e1rio;<br \/>\n                     &#8211; IVA \u00e0 taxa em vigor inclu\u00eddo no pre\u00e7o;<br \/>\n                     &#8211; Limitado ao stock existente;<br \/>\n                     &#8211; Disponibilidade e pre\u00e7o carece de re-confirma\u00e7\u00e3o.<\/p>","protected":false},"excerpt":{"rendered":"<p>6,5J16 ZENI\/DF ET39 5X105 56,6 LITIPARA RODAS HOMOLOGADAS VERIFIQUE OS DOCUMENTOS TUV-NADCertifica\u00e7\u00f5es: ZH6560 DF-56,6-A20Notas:<br \/>\n                     &#8211; Pre\u00e7o unit\u00e1rio;<br \/>\n                     &#8211; IVA \u00e0 taxa em vigor inclu\u00eddo no pre\u00e7o;<br \/>\n                     &#8211; Limitado ao stock existente;<br \/>\n                     &#8211; Disponibilidade e pre\u00e7o carece de re-confirma\u00e7\u00e3o.<\/p>","protected":false},"featured_media":5165,"comment_status":"closed","ping_status":"open","template":"","meta":{"_acf_changed":false},"product_brand":[],"product_cat":[7173,7168,7180,7177,7170,7182,7166,7175,7172,7179,7174,7171,7167,7176,7169,7181,7178,7195,7186,7193,7184,7191,7198,7189,7196,7187,7194,7185,7192,7199,7183,7190,7197,7188,7211,7202,7209,7200,7216,7207,7214,7205,7212,7203,7210,7201,7208,7215,7206,7213,7204,7243,7275,7225,7234,7266,7222,7257,7218,7248,7227,7239,7271,7262,7220,7232,7253,7229,7244,7276,7235,7267,7258,7249,7240,7272,7224,7263,7254,7245,7277,7236,7268,7259,7219,7231,7250,7228,7241,7273,7264,7221,7233,7255,7217,7246,7278,7226,7237,7269,7223,7260,7251,7242,7274,7265,7256,7230,7247,7279,7238,7270,7261,7252,7291,7296,7284,7280,7289,7286,7293,7288,7285,7281,7290,7295,7283,7292,7287,7294,7282,7305,7312,7303,7310,7301,7308,7299,7306,7297,7313,7304,7311,7302,7309,7300,7307,7298,2018,2013,2012,7321,7328,7319,7326,7317,7324,7315,7322,7329,7320,7327,7318,7325,7316,7323,7314,7330,7337,7344,7335,7342,7333,7340,7347,7331,7338,7345,7336,7343,7334,7341,7332,7339,7346,7149,7150,7151,7152,635,7153,7154,7155,7156,7157,7158,7159,7160,7161,7162,7163,7164,7165],"product_tag":[],"class_list":{"0":"post-5163","1":"product","2":"type-product","3":"status-publish","4":"has-post-thumbnail","6":"product_cat-04-2009-opel-astra-1-4-diesel","7":"product_cat-04-2009-chevrolet-former-daewoo-cruze-versione-benzina","8":"product_cat-04-2009-opel-astra-sports-tourer-1-6-benzina","9":"product_cat-04-2009-opel-astra-sports-tourer-1-3-diesel","10":"product_cat-04-2009-opel-ampera-e","11":"product_cat-04-2009-opel-mokka-x","12":"product_cat-04-2009","13":"product_cat-04-2009-opel-astra-k","14":"product_cat-04-2009-opel-astra-1-4-benzina","15":"product_cat-04-2009-opel-astra-sports-tourer-1-4-diesel","16":"product_cat-04-2009-opel-astra-1-6-benzina","17":"product_cat-04-2009-opel-astra-1-3-diesel","18":"product_cat-04-2009-chevrolet-former-daewoo-aveo-5h","19":"product_cat-04-2009-opel-astra-k-sports-tourer","20":"product_cat-04-2009-chevrolet-former-daewoo-trax","21":"product_cat-04-2009-opel-mokka","22":"product_cat-04-2009-opel-astra-sports-tourer-1-4-benzina","23":"product_cat-06-2011-opel-astra-sports-tourer-1-4-benzina","24":"product_cat-06-2011-chevrolet-former-daewoo-trax","25":"product_cat-06-2011-opel-astra-k-sports-tourer","26":"product_cat-06-2011-chevrolet-former-daewoo-aveo-5h","27":"product_cat-06-2011-opel-astra-1-6-benzina","28":"product_cat-06-2011-opel-mokka","29":"product_cat-06-2011-opel-astra-1-4-benzina","30":"product_cat-06-2011-opel-astra-sports-tourer-1-4-diesel","31":"product_cat-06-2011-opel-ampera-e","32":"product_cat-06-2011-opel-astra-sports-tourer-1-3-diesel","33":"product_cat-06-2011-chevrolet-former-daewoo-cruze-versione-benzina","34":"product_cat-06-2011-opel-astra-k","35":"product_cat-06-2011-opel-mokka-x","36":"product_cat-06-2011-buick-encore","37":"product_cat-06-2011-opel-astra-1-4-diesel","38":"product_cat-06-2011-opel-astra-sports-tourer-1-6-benzina","39":"product_cat-06-2011-opel-astra-1-3-diesel","40":"product_cat-10-2015-2021-opel-astra-sports-tourer-1-3-diesel","41":"product_cat-10-2015-2021-chevrolet-former-daewoo-cruze-versione-benzina","42":"product_cat-10-2015-2021-opel-astra-k","43":"product_cat-10-2015-2021","44":"product_cat-10-2015-2021-opel-mokka-x","45":"product_cat-10-2015-2021-opel-astra-1-4-diesel","46":"product_cat-10-2015-2021-opel-astra-sports-tourer-1-6-benzina","47":"product_cat-10-2015-2021-opel-astra-1-3-diesel","48":"product_cat-10-2015-2021-opel-astra-sports-tourer-1-4-benzina","49":"product_cat-10-2015-2021-chevrolet-former-daewoo-trax","50":"product_cat-10-2015-2021-opel-astra-k-sports-tourer","51":"product_cat-10-2015-2021-chevrolet-former-daewoo-aveo-5h","52":"product_cat-10-2015-2021-opel-astra-1-6-benzina","53":"product_cat-10-2015-2021-opel-mokka","54":"product_cat-10-2015-2021-opel-astra-1-4-benzina","55":"product_cat-10-2015-2021-opel-astra-sports-tourer-1-4-diesel","56":"product_cat-10-2015-2021-opel-ampera-e","57":"product_cat-11-2009-2014-opel-astra-k-2","58":"product_cat-11-2009-2014-opel-astra-1-4-diesel-4","59":"product_cat-11-2009-2014-opel-astra-1-6-benzina","60":"product_cat-11-2009-2014-buick-encore-2","61":"product_cat-11-2009-2014-opel-mokka-3","62":"product_cat-11-2009-2014-opel-astra-1-3-diesel","63":"product_cat-11-2009-2014-opel-astra-1-4-benzina-3","64":"product_cat-11-2009-2014-chevrolet-former-daewoo-aveo-5h","65":"product_cat-11-2009-2014-opel-astra-sports-tourer-1-6-benzina-2","66":"product_cat-11-2009-2014-opel-astra-k-sports-tourer","67":"product_cat-11-2009-2014-opel-astra-1-3-diesel-2","68":"product_cat-11-2009-2014-chevrolet-former-daewoo-trax-4","69":"product_cat-11-2009-2014-opel-astra-sports-tourer-1-3-diesel-3","70":"product_cat-11-2009-2014-chevrolet-former-daewoo-trax","71":"product_cat-11-2009-2014-opel-mokka","72":"product_cat-11-2009-2014-chevrolet-former-daewoo-cruze-versione-benzina-3","73":"product_cat-11-2009-2014-opel-astra-sports-tourer-1-4-benzina","74":"product_cat-11-2009-2014-opel-astra-k-sports-tourer-2","75":"product_cat-11-2009-2014-opel-astra-1-6-benzina-4","76":"product_cat-11-2009-2014-chevrolet-former-daewoo-aveo-5h-2","77":"product_cat-11-2009-2014-opel-mokka-x-3","78":"product_cat-11-2009-2014-opel-astra-1-4-diesel-3","79":"product_cat-11-2009-2014-opel-mokka-2","80":"product_cat-11-2009-2014-opel-astra-1-4-benzina-2","81":"product_cat-11-2009-2014-opel-ampera-e-4","82":"product_cat-11-2009-2014-opel-astra-1-4-diesel","83":"product_cat-11-2009-2014-opel-astra-sports-tourer-1-4-benzina-3","84":"product_cat-11-2009-2014-chevrolet-former-daewoo-trax-3","85":"product_cat-11-2009-2014-opel-astra-sports-tourer-1-3-diesel-2","86":"product_cat-11-2009-2014-opel-astra-k-4","87":"product_cat-11-2009-2014-chevrolet-former-daewoo-cruze-versione-benzina-2","88":"product_cat-11-2009-2014-buick-encore-4","89":"product_cat-11-2009-2014-opel-astra-1-6-benzina-3","90":"product_cat-11-2009-2014-chevrolet-former-daewoo-cruze-versione-benzina","91":"product_cat-11-2009-2014-opel-astra-sports-tourer-1-6-benzina","92":"product_cat-11-2009-2014-opel-mokka-x-2","93":"product_cat-11-2009-2014-opel-astra-sports-tourer-1-3-diesel","94":"product_cat-11-2009-2014-opel-astra-1-4-diesel-2","95":"product_cat-11-2009-2014-opel-astra-1-3-diesel-4","96":"product_cat-11-2009-2014-opel-astra-sports-tourer-1-4-diesel-3","97":"product_cat-11-2009-2014-opel-ampera-e","98":"product_cat-11-2009-2014-opel-mokka-x","99":"product_cat-11-2009-2014-opel-ampera-e-3","100":"product_cat-11-2009-2014-buick-encore","101":"product_cat-11-2009-2014-opel-astra-sports-tourer-1-4-benzina-2","102":"product_cat-11-2009-2014-opel-astra-k-sports-tourer-4","103":"product_cat-11-2009-2014-opel-astra-k","104":"product_cat-11-2009-2014-chevrolet-former-daewoo-trax-2","105":"product_cat-11-2009-2014-chevrolet-former-daewoo-aveo-5h-4","106":"product_cat-11-2009-2014-opel-astra-1-4-benzina","107":"product_cat-11-2009-2014-opel-astra-k-3","108":"product_cat-11-2009-2014-buick-encore-3","109":"product_cat-11-2009-2014-opel-astra-1-6-benzina-2","110":"product_cat-11-2009-2014-opel-astra-1-4-benzina-4","111":"product_cat-11-2009-2014-opel-astra-sports-tourer-1-6-benzina-3","112":"product_cat-11-2009-2014-opel-astra-1-3-diesel-3","113":"product_cat-11-2009-2014-opel-astra-sports-tourer-1-4-diesel","114":"product_cat-11-2009-2014-opel-astra-sports-tourer-1-4-diesel-2","115":"product_cat-11-2009-2014-opel-astra-sports-tourer-1-3-diesel-4","116":"product_cat-11-2009-2014-opel-ampera-e-2","117":"product_cat-11-2009-2014-chevrolet-former-daewoo-cruze-versione-benzina-4","118":"product_cat-11-2009-2014-opel-astra-k-sports-tourer-3","119":"product_cat-11-2009-2014-chevrolet-former-daewoo-aveo-5h-3","120":"product_cat-11-2010-2015-opel-astra-sports-tourer-1-3-diesel","121":"product_cat-11-2010-2015-opel-mokka-x","122":"product_cat-11-2010-2015-opel-ampera-e","123":"product_cat-11-2010-2015","124":"product_cat-11-2010-2015-opel-astra-k","125":"product_cat-11-2010-2015-opel-astra-1-4-benzina","126":"product_cat-11-2010-2015-opel-astra-sports-tourer-1-4-diesel","127":"product_cat-11-2010-2015-opel-astra-1-6-benzina","128":"product_cat-11-2010-2015-opel-astra-1-3-diesel","129":"product_cat-11-2010-2015-chevrolet-former-daewoo-aveo-5h","130":"product_cat-11-2010-2015-opel-astra-k-sports-tourer","131":"product_cat-11-2010-2015-opel-mokka","132":"product_cat-11-2010-2015-chevrolet-former-daewoo-trax","133":"product_cat-11-2010-2015-opel-astra-sports-tourer-1-4-benzina","134":"product_cat-11-2010-2015-opel-astra-1-4-diesel","135":"product_cat-11-2010-2015-opel-astra-sports-tourer-1-6-benzina","136":"product_cat-11-2010-2015-chevrolet-former-daewoo-cruze-versione-benzina","137":"product_cat-2012-2015-opel-astra-1-6-benzina","138":"product_cat-2012-2015-opel-mokka","139":"product_cat-2012-2015-opel-astra-1-4-benzina","140":"product_cat-2012-2015-opel-astra-sports-tourer-1-4-diesel","141":"product_cat-2012-2015-opel-ampera-e","142":"product_cat-2012-2015-opel-astra-sports-tourer-1-3-diesel","143":"product_cat-2012-2015-chevrolet-former-daewoo-cruze-versione-benzina","144":"product_cat-2012-2015-opel-astra-k","145":"product_cat-2012-2015-buick-encore","146":"product_cat-2012-2015-opel-mokka-x","147":"product_cat-2012-2015-opel-astra-1-4-diesel","148":"product_cat-2012-2015-opel-astra-sports-tourer-1-6-benzina","149":"product_cat-2012-2015-opel-astra-1-3-diesel","150":"product_cat-2012-2015-opel-astra-sports-tourer-1-4-benzina","151":"product_cat-2012-2015-chevrolet-former-daewoo-trax","152":"product_cat-2012-2015-opel-astra-k-sports-tourer","153":"product_cat-2012-2015-chevrolet-former-daewoo-aveo-5h","154":"product_cat-2014-2019-rover-75","155":"product_cat-2014-2019-audi-s3","156":"product_cat-2014-2019-audi-a1-citycarver","157":"product_cat-2016-2019-opel-astra-1-4-diesel","158":"product_cat-2016-2019-opel-astra-sports-tourer-1-6-benzina","159":"product_cat-2016-2019-opel-astra-1-3-diesel","160":"product_cat-2016-2019-opel-astra-sports-tourer-1-4-benzina","161":"product_cat-2016-2019-chevrolet-former-daewoo-trax","162":"product_cat-2016-2019-opel-astra-k-sports-tourer","163":"product_cat-2016-2019-chevrolet-former-daewoo-aveo-5h","164":"product_cat-2016-2019-opel-astra-1-6-benzina","165":"product_cat-2016-2019-opel-mokka","166":"product_cat-2016-2019-opel-astra-1-4-benzina","167":"product_cat-2016-2019-opel-astra-sports-tourer-1-4-diesel","168":"product_cat-2016-2019-opel-ampera-e","169":"product_cat-2016-2019-opel-astra-sports-tourer-1-3-diesel","170":"product_cat-2016-2019-chevrolet-former-daewoo-cruze-versione-benzina","171":"product_cat-2016-2019-opel-astra-k","172":"product_cat-2016-2019-buick-encore","173":"product_cat-2016-2019-opel-mokka-x","174":"product_cat-2016-2021-opel-astra-1-4-benzina","175":"product_cat-2016-2021-opel-astra-sports-tourer-1-4-diesel","176":"product_cat-2016-2021-opel-ampera-e","177":"product_cat-2016-2021-opel-astra-sports-tourer-1-3-diesel","178":"product_cat-2016-2021-chevrolet-former-daewoo-cruze-versione-benzina","179":"product_cat-2016-2021-opel-astra-k","180":"product_cat-2016-2021-opel-mokka-x","181":"product_cat-2016-2021","182":"product_cat-2016-2021-opel-astra-1-4-diesel","183":"product_cat-2016-2021-opel-astra-sports-tourer-1-6-benzina","184":"product_cat-2016-2021-opel-astra-1-3-diesel","185":"product_cat-2016-2021-opel-astra-sports-tourer-1-4-benzina","186":"product_cat-2016-2021-chevrolet-former-daewoo-trax","187":"product_cat-2016-2021-opel-astra-k-sports-tourer","188":"product_cat-2016-2021-chevrolet-former-daewoo-aveo-5h","189":"product_cat-2016-2021-opel-astra-1-6-benzina","190":"product_cat-2016-2021-opel-mokka","191":"product_cat-buick-encore","192":"product_cat-chevrolet-former-daewoo-aveo-5h","193":"product_cat-chevrolet-former-daewoo-cruze-versione-benzina","194":"product_cat-chevrolet-former-daewoo-trax","195":"product_cat-jantes","196":"product_cat-opel-ampera-e","197":"product_cat-opel-astra-1-3-diesel","198":"product_cat-opel-astra-1-4-benzina","199":"product_cat-opel-astra-1-4-diesel","200":"product_cat-opel-astra-1-6-benzina","201":"product_cat-opel-astra-k","202":"product_cat-opel-astra-k-sports-tourer","203":"product_cat-opel-astra-sports-tourer-1-3-diesel","204":"product_cat-opel-astra-sports-tourer-1-4-benzina","205":"product_cat-opel-astra-sports-tourer-1-4-diesel","206":"product_cat-opel-astra-sports-tourer-1-6-benzina","207":"product_cat-opel-mokka","208":"product_cat-opel-mokka-x","210":"first","211":"instock","212":"purchasable","213":"product-type-simple"},"acf":[],"_links":{"self":[{"href":"https:\/\/altaroda.es\/en\/wp-json\/wp\/v2\/product\/5163","targetHints":{"allow":["GET"]}}],"collection":[{"href":"https:\/\/altaroda.es\/en\/wp-json\/wp\/v2\/product"}],"about":[{"href":"https:\/\/altaroda.es\/en\/wp-json\/wp\/v2\/types\/product"}],"replies":[{"embeddable":true,"href":"https:\/\/altaroda.es\/en\/wp-json\/wp\/v2\/comments?post=5163"}],"version-history":[{"count":1,"href":"https:\/\/altaroda.es\/en\/wp-json\/wp\/v2\/product\/5163\/revisions"}],"predecessor-version":[{"id":5164,"href":"https:\/\/altaroda.es\/en\/wp-json\/wp\/v2\/product\/5163\/revisions\/5164"}],"wp:featuredmedia":[{"embeddable":true,"href":"https:\/\/altaroda.es\/en\/wp-json\/wp\/v2\/media\/5165"}],"wp:attachment":[{"href":"https:\/\/altaroda.es\/en\/wp-json\/wp\/v2\/media?parent=5163"}],"wp:term":[{"taxonomy":"product_brand","embeddable":true,"href":"https:\/\/altaroda.es\/en\/wp-json\/wp\/v2\/product_brand?post=5163"},{"taxonomy":"product_cat","embeddable":true,"href":"https:\/\/altaroda.es\/en\/wp-json\/wp\/v2\/product_cat?post=5163"},{"taxonomy":"product_tag","embeddable":true,"href":"https:\/\/altaroda.es\/en\/wp-json\/wp\/v2\/product_tag?post=5163"}],"curies":[{"name":"wp","href":"https:\/\/api.w.org\/{rel}","templated":true}]}}