{"id":5159,"date":"2025-06-08T13:39:40","date_gmt":"2025-06-08T13:39:40","guid":{"rendered":"https:\/\/altaroda.es\/product\/highlands-20-gloss-black\/"},"modified":"2025-06-08T13:39:47","modified_gmt":"2025-06-08T13:39:47","slug":"highlands-20-gloss-black","status":"publish","type":"product","link":"https:\/\/altaroda.es\/en\/product\/highlands-20-gloss-black\/","title":{"rendered":"HIGHLANDS 20 GLOSS BLACK"},"content":{"rendered":"<p>8,5J20 HIGHLA\/IR3 E43 5X120 72,6 GBRODAS SA\u00cdDAS DOS P\u00c1RA-LAMASO.E. (L\/R ROVER) Compat\u00edvel com tampa central Pe\u00e7a Nr.. LR027409 &#8211; PARA RODAS HOMOLOGADAS VERIFIQUE OS DOCUMENTOS TUVCertifica\u00e7\u00f5es: HI8520 IR3-72,6-A12Notas:<br \/>\n                     &#8211; Pre\u00e7o unit\u00e1rio;<br \/>\n                     &#8211; IVA \u00e0 taxa em vigor inclu\u00eddo no pre\u00e7o;<br \/>\n                     &#8211; Limitado ao stock existente;<br \/>\n                     &#8211; Disponibilidade e pre\u00e7o carece de re-confirma\u00e7\u00e3o.<\/p>","protected":false},"excerpt":{"rendered":"<p>8,5J20 HIGHLA\/IR3 E43 5X120 72,6 GBRODAS SA\u00cdDAS DOS P\u00c1RA-LAMASO.E. (L\/R ROVER) Compat\u00edvel com tampa central Pe\u00e7a Nr.. LR027409 &#8211; PARA RODAS HOMOLOGADAS VERIFIQUE OS DOCUMENTOS TUVCertifica\u00e7\u00f5es: HI8520 IR3-72,6-A12Notas:<br \/>\n                     &#8211; Pre\u00e7o unit\u00e1rio;<br \/>\n                     &#8211; IVA \u00e0 taxa em vigor inclu\u00eddo no pre\u00e7o;<br \/>\n                     &#8211; Limitado ao stock existente;<br \/>\n                     &#8211; Disponibilidade e pre\u00e7o carece de re-confirma\u00e7\u00e3o.<\/p>","protected":false},"featured_media":0,"comment_status":"closed","ping_status":"open","template":"","meta":{"_acf_changed":false},"product_brand":[],"product_cat":[7109,7106,7110,7107,7108,7111,7105,7116,7114,7112,7117,7115,7113,7118,7123,5576,7121,7119,5575,7122,7120,7125,7092,7126,7094,7124,7127,7093,7097,7130,7128,7096,7131,7098,7129,7132,7137,7135,7133,7138,7136,7134,2020,635,5570,7085,7086,5571,7087,7103,7104],"product_tag":[],"class_list":{"0":"post-5159","1":"product","2":"type-product","3":"status-publish","5":"product_cat-04-2009-2014-range-rover-range-rover-iii-serie-2","6":"product_cat-04-2009-2014-land-rover-discovery-iii","7":"product_cat-04-2009-2014-range-rover-range-rover-iv-serie","8":"product_cat-04-2009-2014-land-rover-discovery-iv-2","9":"product_cat-04-2009-2014-land-rover-discovery-v","10":"product_cat-04-2009-2014-range-rover-range-rover-sport-ii-serie","11":"product_cat-04-2009-2014-land-rover-defender","12":"product_cat-04-2013-2021-range-rover-range-rover-iii-serie","13":"product_cat-04-2013-2021-land-rover-discovery-iv","14":"product_cat-04-2013-2021","15":"product_cat-04-2013-2021-range-rover-range-rover-iv-serie","16":"product_cat-04-2013-2021-land-rover-discovery-v","17":"product_cat-04-2013-2021-land-rover-discovery-iii","18":"product_cat-04-2013-2021-range-rover-range-rover-sport-ii-serie","19":"product_cat-05-2017-range-rover-range-rover-sport-ii-serie","20":"product_cat-05-2017-land-rover-discovery-v","21":"product_cat-05-2017-range-rover-range-rover-iii-serie","22":"product_cat-05-2017-land-rover-discovery-iii","23":"product_cat-05-2017","24":"product_cat-05-2017-range-rover-range-rover-iv-serie","25":"product_cat-05-2017-land-rover-discovery-iv","26":"product_cat-2002-2012-land-rover-discovery-v","27":"product_cat-2002-2012-land-rover-discovery-iii","28":"product_cat-2002-2012-range-rover-range-rover-iv-serie","29":"product_cat-2002-2012-range-rover-range-rover-iii-serie","30":"product_cat-2002-2012-land-rover-defender","31":"product_cat-2002-2012-range-rover-range-rover-sport-ii-serie","32":"product_cat-2002-2012-land-rover-discovery-iv","33":"product_cat-2004-03-2009-land-rover-discovery-iv","34":"product_cat-2004-03-2009-range-rover-range-rover-iv-serie","35":"product_cat-2004-03-2009-land-rover-defender","36":"product_cat-2004-03-2009","37":"product_cat-2004-03-2009-range-rover-range-rover-sport-ii-serie","38":"product_cat-2004-03-2009-range-rover-range-rover-iii-serie","39":"product_cat-2004-03-2009-land-rover-discovery-v","40":"product_cat-2013-2021","41":"product_cat-2013-2021-range-rover-range-rover-iv-serie","42":"product_cat-2013-2021-land-rover-discovery-v","43":"product_cat-2013-2021-land-rover-discovery-iii","44":"product_cat-2013-2021-range-rover-range-rover-sport-ii-serie","45":"product_cat-2013-2021-range-rover-range-rover-iii-serie","46":"product_cat-2013-2021-land-rover-discovery-iv","47":"product_cat-2014-2019-subaru-forester","48":"product_cat-jantes","49":"product_cat-land-rover-defender","50":"product_cat-land-rover-discovery-iii","51":"product_cat-land-rover-discovery-iv","52":"product_cat-land-rover-discovery-v","53":"product_cat-range-rover-range-rover-iii-serie","54":"product_cat-range-rover-range-rover-iv-serie","55":"product_cat-range-rover-range-rover-sport-ii-serie","57":"first","58":"instock","59":"purchasable","60":"product-type-simple"},"acf":[],"_links":{"self":[{"href":"https:\/\/altaroda.es\/en\/wp-json\/wp\/v2\/product\/5159","targetHints":{"allow":["GET"]}}],"collection":[{"href":"https:\/\/altaroda.es\/en\/wp-json\/wp\/v2\/product"}],"about":[{"href":"https:\/\/altaroda.es\/en\/wp-json\/wp\/v2\/types\/product"}],"replies":[{"embeddable":true,"href":"https:\/\/altaroda.es\/en\/wp-json\/wp\/v2\/comments?post=5159"}],"version-history":[{"count":1,"href":"https:\/\/altaroda.es\/en\/wp-json\/wp\/v2\/product\/5159\/revisions"}],"predecessor-version":[{"id":5160,"href":"https:\/\/altaroda.es\/en\/wp-json\/wp\/v2\/product\/5159\/revisions\/5160"}],"wp:attachment":[{"href":"https:\/\/altaroda.es\/en\/wp-json\/wp\/v2\/media?parent=5159"}],"wp:term":[{"taxonomy":"product_brand","embeddable":true,"href":"https:\/\/altaroda.es\/en\/wp-json\/wp\/v2\/product_brand?post=5159"},{"taxonomy":"product_cat","embeddable":true,"href":"https:\/\/altaroda.es\/en\/wp-json\/wp\/v2\/product_cat?post=5159"},{"taxonomy":"product_tag","embeddable":true,"href":"https:\/\/altaroda.es\/en\/wp-json\/wp\/v2\/product_tag?post=5159"}],"curies":[{"name":"wp","href":"https:\/\/api.w.org\/{rel}","templated":true}]}}