{"id":5157,"date":"2025-06-08T13:39:40","date_gmt":"2025-06-08T13:39:40","guid":{"rendered":"https:\/\/altaroda.es\/product\/highlands-19-gloss-black\/"},"modified":"2025-06-08T13:39:47","modified_gmt":"2025-06-08T13:39:47","slug":"highlands-19-gloss-black","status":"publish","type":"product","link":"https:\/\/altaroda.es\/en\/product\/highlands-19-gloss-black\/","title":{"rendered":"HIGHLANDS 19 GLOSS BLACK"},"content":{"rendered":"<p>9J19 HIGHLA\/IRR ET53 5X120 72,6 GLBO.E. (L\/R ROVER) Compat\u00edvel com tampa central Pe\u00e7a Nr.. LR027409 &#8211; PARA RODAS HOMOLOGADAS VERIFIQUE OS DOCUMENTOS TUV-NADCertifica\u00e7\u00f5es: HI9090 IRR-72,6-A01Notas:<br \/>\n                     &#8211; Pre\u00e7o unit\u00e1rio;<br \/>\n                     &#8211; IVA \u00e0 taxa em vigor inclu\u00eddo no pre\u00e7o;<br \/>\n                     &#8211; Limitado ao stock existente;<br \/>\n                     &#8211; Disponibilidade e pre\u00e7o carece de re-confirma\u00e7\u00e3o.<\/p>","protected":false},"excerpt":{"rendered":"<p>9J19 HIGHLA\/IRR ET53 5X120 72,6 GLBO.E. (L\/R ROVER) Compat\u00edvel com tampa central Pe\u00e7a Nr.. LR027409 &#8211; PARA RODAS HOMOLOGADAS VERIFIQUE OS DOCUMENTOS TUV-NADCertifica\u00e7\u00f5es: HI9090 IRR-72,6-A01Notas:<br \/>\n                     &#8211; Pre\u00e7o unit\u00e1rio;<br \/>\n                     &#8211; IVA \u00e0 taxa em vigor inclu\u00eddo no pre\u00e7o;<br \/>\n                     &#8211; Limitado ao stock existente;<br \/>\n                     &#8211; Disponibilidade e pre\u00e7o carece de re-confirma\u00e7\u00e3o.<\/p>","protected":false},"featured_media":0,"comment_status":"closed","ping_status":"open","template":"","meta":{"_acf_changed":false},"product_brand":[],"product_cat":[7090,7088,7091,7089,7092,7094,7093,7095,7099,7096,7098,7097,5582,7100,7101,7102,635,7085,7086,7087,5572],"product_tag":[],"class_list":{"0":"post-5157","1":"product","2":"type-product","3":"status-publish","5":"product_cat-04-2009-2014-range-rover-range-rover-iii-serie","6":"product_cat-04-2009-2014","7":"product_cat-04-2009-2014-range-rover-range-rover-sport-i-serie","8":"product_cat-04-2009-2014-land-rover-discovery-iv","9":"product_cat-2002-2012-land-rover-discovery-iii","10":"product_cat-2002-2012-range-rover-range-rover-iii-serie","11":"product_cat-2002-2012-land-rover-discovery-iv","12":"product_cat-2002-2012-range-rover-range-rover-sport-i-serie","13":"product_cat-2004-03-2009-range-rover-range-rover-sport-i-serie","14":"product_cat-2004-03-2009","15":"product_cat-2004-03-2009-range-rover-range-rover-iii-serie","16":"product_cat-2004-03-2009-land-rover-discovery-iv","17":"product_cat-2005-2012-range-rover-range-rover-sport-i-serie","18":"product_cat-2005-2012-land-rover-discovery-iii","19":"product_cat-2005-2012-land-rover-discovery-iv","20":"product_cat-2005-2012-range-rover-range-rover-iii-serie","21":"product_cat-jantes","22":"product_cat-land-rover-discovery-iii","23":"product_cat-land-rover-discovery-iv","24":"product_cat-range-rover-range-rover-iii-serie","25":"product_cat-range-rover-range-rover-sport-i-serie","27":"first","28":"instock","29":"purchasable","30":"product-type-simple"},"acf":[],"_links":{"self":[{"href":"https:\/\/altaroda.es\/en\/wp-json\/wp\/v2\/product\/5157","targetHints":{"allow":["GET"]}}],"collection":[{"href":"https:\/\/altaroda.es\/en\/wp-json\/wp\/v2\/product"}],"about":[{"href":"https:\/\/altaroda.es\/en\/wp-json\/wp\/v2\/types\/product"}],"replies":[{"embeddable":true,"href":"https:\/\/altaroda.es\/en\/wp-json\/wp\/v2\/comments?post=5157"}],"version-history":[{"count":1,"href":"https:\/\/altaroda.es\/en\/wp-json\/wp\/v2\/product\/5157\/revisions"}],"predecessor-version":[{"id":5158,"href":"https:\/\/altaroda.es\/en\/wp-json\/wp\/v2\/product\/5157\/revisions\/5158"}],"wp:attachment":[{"href":"https:\/\/altaroda.es\/en\/wp-json\/wp\/v2\/media?parent=5157"}],"wp:term":[{"taxonomy":"product_brand","embeddable":true,"href":"https:\/\/altaroda.es\/en\/wp-json\/wp\/v2\/product_brand?post=5157"},{"taxonomy":"product_cat","embeddable":true,"href":"https:\/\/altaroda.es\/en\/wp-json\/wp\/v2\/product_cat?post=5157"},{"taxonomy":"product_tag","embeddable":true,"href":"https:\/\/altaroda.es\/en\/wp-json\/wp\/v2\/product_tag?post=5157"}],"curies":[{"name":"wp","href":"https:\/\/api.w.org\/{rel}","templated":true}]}}