{"id":5127,"date":"2025-06-08T13:39:18","date_gmt":"2025-06-08T13:39:18","guid":{"rendered":"https:\/\/altaroda.es\/product\/zenith-15-light-titan-5\/"},"modified":"2025-06-08T13:39:20","modified_gmt":"2025-06-08T13:39:20","slug":"zenith-15-light-titan-5","status":"publish","type":"product","link":"https:\/\/altaroda.es\/en\/product\/zenith-15-light-titan-5\/","title":{"rendered":"ZENITH 15 LIGHT TITAN"},"content":{"rendered":"<p>6,5J15 ZENI\/GG3 ET45 5X108 RS72 LITNotas:<br \/>\n                     &#8211; Pre\u00e7o unit\u00e1rio;<br \/>\n                     &#8211; IVA \u00e0 taxa em vigor inclu\u00eddo no pre\u00e7o;<br \/>\n                     &#8211; Limitado ao stock existente;<br \/>\n                     &#8211; Disponibilidade e pre\u00e7o carece de re-confirma\u00e7\u00e3o.<\/p>","protected":false},"excerpt":{"rendered":"<p>6,5J15 ZENI\/GG3 ET45 5X108 RS72 LITNotas:<br \/>\n                     &#8211; Pre\u00e7o unit\u00e1rio;<br \/>\n                     &#8211; IVA \u00e0 taxa em vigor inclu\u00eddo no pre\u00e7o;<br \/>\n                     &#8211; Limitado ao stock existente;<br \/>\n                     &#8211; Disponibilidade e pre\u00e7o carece de re-confirma\u00e7\u00e3o.<\/p>","protected":false},"featured_media":5129,"comment_status":"closed","ping_status":"open","template":"","meta":{"_acf_changed":false},"product_brand":[],"product_cat":[5668,5659,5650,5673,5664,5655,5646,5669,5660,5651,5665,5656,5647,5670,5661,5652,5643,5666,5657,5648,5671,5662,5653,5644,5667,5658,5649,5672,5663,5654,5645,5700,5691,5682,5696,5687,5678,5701,5692,5683,5674,5697,5688,5679,5702,5693,5684,5675,5698,5689,5680,5703,5694,5685,5676,5699,5690,5681,5704,5695,5686,5677,5732,5723,5714,5705,5728,5719,5710,5733,5724,5715,5706,5729,5720,5711,5734,5725,5716,5707,5730,5721,5712,5735,5726,5717,5708,5731,5722,5713,5727,5718,5709,3048,5755,5746,5737,3044,5751,5742,3049,5756,5747,5738,3045,5752,5743,3050,5757,5748,5739,3046,5753,5744,3051,5749,5740,3047,5754,5745,5736,3043,5750,5741,5764,5778,3064,5769,5760,3069,5774,5765,5779,3065,5770,5761,3070,5775,5766,3066,5771,5762,3071,5776,5767,5758,3067,5772,5763,5777,3063,5768,5759,3068,5773,5796,5787,5810,5801,5792,5783,5806,5797,5788,5802,5793,5784,5807,5798,5789,5780,5803,5794,5785,5808,5799,5790,5781,5804,5795,5786,5809,5800,5791,5782,5805,5828,5819,5833,5824,5815,5838,5829,5820,5811,5834,5825,5816,5839,5830,5821,5812,5835,5826,5817,5840,5831,5822,5813,5836,5827,5818,5841,5832,5823,5814,5837,5860,5851,5842,5865,5856,5847,5870,5861,5852,5843,5866,5857,5848,5871,5862,5853,5844,5867,5858,5849,5872,5863,5854,5845,5868,5859,5850,5864,5855,5846,5869,5892,5883,5874,5897,5888,5879,5902,5893,5884,5875,5898,5889,5880,5903,5894,5885,5876,5899,5890,5881,5895,5886,5877,5900,5891,5882,5873,5896,5887,5878,5901,5924,5915,5906,5929,5920,5911,5934,5925,5916,5907,5930,5921,5912,5926,5917,5908,5931,5922,5913,5904,5927,5918,5909,5932,5923,5914,5905,5928,5919,5910,5933,5956,5947,3084,5938,5952,3089,5943,5948,3085,5939,5953,3090,5944,5935,5949,3086,5940,5954,5945,3091,5936,5950,3087,5941,5955,5946,3083,5937,5951,3088,5942,5979,5970,5961,5984,5975,5966,5957,5980,5971,5962,5985,5976,5967,5958,5981,5972,5963,5986,5977,5968,5959,5982,5973,5964,5987,5978,5969,5960,5983,5974,5965,2004,2006,2020,2023,2024,2018,2094,2095,5629,5630,5631,2532,5632,2538,2539,3307,3308,635,3033,3034,3035,3036,5633,5634,5587,5635,5636,3037,3038,3039,3040,3041,5637,5638,5639,5640,5641,5642],"product_tag":[],"class_list":{"0":"post-5127","1":"product","2":"type-product","3":"status-publish","4":"has-post-thumbnail","6":"product_cat-05-2008-2012-toyota-proace-city-n1","7":"product_cat-05-2008-2012-opel-combo-n1","8":"product_cat-05-2008-2012-ford-tourneo-courier-m1","9":"product_cat-05-2008-2012-volvo-v50","10":"product_cat-05-2008-2012-renault-kangoo-express-m1","11":"product_cat-05-2008-2012-mercedes-citan-n1-5-fori","12":"product_cat-05-2008-2012-fiat-doblo-n1","13":"product_cat-05-2008-2012-toyota-proace-city-verso-m1","14":"product_cat-05-2008-2012-peugeot-308","15":"product_cat-05-2008-2012-ford-transit-courier-n1","16":"product_cat-05-2008-2012-renault-kangoo-express-n1","17":"product_cat-05-2008-2012-nissan-nv250-m1","18":"product_cat-05-2008-2012-ford-c-max","19":"product_cat-05-2008-2012-volvo-c30","20":"product_cat-05-2008-2012-peugeot-rifter-partner-n1","21":"product_cat-05-2008-2012-ford-transit-tourneo-connect-m1","22":"product_cat-05-2008-2012","23":"product_cat-05-2008-2012-renault-kangoo-ii-m1","24":"product_cat-05-2008-2012-nissan-nv250-n1","25":"product_cat-05-2008-2012-ford-focus","26":"product_cat-05-2008-2012-volvo-s40","27":"product_cat-05-2008-2012-peugeot-rifter-m1","28":"product_cat-05-2008-2012-ford-transit-tourneo-connect-n1","29":"product_cat-05-2008-2012-citroen-ds-berlingo-n1","30":"product_cat-05-2008-2012-renault-kangoo-ii-n1","31":"product_cat-05-2008-2012-opel-combo-m1","32":"product_cat-05-2008-2012-ford-kuga","33":"product_cat-05-2008-2012-volvo-v40","34":"product_cat-05-2008-2012-renault-espace","35":"product_cat-05-2008-2012-mercedes-citan-m1-5-fori","36":"product_cat-05-2008-2012-fiat-doblo-m1","37":"product_cat-06-2012-toyota-proace-city-verso-m1","38":"product_cat-06-2012-peugeot-308","39":"product_cat-06-2012-ford-transit-courier-n1","40":"product_cat-06-2012-renault-kangoo-express-n1","41":"product_cat-06-2012-nissan-nv250-m1","42":"product_cat-06-2012-ford-c-max","43":"product_cat-06-2012-volvo-c30","44":"product_cat-06-2012-peugeot-rifter-partner-n1","45":"product_cat-06-2012-ford-transit-tourneo-connect-m1","46":"product_cat-06-2012","47":"product_cat-06-2012-renault-kangoo-ii-m1","48":"product_cat-06-2012-nissan-nv250-n1","49":"product_cat-06-2012-ford-focus","50":"product_cat-06-2012-volvo-s40","51":"product_cat-06-2012-peugeot-rifter-m1","52":"product_cat-06-2012-ford-transit-tourneo-connect-n1","53":"product_cat-06-2012-citroen-ds-berlingo-n1","54":"product_cat-06-2012-renault-kangoo-ii-n1","55":"product_cat-06-2012-opel-combo-m1","56":"product_cat-06-2012-ford-kuga","57":"product_cat-06-2012-volvo-v40","58":"product_cat-06-2012-renault-espace","59":"product_cat-06-2012-mercedes-citan-m1-5-fori","60":"product_cat-06-2012-fiat-doblo-m1","61":"product_cat-06-2012-toyota-proace-city-n1","62":"product_cat-06-2012-opel-combo-n1","63":"product_cat-06-2012-ford-tourneo-courier-m1","64":"product_cat-06-2012-volvo-v50","65":"product_cat-06-2012-renault-kangoo-express-m1","66":"product_cat-06-2012-mercedes-citan-n1-5-fori","67":"product_cat-06-2012-fiat-doblo-n1","68":"product_cat-10-2013-2021-volvo-c30","69":"product_cat-10-2013-2021-peugeot-rifter-partner-n1","70":"product_cat-10-2013-2021-ford-transit-tourneo-connect-m1","71":"product_cat-10-2013-2021","72":"product_cat-10-2013-2021-renault-kangoo-ii-m1","73":"product_cat-10-2013-2021-nissan-nv250-n1","74":"product_cat-10-2013-2021-ford-focus","75":"product_cat-10-2013-2021-volvo-s40","76":"product_cat-10-2013-2021-peugeot-rifter-m1","77":"product_cat-10-2013-2021-ford-transit-tourneo-connect-n1","78":"product_cat-10-2013-2021-citroen-ds-berlingo-n1","79":"product_cat-10-2013-2021-renault-kangoo-ii-n1","80":"product_cat-10-2013-2021-opel-combo-m1","81":"product_cat-10-2013-2021-ford-kuga","82":"product_cat-10-2013-2021-volvo-v40","83":"product_cat-10-2013-2021-renault-espace","84":"product_cat-10-2013-2021-mercedes-citan-m1-5-fori","85":"product_cat-10-2013-2021-fiat-doblo-m1","86":"product_cat-10-2013-2021-toyota-proace-city-n1","87":"product_cat-10-2013-2021-opel-combo-n1","88":"product_cat-10-2013-2021-ford-tourneo-courier-m1","89":"product_cat-10-2013-2021-volvo-v50","90":"product_cat-10-2013-2021-renault-kangoo-express-m1","91":"product_cat-10-2013-2021-mercedes-citan-n1-5-fori","92":"product_cat-10-2013-2021-fiat-doblo-n1","93":"product_cat-10-2013-2021-toyota-proace-city-verso-m1","94":"product_cat-10-2013-2021-peugeot-308","95":"product_cat-10-2013-2021-ford-transit-courier-n1","96":"product_cat-10-2013-2021-renault-kangoo-express-n1","97":"product_cat-10-2013-2021-nissan-nv250-m1","98":"product_cat-10-2013-2021-ford-c-max","99":"product_cat-12-2012-2020-renault-kangoo-express-m1","100":"product_cat-12-2012-2020-volvo-s40","101":"product_cat-12-2012-2020-ford-transit-tourneo-connect-n1","102":"product_cat-12-2012-2020-citroen-ds-berlingo-n1","103":"product_cat-12-2012-2020-mercedes-citan-n1-5-fori","104":"product_cat-12-2012-2020-peugeot-rifter-m1","105":"product_cat-12-2012-2020-ford-kuga","106":"product_cat-12-2012-2020-renault-kangoo-express-n1","107":"product_cat-12-2012-2020-volvo-v40","108":"product_cat-12-2012-2020-opel-combo-m1","109":"product_cat-12-2012-2020-fiat-doblo-m1","110":"product_cat-12-2012-2020-nissan-nv250-m1","111":"product_cat-12-2012-2020-toyota-proace-city-n1","112":"product_cat-12-2012-2020-ford-tourneo-courier-m1","113":"product_cat-12-2012-2020-renault-kangoo-ii-m1","114":"product_cat-12-2012-2020-volvo-v50","115":"product_cat-12-2012-2020-opel-combo-n1","116":"product_cat-12-2012-2020-fiat-doblo-n1","117":"product_cat-12-2012-2020-nissan-nv250-n1","118":"product_cat-12-2012-2020-toyota-proace-city-verso-m1","119":"product_cat-12-2012-2020-ford-transit-courier-n1","120":"product_cat-12-2012-2020-renault-kangoo-ii-n1","121":"product_cat-12-2012-2020-peugeot-308","122":"product_cat-12-2012-2020-ford-c-max","123":"product_cat-12-2012-2020-renault-espace","124":"product_cat-12-2012-2020-volvo-c30","125":"product_cat-12-2012-2020-ford-transit-tourneo-connect-m1","126":"product_cat-12-2012-2020-citroen-ds-berlingo-m1","127":"product_cat-12-2012-2020","128":"product_cat-12-2012-2020-peugeot-rifter-partner-n1","129":"product_cat-12-2012-2020-ford-focus","130":"product_cat-1996-2002-ford-kuga","131":"product_cat-1996-2002-volvo-v40","132":"product_cat-1996-2002-mercedes-citan-n1-5-fori","133":"product_cat-1996-2002-opel-combo-m1","134":"product_cat-1996-2002-fiat-doblo-m1","135":"product_cat-1996-2002-renault-kangoo-express-n1","136":"product_cat-1996-2002-toyota-proace-city-n1","137":"product_cat-1996-2002-ford-tourneo-courier-m1","138":"product_cat-1996-2002-volvo-v50","139":"product_cat-1996-2002-nissan-nv250-m1","140":"product_cat-1996-2002-opel-combo-n1","141":"product_cat-1996-2002-fiat-doblo-n1","142":"product_cat-1996-2002-renault-kangoo-ii-m1","143":"product_cat-1996-2002-toyota-proace-city-verso-m1","144":"product_cat-1996-2002-ford-transit-courier-n1","145":"product_cat-1996-2002-nissan-nv250-n1","146":"product_cat-1996-2002-peugeot-308","147":"product_cat-1996-2002-ford-c-max","148":"product_cat-1996-2002-renault-kangoo-ii-n1","149":"product_cat-1996-2002-volvo-c30","150":"product_cat-1996-2002-ford-transit-tourneo-connect-m1","151":"product_cat-1996-2002-citroen-ds-berlingo-m1","152":"product_cat-1996-2002-renault-espace","153":"product_cat-1996-2002-peugeot-rifter-partner-n1","154":"product_cat-1996-2002-ford-focus","155":"product_cat-1996-2002-volvo-s40","156":"product_cat-1996-2002","157":"product_cat-1996-2002-ford-transit-tourneo-connect-n1","158":"product_cat-1996-2002-citroen-ds-berlingo-n1","159":"product_cat-1996-2002-renault-kangoo-express-m1","160":"product_cat-1996-2002-peugeot-rifter-m1","161":"product_cat-2003-10-2010-opel-combo-n1","162":"product_cat-2003-10-2010-ford-tourneo-courier-m1","163":"product_cat-2003-10-2010-volvo-v50","164":"product_cat-2003-10-2010-renault-kangoo-express-m1","165":"product_cat-2003-10-2010-mercedes-citan-n1-5-fori","166":"product_cat-2003-10-2010-fiat-doblo-n1","167":"product_cat-2003-10-2010-toyota-proace-city-verso-m1","168":"product_cat-2003-10-2010-peugeot-308","169":"product_cat-2003-10-2010-ford-transit-courier-n1","170":"product_cat-2003-10-2010-renault-kangoo-express-n1","171":"product_cat-2003-10-2010-nissan-nv250-m1","172":"product_cat-2003-10-2010-ford-c-max","173":"product_cat-2003-10-2010-volvo-c30","174":"product_cat-2003-10-2010-peugeot-rifter-partner-n1","175":"product_cat-2003-10-2010-ford-transit-tourneo-connect-m1","176":"product_cat-2003-10-2010-citroen-ds-berlingo-m1","177":"product_cat-2003-10-2010-renault-kangoo-ii-m1","178":"product_cat-2003-10-2010-nissan-nv250-n1","179":"product_cat-2003-10-2010-ford-focus","180":"product_cat-2003-10-2010-volvo-s40","181":"product_cat-2003-10-2010-peugeot-rifter-m1","182":"product_cat-2003-10-2010-ford-transit-tourneo-connect-n1","183":"product_cat-2003-10-2010-citroen-ds-berlingo-n1","184":"product_cat-2003-10-2010-renault-kangoo-ii-n1","185":"product_cat-2003-10-2010-opel-combo-m1","186":"product_cat-2003-10-2010-ford-kuga","187":"product_cat-2003-10-2010-volvo-v40","188":"product_cat-2003-10-2010-renault-espace","189":"product_cat-2003-10-2010-mercedes-citan-m1-5-fori","190":"product_cat-2003-10-2010-fiat-doblo-m1","191":"product_cat-2003-10-2010-toyota-proace-city-n1","192":"product_cat-2003-2010-peugeot-308","193":"product_cat-2003-2010-ford-transit-courier-n1","194":"product_cat-2003-2010-renault-kangoo-express-n1","195":"product_cat-2003-2010-nissan-nv250-m1","196":"product_cat-2003-2010-ford-c-max","197":"product_cat-2003-2010-volvo-c30","198":"product_cat-2003-2010-peugeot-rifter-partner-n1","199":"product_cat-2003-2010-ford-transit-tourneo-connect-m1","200":"product_cat-2003-2010","201":"product_cat-2003-2010-renault-kangoo-ii-m1","202":"product_cat-2003-2010-nissan-nv250-n1","203":"product_cat-2003-2010-ford-focus","204":"product_cat-2003-2010-volvo-s40","205":"product_cat-2003-2010-peugeot-rifter-m1","206":"product_cat-2003-2010-ford-transit-tourneo-connect-n1","207":"product_cat-2003-2010-citroen-ds-berlingo-n1","208":"product_cat-2003-2010-renault-kangoo-ii-n1","209":"product_cat-2003-2010-opel-combo-m1","210":"product_cat-2003-2010-ford-kuga","211":"product_cat-2003-2010-volvo-v40","212":"product_cat-2003-2010-renault-espace","213":"product_cat-2003-2010-mercedes-citan-m1-5-fori","214":"product_cat-2003-2010-fiat-doblo-m1","215":"product_cat-2003-2010-toyota-proace-city-n1","216":"product_cat-2003-2010-opel-combo-n1","217":"product_cat-2003-2010-ford-tourneo-courier-m1","218":"product_cat-2003-2010-volvo-v50","219":"product_cat-2003-2010-renault-kangoo-express-m1","220":"product_cat-2003-2010-mercedes-citan-n1-5-fori","221":"product_cat-2003-2010-fiat-doblo-n1","222":"product_cat-2003-2010-toyota-proace-city-verso-m1","223":"product_cat-2004-2012-peugeot-rifter-partner-n1","224":"product_cat-2004-2012-ford-transit-tourneo-connect-m1","225":"product_cat-2004-2012-citroen-ds-berlingo-m1","226":"product_cat-2004-2012-renault-kangoo-ii-m1","227":"product_cat-2004-2012-nissan-nv250-n1","228":"product_cat-2004-2012-ford-focus","229":"product_cat-2004-2012-volvo-s40","230":"product_cat-2004-2012-peugeot-rifter-m1","231":"product_cat-2004-2012-ford-transit-tourneo-connect-n1","232":"product_cat-2004-2012-citroen-ds-berlingo-n1","233":"product_cat-2004-2012-renault-kangoo-ii-n1","234":"product_cat-2004-2012-opel-combo-m1","235":"product_cat-2004-2012-ford-kuga","236":"product_cat-2004-2012-volvo-v40","237":"product_cat-2004-2012-renault-espace","238":"product_cat-2004-2012-mercedes-citan-m1-5-fori","239":"product_cat-2004-2012-fiat-doblo-m1","240":"product_cat-2004-2012-toyota-proace-city-n1","241":"product_cat-2004-2012-opel-combo-n1","242":"product_cat-2004-2012-ford-tourneo-courier-m1","243":"product_cat-2004-2012-volvo-v50","244":"product_cat-2004-2012-renault-kangoo-express-m1","245":"product_cat-2004-2012-mercedes-citan-n1-5-fori","246":"product_cat-2004-2012-fiat-doblo-n1","247":"product_cat-2004-2012-toyota-proace-city-verso-m1","248":"product_cat-2004-2012-peugeot-308","249":"product_cat-2004-2012-ford-transit-courier-n1","250":"product_cat-2004-2012-renault-kangoo-express-n1","251":"product_cat-2004-2012-nissan-nv250-m1","252":"product_cat-2004-2012-ford-c-max","253":"product_cat-2004-2012-volvo-c30","254":"product_cat-2005-2013-peugeot-rifter-m1","255":"product_cat-2005-2013-ford-transit-tourneo-connect-n1","256":"product_cat-2005-2013-citroen-ds-berlingo-n1","257":"product_cat-2005-2013-renault-kangoo-ii-n1","258":"product_cat-2005-2013-opel-combo-m1","259":"product_cat-2005-2013-ford-kuga","260":"product_cat-2005-2013-volvo-v40","261":"product_cat-2005-2013-renault-espace","262":"product_cat-2005-2013-mercedes-citan-m1-5-fori","263":"product_cat-2005-2013-fiat-doblo-m1","264":"product_cat-2005-2013-toyota-proace-city-n1","265":"product_cat-2005-2013-opel-combo-n1","266":"product_cat-2005-2013-ford-tourneo-courier-m1","267":"product_cat-2005-2013-volvo-v50","268":"product_cat-2005-2013-renault-kangoo-express-m1","269":"product_cat-2005-2013-mercedes-citan-n1-5-fori","270":"product_cat-2005-2013-fiat-doblo-n1","271":"product_cat-2005-2013-toyota-proace-city-verso-m1","272":"product_cat-2005-2013-peugeot-308","273":"product_cat-2005-2013-ford-transit-courier-n1","274":"product_cat-2005-2013-renault-kangoo-express-n1","275":"product_cat-2005-2013-nissan-nv250-m1","276":"product_cat-2005-2013-ford-c-max","277":"product_cat-2005-2013-volvo-c30","278":"product_cat-2005-2013-peugeot-rifter-partner-n1","279":"product_cat-2005-2013-ford-transit-tourneo-connect-m1","280":"product_cat-2005-2013-citroen-ds-berlingo-m1","281":"product_cat-2005-2013-renault-kangoo-ii-m1","282":"product_cat-2005-2013-nissan-nv250-n1","283":"product_cat-2005-2013-ford-focus","284":"product_cat-2005-2013-volvo-s40","285":"product_cat-2006-2012-renault-espace","286":"product_cat-2006-2012-mercedes-citan-m1-5-fori","287":"product_cat-2006-2012-fiat-doblo-m1","288":"product_cat-2006-2012-toyota-proace-city-n1","289":"product_cat-2006-2012-opel-combo-n1","290":"product_cat-2006-2012-ford-tourneo-courier-m1","291":"product_cat-2006-2012-volvo-v50","292":"product_cat-2006-2012-renault-kangoo-express-m1","293":"product_cat-2006-2012-mercedes-citan-n1-5-fori","294":"product_cat-2006-2012-fiat-doblo-n1","295":"product_cat-2006-2012-toyota-proace-city-verso-m1","296":"product_cat-2006-2012-peugeot-308","297":"product_cat-2006-2012-ford-transit-courier-n1","298":"product_cat-2006-2012-renault-kangoo-express-n1","299":"product_cat-2006-2012-nissan-nv250-m1","300":"product_cat-2006-2012-ford-c-max","301":"product_cat-2006-2012-volvo-c30","302":"product_cat-2006-2012-peugeot-rifter-partner-n1","303":"product_cat-2006-2012-ford-transit-tourneo-connect-m1","304":"product_cat-2006-2012-citroen-ds-berlingo-m1","305":"product_cat-2006-2012-renault-kangoo-ii-m1","306":"product_cat-2006-2012-nissan-nv250-n1","307":"product_cat-2006-2012-ford-focus","308":"product_cat-2006-2012-volvo-s40","309":"product_cat-2006-2012-peugeot-rifter-m1","310":"product_cat-2006-2012-ford-transit-tourneo-connect-n1","311":"product_cat-2006-2012-citroen-ds-berlingo-n1","312":"product_cat-2006-2012-renault-kangoo-ii-n1","313":"product_cat-2006-2012-opel-combo-m1","314":"product_cat-2006-2012-ford-kuga","315":"product_cat-2006-2012-volvo-v40","316":"product_cat-2008-2020-volvo-v50","317":"product_cat-2008-2020-opel-combo-n1","318":"product_cat-2008-2020-mercedes-citan-n1-5-fori","319":"product_cat-2008-2020-fiat-doblo-n1","320":"product_cat-2008-2020-toyota-proace-city-verso-m1","321":"product_cat-2008-2020-renault-kangoo-express-n1","322":"product_cat-2008-2020-ford-transit-courier-n1","323":"product_cat-2008-2020-peugeot-308","324":"product_cat-2008-2020-nissan-nv250-m1","325":"product_cat-2008-2020-ford-c-max","326":"product_cat-2008-2020-volvo-c30","327":"product_cat-2008-2020-renault-kangoo-ii-m1","328":"product_cat-2008-2020-ford-transit-tourneo-connect-m1","329":"product_cat-2008-2020-citroen-ds-berlingo-m1","330":"product_cat-2008-2020-peugeot-rifter-partner-n1","331":"product_cat-2008-2020-nissan-nv250-n1","332":"product_cat-2008-2020-ford-focus","333":"product_cat-2008-2020-volvo-s40","334":"product_cat-2008-2020-ford-transit-tourneo-connect-n1","335":"product_cat-2008-2020-renault-kangoo-ii-n1","336":"product_cat-2008-2020-citroen-ds-berlingo-n1","337":"product_cat-2008-2020-peugeot-rifter-m1","338":"product_cat-2008-2020-renault-espace","339":"product_cat-2008-2020-ford-kuga","340":"product_cat-2008-2020-volvo-v40","341":"product_cat-2008-2020-opel-combo-m1","342":"product_cat-2008-2020","343":"product_cat-2008-2020-fiat-doblo-m1","344":"product_cat-2008-2020-toyota-proace-city-n1","345":"product_cat-2008-2020-renault-kangoo-express-m1","346":"product_cat-2008-2020-ford-tourneo-courier-m1","347":"product_cat-2011-2017-renault-kangoo-express-n1","348":"product_cat-2011-2017-nissan-nv250-m1","349":"product_cat-2011-2017-ford-c-max","350":"product_cat-2011-2017-volvo-c30","351":"product_cat-2011-2017-peugeot-rifter-partner-n1","352":"product_cat-2011-2017-ford-transit-tourneo-connect-m1","353":"product_cat-2011-2017","354":"product_cat-2011-2017-renault-kangoo-ii-m1","355":"product_cat-2011-2017-nissan-nv250-n1","356":"product_cat-2011-2017-ford-focus","357":"product_cat-2011-2017-volvo-s40","358":"product_cat-2011-2017-peugeot-rifter-m1","359":"product_cat-2011-2017-ford-transit-tourneo-connect-n1","360":"product_cat-2011-2017-citroen-ds-berlingo-n1","361":"product_cat-2011-2017-renault-kangoo-ii-n1","362":"product_cat-2011-2017-opel-combo-m1","363":"product_cat-2011-2017-ford-kuga","364":"product_cat-2011-2017-volvo-v40","365":"product_cat-2011-2017-renault-espace","366":"product_cat-2011-2017-mercedes-citan-m1-5-fori","367":"product_cat-2011-2017-fiat-doblo-m1","368":"product_cat-2011-2017-toyota-proace-city-n1","369":"product_cat-2011-2017-opel-combo-n1","370":"product_cat-2011-2017-ford-tourneo-courier-m1","371":"product_cat-2011-2017-volvo-v50","372":"product_cat-2011-2017-renault-kangoo-express-m1","373":"product_cat-2011-2017-mercedes-citan-n1-5-fori","374":"product_cat-2011-2017-fiat-doblo-n1","375":"product_cat-2011-2017-toyota-proace-city-verso-m1","376":"product_cat-2011-2017-peugeot-308","377":"product_cat-2011-2017-ford-transit-courier-n1","378":"product_cat-2013-2017-toyota-prius-iv-plugin-hybrid","379":"product_cat-2013-2017-toyota-verso-s","380":"product_cat-2014-2019-subaru-forester","381":"product_cat-2014-2019-subaru-outback-legacy","382":"product_cat-2014-2019-subaru-trezia","383":"product_cat-2014-2019-rover-75","384":"product_cat-citroen-ds-berlingo-m1","385":"product_cat-citroen-ds-berlingo-n1","386":"product_cat-fiat-doblo-m1","387":"product_cat-fiat-doblo-n1","388":"product_cat-ford-c-max","389":"product_cat-ford-focus","390":"product_cat-ford-kuga","391":"product_cat-ford-tourneo-courier-m1","392":"product_cat-ford-transit-courier-n1","393":"product_cat-ford-transit-tourneo-connect-m1","394":"product_cat-ford-transit-tourneo-connect-n1","395":"product_cat-jantes","396":"product_cat-mercedes-citan-m1-5-fori","397":"product_cat-mercedes-citan-n1-5-fori","398":"product_cat-nissan-nv250-m1","399":"product_cat-nissan-nv250-n1","400":"product_cat-opel-combo-m1","401":"product_cat-opel-combo-n1","402":"product_cat-peugeot-308","403":"product_cat-peugeot-rifter-partner-n1","404":"product_cat-peugeot-rifter-m1","405":"product_cat-renault-espace","406":"product_cat-renault-kangoo-express-m1","407":"product_cat-renault-kangoo-express-n1","408":"product_cat-renault-kangoo-ii-m1","409":"product_cat-renault-kangoo-ii-n1","410":"product_cat-toyota-proace-city-n1","411":"product_cat-toyota-proace-city-verso-m1","412":"product_cat-volvo-c30","413":"product_cat-volvo-s40","414":"product_cat-volvo-v40","415":"product_cat-volvo-v50","417":"first","418":"instock","419":"purchasable","420":"product-type-simple"},"acf":[],"_links":{"self":[{"href":"https:\/\/altaroda.es\/en\/wp-json\/wp\/v2\/product\/5127","targetHints":{"allow":["GET"]}}],"collection":[{"href":"https:\/\/altaroda.es\/en\/wp-json\/wp\/v2\/product"}],"about":[{"href":"https:\/\/altaroda.es\/en\/wp-json\/wp\/v2\/types\/product"}],"replies":[{"embeddable":true,"href":"https:\/\/altaroda.es\/en\/wp-json\/wp\/v2\/comments?post=5127"}],"version-history":[{"count":1,"href":"https:\/\/altaroda.es\/en\/wp-json\/wp\/v2\/product\/5127\/revisions"}],"predecessor-version":[{"id":5128,"href":"https:\/\/altaroda.es\/en\/wp-json\/wp\/v2\/product\/5127\/revisions\/5128"}],"wp:featuredmedia":[{"embeddable":true,"href":"https:\/\/altaroda.es\/en\/wp-json\/wp\/v2\/media\/5129"}],"wp:attachment":[{"href":"https:\/\/altaroda.es\/en\/wp-json\/wp\/v2\/media?parent=5127"}],"wp:term":[{"taxonomy":"product_brand","embeddable":true,"href":"https:\/\/altaroda.es\/en\/wp-json\/wp\/v2\/product_brand?post=5127"},{"taxonomy":"product_cat","embeddable":true,"href":"https:\/\/altaroda.es\/en\/wp-json\/wp\/v2\/product_cat?post=5127"},{"taxonomy":"product_tag","embeddable":true,"href":"https:\/\/altaroda.es\/en\/wp-json\/wp\/v2\/product_tag?post=5127"}],"curies":[{"name":"wp","href":"https:\/\/api.w.org\/{rel}","templated":true}]}}