{"id":5117,"date":"2025-06-08T13:39:02","date_gmt":"2025-06-08T13:39:02","guid":{"rendered":"https:\/\/altaroda.es\/product\/koln-18-gloss-black-2\/"},"modified":"2025-06-08T13:39:14","modified_gmt":"2025-06-08T13:39:14","slug":"koln-18-gloss-black-2","status":"publish","type":"product","link":"https:\/\/altaroda.es\/en\/product\/koln-18-gloss-black-2\/","title":{"rendered":"KOLN 18 GLOSS BLACK"},"content":{"rendered":"<p>8J18 KOLN\/WS1X ET25 5112 66,45 GLBLO.E. (AUDI) Compat\u00edvel com tampa central Pe\u00e7a Nr.. 4B0601170A &#8211; PARA RODAS HOMOLOGADAS VERIFIQUE OS DOCUMENTOS TUV-NADCertifica\u00e7\u00f5es: HI8080 WS1X-66,45-A13Notas:<br \/>\n                     &#8211; Pre\u00e7o unit\u00e1rio;<br \/>\n                     &#8211; IVA \u00e0 taxa em vigor inclu\u00eddo no pre\u00e7o;<br \/>\n                     &#8211; Limitado ao stock existente;<br \/>\n                     &#8211; Disponibilidade e pre\u00e7o carece de re-confirma\u00e7\u00e3o.<\/p>","protected":false},"excerpt":{"rendered":"<p>8J18 KOLN\/WS1X ET25 5112 66,45 GLBLO.E. (AUDI) Compat\u00edvel com tampa central Pe\u00e7a Nr.. 4B0601170A &#8211; PARA RODAS HOMOLOGADAS VERIFIQUE OS DOCUMENTOS TUV-NADCertifica\u00e7\u00f5es: HI8080 WS1X-66,45-A13Notas:<br \/>\n                     &#8211; Pre\u00e7o unit\u00e1rio;<br \/>\n                     &#8211; IVA \u00e0 taxa em vigor inclu\u00eddo no pre\u00e7o;<br \/>\n                     &#8211; Limitado ao stock existente;<br \/>\n                     &#8211; Disponibilidade e pre\u00e7o carece de re-confirma\u00e7\u00e3o.<\/p>","protected":false},"featured_media":0,"comment_status":"closed","ping_status":"open","template":"","meta":{"_acf_changed":false},"product_brand":[],"product_cat":[5486,5477,5484,5491,5482,5489,5480,5492,5487,5478,5485,5476,5483,5490,5481,5488,5479,5499,5498,5497,5506,5496,5503,5494,5502,5493,5507,5501,5505,5500,5495,5504,5521,5508,5510,5518,5515,5512,5520,5517,5514,5522,5511,5509,5519,5516,5513,5536,5526,5523,5527,5524,5538,5528,5529,5534,5530,5539,5535,5531,5537,5525,5532,5533,5546,5547,5549,5553,5551,5542,5545,5548,5550,5543,5552,5540,5544,5554,5541,5565,5556,5563,5561,5568,5559,5566,5557,5564,5555,5562,5569,5560,5567,5558,2016,2021,2017,2018,5461,5462,5463,5464,5465,5466,5467,5468,5469,5470,5471,5472,5473,5474,635,5475],"product_tag":[],"class_list":{"0":"post-5117","1":"product","2":"type-product","3":"status-publish","5":"product_cat-06-2007-09-2016-audi-q7","6":"product_cat-06-2007-09-2016-audi-a5","7":"product_cat-06-2007-09-2016-audi-q5-hybrid","8":"product_cat-06-2007-09-2016-audi-s5-coupe-sportback-cabrio-2","9":"product_cat-06-2007-09-2016-audi-a8","10":"product_cat-06-2007-09-2016-audi-s5-coupe-sportback-cabrio","11":"product_cat-06-2007-09-2016-audi-a6","12":"product_cat-06-2007-09-2016-volkswagen-touareg-2","13":"product_cat-06-2007-09-2016-audi-s4","14":"product_cat-06-2007-09-2016-audi-a5-cabriolet","15":"product_cat-06-2007-09-2016-audi-q5-sportback","16":"product_cat-06-2007-09-2016","17":"product_cat-06-2007-09-2016-audi-q5","18":"product_cat-06-2007-09-2016-volkswagen-touareg","19":"product_cat-06-2007-09-2016-audi-a7-sportback","20":"product_cat-06-2007-09-2016-audi-s5","21":"product_cat-06-2007-09-2016-audi-a5-coupe-a5-sportback","22":"product_cat-06-2009-10-2015-audi-a8","23":"product_cat-06-2009-10-2015-audi-a7-sportback","24":"product_cat-06-2009-10-2015-audi-a6","25":"product_cat-06-2009-10-2015-audi-s5-coupe-sportback-cabrio","26":"product_cat-06-2009-10-2015-audi-a5-coupe-a5-sportback","27":"product_cat-06-2009-10-2015-audi-q7","28":"product_cat-06-2009-10-2015-audi-a5","29":"product_cat-06-2009-10-2015-audi-q5-sportback","30":"product_cat-06-2009-10-2015","31":"product_cat-06-2009-10-2015-volkswagen-touareg","32":"product_cat-06-2009-10-2015-audi-q5-hybrid","33":"product_cat-06-2009-10-2015-audi-s5","34":"product_cat-06-2009-10-2015-audi-q5","35":"product_cat-06-2009-10-2015-audi-a5-cabriolet","36":"product_cat-06-2009-10-2015-audi-s4","37":"product_cat-06-2015-audi-s5-coupe-sportback-cabrio","38":"product_cat-06-2015","39":"product_cat-06-2015-audi-a5-cabriolet","40":"product_cat-06-2015-audi-q7","41":"product_cat-06-2015-audi-q5","42":"product_cat-06-2015-audi-a6","43":"product_cat-06-2015-audi-s5","44":"product_cat-06-2015-audi-q5-sportback","45":"product_cat-06-2015-audi-a8","46":"product_cat-06-2015-volkswagen-touareg","47":"product_cat-06-2015-audi-a5-coupe-a5-sportback","48":"product_cat-06-2015-audi-a5","49":"product_cat-06-2015-audi-s4","50":"product_cat-06-2015-audi-q5-hybrid","51":"product_cat-06-2015-audi-a7-sportback","52":"product_cat-10-2016-audi-s5-coupe-sportback-cabrio","53":"product_cat-10-2016-audi-a5-coupe-a5-sportback","54":"product_cat-10-2016-audi-a4-allroad","55":"product_cat-10-2016-audi-a6","56":"product_cat-10-2016-audi-a5","57":"product_cat-10-2016-audi-s5-coupe-sportback-cabrio-2","58":"product_cat-10-2016-audi-a7-sportback","59":"product_cat-10-2016-audi-a8","60":"product_cat-10-2016-audi-s4","61":"product_cat-10-2016-audi-q5","62":"product_cat-10-2016-volkswagen-touareg-2","63":"product_cat-10-2016-audi-s5","64":"product_cat-10-2016-audi-q5-hybrid","65":"product_cat-10-2016-volkswagen-touareg","66":"product_cat-10-2016-audi-a5-cabriolet","67":"product_cat-10-2016-audi-q5-sportback","68":"product_cat-10-2016-audi-q7","69":"product_cat-11-2008-2016-audi-a8","70":"product_cat-11-2008-2016-audi-q5","71":"product_cat-11-2008-2016-audi-q5-sportback","72":"product_cat-11-2008-2016-audi-s5-coupe-sportback-cabrio","73":"product_cat-11-2008-2016-audi-s4","74":"product_cat-11-2008-2016-audi-a5-cabriolet","75":"product_cat-11-2008-2016-audi-a7-sportback","76":"product_cat-11-2008-2016-audi-q5-hybrid","77":"product_cat-11-2008-2016-audi-q7","78":"product_cat-11-2008-2016-audi-a5-coupe-a5-sportback","79":"product_cat-11-2008-2016-audi-s5","80":"product_cat-11-2008-2016","81":"product_cat-11-2008-2016-audi-a6","82":"product_cat-11-2008-2016-volkswagen-touareg","83":"product_cat-11-2008-2016-audi-a5","84":"product_cat-2009-09-2016-audi-q7","85":"product_cat-2009-09-2016-audi-a5","86":"product_cat-2009-09-2016-audi-q5-hybrid","87":"product_cat-2009-09-2016-audi-a8","88":"product_cat-2009-09-2016-audi-s5-coupe-sportback-cabrio","89":"product_cat-2009-09-2016-audi-a6","90":"product_cat-2009-09-2016-audi-s4","91":"product_cat-2009-09-2016-audi-a5-cabriolet","92":"product_cat-2009-09-2016-audi-q5-sportback","93":"product_cat-2009-09-2016","94":"product_cat-2009-09-2016-audi-q5","95":"product_cat-2009-09-2016-volkswagen-touareg","96":"product_cat-2009-09-2016-audi-a7-sportback","97":"product_cat-2009-09-2016-audi-s5","98":"product_cat-2009-09-2016-audi-a5-coupe-a5-sportback","99":"product_cat-2014-2019-chrysler-stratus-cabrio","100":"product_cat-2014-2019-subaru-impreza","101":"product_cat-2014-2019-lexus-ct-200h","102":"product_cat-2014-2019-rover-75","103":"product_cat-audi-a4-allroad","104":"product_cat-audi-a5","105":"product_cat-audi-a5-cabriolet","106":"product_cat-audi-a5-coupe-a5-sportback","107":"product_cat-audi-a6","108":"product_cat-audi-a7-sportback","109":"product_cat-audi-a8","110":"product_cat-audi-q5","111":"product_cat-audi-q5-hybrid","112":"product_cat-audi-q5-sportback","113":"product_cat-audi-q7","114":"product_cat-audi-s4","115":"product_cat-audi-s5","116":"product_cat-audi-s5-coupe-sportback-cabrio","117":"product_cat-jantes","118":"product_cat-volkswagen-touareg","120":"first","121":"instock","122":"purchasable","123":"product-type-simple"},"acf":[],"_links":{"self":[{"href":"https:\/\/altaroda.es\/en\/wp-json\/wp\/v2\/product\/5117","targetHints":{"allow":["GET"]}}],"collection":[{"href":"https:\/\/altaroda.es\/en\/wp-json\/wp\/v2\/product"}],"about":[{"href":"https:\/\/altaroda.es\/en\/wp-json\/wp\/v2\/types\/product"}],"replies":[{"embeddable":true,"href":"https:\/\/altaroda.es\/en\/wp-json\/wp\/v2\/comments?post=5117"}],"version-history":[{"count":1,"href":"https:\/\/altaroda.es\/en\/wp-json\/wp\/v2\/product\/5117\/revisions"}],"predecessor-version":[{"id":5118,"href":"https:\/\/altaroda.es\/en\/wp-json\/wp\/v2\/product\/5117\/revisions\/5118"}],"wp:attachment":[{"href":"https:\/\/altaroda.es\/en\/wp-json\/wp\/v2\/media?parent=5117"}],"wp:term":[{"taxonomy":"product_brand","embeddable":true,"href":"https:\/\/altaroda.es\/en\/wp-json\/wp\/v2\/product_brand?post=5117"},{"taxonomy":"product_cat","embeddable":true,"href":"https:\/\/altaroda.es\/en\/wp-json\/wp\/v2\/product_cat?post=5117"},{"taxonomy":"product_tag","embeddable":true,"href":"https:\/\/altaroda.es\/en\/wp-json\/wp\/v2\/product_tag?post=5117"}],"curies":[{"name":"wp","href":"https:\/\/api.w.org\/{rel}","templated":true}]}}