{"id":5114,"date":"2025-06-08T13:39:02","date_gmt":"2025-06-08T13:39:02","guid":{"rendered":"https:\/\/altaroda.es\/product\/zenith-14-light-titan-2\/"},"modified":"2025-06-08T13:39:13","modified_gmt":"2025-06-08T13:39:13","slug":"zenith-14-light-titan-2","status":"publish","type":"product","link":"https:\/\/altaroda.es\/en\/product\/zenith-14-light-titan-2\/","title":{"rendered":"ZENITH 14 LIGHT TITAN"},"content":{"rendered":"<p>5,5J14 ZENITH\/P ET35 5X100 RS72 LITNotas:<br \/>\n                     &#8211; Pre\u00e7o unit\u00e1rio;<br \/>\n                     &#8211; IVA \u00e0 taxa em vigor inclu\u00eddo no pre\u00e7o;<br \/>\n                     &#8211; Limitado ao stock existente;<br \/>\n                     &#8211; Disponibilidade e pre\u00e7o carece de re-confirma\u00e7\u00e3o.<\/p>","protected":false},"excerpt":{"rendered":"<p>5,5J14 ZENITH\/P ET35 5X100 RS72 LITNotas:<br \/>\n                     &#8211; Pre\u00e7o unit\u00e1rio;<br \/>\n                     &#8211; IVA \u00e0 taxa em vigor inclu\u00eddo no pre\u00e7o;<br \/>\n                     &#8211; Limitado ao stock existente;<br \/>\n                     &#8211; Disponibilidade e pre\u00e7o carece de re-confirma\u00e7\u00e3o.<\/p>","protected":false},"featured_media":5116,"comment_status":"closed","ping_status":"open","template":"","meta":{"_acf_changed":false},"product_brand":[],"product_cat":[2593,2607,2598,2603,2594,2608,2599,2604,2595,2609,2600,2605,2596,2610,2601,5249,2606,2597,2602,2643,2634,2639,2630,2644,2635,2640,2631,4481,2645,2636,2641,2632,2646,2637,2642,2633,2638,2629,2657,2648,2662,2653,2658,2649,2663,2654,2659,2650,2664,2655,2660,2651,5446,2656,2647,2661,2652,5456,5447,5282,5452,5291,5448,5284,5453,5449,5286,3293,5454,5450,5287,3294,5455,5451,5290,3295,2719,2710,2724,2715,2720,5457,2711,2725,2716,2721,2712,2726,2717,2722,2713,2718,2709,2723,2714,2742,2733,2738,2729,2743,2734,5343,2739,2730,2744,2735,2740,2731,2736,2727,2741,2732,2737,2728,2769,2774,2765,2779,2770,2775,2766,2780,5458,2771,2776,2767,2772,2763,2777,2768,2773,2764,2778,2792,2783,2797,2788,2793,2784,2798,2789,2794,2785,2790,4500,2781,2795,2786,2791,2782,2796,2787,2801,2815,2806,2811,2802,2816,2807,2812,2803,2808,2799,2813,2804,5459,2809,2800,2814,2805,2810,2833,2824,2829,2820,2834,2825,2830,2821,2826,2817,2831,5418,2822,2827,2818,2832,2823,2828,2819,2847,2838,2852,2843,2848,2839,2844,2835,2849,2840,2845,2836,2850,2841,2846,5460,2837,2851,2842,2883,2874,2888,2879,3300,2884,2875,2880,2871,2885,2876,2881,2872,2886,2877,2882,2873,2887,2878,2008,1997,2005,2013,2017,2021,635,2575,2576,2577,2578,2579,2580,2581,2582,2583,2584,2585,2586,2587,2588,2589,2590,2591,3288,2592],"product_tag":[],"class_list":{"0":"post-5114","1":"product","2":"type-product","3":"status-publish","4":"has-post-thumbnail","6":"product_cat-06-2009-2016","7":"product_cat-06-2009-2016-volkswagen-golf-iv","8":"product_cat-06-2009-2016-skoda-rapid","9":"product_cat-06-2009-2016-toyota-carina-ii","10":"product_cat-06-2009-2016-seat-ibiza","11":"product_cat-06-2009-2016-volkswagen-polo","12":"product_cat-06-2009-2016-skoda-roomster","13":"product_cat-06-2009-2016-toyota-celica","14":"product_cat-06-2009-2016-seat-toledo","15":"product_cat-06-2009-2016-volkswagen-polo-v-serie","16":"product_cat-06-2009-2016-skoda-roomster-scout","17":"product_cat-06-2009-2016-volkswagen-bora","18":"product_cat-06-2009-2016-skoda-fabia","19":"product_cat-06-2009-2016-volkswagen-polo-crossv-serie","20":"product_cat-06-2009-2016-toyota-avensis","21":"product_cat-06-2009-2016-volkswagen-polo-vi-serie","22":"product_cat-06-2009-2016-volkswagen-fox","23":"product_cat-06-2009-2016-skoda-praktik","24":"product_cat-06-2009-2016-toyota-carina-e","25":"product_cat-07-2008-2016-volkswagen-golf-iv","26":"product_cat-07-2008-2016-skoda-rapid","27":"product_cat-07-2008-2016-toyota-carina-ii","28":"product_cat-07-2008-2016-seat-ibiza","29":"product_cat-07-2008-2016-volkswagen-polo","30":"product_cat-07-2008-2016-skoda-roomster","31":"product_cat-07-2008-2016-toyota-celica","32":"product_cat-07-2008-2016-seat-toledo","33":"product_cat-07-2008-2016-volkswagen-polo-vi-serie","34":"product_cat-07-2008-2016-volkswagen-polo-v-serie","35":"product_cat-07-2008-2016-skoda-roomster-scout","36":"product_cat-07-2008-2016-volkswagen-bora","37":"product_cat-07-2008-2016-skoda-fabia","38":"product_cat-07-2008-2016-volkswagen-polo-crossv-serie","39":"product_cat-07-2008-2016-toyota-avensis","40":"product_cat-07-2008-2016-volkswagen-fox","41":"product_cat-07-2008-2016-skoda-praktik","42":"product_cat-07-2008-2016-toyota-carina-e","43":"product_cat-07-2008-2016","44":"product_cat-09-2006-toyota-carina-ii","45":"product_cat-09-2006-seat-ibiza","46":"product_cat-09-2006-volkswagen-polo","47":"product_cat-09-2006-skoda-roomster","48":"product_cat-09-2006-toyota-celica","49":"product_cat-09-2006-seat-toledo","50":"product_cat-09-2006-volkswagen-polo-v-serie","51":"product_cat-09-2006-skoda-roomster-scout","52":"product_cat-09-2006-volkswagen-bora","53":"product_cat-09-2006-skoda-fabia","54":"product_cat-09-2006-volkswagen-polo-crossv-serie","55":"product_cat-09-2006-toyota-avensis","56":"product_cat-09-2006-volkswagen-fox","57":"product_cat-09-2006-skoda-praktik","58":"product_cat-09-2006-volkswagen-polo-vi-serie","59":"product_cat-09-2006-toyota-carina-e","60":"product_cat-09-2006","61":"product_cat-09-2006-volkswagen-golf-iv","62":"product_cat-09-2006-skoda-rapid","63":"product_cat-10-2017-volkswagen-polo","64":"product_cat-10-2017-skoda-praktik","65":"product_cat-10-2017-seat-cordoba","66":"product_cat-10-2017-toyota-carina-e","67":"product_cat-10-2017-volkswagen-polo-crossv-serie","68":"product_cat-10-2017-skoda-rapid","69":"product_cat-10-2017-seat-toledo","70":"product_cat-10-2017-toyota-carina-ii","71":"product_cat-10-2017-skoda-roomster","72":"product_cat-10-2017-volkswagen-bora","73":"product_cat-10-2017-seat-ibiza","74":"product_cat-10-2017-toyota-celica","75":"product_cat-10-2017-skoda-roomster-scout","76":"product_cat-10-2017-volkswagen-golf-iv","77":"product_cat-10-2017-skoda-fabia","78":"product_cat-10-2017-volkswagen-fox","79":"product_cat-10-2017-toyota-avensis","80":"product_cat-10-2017-volkswagen-polo-v-serie","81":"product_cat-10-2017-volkswagen-polo-vi-serie","82":"product_cat-1990-2000-toyota-carina-ii","83":"product_cat-1990-2000-seat-ibiza","84":"product_cat-1990-2000-volkswagen-polo","85":"product_cat-1990-2000-skoda-roomster","86":"product_cat-1990-2000-toyota-celica","87":"product_cat-1990-2000-volkswagen-polo-vi-serie","88":"product_cat-1990-2000-seat-toledo","89":"product_cat-1990-2000-volkswagen-polo-v-serie","90":"product_cat-1990-2000-skoda-roomster-scout","91":"product_cat-1990-2000-volkswagen-bora","92":"product_cat-1990-2000-skoda-fabia","93":"product_cat-1990-2000-volkswagen-polo-crossv-serie","94":"product_cat-1990-2000-toyota-avensis","95":"product_cat-1990-2000-volkswagen-fox","96":"product_cat-1990-2000-skoda-praktik","97":"product_cat-1990-2000-toyota-carina-e","98":"product_cat-1990-2000","99":"product_cat-1990-2000-volkswagen-golf-iv","100":"product_cat-1990-2000-skoda-rapid","101":"product_cat-1997-2002-volkswagen-polo","102":"product_cat-1997-2002-skoda-roomster","103":"product_cat-1997-2002-toyota-celica","104":"product_cat-1997-2002-seat-toledo","105":"product_cat-1997-2002-volkswagen-polo-v-serie","106":"product_cat-1997-2002-skoda-roomster-scout","107":"product_cat-1997-2002-volkswagen-polo-vi-serie","108":"product_cat-1997-2002-volkswagen-bora","109":"product_cat-1997-2002-skoda-fabia","110":"product_cat-1997-2002-volkswagen-polo-crossv-serie","111":"product_cat-1997-2002-toyota-avensis","112":"product_cat-1997-2002-volkswagen-fox","113":"product_cat-1997-2002-skoda-praktik","114":"product_cat-1997-2002-toyota-carina-e","115":"product_cat-1997-2002","116":"product_cat-1997-2002-volkswagen-golf-iv","117":"product_cat-1997-2002-skoda-rapid","118":"product_cat-1997-2002-toyota-carina-ii","119":"product_cat-1997-2002-seat-ibiza","120":"product_cat-2000-2006-skoda-roomster","121":"product_cat-2000-2006-toyota-celica","122":"product_cat-2000-2006-seat-toledo","123":"product_cat-2000-2006-volkswagen-polo-v-serie","124":"product_cat-2000-2006-skoda-roomster-scout","125":"product_cat-2000-2006-volkswagen-bora","126":"product_cat-2000-2006-skoda-fabia","127":"product_cat-2000-2006-volkswagen-polo-crossv-serie","128":"product_cat-2000-2006-volkswagen-polo-vi-serie","129":"product_cat-2000-2006-toyota-avensis","130":"product_cat-2000-2006-volkswagen-fox","131":"product_cat-2000-2006-skoda-praktik","132":"product_cat-2000-2006-toyota-carina-e","133":"product_cat-2000-2006","134":"product_cat-2000-2006-volkswagen-golf-iv","135":"product_cat-2000-2006-skoda-rapid","136":"product_cat-2000-2006-toyota-carina-ii","137":"product_cat-2000-2006-seat-ibiza","138":"product_cat-2000-2006-volkswagen-polo","139":"product_cat-2001-06-2008-toyota-celica","140":"product_cat-2001-06-2008-seat-toledo","141":"product_cat-2001-06-2008-volkswagen-polo-v-serie","142":"product_cat-2001-06-2008-skoda-roomster-scout","143":"product_cat-2001-06-2008-volkswagen-bora","144":"product_cat-2001-06-2008-skoda-fabia","145":"product_cat-2001-06-2008-volkswagen-polo-crossv-serie","146":"product_cat-2001-06-2008-toyota-avensis","147":"product_cat-2001-06-2008-volkswagen-fox","148":"product_cat-2001-06-2008-skoda-praktik","149":"product_cat-2001-06-2008-toyota-carina-e","150":"product_cat-2001-06-2008-volkswagen-polo-vi-serie","151":"product_cat-2001-06-2008","152":"product_cat-2001-06-2008-volkswagen-golf-iv","153":"product_cat-2001-06-2008-skoda-rapid","154":"product_cat-2001-06-2008-toyota-carina-ii","155":"product_cat-2001-06-2008-seat-ibiza","156":"product_cat-2001-06-2008-volkswagen-polo","157":"product_cat-2001-06-2008-skoda-roomster","158":"product_cat-2001-2004-seat-toledo","159":"product_cat-2001-2004-volkswagen-polo-v-serie","160":"product_cat-2001-2004-skoda-roomster-scout","161":"product_cat-2001-2004-volkswagen-bora","162":"product_cat-2001-2004-skoda-fabia","163":"product_cat-2001-2004-volkswagen-polo-crossv-serie","164":"product_cat-2001-2004-toyota-avensis","165":"product_cat-2001-2004-volkswagen-fox","166":"product_cat-2001-2004-skoda-praktik","167":"product_cat-2001-2004-toyota-carina-e","168":"product_cat-2001-2004","169":"product_cat-2001-2004-volkswagen-golf-iv","170":"product_cat-2001-2004-skoda-rapid","171":"product_cat-2001-2004-volkswagen-polo-vi-serie","172":"product_cat-2001-2004-toyota-carina-ii","173":"product_cat-2001-2004-seat-ibiza","174":"product_cat-2001-2004-volkswagen-polo","175":"product_cat-2001-2004-skoda-roomster","176":"product_cat-2001-2004-toyota-celica","177":"product_cat-2002-2008-volkswagen-polo-v-serie","178":"product_cat-2002-2008-skoda-roomster-scout","179":"product_cat-2002-2008-volkswagen-bora","180":"product_cat-2002-2008-skoda-fabia","181":"product_cat-2002-2008-volkswagen-polo-crossv-serie","182":"product_cat-2002-2008-toyota-avensis","183":"product_cat-2002-2008-volkswagen-fox","184":"product_cat-2002-2008-skoda-praktik","185":"product_cat-2002-2008-toyota-carina-e","186":"product_cat-2002-2008","187":"product_cat-2002-2008-volkswagen-golf-iv","188":"product_cat-2002-2008-volkswagen-polo-vi-serie","189":"product_cat-2002-2008-skoda-rapid","190":"product_cat-2002-2008-toyota-carina-ii","191":"product_cat-2002-2008-seat-ibiza","192":"product_cat-2002-2008-volkswagen-polo","193":"product_cat-2002-2008-skoda-roomster","194":"product_cat-2002-2008-toyota-celica","195":"product_cat-2002-2008-seat-toledo","196":"product_cat-2003-2008-volkswagen-bora","197":"product_cat-2003-2008-skoda-fabia","198":"product_cat-2003-2008-volkswagen-polo-crossv-serie","199":"product_cat-2003-2008-toyota-avensis","200":"product_cat-2003-2008-volkswagen-fox","201":"product_cat-2003-2008-skoda-praktik","202":"product_cat-2003-2008-toyota-carina-e","203":"product_cat-2003-2008","204":"product_cat-2003-2008-volkswagen-golf-iv","205":"product_cat-2003-2008-skoda-rapid","206":"product_cat-2003-2008-toyota-carina-ii","207":"product_cat-2003-2008-seat-ibiza","208":"product_cat-2003-2008-volkswagen-polo","209":"product_cat-2003-2008-skoda-roomster","210":"product_cat-2003-2008-toyota-celica","211":"product_cat-2003-2008-volkswagen-polo-vi-serie","212":"product_cat-2003-2008-seat-toledo","213":"product_cat-2003-2008-volkswagen-polo-v-serie","214":"product_cat-2003-2008-skoda-roomster-scout","215":"product_cat-2007-2020-volkswagen-bora","216":"product_cat-2007-2020-skoda-fabia","217":"product_cat-2007-2020-volkswagen-polo-crossv-serie","218":"product_cat-2007-2020-toyota-avensis","219":"product_cat-2007-2020-volkswagen-polo-vi-serie","220":"product_cat-2007-2020-volkswagen-fox","221":"product_cat-2007-2020-skoda-praktik","222":"product_cat-2007-2020-toyota-carina-e","223":"product_cat-2007-2020","224":"product_cat-2007-2020-volkswagen-golf-iv","225":"product_cat-2007-2020-skoda-rapid","226":"product_cat-2007-2020-toyota-carina-ii","227":"product_cat-2007-2020-seat-ibiza","228":"product_cat-2007-2020-volkswagen-polo","229":"product_cat-2007-2020-skoda-roomster","230":"product_cat-2007-2020-toyota-celica","231":"product_cat-2007-2020-seat-toledo","232":"product_cat-2007-2020-volkswagen-polo-v-serie","233":"product_cat-2007-2020-skoda-roomster-scout","234":"product_cat-2013-2017-volkswagen-golf-iii-vr6","235":"product_cat-2013-2017-subaru-outback-legacy","236":"product_cat-2013-2017-toyota-urban-cruiser","237":"product_cat-2014-2019-audi-s3","238":"product_cat-2014-2019-lexus-ct-200h","239":"product_cat-2014-2019-subaru-impreza","240":"product_cat-jantes","241":"product_cat-seat-cordoba","242":"product_cat-seat-ibiza","243":"product_cat-seat-toledo","244":"product_cat-skoda-fabia","245":"product_cat-skoda-praktik","246":"product_cat-skoda-rapid","247":"product_cat-skoda-roomster","248":"product_cat-skoda-roomster-scout","249":"product_cat-toyota-avensis","250":"product_cat-toyota-carina-e","251":"product_cat-toyota-carina-ii","252":"product_cat-toyota-celica","253":"product_cat-volkswagen-bora","254":"product_cat-volkswagen-fox","255":"product_cat-volkswagen-golf-iv","256":"product_cat-volkswagen-polo","257":"product_cat-volkswagen-polo-v-serie","258":"product_cat-volkswagen-polo-vi-serie","259":"product_cat-volkswagen-polo-crossv-serie","261":"first","262":"instock","263":"purchasable","264":"product-type-simple"},"acf":[],"_links":{"self":[{"href":"https:\/\/altaroda.es\/en\/wp-json\/wp\/v2\/product\/5114","targetHints":{"allow":["GET"]}}],"collection":[{"href":"https:\/\/altaroda.es\/en\/wp-json\/wp\/v2\/product"}],"about":[{"href":"https:\/\/altaroda.es\/en\/wp-json\/wp\/v2\/types\/product"}],"replies":[{"embeddable":true,"href":"https:\/\/altaroda.es\/en\/wp-json\/wp\/v2\/comments?post=5114"}],"version-history":[{"count":1,"href":"https:\/\/altaroda.es\/en\/wp-json\/wp\/v2\/product\/5114\/revisions"}],"predecessor-version":[{"id":5115,"href":"https:\/\/altaroda.es\/en\/wp-json\/wp\/v2\/product\/5114\/revisions\/5115"}],"wp:featuredmedia":[{"embeddable":true,"href":"https:\/\/altaroda.es\/en\/wp-json\/wp\/v2\/media\/5116"}],"wp:attachment":[{"href":"https:\/\/altaroda.es\/en\/wp-json\/wp\/v2\/media?parent=5114"}],"wp:term":[{"taxonomy":"product_brand","embeddable":true,"href":"https:\/\/altaroda.es\/en\/wp-json\/wp\/v2\/product_brand?post=5114"},{"taxonomy":"product_cat","embeddable":true,"href":"https:\/\/altaroda.es\/en\/wp-json\/wp\/v2\/product_cat?post=5114"},{"taxonomy":"product_tag","embeddable":true,"href":"https:\/\/altaroda.es\/en\/wp-json\/wp\/v2\/product_tag?post=5114"}],"curies":[{"name":"wp","href":"https:\/\/api.w.org\/{rel}","templated":true}]}}