{"id":5105,"date":"2025-06-08T13:39:02","date_gmt":"2025-06-08T13:39:02","guid":{"rendered":"https:\/\/altaroda.es\/product\/zenith-17-light-titan-4\/"},"modified":"2025-06-08T13:39:09","modified_gmt":"2025-06-08T13:39:09","slug":"zenith-17-light-titan-4","status":"publish","type":"product","link":"https:\/\/altaroda.es\/en\/product\/zenith-17-light-titan-4\/","title":{"rendered":"ZENITH 17 LIGHT TITAN"},"content":{"rendered":"<p>7J17 ZENI\/C2YX ET40 5X127 71,6 LITIPARA RODAS HOMOLOGADAS VERIFIQUE OS DOCUMENTOS TUV-NADCertifica\u00e7\u00f5es: ZH7070 C2YX-71,6-A46Notas:<br \/>\n                     &#8211; Pre\u00e7o unit\u00e1rio;<br \/>\n                     &#8211; IVA \u00e0 taxa em vigor inclu\u00eddo no pre\u00e7o;<br \/>\n                     &#8211; Limitado ao stock existente;<br \/>\n                     &#8211; Disponibilidade e pre\u00e7o carece de re-confirma\u00e7\u00e3o.<\/p>","protected":false},"excerpt":{"rendered":"<p>7J17 ZENI\/C2YX ET40 5X127 71,6 LITIPARA RODAS HOMOLOGADAS VERIFIQUE OS DOCUMENTOS TUV-NADCertifica\u00e7\u00f5es: ZH7070 C2YX-71,6-A46Notas:<br \/>\n                     &#8211; Pre\u00e7o unit\u00e1rio;<br \/>\n                     &#8211; IVA \u00e0 taxa em vigor inclu\u00eddo no pre\u00e7o;<br \/>\n                     &#8211; Limitado ao stock existente;<br \/>\n                     &#8211; Disponibilidade e pre\u00e7o carece de re-confirma\u00e7\u00e3o.<\/p>","protected":false},"featured_media":5107,"comment_status":"closed","ping_status":"open","template":"","meta":{"_acf_changed":false},"product_brand":[],"product_cat":[5210,5211,5212,5213,5214,5215,5216,5217,5219,5220,5221,5218,5223,5224,5225,5222,5228,5229,5226,5227,5232,5233,5230,5231,2008,5206,5207,5208,635,5209],"product_tag":[],"class_list":{"0":"post-5105","1":"product","2":"type-product","3":"status-publish","4":"has-post-thumbnail","6":"product_cat-06-2011","7":"product_cat-06-2011-dodge-journey","8":"product_cat-06-2011-fiat-freemont","9":"product_cat-06-2011-lancia-grand-voyager","10":"product_cat-06-2011-2016","11":"product_cat-06-2011-2016-dodge-journey","12":"product_cat-06-2011-2016-fiat-freemont","13":"product_cat-06-2011-2016-lancia-grand-voyager","14":"product_cat-09-2008-dodge-journey","15":"product_cat-09-2008-fiat-freemont","16":"product_cat-09-2008-lancia-grand-voyager","17":"product_cat-09-2008","18":"product_cat-09-2008-2010-dodge-journey","19":"product_cat-09-2008-2010-fiat-freemont","20":"product_cat-09-2008-2010-lancia-grand-voyager","21":"product_cat-09-2008-2010","22":"product_cat-11-2011-fiat-freemont","23":"product_cat-11-2011-lancia-grand-voyager","24":"product_cat-11-2011","25":"product_cat-11-2011-dodge-journey","26":"product_cat-11-2011-2014-fiat-freemont","27":"product_cat-11-2011-2014-lancia-grand-voyager","28":"product_cat-11-2011-2014","29":"product_cat-11-2011-2014-dodge-journey","30":"product_cat-2013-2017-volkswagen-golf-iii-vr6","31":"product_cat-chrysler-grand-voyager","32":"product_cat-dodge-journey","33":"product_cat-fiat-freemont","34":"product_cat-jantes","35":"product_cat-lancia-grand-voyager","37":"first","38":"instock","39":"purchasable","40":"product-type-simple"},"acf":[],"_links":{"self":[{"href":"https:\/\/altaroda.es\/en\/wp-json\/wp\/v2\/product\/5105","targetHints":{"allow":["GET"]}}],"collection":[{"href":"https:\/\/altaroda.es\/en\/wp-json\/wp\/v2\/product"}],"about":[{"href":"https:\/\/altaroda.es\/en\/wp-json\/wp\/v2\/types\/product"}],"replies":[{"embeddable":true,"href":"https:\/\/altaroda.es\/en\/wp-json\/wp\/v2\/comments?post=5105"}],"version-history":[{"count":1,"href":"https:\/\/altaroda.es\/en\/wp-json\/wp\/v2\/product\/5105\/revisions"}],"predecessor-version":[{"id":5106,"href":"https:\/\/altaroda.es\/en\/wp-json\/wp\/v2\/product\/5105\/revisions\/5106"}],"wp:featuredmedia":[{"embeddable":true,"href":"https:\/\/altaroda.es\/en\/wp-json\/wp\/v2\/media\/5107"}],"wp:attachment":[{"href":"https:\/\/altaroda.es\/en\/wp-json\/wp\/v2\/media?parent=5105"}],"wp:term":[{"taxonomy":"product_brand","embeddable":true,"href":"https:\/\/altaroda.es\/en\/wp-json\/wp\/v2\/product_brand?post=5105"},{"taxonomy":"product_cat","embeddable":true,"href":"https:\/\/altaroda.es\/en\/wp-json\/wp\/v2\/product_cat?post=5105"},{"taxonomy":"product_tag","embeddable":true,"href":"https:\/\/altaroda.es\/en\/wp-json\/wp\/v2\/product_tag?post=5105"}],"curies":[{"name":"wp","href":"https:\/\/api.w.org\/{rel}","templated":true}]}}