{"id":5102,"date":"2025-06-08T13:39:02","date_gmt":"2025-06-08T13:39:02","guid":{"rendered":"https:\/\/altaroda.es\/product\/mark-18-gloss-black\/"},"modified":"2025-06-08T13:39:08","modified_gmt":"2025-06-08T13:39:08","slug":"mark-18-gloss-black","status":"publish","type":"product","link":"https:\/\/altaroda.es\/en\/product\/mark-18-gloss-black\/","title":{"rendered":"MARK 18 GLOSS BLACK"},"content":{"rendered":"<p>8J18 MARK\/I8BX ET52 5X120 72,6 GLBLTR\u00c1S &#8211; O.E. (BMW) Compat\u00edvel com tampa central Pe\u00e7a Nr.. 36136783536Notas:<br \/>\n                     &#8211; Pre\u00e7o unit\u00e1rio;<br \/>\n                     &#8211; IVA \u00e0 taxa em vigor inclu\u00eddo no pre\u00e7o;<br \/>\n                     &#8211; Limitado ao stock existente;<br \/>\n                     &#8211; Disponibilidade e pre\u00e7o carece de re-confirma\u00e7\u00e3o.<\/p>","protected":false},"excerpt":{"rendered":"<p>8J18 MARK\/I8BX ET52 5X120 72,6 GLBLTR\u00c1S &#8211; O.E. (BMW) Compat\u00edvel com tampa central Pe\u00e7a Nr.. 36136783536Notas:<br \/>\n                     &#8211; Pre\u00e7o unit\u00e1rio;<br \/>\n                     &#8211; IVA \u00e0 taxa em vigor inclu\u00eddo no pre\u00e7o;<br \/>\n                     &#8211; Limitado ao stock existente;<br \/>\n                     &#8211; Disponibilidade e pre\u00e7o carece de re-confirma\u00e7\u00e3o.<\/p>","protected":false},"featured_media":5104,"comment_status":"closed","ping_status":"open","template":"","meta":{"_acf_changed":false},"product_brand":[],"product_cat":[5109,5116,5107,5114,5112,5110,5117,5108,5115,5106,5113,5111,5118,5125,5129,5123,4869,5121,5130,5119,5126,4866,4868,5131,5124,5127,5122,5132,4865,5120,5128,4885,5133,5140,5138,4882,5136,5134,5139,4886,5137,5135,4883,5147,5145,5024,5143,5141,5021,5148,5023,5146,5144,5020,5142,5149,5156,5038,5154,5152,5035,5037,5150,5155,5034,5153,5151,5165,5163,5161,5168,5159,5166,5157,5164,5162,5160,5167,5158,5171,5176,5064,5174,5172,5060,5061,5170,5063,5169,5175,5173,5180,4162,5178,5185,5183,5181,5179,5186,5177,5184,4163,5182,4198,5187,5077,5192,5190,5074,5188,5076,5193,4197,5191,5189,5196,5203,5194,5201,5199,5197,5204,5195,5202,5200,5198,5205,3924,4844,4846,3925,5099,5100,5101,5102,4847,5103,5104,5105,635],"product_tag":[],"class_list":{"0":"post-5102","1":"product","2":"type-product","3":"status-publish","4":"has-post-thumbnail","6":"product_cat-06-2012-2014-bmw-serie-1-m-135i","7":"product_cat-06-2012-2014-bmw-serie-2-m-240i","8":"product_cat-06-2012-2014-bmw-serie-1-3-porte","9":"product_cat-06-2012-2014-bmw-serie-2","10":"product_cat-06-2012-2014-bmw-serie-1-m-performance-3-porte","11":"product_cat-06-2012-2014-bmw-serie-1-m-140i","12":"product_cat-06-2012-2014-bmw-serie-2-m-performance","13":"product_cat-06-2012-2014-bmw-serie-1-coupe","14":"product_cat-06-2012-2014-bmw-serie-2-m-235i","15":"product_cat-06-2012-2014","16":"product_cat-06-2012-2014-bmw-serie-1-m-performance-cabrio-coupe","17":"product_cat-06-2012-2014-bmw-serie-1-m-performance","18":"product_cat-08-2011-2014-bmw-serie-1-m-135i","19":"product_cat-08-2011-2014-bmw-serie-2-m-performance","20":"product_cat-08-2011-2014-bmw-serie-1-m-performance-cabrio-coupe-2","21":"product_cat-08-2011-2014-bmw-serie-2-m-235i","22":"product_cat-08-2011-2014-bmw-serie-2","23":"product_cat-08-2011-2014-bmw-serie-1-m-performance-3-porte","24":"product_cat-08-2011-2014-bmw-serie-2-m-235i-2","25":"product_cat-08-2011-2014-bmw-serie-1-m-140i","26":"product_cat-08-2011-2014-bmw-serie-1-m-140i-2","27":"product_cat-08-2011-2014-bmw-serie-1-3-porte","28":"product_cat-08-2011-2014-bmw-serie-1-coupe","29":"product_cat-08-2011-2014-bmw-serie-2-m-240i-2","30":"product_cat-08-2011-2014-bmw-serie-2-m-240i","31":"product_cat-08-2011-2014-bmw-serie-1-m-performance-2","32":"product_cat-08-2011-2014-bmw-serie-1-m-performance-cabrio-coupe","33":"product_cat-08-2011-2014-bmw-serie-2-m-performance-2","34":"product_cat-08-2011-2014-bmw-serie-1","35":"product_cat-08-2011-2014-bmw-serie-1-m-performance","36":"product_cat-08-2011-2014-bmw-serie-1-m-performance-3-porte-2","37":"product_cat-08-2011-2018-bmw-serie-1-coupe","38":"product_cat-08-2011-2018-bmw-serie-1-m-135i","39":"product_cat-08-2011-2018-bmw-serie-2-m-performance","40":"product_cat-08-2011-2018-bmw-serie-2-m-235i","41":"product_cat-08-2011-2018-bmw-serie-1","42":"product_cat-08-2011-2018-bmw-serie-1-m-performance-3-porte","43":"product_cat-08-2011-2018-bmw-serie-1-m-140i","44":"product_cat-08-2011-2018-bmw-serie-2-m-240i","45":"product_cat-08-2011-2018-bmw-serie-2","46":"product_cat-08-2011-2018-bmw-serie-1-m-performance-cabrio-coupe","47":"product_cat-08-2011-2018-bmw-serie-1-m-performance","48":"product_cat-08-2011-2018-bmw-serie-1-3-porte","49":"product_cat-2004-08-2011-bmw-serie-2-m-240i","50":"product_cat-2004-08-2011-bmw-serie-1-m-performance-cabrio-coupe","51":"product_cat-2004-08-2011-bmw-serie-2","52":"product_cat-2004-08-2011-bmw-serie-1-m-performance","53":"product_cat-2004-08-2011-bmw-serie-1-m-135i","54":"product_cat-2004-08-2011-bmw-serie-1-3-porte","55":"product_cat-2004-08-2011-bmw-serie-2-m-performance","56":"product_cat-2004-08-2011-bmw-serie-1-coupe","57":"product_cat-2004-08-2011-bmw-serie-2-m-235i","58":"product_cat-2004-08-2011-bmw-serie-1-m-performance-3-porte","59":"product_cat-2004-08-2011-bmw-serie-1","60":"product_cat-2004-08-2011-bmw-serie-1-m-140i","61":"product_cat-2007-08-2011-bmw-serie-1-m-135i","62":"product_cat-2007-08-2011-bmw-serie-2-m-performance","63":"product_cat-2007-08-2011-bmw-serie-2","64":"product_cat-2007-08-2011-bmw-serie-2-m-235i","65":"product_cat-2007-08-2011-bmw-serie-1-m-performance-3-porte","66":"product_cat-2007-08-2011-bmw-serie-1-3-porte","67":"product_cat-2007-08-2011-bmw-serie-1-coupe","68":"product_cat-2007-08-2011-bmw-serie-1-m-140i","69":"product_cat-2007-08-2011-bmw-serie-2-m-240i","70":"product_cat-2007-08-2011-bmw-serie-1","71":"product_cat-2007-08-2011-bmw-serie-1-m-performance-cabrio-coupe","72":"product_cat-2007-08-2011-bmw-serie-1-m-performance","73":"product_cat-2014-2016-bmw-serie-2","74":"product_cat-2014-2016-bmw-serie-1-m-performance-3-porte","75":"product_cat-2014-2016-bmw-serie-1-m-140i","76":"product_cat-2014-2016-bmw-serie-2-m-performance","77":"product_cat-2014-2016-bmw-serie-1-coupe","78":"product_cat-2014-2016-bmw-serie-2-m-235i","79":"product_cat-2014-2016","80":"product_cat-2014-2016-bmw-serie-1-m-performance-cabrio-coupe","81":"product_cat-2014-2016-bmw-serie-1-m-performance","82":"product_cat-2014-2016-bmw-serie-1-m-135i","83":"product_cat-2014-2016-bmw-serie-2-m-240i","84":"product_cat-2014-2016-bmw-serie-1-3-porte","85":"product_cat-2014-2019-bmw-serie-1-m-performance","86":"product_cat-2014-2019-bmw-serie-2-m-performance","87":"product_cat-2014-2019-bmw-serie-2","88":"product_cat-2014-2019-bmw-serie-2-m-235i","89":"product_cat-2014-2019-bmw-serie-1-m-performance-3-porte","90":"product_cat-2014-2019-bmw-serie-1","91":"product_cat-2014-2019-bmw-serie-1-3-porte","92":"product_cat-2014-2019-bmw-serie-1-m-140i","93":"product_cat-2014-2019-bmw-serie-1-coupe","94":"product_cat-2014-2019-bmw-serie-1-m-135i","95":"product_cat-2014-2019-bmw-serie-2-m-240i","96":"product_cat-2014-2019-bmw-serie-1-m-performance-cabrio-coupe","97":"product_cat-2015-2016-bmw-serie-1-m-performance","98":"product_cat-2015-2016-bmw-serie-1","99":"product_cat-2015-2016-bmw-serie-1-coupe","100":"product_cat-2015-2016-bmw-serie-2-m-240i","101":"product_cat-2015-2016-bmw-serie-2","102":"product_cat-2015-2016-bmw-serie-1-m-performance-3-porte","103":"product_cat-2015-2016-bmw-serie-1-m-140i","104":"product_cat-2015-2016-bmw-serie-2-m-performance","105":"product_cat-2015-2016-bmw-serie-1-3-porte","106":"product_cat-2015-2016-bmw-serie-2-m-235i","107":"product_cat-2015-2016-bmw-serie-1-m-135i","108":"product_cat-2015-2016-bmw-serie-1-m-performance-cabrio-coupe","109":"product_cat-2015-2018-bmw-serie-1-m-135i","110":"product_cat-2015-2018-bmw-serie-1-m-140i","111":"product_cat-2015-2018-bmw-serie-2","112":"product_cat-2015-2018-bmw-serie-2-m-240i","113":"product_cat-2015-2018-bmw-serie-1-m-performance-cabrio-coupe","114":"product_cat-2015-2018-bmw-serie-1-3-porte","115":"product_cat-2015-2018-bmw-serie-1-m-performance","116":"product_cat-2015-2018-bmw-serie-1-coupe","117":"product_cat-2015-2018-bmw-serie-2-m-performance","118":"product_cat-2015-2018-bmw-serie-1","119":"product_cat-2015-2018-bmw-serie-2-m-235i","120":"product_cat-2015-2018-bmw-serie-1-m-performance-3-porte","121":"product_cat-2017-2019-bmw-serie-1-coupe","122":"product_cat-2017-2019-bmw-serie-2-m-235i","123":"product_cat-2017-2019","124":"product_cat-2017-2019-bmw-serie-1-m-performance-cabrio-coupe","125":"product_cat-2017-2019-bmw-serie-1-m-performance","126":"product_cat-2017-2019-bmw-serie-1-m-135i","127":"product_cat-2017-2019-bmw-serie-2-m-240i","128":"product_cat-2017-2019-bmw-serie-1-3-porte","129":"product_cat-2017-2019-bmw-serie-2","130":"product_cat-2017-2019-bmw-serie-1-m-performance-3-porte","131":"product_cat-2017-2019-bmw-serie-1-m-140i","132":"product_cat-2017-2019-bmw-serie-2-m-performance","133":"product_cat-bmw-serie-1","134":"product_cat-bmw-serie-1-3-porte","135":"product_cat-bmw-serie-1-coupe","136":"product_cat-bmw-serie-1-m-135i","137":"product_cat-bmw-serie-1-m-140i","138":"product_cat-bmw-serie-1-m-performance","139":"product_cat-bmw-serie-1-m-performance-3-porte","140":"product_cat-bmw-serie-1-m-performance-cabrio-coupe","141":"product_cat-bmw-serie-2","142":"product_cat-bmw-serie-2-m-235i","143":"product_cat-bmw-serie-2-m-240i","144":"product_cat-bmw-serie-2-m-performance","145":"product_cat-jantes","147":"first","148":"instock","149":"purchasable","150":"product-type-simple"},"acf":[],"_links":{"self":[{"href":"https:\/\/altaroda.es\/en\/wp-json\/wp\/v2\/product\/5102","targetHints":{"allow":["GET"]}}],"collection":[{"href":"https:\/\/altaroda.es\/en\/wp-json\/wp\/v2\/product"}],"about":[{"href":"https:\/\/altaroda.es\/en\/wp-json\/wp\/v2\/types\/product"}],"replies":[{"embeddable":true,"href":"https:\/\/altaroda.es\/en\/wp-json\/wp\/v2\/comments?post=5102"}],"version-history":[{"count":1,"href":"https:\/\/altaroda.es\/en\/wp-json\/wp\/v2\/product\/5102\/revisions"}],"predecessor-version":[{"id":5103,"href":"https:\/\/altaroda.es\/en\/wp-json\/wp\/v2\/product\/5102\/revisions\/5103"}],"wp:featuredmedia":[{"embeddable":true,"href":"https:\/\/altaroda.es\/en\/wp-json\/wp\/v2\/media\/5104"}],"wp:attachment":[{"href":"https:\/\/altaroda.es\/en\/wp-json\/wp\/v2\/media?parent=5102"}],"wp:term":[{"taxonomy":"product_brand","embeddable":true,"href":"https:\/\/altaroda.es\/en\/wp-json\/wp\/v2\/product_brand?post=5102"},{"taxonomy":"product_cat","embeddable":true,"href":"https:\/\/altaroda.es\/en\/wp-json\/wp\/v2\/product_cat?post=5102"},{"taxonomy":"product_tag","embeddable":true,"href":"https:\/\/altaroda.es\/en\/wp-json\/wp\/v2\/product_tag?post=5102"}],"curies":[{"name":"wp","href":"https:\/\/api.w.org\/{rel}","templated":true}]}}