{"id":5096,"date":"2025-06-08T13:39:02","date_gmt":"2025-06-08T13:39:02","guid":{"rendered":"https:\/\/altaroda.es\/product\/munchen-18-gun-met-mirror-face\/"},"modified":"2025-06-08T13:39:04","modified_gmt":"2025-06-08T13:39:04","slug":"munchen-18-gun-met-mirror-face","status":"publish","type":"product","link":"https:\/\/altaroda.es\/en\/product\/munchen-18-gun-met-mirror-face\/","title":{"rendered":"MUNCHEN 18 GUN MET-MIRROR FACE"},"content":{"rendered":"<p>8J18 MUNCH\/I3B ET43 5X120 72,6 GMMFO.E. (BMW) Compat\u00edvel com tampa central Pe\u00e7a Nr.. 36136783536Notas:<br \/>\n                     &#8211; Pre\u00e7o unit\u00e1rio;<br \/>\n                     &#8211; IVA \u00e0 taxa em vigor inclu\u00eddo no pre\u00e7o;<br \/>\n                     &#8211; Limitado ao stock existente;<br \/>\n                     &#8211; Disponibilidade e pre\u00e7o carece de re-confirma\u00e7\u00e3o.<\/p>","protected":false},"excerpt":{"rendered":"<p>8J18 MUNCH\/I3B ET43 5X120 72,6 GMMFO.E. (BMW) Compat\u00edvel com tampa central Pe\u00e7a Nr.. 36136783536Notas:<br \/>\n                     &#8211; Pre\u00e7o unit\u00e1rio;<br \/>\n                     &#8211; IVA \u00e0 taxa em vigor inclu\u00eddo no pre\u00e7o;<br \/>\n                     &#8211; Limitado ao stock existente;<br \/>\n                     &#8211; Disponibilidade e pre\u00e7o carece de re-confirma\u00e7\u00e3o.<\/p>","protected":false},"featured_media":5098,"comment_status":"closed","ping_status":"open","template":"","meta":{"_acf_changed":false},"product_brand":[],"product_cat":[4856,4853,4863,4860,4859,4858,4855,4852,4862,4850,4857,4854,4851,4861,4865,4876,4873,4870,4869,4878,4868,4875,4872,4879,4877,4867,4874,4864,4871,4880,4866,4884,4894,4881,4891,4888,4883,4882,4893,4890,4887,4886,4885,4892,4889,1031,4904,4901,4898,4906,4903,4900,4897,4895,1029,4905,4902,4899,4896,4909,4919,4907,4914,4911,4908,4918,4913,4910,4920,4917,4916,4915,4912,4929,4934,4925,4930,4921,4926,4931,4922,4927,4932,4923,4928,4933,4924,4946,4943,4940,4937,4935,4948,4945,4942,4939,4936,4947,4944,4941,4938,4951,4949,4962,4959,4956,4953,4950,4961,4958,4955,4952,4960,4957,4954,4973,4964,4969,4974,4965,4970,4975,4966,4971,4976,4967,4972,4963,4968,4990,4987,4984,4981,4978,4989,4986,4983,4980,4988,4985,4982,4979,4977,5003,5000,4997,4994,5002,4999,4996,4993,4991,5004,5001,4998,4995,4992,5015,5014,5013,5010,5007,5017,5005,5012,5009,5006,5016,5011,5008,5018,5025,5024,5023,5030,5027,5032,5022,5029,5019,5026,5021,5020,5031,5028,5036,5046,5033,5043,5040,5035,5034,5045,5042,5039,5038,5037,5044,5041,1035,1037,5057,5054,5051,1040,5048,5056,5053,5050,5058,5055,5052,1038,5049,5047,5067,5071,5062,5059,5066,2013,5061,5070,5060,5065,5072,5069,5064,5068,5063,5077,5076,5083,5080,4227,5073,5075,5082,5079,5074,4197,5084,5081,5078,2526,3924,4844,4845,4846,4847,4548,4848,928,929,4849,4563,635,899,1025],"product_tag":[],"class_list":{"0":"post-5096","1":"product","2":"type-product","3":"status-publish","4":"has-post-thumbnail","6":"product_cat-06-2014-2017-bmw-serie-3","7":"product_cat-06-2014-2017-bmw-serie-1-cabrio","8":"product_cat-06-2014-2017-mini-paceman","9":"product_cat-06-2014-2017-bmw-z3","10":"product_cat-06-2014-2017-bmw-x4","11":"product_cat-06-2014-2017-bmw-x3","12":"product_cat-06-2014-2017-bmw-serie-2","13":"product_cat-06-2014-2017-bmw-serie-1-3-porte","14":"product_cat-06-2014-2017-mini-countryman","15":"product_cat-06-2014-2017","16":"product_cat-06-2014-2017-bmw-serie-5x-4x4","17":"product_cat-06-2014-2017-bmw-serie-1-coupe","18":"product_cat-06-2014-2017-bmw-serie-1","19":"product_cat-06-2014-2017-bmw-z4","20":"product_cat-08-2011-2014-bmw-serie-1","21":"product_cat-08-2011-2014-mini-countryman","22":"product_cat-08-2011-2014-bmw-x4","23":"product_cat-08-2011-2014-bmw-serie-3","24":"product_cat-08-2011-2014-bmw-serie-2","25":"product_cat-08-2011-2014-bmw-serie-2-2","26":"product_cat-08-2011-2014-bmw-serie-1-coupe","27":"product_cat-08-2011-2014-bmw-z4","28":"product_cat-08-2011-2014-bmw-x3","29":"product_cat-08-2011-2014-bmw-serie-5x-4x4-2","30":"product_cat-08-2011-2014-mini-paceman","31":"product_cat-08-2011-2014-bmw-serie-1-cabrio","32":"product_cat-08-2011-2014-bmw-z3","33":"product_cat-08-2011-2014","34":"product_cat-08-2011-2014-bmw-serie-5x-4x4","35":"product_cat-08-2011-2014-bmw-z3-2","36":"product_cat-08-2011-2014-bmw-serie-1-3-porte","37":"product_cat-08-2011-2018-bmw-serie-1-cabrio","38":"product_cat-08-2011-2018-mini-paceman","39":"product_cat-08-2011-2018","40":"product_cat-08-2011-2018-bmw-z3","41":"product_cat-08-2011-2018-bmw-serie-5x-4x4","42":"product_cat-08-2011-2018-bmw-serie-1-3-porte","43":"product_cat-08-2011-2018-bmw-serie-1","44":"product_cat-08-2011-2018-mini-countryman","45":"product_cat-08-2011-2018-bmw-x4","46":"product_cat-08-2011-2018-bmw-serie-3","47":"product_cat-08-2011-2018-bmw-serie-2","48":"product_cat-08-2011-2018-bmw-serie-1-coupe","49":"product_cat-08-2011-2018-bmw-z4","50":"product_cat-08-2011-2018-bmw-x3","51":"product_cat-09-2010-2016-mini-paceman","52":"product_cat-09-2010-2016-bmw-x4","53":"product_cat-09-2010-2016-bmw-serie-3","54":"product_cat-09-2010-2016-bmw-serie-1-cabrio","55":"product_cat-09-2010-2016-bmw-z4","56":"product_cat-09-2010-2016-bmw-x3","57":"product_cat-09-2010-2016-bmw-serie-2","58":"product_cat-09-2010-2016-bmw-serie-1-3-porte","59":"product_cat-09-2010-2016-bmw-m3","60":"product_cat-09-2010-2016","61":"product_cat-09-2010-2016-bmw-z3","62":"product_cat-09-2010-2016-bmw-serie-5x-4x4","63":"product_cat-09-2010-2016-bmw-serie-1-coupe","64":"product_cat-09-2010-2016-bmw-serie-1","65":"product_cat-11-2010-2017-bmw-serie-1-3-porte","66":"product_cat-11-2010-2017-mini-countryman","67":"product_cat-11-2010-2017-bmw-m3","68":"product_cat-11-2010-2017-bmw-serie-5x-4x4","69":"product_cat-11-2010-2017-bmw-serie-1-coupe","70":"product_cat-11-2010-2017-bmw-serie-1","71":"product_cat-11-2010-2017-bmw-z4","72":"product_cat-11-2010-2017-bmw-serie-3","73":"product_cat-11-2010-2017-bmw-serie-1-cabrio","74":"product_cat-11-2010-2017-mini-paceman","75":"product_cat-11-2010-2017-bmw-z3","76":"product_cat-11-2010-2017-bmw-x4","77":"product_cat-11-2010-2017-bmw-x3","78":"product_cat-11-2010-2017-bmw-serie-2","79":"product_cat-1990-2001-bmw-x3","80":"product_cat-1990-2001-mini-paceman","81":"product_cat-1990-2001-bmw-serie-1-coupe","82":"product_cat-1990-2001-bmw-x4","83":"product_cat-1990-2001","84":"product_cat-1990-2001-bmw-serie-2","85":"product_cat-1990-2001-bmw-z3","86":"product_cat-1990-2001-bmw-serie-1","87":"product_cat-1990-2001-bmw-serie-3","88":"product_cat-1990-2001-bmw-z4","89":"product_cat-1990-2001-bmw-serie-1-3-porte","90":"product_cat-1990-2001-bmw-serie-5x-4x4","91":"product_cat-1990-2001-mini-countryman","92":"product_cat-1990-2001-bmw-serie-1-cabrio","93":"product_cat-1995-2002-bmw-z4","94":"product_cat-1995-2002-bmw-x3","95":"product_cat-1995-2002-bmw-serie-2","96":"product_cat-1995-2002-bmw-serie-1-3-porte","97":"product_cat-1995-2002","98":"product_cat-1995-2002-mini-paceman","99":"product_cat-1995-2002-bmw-z3","100":"product_cat-1995-2002-bmw-serie-5x-4x4","101":"product_cat-1995-2002-bmw-serie-1-coupe","102":"product_cat-1995-2002-bmw-serie-1","103":"product_cat-1995-2002-mini-countryman","104":"product_cat-1995-2002-bmw-x4","105":"product_cat-1995-2002-bmw-serie-3","106":"product_cat-1995-2002-bmw-serie-1-cabrio","107":"product_cat-1998-2005-bmw-serie-1-3-porte","108":"product_cat-1998-2005","109":"product_cat-1998-2005-mini-paceman","110":"product_cat-1998-2005-bmw-z3","111":"product_cat-1998-2005-bmw-serie-5x-4x4","112":"product_cat-1998-2005-bmw-serie-1-coupe","113":"product_cat-1998-2005-bmw-serie-1","114":"product_cat-1998-2005-mini-countryman","115":"product_cat-1998-2005-bmw-x4","116":"product_cat-1998-2005-bmw-serie-3","117":"product_cat-1998-2005-bmw-serie-1-cabrio","118":"product_cat-1998-2005-bmw-z4","119":"product_cat-1998-2005-bmw-x3","120":"product_cat-1998-2005-bmw-serie-2","121":"product_cat-2000-2005-bmw-z3","122":"product_cat-2000-2005-bmw-serie-1","123":"product_cat-2000-2005-bmw-serie-3","124":"product_cat-2000-2005-bmw-z4","125":"product_cat-2000-2005-bmw-serie-1-3-porte","126":"product_cat-2000-2005-bmw-serie-5x-4x4","127":"product_cat-2000-2005-mini-countryman","128":"product_cat-2000-2005-bmw-serie-1-cabrio","129":"product_cat-2000-2005-bmw-x3","130":"product_cat-2000-2005-mini-paceman","131":"product_cat-2000-2005-bmw-serie-1-coupe","132":"product_cat-2000-2005-bmw-x4","133":"product_cat-2000-2005","134":"product_cat-2000-2005-bmw-serie-2","135":"product_cat-2002-03-2009-mini-paceman","136":"product_cat-2002-03-2009-bmw-z3","137":"product_cat-2002-03-2009-bmw-serie-5x-4x4","138":"product_cat-2002-03-2009-bmw-serie-1-coupe","139":"product_cat-2002-03-2009-bmw-serie-1","140":"product_cat-2002-03-2009-mini-countryman","141":"product_cat-2002-03-2009-bmw-x4","142":"product_cat-2002-03-2009-bmw-serie-3","143":"product_cat-2002-03-2009-bmw-serie-1-cabrio","144":"product_cat-2002-03-2009-bmw-z4","145":"product_cat-2002-03-2009-bmw-x3","146":"product_cat-2002-03-2009-bmw-serie-2","147":"product_cat-2002-03-2009-bmw-serie-1-3-porte","148":"product_cat-2002-03-2009","149":"product_cat-2003-03-2010-mini-countryman","150":"product_cat-2003-03-2010-bmw-x4","151":"product_cat-2003-03-2010-bmw-serie-3","152":"product_cat-2003-03-2010-bmw-serie-1-cabrio","153":"product_cat-2003-03-2010-bmw-z4","154":"product_cat-2003-03-2010-bmw-x3","155":"product_cat-2003-03-2010-bmw-serie-2","156":"product_cat-2003-03-2010-bmw-serie-1-3-porte","157":"product_cat-2003-03-2010","158":"product_cat-2003-03-2010-mini-paceman","159":"product_cat-2003-03-2010-bmw-z3","160":"product_cat-2003-03-2010-bmw-serie-5x-4x4","161":"product_cat-2003-03-2010-bmw-serie-1-coupe","162":"product_cat-2003-03-2010-bmw-serie-1","163":"product_cat-2003-10-2010-bmw-z3","164":"product_cat-2003-10-2010-bmw-x4","165":"product_cat-2003-10-2010-bmw-x3","166":"product_cat-2003-10-2010-bmw-serie-2","167":"product_cat-2003-10-2010-bmw-serie-1-3-porte","168":"product_cat-2003-10-2010-mini-countryman","169":"product_cat-2003-10-2010","170":"product_cat-2003-10-2010-bmw-serie-5x-4x4","171":"product_cat-2003-10-2010-bmw-serie-1-coupe","172":"product_cat-2003-10-2010-bmw-serie-1","173":"product_cat-2003-10-2010-bmw-z4","174":"product_cat-2003-10-2010-bmw-serie-3","175":"product_cat-2003-10-2010-bmw-serie-1-cabrio","176":"product_cat-2003-10-2010-mini-paceman","177":"product_cat-2004-08-2011-bmw-serie-3","178":"product_cat-2004-08-2011-bmw-serie-2","179":"product_cat-2004-08-2011-bmw-serie-1-coupe","180":"product_cat-2004-08-2011-bmw-z4","181":"product_cat-2004-08-2011-bmw-x3","182":"product_cat-2004-08-2011-mini-paceman","183":"product_cat-2004-08-2011-bmw-serie-1-cabrio","184":"product_cat-2004-08-2011-bmw-z3","185":"product_cat-2004-08-2011","186":"product_cat-2004-08-2011-bmw-serie-5x-4x4","187":"product_cat-2004-08-2011-bmw-serie-1-3-porte","188":"product_cat-2004-08-2011-bmw-serie-1","189":"product_cat-2004-08-2011-mini-countryman","190":"product_cat-2004-08-2011-bmw-x4","191":"product_cat-2007-08-2011-bmw-serie-1-cabrio","192":"product_cat-2007-08-2011-mini-paceman","193":"product_cat-2007-08-2011","194":"product_cat-2007-08-2011-bmw-z3","195":"product_cat-2007-08-2011-bmw-serie-5x-4x4","196":"product_cat-2007-08-2011-bmw-serie-1-3-porte","197":"product_cat-2007-08-2011-bmw-serie-1","198":"product_cat-2007-08-2011-mini-countryman","199":"product_cat-2007-08-2011-bmw-x4","200":"product_cat-2007-08-2011-bmw-serie-3","201":"product_cat-2007-08-2011-bmw-serie-2","202":"product_cat-2007-08-2011-bmw-serie-1-coupe","203":"product_cat-2007-08-2011-bmw-z4","204":"product_cat-2007-08-2011-bmw-x3","205":"product_cat-1035","206":"product_cat-2013-mini-paceman","207":"product_cat-2013-2016-bmw-z3","208":"product_cat-2013-2016-bmw-serie-5x-4x4","209":"product_cat-2013-2016-bmw-serie-1-coupe","210":"product_cat-2013-2016-mini-paceman","211":"product_cat-2013-2016-bmw-serie-1","212":"product_cat-2013-2016-bmw-x4","213":"product_cat-2013-2016-bmw-serie-3","214":"product_cat-2013-2016-bmw-serie-1-cabrio","215":"product_cat-2013-2016-bmw-z4","216":"product_cat-2013-2016-bmw-x3","217":"product_cat-2013-2016-bmw-serie-2","218":"product_cat-2013-2016","219":"product_cat-2013-2016-bmw-serie-1-3-porte","220":"product_cat-2013-2016-bmw-m3","221":"product_cat-2014-2019-bmw-x3","222":"product_cat-2014-2019-mini-countryman","223":"product_cat-2014-2019-bmw-serie-1-cabrio","224":"product_cat-2014-2019-bmw-m3","225":"product_cat-2014-2019-bmw-serie-5x-4x4","226":"product_cat-2014-2019-audi-s3","227":"product_cat-2014-2019-bmw-serie-1-3-porte","228":"product_cat-2014-2019-bmw-z4","229":"product_cat-2014-2019-bmw-serie-1","230":"product_cat-2014-2019-bmw-serie-3","231":"product_cat-2014-2019-mini-paceman","232":"product_cat-2014-2019-bmw-z3","233":"product_cat-2014-2019-bmw-serie-2","234":"product_cat-2014-2019-bmw-x4","235":"product_cat-2014-2019-bmw-serie-1-coupe","236":"product_cat-2015-2018-bmw-serie-2","237":"product_cat-2015-2018-bmw-serie-1-coupe","238":"product_cat-2015-2018-bmw-z4","239":"product_cat-2015-2018-bmw-x3","240":"product_cat-2015-2018-mini-countryman","241":"product_cat-2015-2018-bmw-m3","242":"product_cat-2015-2018-bmw-serie-1-cabrio","243":"product_cat-2015-2018-bmw-z3","244":"product_cat-2015-2018-bmw-serie-5x-4x4","245":"product_cat-2015-2018-bmw-serie-1-3-porte","246":"product_cat-2015-2018-bmw-serie-1","247":"product_cat-2015-2018-mini-paceman","248":"product_cat-2015-2018-bmw-x4","249":"product_cat-2015-2018-bmw-serie-3","250":"product_cat-bmw-m3","251":"product_cat-bmw-serie-1","252":"product_cat-bmw-serie-1-3-porte","253":"product_cat-bmw-serie-1-cabrio","254":"product_cat-bmw-serie-1-coupe","255":"product_cat-bmw-serie-2","256":"product_cat-bmw-serie-3","257":"product_cat-bmw-serie-5x-4x4","258":"product_cat-bmw-x3","259":"product_cat-bmw-x4","260":"product_cat-bmw-z3","261":"product_cat-bmw-z4","262":"product_cat-jantes","263":"product_cat-mini-countryman","264":"product_cat-mini-paceman","266":"first","267":"instock","268":"purchasable","269":"product-type-simple"},"acf":[],"_links":{"self":[{"href":"https:\/\/altaroda.es\/en\/wp-json\/wp\/v2\/product\/5096","targetHints":{"allow":["GET"]}}],"collection":[{"href":"https:\/\/altaroda.es\/en\/wp-json\/wp\/v2\/product"}],"about":[{"href":"https:\/\/altaroda.es\/en\/wp-json\/wp\/v2\/types\/product"}],"replies":[{"embeddable":true,"href":"https:\/\/altaroda.es\/en\/wp-json\/wp\/v2\/comments?post=5096"}],"version-history":[{"count":1,"href":"https:\/\/altaroda.es\/en\/wp-json\/wp\/v2\/product\/5096\/revisions"}],"predecessor-version":[{"id":5097,"href":"https:\/\/altaroda.es\/en\/wp-json\/wp\/v2\/product\/5096\/revisions\/5097"}],"wp:featuredmedia":[{"embeddable":true,"href":"https:\/\/altaroda.es\/en\/wp-json\/wp\/v2\/media\/5098"}],"wp:attachment":[{"href":"https:\/\/altaroda.es\/en\/wp-json\/wp\/v2\/media?parent=5096"}],"wp:term":[{"taxonomy":"product_brand","embeddable":true,"href":"https:\/\/altaroda.es\/en\/wp-json\/wp\/v2\/product_brand?post=5096"},{"taxonomy":"product_cat","embeddable":true,"href":"https:\/\/altaroda.es\/en\/wp-json\/wp\/v2\/product_cat?post=5096"},{"taxonomy":"product_tag","embeddable":true,"href":"https:\/\/altaroda.es\/en\/wp-json\/wp\/v2\/product_tag?post=5096"}],"curies":[{"name":"wp","href":"https:\/\/api.w.org\/{rel}","templated":true}]}}