{"id":5084,"date":"2025-06-08T13:38:49","date_gmt":"2025-06-08T13:38:49","guid":{"rendered":"https:\/\/altaroda.es\/product\/koenig-d-19-gloss-black-2\/"},"modified":"2025-06-08T13:38:54","modified_gmt":"2025-06-08T13:38:54","slug":"koenig-d-19-gloss-black-2","status":"publish","type":"product","link":"https:\/\/altaroda.es\/en\/product\/koenig-d-19-gloss-black-2\/","title":{"rendered":"KOENIG-D 19 GLOSS BLACK"},"content":{"rendered":"<p>9,5J19 KON-D\/WS3X E44 5X112 66,6 GBTR\u00c1S &#8211; O.E. (BMW) Compat\u00edvel com tampa central Pe\u00e7a Nr.. 36136850834 &#8211; PARA RODAS HOMOLOGADAS VERIFIQUE OS DOCUMENTOS TUV-NADCertifica\u00e7\u00f5es: KG80-KR9590 WSX-WS3X-66,6Notas:<br \/>\n                     &#8211; Pre\u00e7o unit\u00e1rio;<br \/>\n                     &#8211; IVA \u00e0 taxa em vigor inclu\u00eddo no pre\u00e7o;<br \/>\n                     &#8211; Limitado ao stock existente;<br \/>\n                     &#8211; Disponibilidade e pre\u00e7o carece de re-confirma\u00e7\u00e3o.<\/p>","protected":false},"excerpt":{"rendered":"<p>9,5J19 KON-D\/WS3X E44 5X112 66,6 GBTR\u00c1S &#8211; O.E. (BMW) Compat\u00edvel com tampa central Pe\u00e7a Nr.. 36136850834 &#8211; PARA RODAS HOMOLOGADAS VERIFIQUE OS DOCUMENTOS TUV-NADCertifica\u00e7\u00f5es: KG80-KR9590 WSX-WS3X-66,6Notas:<br \/>\n                     &#8211; Pre\u00e7o unit\u00e1rio;<br \/>\n                     &#8211; IVA \u00e0 taxa em vigor inclu\u00eddo no pre\u00e7o;<br \/>\n                     &#8211; Limitado ao stock existente;<br \/>\n                     &#8211; Disponibilidade e pre\u00e7o carece de re-confirma\u00e7\u00e3o.<\/p>","protected":false},"featured_media":5086,"comment_status":"closed","ping_status":"open","template":"","meta":{"_acf_changed":false},"product_brand":[],"product_cat":[4574,4578,4573,4606,4572,4597,4580,4571,4582,4570,4585,4569,4602,4584,4593,4607,4598,4589,4603,4594,4588,4577,4608,4599,4567,4590,4579,4566,4587,4604,4581,4568,4595,4583,4586,4600,4591,4605,4596,4576,4601,4575,4592,2021,2018,2022,2019,2024,2023,2020,4615,4682,4650,4673,4705,4641,4664,4617,4696,4632,4687,4655,4678,4619,4710,4646,4669,4701,4637,4660,4692,4631,4621,4683,4610,4651,4623,4674,4706,4642,4665,4697,4633,4625,4688,4630,4611,4656,4679,4711,4647,4670,4627,4702,4638,4612,4661,4693,4684,4629,4652,4614,4675,4707,4643,4666,4698,4634,4616,4689,4657,4680,4712,4648,4671,4618,4703,4639,4662,4694,4685,4620,4653,4676,4708,4609,4644,4667,4699,4635,4622,4658,4690,4624,4681,4713,4649,4672,4704,4640,4663,4626,4695,4686,4654,4677,4628,4709,4645,4613,4668,4700,4636,4659,4691,934,932,933,948,947,949,953,952,954,1004,1011,4546,4547,927,4548,4549,4550,4551,4552,4553,4554,4555,4556,4557,4558,4559,4560,4561,4562,928,929,4563,4564,635,4565],"product_tag":[],"class_list":{"0":"post-5084","1":"product","2":"type-product","3":"status-publish","4":"has-post-thumbnail","6":"product_cat-06-2020-bmw-serie-4-coupe","7":"product_cat-06-2020-bmw-serie-5-m-performance-touring","8":"product_cat-06-2020-bmw-serie-4-cabrio","9":"product_cat-06-2020-bmw-z4-2","10":"product_cat-06-2020-bmw-serie-3-x-drive-touring","11":"product_cat-06-2020-bmw-serie-4-gran-coupe-2","12":"product_cat-06-2020-bmw-serie-5-x-drive","13":"product_cat-06-2020-bmw-serie-3-x-drive","14":"product_cat-06-2020-bmw-serie-5-x-drive-touring","15":"product_cat-06-2020-bmw-serie-3-touring","16":"product_cat-06-2020-bmw-x4","17":"product_cat-06-2020-bmw-serie-3","18":"product_cat-06-2020-bmw-serie-5-x-drive-2","19":"product_cat-06-2020-bmw-x3","20":"product_cat-06-2020-bmw-serie-3-x-drive-2","21":"product_cat-06-2020-bmw-z4-m-performance-2","22":"product_cat-06-2020-bmw-serie-5-2","23":"product_cat-06-2020-bmw-i4","24":"product_cat-06-2020-bmw-serie-5-x-drive-m-performance-2","25":"product_cat-06-2020-bmw-serie-3-x-drive-touring-2","26":"product_cat-06-2020-toyota-supra","27":"product_cat-06-2020-bmw-serie-5-m-performance","28":"product_cat-06-2020-toyota-supra-2","29":"product_cat-06-2020-bmw-serie-5-m-performance-2","30":"product_cat-06-2020-bmw-i5","31":"product_cat-06-2020-bmw-i5-2","32":"product_cat-06-2020-bmw-serie-5-touring","33":"product_cat-06-2020","34":"product_cat-06-2020-bmw-z4-m-performance","35":"product_cat-06-2020-bmw-serie-5-x-drive-touring-2","36":"product_cat-06-2020-bmw-serie-5-x-drive-m-performance","37":"product_cat-06-2020-bmw-ix3","38":"product_cat-06-2020-bmw-serie-4-cabrio-2","39":"product_cat-06-2020-bmw-serie-5-x-drive-touring-m-performance","40":"product_cat-06-2020-bmw-z4","41":"product_cat-06-2020-bmw-serie-5-m-performance-touring-2","42":"product_cat-06-2020-bmw-serie-3-2","43":"product_cat-06-2020-bmw-serie-5-x-drive-touring-m-performance-2","44":"product_cat-06-2020-bmw-serie-4-coupe-2","45":"product_cat-06-2020-bmw-serie-5","46":"product_cat-06-2020-bmw-serie-5-touring-2","47":"product_cat-06-2020-bmw-serie-4-gran-coupe","48":"product_cat-06-2020-bmw-serie-3-touring-2","49":"product_cat-2014-2019-subaru-impreza","50":"product_cat-2014-2019-rover-75","51":"product_cat-2014-2019-subaru-legacy","52":"product_cat-2014-2019-subaru-brz","53":"product_cat-2014-2019-subaru-trezia","54":"product_cat-2014-2019-subaru-outback-legacy","55":"product_cat-2014-2019-subaru-forester","56":"product_cat-2017-2022-bmw-serie-3-x-drive-touring","57":"product_cat-2017-2022-bmw-serie-5-m-performance-4","58":"product_cat-2017-2022-bmw-z4-m-performance-2","59":"product_cat-2017-2022-bmw-i5-4","60":"product_cat-2017-2022-bmw-serie-5-x-drive-5","61":"product_cat-2017-2022-bmw-serie-5-2","62":"product_cat-2017-2022-bmw-serie-5-touring-3","63":"product_cat-2017-2022-bmw-serie-4-coupe","64":"product_cat-2017-2022-bmw-serie-3-x-drive-5","65":"product_cat-2017-2022-bmw-i4-2","66":"product_cat-2017-2022-bmw-serie-5-x-drive-touring-4","67":"product_cat-2017-2022-bmw-serie-3-touring-3","68":"product_cat-2017-2022-bmw-serie-4-cabrio-4","69":"product_cat-2017-2022-bmw-serie-5","70":"product_cat-2017-2022-bmw-z4-m-performance-5","71":"product_cat-2017-2022-bmw-serie-5-x-drive-m-performance-2","72":"product_cat-2017-2022-bmw-z4-3","73":"product_cat-2017-2022-bmw-serie-5-5","74":"product_cat-2017-2022-bmw-serie-3-x-drive-touring-2","75":"product_cat-2017-2022-bmw-serie-4-gran-coupe-3","76":"product_cat-2017-2022-bmw-i4-5","77":"product_cat-2017-2022-toyota-supra","78":"product_cat-2017-2022-bmw-serie-5-m-performance-touring","79":"product_cat-2017-2022-bmw-serie-5-m-performance-touring-4","80":"product_cat-2017-2022-bmw-i5","81":"product_cat-2017-2022-toyota-supra-2","82":"product_cat-2017-2022-bmw-serie-5-x-drive","83":"product_cat-2017-2022-bmw-serie-3-4","84":"product_cat-2017-2022-bmw-serie-5-x-drive-m-performance-5","85":"product_cat-2017-2022-bmw-serie-5-m-performance-2","86":"product_cat-2017-2022-bmw-serie-5-x-drive-3","87":"product_cat-2017-2022-bmw-serie-3-x-drive-touring-5","88":"product_cat-2017-2022-bmw-i5-2","89":"product_cat-2017-2022-bmw-serie-5-x-drive-touring","90":"product_cat-2017-2022-bmw-serie-5-x-drive-touring-m-performance-4","91":"product_cat-2017-2022-bmw-z4-m-performance","92":"product_cat-2017-2022-bmw-ix3","93":"product_cat-2017-2022-bmw-serie-3-x-drive-3","94":"product_cat-2017-2022-bmw-serie-4-coupe-4","95":"product_cat-2017-2022-toyota-supra-5","96":"product_cat-2017-2022-bmw-serie-5-x-drive-touring-2","97":"product_cat-2017-2022-bmw-z4-m-performance-3","98":"product_cat-2017-2022-bmw-x3","99":"product_cat-2017-2022-bmw-serie-5-m-performance-5","100":"product_cat-2017-2022-bmw-serie-4-cabrio-2","101":"product_cat-2017-2022-bmw-serie-3","102":"product_cat-2017-2022-bmw-serie-5-3","103":"product_cat-2017-2022-bmw-i5-5","104":"product_cat-2017-2022-bmw-serie-5-touring-4","105":"product_cat-2017-2022-bmw-z4","106":"product_cat-2017-2022-bmw-i4-3","107":"product_cat-2017-2022-bmw-serie-3-x-drive","108":"product_cat-2017-2022-bmw-serie-3-touring-4","109":"product_cat-2017-2022-bmw-serie-5-x-drive-touring-5","110":"product_cat-2017-2022-bmw-serie-5-m-performance-touring-2","111":"product_cat-2017-2022-bmw-serie-5-x-drive-m-performance-3","112":"product_cat-2017-2022-bmw-serie-4-cabrio-5","113":"product_cat-2017-2022-bmw-serie-3-2","114":"product_cat-2017-2022-bmw-serie-4-cabrio","115":"product_cat-2017-2022-bmw-z4-4","116":"product_cat-2017-2022-bmw-serie-3-x-drive-touring-3","117":"product_cat-2017-2022-bmw-serie-4-gran-coupe-4","118":"product_cat-2017-2022-bmw-i4-6","119":"product_cat-2017-2022-bmw-serie-5-x-drive-touring-m-performance-2","120":"product_cat-2017-2022-toyota-supra-3","121":"product_cat-2017-2022-bmw-serie-4-gran-coupe","122":"product_cat-2017-2022-bmw-serie-5-m-performance-touring-5","123":"product_cat-2017-2022-bmw-serie-4-coupe-2","124":"product_cat-2017-2022-bmw-serie-5-m-performance-3","125":"product_cat-2017-2022-bmw-serie-3-5","126":"product_cat-2017-2022-bmw-serie-5-x-drive-4","127":"product_cat-2017-2022-bmw-serie-5-m-performance","128":"product_cat-2017-2022-bmw-i5-3","129":"product_cat-2017-2022-bmw-serie-3-x-drive-4","130":"product_cat-2017-2022-bmw-serie-5-x-drive-touring-m-performance-5","131":"product_cat-2017-2022-bmw-i4","132":"product_cat-2017-2022-bmw-serie-5-touring-2","133":"product_cat-2017-2022-bmw-serie-5-x-drive-touring-3","134":"product_cat-2017-2022-bmw-serie-4-coupe-5","135":"product_cat-2017-2022-bmw-serie-3-touring-2","136":"product_cat-2017-2022-bmw-serie-5-touring","137":"product_cat-2017-2022-bmw-serie-4-cabrio-3","138":"product_cat-2017-2022-bmw-z4-m-performance-4","139":"product_cat-2017-2022-bmw-serie-5-x-drive-m-performance","140":"product_cat-2017-2022-bmw-serie-5-4","141":"product_cat-2017-2022-bmw-i5-6","142":"product_cat-2017-2022-bmw-z4-2","143":"product_cat-2017-2022-bmw-i4-4","144":"product_cat-2017-2022-bmw-serie-5-touring-5","145":"product_cat-2017-2022-bmw-serie-4-gran-coupe-2","146":"product_cat-2017-2022-bmw-serie-5-m-performance-touring-3","147":"product_cat-2017-2022-bmw-serie-5-x-drive-touring-m-performance","148":"product_cat-2017-2022-bmw-serie-3-touring-5","149":"product_cat-2017-2022-bmw-serie-5-x-drive-m-performance-4","150":"product_cat-2017-2022-bmw-serie-3-3","151":"product_cat-2017-2022-bmw-serie-3-x-drive-touring-4","152":"product_cat-2017-2022-bmw-x4","153":"product_cat-2017-2022-bmw-z4-5","154":"product_cat-2017-2022-bmw-serie-5-x-drive-2","155":"product_cat-2017-2022-bmw-serie-3-touring","156":"product_cat-2017-2022-bmw-serie-5-x-drive-touring-m-performance-3","157":"product_cat-2017-2022-bmw-serie-4-gran-coupe-5","158":"product_cat-2017-2022-bmw-serie-3-x-drive-2","159":"product_cat-2017-2022-bmw-serie-4-coupe-3","160":"product_cat-2017-2022-toyota-supra-4","161":"product_cat-2018-bmw-x4","162":"product_cat-2018-bmw-ix3","163":"product_cat-2018-bmw-x3","164":"product_cat-2019-bmw-x3","165":"product_cat-947","166":"product_cat-2019-bmw-x4","167":"product_cat-2020-bmw-x3","168":"product_cat-2020-bmw-ix3","169":"product_cat-2020-bmw-x4","170":"product_cat-2022-bmw-x3","171":"product_cat-2024-bmw-x3","172":"product_cat-bmw-i4","173":"product_cat-bmw-i5","174":"product_cat-bmw-ix3","175":"product_cat-bmw-serie-3","176":"product_cat-bmw-serie-3-touring","177":"product_cat-bmw-serie-3-x-drive","178":"product_cat-bmw-serie-3-x-drive-touring","179":"product_cat-bmw-serie-4-cabrio","180":"product_cat-bmw-serie-4-coupe","181":"product_cat-bmw-serie-4-gran-coupe","182":"product_cat-bmw-serie-5","183":"product_cat-bmw-serie-5-m-performance","184":"product_cat-bmw-serie-5-m-performance-touring","185":"product_cat-bmw-serie-5-touring","186":"product_cat-bmw-serie-5-x-drive","187":"product_cat-bmw-serie-5-x-drive-m-performance","188":"product_cat-bmw-serie-5-x-drive-touring","189":"product_cat-bmw-serie-5-x-drive-touring-m-performance","190":"product_cat-bmw-x3","191":"product_cat-bmw-x4","192":"product_cat-bmw-z4","193":"product_cat-bmw-z4-m-performance","194":"product_cat-jantes","195":"product_cat-toyota-supra","197":"first","198":"instock","199":"purchasable","200":"product-type-simple"},"acf":[],"_links":{"self":[{"href":"https:\/\/altaroda.es\/en\/wp-json\/wp\/v2\/product\/5084","targetHints":{"allow":["GET"]}}],"collection":[{"href":"https:\/\/altaroda.es\/en\/wp-json\/wp\/v2\/product"}],"about":[{"href":"https:\/\/altaroda.es\/en\/wp-json\/wp\/v2\/types\/product"}],"replies":[{"embeddable":true,"href":"https:\/\/altaroda.es\/en\/wp-json\/wp\/v2\/comments?post=5084"}],"version-history":[{"count":1,"href":"https:\/\/altaroda.es\/en\/wp-json\/wp\/v2\/product\/5084\/revisions"}],"predecessor-version":[{"id":5085,"href":"https:\/\/altaroda.es\/en\/wp-json\/wp\/v2\/product\/5084\/revisions\/5085"}],"wp:featuredmedia":[{"embeddable":true,"href":"https:\/\/altaroda.es\/en\/wp-json\/wp\/v2\/media\/5086"}],"wp:attachment":[{"href":"https:\/\/altaroda.es\/en\/wp-json\/wp\/v2\/media?parent=5084"}],"wp:term":[{"taxonomy":"product_brand","embeddable":true,"href":"https:\/\/altaroda.es\/en\/wp-json\/wp\/v2\/product_brand?post=5084"},{"taxonomy":"product_cat","embeddable":true,"href":"https:\/\/altaroda.es\/en\/wp-json\/wp\/v2\/product_cat?post=5084"},{"taxonomy":"product_tag","embeddable":true,"href":"https:\/\/altaroda.es\/en\/wp-json\/wp\/v2\/product_tag?post=5084"}],"curies":[{"name":"wp","href":"https:\/\/api.w.org\/{rel}","templated":true}]}}