{"id":5076,"date":"2025-06-08T13:38:49","date_gmt":"2025-06-08T13:38:49","guid":{"rendered":"https:\/\/altaroda.es\/product\/epica-18-light-titan-4\/"},"modified":"2025-06-08T13:38:53","modified_gmt":"2025-06-08T13:38:53","slug":"epica-18-light-titan-4","status":"publish","type":"product","link":"https:\/\/altaroda.es\/en\/product\/epica-18-light-titan-4\/","title":{"rendered":"EPICA 18 LIGHT TITAN"},"content":{"rendered":"<p>7J18 EPICA\/PE2X ET39 5X100 57,1 LITO.E. (SEAT) Compat\u00edvel com tampa central Pe\u00e7a Nr.. 6LL601171 &#8211; NO IBIZA CUPRA 132Kw (SEAT SPORT BRAKE) &#8211; PARA RODAS HOMOLOGADAS VERIFIQUE OS DOCUMENTOS NADNotas:<br \/>\n                     &#8211; Pre\u00e7o unit\u00e1rio;<br \/>\n                     &#8211; IVA \u00e0 taxa em vigor inclu\u00eddo no pre\u00e7o;<br \/>\n                     &#8211; Limitado ao stock existente;<br \/>\n                     &#8211; Disponibilidade e pre\u00e7o carece de re-confirma\u00e7\u00e3o.<\/p>","protected":false},"excerpt":{"rendered":"<p>7J18 EPICA\/PE2X ET39 5X100 57,1 LITO.E. (SEAT) Compat\u00edvel com tampa central Pe\u00e7a Nr.. 6LL601171 &#8211; NO IBIZA CUPRA 132Kw (SEAT SPORT BRAKE) &#8211; PARA RODAS HOMOLOGADAS VERIFIQUE OS DOCUMENTOS NADNotas:<br \/>\n                     &#8211; Pre\u00e7o unit\u00e1rio;<br \/>\n                     &#8211; IVA \u00e0 taxa em vigor inclu\u00eddo no pre\u00e7o;<br \/>\n                     &#8211; Limitado ao stock existente;<br \/>\n                     &#8211; Disponibilidade e pre\u00e7o carece de re-confirma\u00e7\u00e3o.<\/p>","protected":false},"featured_media":5078,"comment_status":"closed","ping_status":"open","template":"","meta":{"_acf_changed":false},"product_brand":[],"product_cat":[4478,2630,4482,2632,4479,4483,4480,4484,4481,4477,3292,4488,3293,4486,3294,4489,4487,3295,4485,3296,3229,3226,4490,4495,3228,4493,4491,3227,4494,4492,4499,2784,4501,4497,4500,2782,4502,4498,4496,4503,2021,2022,2018,2017,2019,1250,1249,635,4476,2576,2578,3224,3225,3288,3289,2523,2524],"product_tag":[],"class_list":{"0":"post-5076","1":"product","2":"type-product","3":"status-publish","4":"has-post-thumbnail","6":"product_cat-07-2008-2016-seat-arona","7":"product_cat-07-2008-2016-seat-ibiza","8":"product_cat-07-2008-2016-volkswagen-polo-gti-vi-serie","9":"product_cat-07-2008-2016-skoda-fabia","10":"product_cat-07-2008-2016-skoda-kamiq","11":"product_cat-07-2008-2016-volkswagen-t-cross","12":"product_cat-07-2008-2016-skoda-scala","13":"product_cat-07-2008-2016-volkswagen-taigo","14":"product_cat-07-2008-2016-volkswagen-polo-vi-serie","15":"product_cat-07-2008-2016-audi-a1-sportback","16":"product_cat-10-2017-audi-a1-sportback","17":"product_cat-10-2017-volkswagen-t-cross","18":"product_cat-10-2017-seat-ibiza","19":"product_cat-10-2017-skoda-kamiq","20":"product_cat-10-2017-skoda-fabia","21":"product_cat-10-2017-volkswagen-taigo","22":"product_cat-10-2017-skoda-scala","23":"product_cat-10-2017-volkswagen-polo-vi-serie","24":"product_cat-10-2017-seat-arona","25":"product_cat-10-2017-volkswagen-polo-gti-vi-serie","26":"product_cat-10-2019-volkswagen-taigo","27":"product_cat-10-2019","28":"product_cat-10-2019-audi-a1-sportback","29":"product_cat-10-2019-volkswagen-polo-gti-vi-serie","30":"product_cat-10-2019-volkswagen-t-cross","31":"product_cat-10-2019-skoda-fabia","32":"product_cat-10-2019-seat-arona","33":"product_cat-10-2019-skoda-scala","34":"product_cat-10-2019-volkswagen-polo-vi-serie","35":"product_cat-10-2019-seat-ibiza","36":"product_cat-2001-06-2008-skoda-scala","37":"product_cat-2001-06-2008-skoda-fabia","38":"product_cat-2001-06-2008-volkswagen-polo-gti-vi-serie","39":"product_cat-2001-06-2008-seat-arona","40":"product_cat-2001-06-2008-volkswagen-polo-vi-serie","41":"product_cat-2001-06-2008-seat-ibiza","42":"product_cat-2001-06-2008-volkswagen-t-cross","43":"product_cat-2001-06-2008-skoda-kamiq","44":"product_cat-2001-06-2008-audi-a1-sportback","45":"product_cat-2001-06-2008-volkswagen-taigo","46":"product_cat-2014-2019-subaru-impreza","47":"product_cat-2014-2019-subaru-legacy","48":"product_cat-2014-2019-rover-75","49":"product_cat-2014-2019-lexus-ct-200h","50":"product_cat-2014-2019-subaru-brz","51":"product_cat-2019-audi-a1-sportback","52":"product_cat-audi-a1-sportback","53":"product_cat-jantes","54":"product_cat-seat-arona","55":"product_cat-seat-ibiza","56":"product_cat-skoda-fabia","57":"product_cat-skoda-kamiq","58":"product_cat-skoda-scala","59":"product_cat-volkswagen-polo-vi-serie","60":"product_cat-volkswagen-polo-gti-vi-serie","61":"product_cat-volkswagen-t-cross","62":"product_cat-volkswagen-taigo","64":"first","65":"instock","66":"purchasable","67":"product-type-simple"},"acf":[],"_links":{"self":[{"href":"https:\/\/altaroda.es\/en\/wp-json\/wp\/v2\/product\/5076","targetHints":{"allow":["GET"]}}],"collection":[{"href":"https:\/\/altaroda.es\/en\/wp-json\/wp\/v2\/product"}],"about":[{"href":"https:\/\/altaroda.es\/en\/wp-json\/wp\/v2\/types\/product"}],"replies":[{"embeddable":true,"href":"https:\/\/altaroda.es\/en\/wp-json\/wp\/v2\/comments?post=5076"}],"version-history":[{"count":1,"href":"https:\/\/altaroda.es\/en\/wp-json\/wp\/v2\/product\/5076\/revisions"}],"predecessor-version":[{"id":5077,"href":"https:\/\/altaroda.es\/en\/wp-json\/wp\/v2\/product\/5076\/revisions\/5077"}],"wp:featuredmedia":[{"embeddable":true,"href":"https:\/\/altaroda.es\/en\/wp-json\/wp\/v2\/media\/5078"}],"wp:attachment":[{"href":"https:\/\/altaroda.es\/en\/wp-json\/wp\/v2\/media?parent=5076"}],"wp:term":[{"taxonomy":"product_brand","embeddable":true,"href":"https:\/\/altaroda.es\/en\/wp-json\/wp\/v2\/product_brand?post=5076"},{"taxonomy":"product_cat","embeddable":true,"href":"https:\/\/altaroda.es\/en\/wp-json\/wp\/v2\/product_cat?post=5076"},{"taxonomy":"product_tag","embeddable":true,"href":"https:\/\/altaroda.es\/en\/wp-json\/wp\/v2\/product_tag?post=5076"}],"curies":[{"name":"wp","href":"https:\/\/api.w.org\/{rel}","templated":true}]}}