{"id":5073,"date":"2025-06-08T13:38:49","date_gmt":"2025-06-08T13:38:49","guid":{"rendered":"https:\/\/altaroda.es\/product\/electra-21-black-mirror\/"},"modified":"2025-06-08T13:38:51","modified_gmt":"2025-06-08T13:38:51","slug":"electra-21-black-mirror","status":"publish","type":"product","link":"https:\/\/altaroda.es\/en\/product\/electra-21-black-mirror\/","title":{"rendered":"ELECTRA 21 BLACK MIRROR"},"content":{"rendered":"<p>8,5J21 ELECT\/VW2X E40 5X112 57,1 BMPARA RODAS HOMOLOGADAS VERIFIQUE OS DOCUMENTOS NADNotas:<br \/>\n                     &#8211; Pre\u00e7o unit\u00e1rio;<br \/>\n                     &#8211; IVA \u00e0 taxa em vigor inclu\u00eddo no pre\u00e7o;<br \/>\n                     &#8211; Limitado ao stock existente;<br \/>\n                     &#8211; Disponibilidade e pre\u00e7o carece de re-confirma\u00e7\u00e3o.<\/p>","protected":false},"excerpt":{"rendered":"<p>8,5J21 ELECT\/VW2X E40 5X112 57,1 BMPARA RODAS HOMOLOGADAS VERIFIQUE OS DOCUMENTOS NADNotas:<br \/>\n                     &#8211; Pre\u00e7o unit\u00e1rio;<br \/>\n                     &#8211; IVA \u00e0 taxa em vigor inclu\u00eddo no pre\u00e7o;<br \/>\n                     &#8211; Limitado ao stock existente;<br \/>\n                     &#8211; Disponibilidade e pre\u00e7o carece de re-confirma\u00e7\u00e3o.<\/p>","protected":false},"featured_media":5075,"comment_status":"closed","ping_status":"open","template":"","meta":{"_acf_changed":false},"product_brand":[],"product_cat":[4447,4438,4443,4434,4439,4430,4444,4435,4440,4431,4445,4436,4441,4432,4446,4437,4442,4433,4454,4465,4458,4462,4455,4448,4459,4452,4456,4449,4453,4463,4450,4460,4464,4457,4451,4461,2020,2021,2017,2022,2019,2023,2024,2016,2018,3370,4469,3369,4473,4466,3368,3364,4470,3363,4474,4467,3362,4471,4475,3895,4468,4472,3371,3304,3305,4422,3306,4423,4424,4425,3608,635,3310,3311,2511,3312,3313,4426,4427,2512,4428,4429],"product_tag":[],"class_list":{"0":"post-5073","1":"product","2":"type-product","3":"status-publish","4":"has-post-thumbnail","6":"product_cat-07-2017-volkswagen-id7","7":"product_cat-07-2017-seat-ateca","8":"product_cat-07-2017-volkswagen-arteon","9":"product_cat-07-2017-cupra-ateca-221kw","10":"product_cat-07-2017-seat-tarraco","11":"product_cat-07-2017","12":"product_cat-07-2017-volkswagen-id3","13":"product_cat-07-2017-cupra-born","14":"product_cat-07-2017-skoda-enyaq","15":"product_cat-07-2017-audi-q3-sportback","16":"product_cat-07-2017-volkswagen-id4-id4-gtx","17":"product_cat-07-2017-cupra-formentor-228kw-brembo-brakes","18":"product_cat-07-2017-skoda-karoq","19":"product_cat-07-2017-audi-q4-e-tron","20":"product_cat-07-2017-volkswagen-id5-id5-gtx","21":"product_cat-07-2017-cupra-formentor-not-brembo-brakes","22":"product_cat-07-2017-skoda-kodiaq","23":"product_cat-07-2017-audi-sq2","24":"product_cat-08-2020-cupra-formentor-228kw-brembo-brakes","25":"product_cat-08-2020-volkswagen-id7","26":"product_cat-08-2020-skoda-enyaq","27":"product_cat-08-2020-volkswagen-id3","28":"product_cat-08-2020-cupra-formentor-not-brembo-brakes","29":"product_cat-08-2020","30":"product_cat-08-2020-skoda-karoq","31":"product_cat-08-2020-cupra-ateca-221kw","32":"product_cat-08-2020-seat-ateca","33":"product_cat-08-2020-audi-q3-sportback","34":"product_cat-08-2020-cupra-born","35":"product_cat-08-2020-volkswagen-id4-id4-gtx","36":"product_cat-08-2020-audi-q4-e-tron","37":"product_cat-08-2020-skoda-kodiaq","38":"product_cat-08-2020-volkswagen-id5-id5-gtx","39":"product_cat-08-2020-seat-tarraco","40":"product_cat-08-2020-audi-sq2","41":"product_cat-08-2020-volkswagen-arteon","42":"product_cat-2014-2019-subaru-forester","43":"product_cat-2014-2019-subaru-impreza","44":"product_cat-2014-2019-lexus-ct-200h","45":"product_cat-2014-2019-subaru-legacy","46":"product_cat-2014-2019-subaru-brz","47":"product_cat-2014-2019-subaru-outback-legacy","48":"product_cat-2014-2019-subaru-trezia","49":"product_cat-2014-2019-chrysler-stratus-cabrio","50":"product_cat-2014-2019-rover-75","51":"product_cat-2017-2023-skoda-karoq","52":"product_cat-2017-2023-cupra-formentor-228kw-brembo-brakes","53":"product_cat-2017-2023-seat-tarraco","54":"product_cat-2017-2023-volkswagen-id4-id4-gtx","55":"product_cat-2017-2023-audi-q4-e-tron","56":"product_cat-2017-2023-seat-ateca","57":"product_cat-2017-2023-audi-sq2","58":"product_cat-2017-2023-skoda-enyaq","59":"product_cat-2017-2023-audi-q3-sportback","60":"product_cat-2017-2023-volkswagen-id5-id5-gtx","61":"product_cat-2017-2023-cupra-ateca-221kw","62":"product_cat-2017-2023-audi-q3","63":"product_cat-2017-2023-volkswagen-arteon","64":"product_cat-2017-2023-volkswagen-id7","65":"product_cat-2017-2023-cupra-formentor-not-brembo-brakes","66":"product_cat-2017-2023-cupra-born","67":"product_cat-2017-2023-volkswagen-id3","68":"product_cat-2017-2023-skoda-kodiaq","69":"product_cat-audi-q3","70":"product_cat-audi-q3-sportback","71":"product_cat-audi-q4-e-tron","72":"product_cat-audi-sq2","73":"product_cat-cupra-ateca-221kw","74":"product_cat-cupra-born","75":"product_cat-cupra-formentor-228kw-brembo-brakes","76":"product_cat-cupra-formentor-not-brembo-brakes","77":"product_cat-jantes","78":"product_cat-seat-ateca","79":"product_cat-seat-tarraco","80":"product_cat-skoda-enyaq","81":"product_cat-skoda-karoq","82":"product_cat-skoda-kodiaq","83":"product_cat-volkswagen-arteon","84":"product_cat-volkswagen-id3","85":"product_cat-volkswagen-id4-id4-gtx","86":"product_cat-volkswagen-id5-id5-gtx","87":"product_cat-volkswagen-id7","89":"first","90":"instock","91":"purchasable","92":"product-type-simple"},"acf":[],"_links":{"self":[{"href":"https:\/\/altaroda.es\/en\/wp-json\/wp\/v2\/product\/5073","targetHints":{"allow":["GET"]}}],"collection":[{"href":"https:\/\/altaroda.es\/en\/wp-json\/wp\/v2\/product"}],"about":[{"href":"https:\/\/altaroda.es\/en\/wp-json\/wp\/v2\/types\/product"}],"replies":[{"embeddable":true,"href":"https:\/\/altaroda.es\/en\/wp-json\/wp\/v2\/comments?post=5073"}],"version-history":[{"count":1,"href":"https:\/\/altaroda.es\/en\/wp-json\/wp\/v2\/product\/5073\/revisions"}],"predecessor-version":[{"id":5074,"href":"https:\/\/altaroda.es\/en\/wp-json\/wp\/v2\/product\/5073\/revisions\/5074"}],"wp:featuredmedia":[{"embeddable":true,"href":"https:\/\/altaroda.es\/en\/wp-json\/wp\/v2\/media\/5075"}],"wp:attachment":[{"href":"https:\/\/altaroda.es\/en\/wp-json\/wp\/v2\/media?parent=5073"}],"wp:term":[{"taxonomy":"product_brand","embeddable":true,"href":"https:\/\/altaroda.es\/en\/wp-json\/wp\/v2\/product_brand?post=5073"},{"taxonomy":"product_cat","embeddable":true,"href":"https:\/\/altaroda.es\/en\/wp-json\/wp\/v2\/product_cat?post=5073"},{"taxonomy":"product_tag","embeddable":true,"href":"https:\/\/altaroda.es\/en\/wp-json\/wp\/v2\/product_tag?post=5073"}],"curies":[{"name":"wp","href":"https:\/\/api.w.org\/{rel}","templated":true}]}}