{"id":5070,"date":"2025-06-08T13:38:49","date_gmt":"2025-06-08T13:38:49","guid":{"rendered":"https:\/\/altaroda.es\/product\/overland-17-gloss-black-mirror-ring-5\/"},"modified":"2025-06-08T13:38:51","modified_gmt":"2025-06-08T13:38:51","slug":"overland-17-gloss-black-mirror-ring-5","status":"publish","type":"product","link":"https:\/\/altaroda.es\/en\/product\/overland-17-gloss-black-mirror-ring-5\/","title":{"rendered":"OVERLAND 17 GLOSS BLACK MIRROR RING"},"content":{"rendered":"<p>7J17 OVERL\/KT ET66 5X130 89,1 BLMILPARA RODAS HOMOLOGADAS VERIFIQUE OS DOCUMENTOS TUVCertifica\u00e7\u00f5es: RV7070 KT-89,1-A09Notas:<br \/>\n                     &#8211; Pre\u00e7o unit\u00e1rio;<br \/>\n                     &#8211; IVA \u00e0 taxa em vigor inclu\u00eddo no pre\u00e7o;<br \/>\n                     &#8211; Limitado ao stock existente;<br \/>\n                     &#8211; Disponibilidade e pre\u00e7o carece de re-confirma\u00e7\u00e3o.<\/p>","protected":false},"excerpt":{"rendered":"<p>7J17 OVERL\/KT ET66 5X130 89,1 BLMILPARA RODAS HOMOLOGADAS VERIFIQUE OS DOCUMENTOS TUVCertifica\u00e7\u00f5es: RV7070 KT-89,1-A09Notas:<br \/>\n                     &#8211; Pre\u00e7o unit\u00e1rio;<br \/>\n                     &#8211; IVA \u00e0 taxa em vigor inclu\u00eddo no pre\u00e7o;<br \/>\n                     &#8211; Limitado ao stock existente;<br \/>\n                     &#8211; Disponibilidade e pre\u00e7o carece de re-confirma\u00e7\u00e3o.<\/p>","protected":false},"featured_media":5072,"comment_status":"closed","ping_status":"open","template":"","meta":{"_acf_changed":false},"product_brand":[],"product_cat":[1341,4401,1342,1338,4402,1339,4403,4399,1340,4404,4400,4405,1351,4410,4406,1352,1348,4407,1349,4408,1350,4409,1355,4414,1356,4415,4411,1357,4416,1353,4412,1354,4413,2936,4419,2937,4420,2933,2938,4421,2934,4417,2935,4418,2010,2011,635,1333,1334,2927,2928,1335,1336,2929,2930,1337,2931,2932],"product_tag":[],"class_list":{"0":"post-5070","1":"product","2":"type-product","3":"status-publish","4":"has-post-thumbnail","6":"product_cat-08-2000-2009-opel-movano-a-n1","7":"product_cat-08-2000-2009-opel-movano-b-m1","8":"product_cat-08-2000-2009-renault-master-ii-n1","9":"product_cat-08-2000-2009","10":"product_cat-08-2000-2009-opel-movano-b-n1","11":"product_cat-08-2000-2009-nissan-interstar-n1","12":"product_cat-08-2000-2009-renault-master-iii-m1","13":"product_cat-08-2000-2009-nissan-nv400-m1","14":"product_cat-08-2000-2009-opel-movano-a-m1","15":"product_cat-08-2000-2009-renault-master-iii-n1","16":"product_cat-08-2000-2009-nissan-nv400-n1","17":"product_cat-2001-2009-nissan-nv400-m1","18":"product_cat-2001-2009-opel-movano-a-n1","19":"product_cat-2001-2009-renault-master-iii-n1","20":"product_cat-2001-2009-nissan-nv400-n1","21":"product_cat-2001-2009-renault-master-ii-n1","22":"product_cat-2001-2009","23":"product_cat-2001-2009-opel-movano-b-m1","24":"product_cat-2001-2009-nissan-interstar-n1","25":"product_cat-2001-2009-opel-movano-b-n1","26":"product_cat-2001-2009-opel-movano-a-m1","27":"product_cat-2001-2009-renault-master-iii-m1","28":"product_cat-2002-2011-opel-movano-a-m1","29":"product_cat-2002-2011-opel-movano-b-n1","30":"product_cat-2002-2011-opel-movano-a-n1","31":"product_cat-2002-2011-renault-master-iii-m1","32":"product_cat-2002-2011-nissan-nv400-m1","33":"product_cat-2002-2011-renault-master-ii-n1","34":"product_cat-2002-2011-renault-master-iii-n1","35":"product_cat-2002-2011","36":"product_cat-2002-2011-nissan-nv400-n1","37":"product_cat-2002-2011-nissan-interstar-n1","38":"product_cat-2002-2011-opel-movano-b-m1","39":"product_cat-2010-2021-opel-movano-b-n1","40":"product_cat-2010-2021-opel-movano-a-m1","41":"product_cat-2010-2021-renault-master-iii-m1","42":"product_cat-2010-2021-opel-movano-a-n1","43":"product_cat-2010-2021","44":"product_cat-2010-2021-renault-master-iii-n1","45":"product_cat-2010-2021-renault-master-ii-n1","46":"product_cat-2010-2021-nissan-nv400-n1","47":"product_cat-2010-2021-nissan-interstar-m1","48":"product_cat-2010-2021-opel-movano-b-m1","49":"product_cat-2010-2021-nissan-interstar-n1","50":"product_cat-2013-2017-volkswagen-vento","51":"product_cat-2014-2019-audi-a1-allstreet","52":"product_cat-jantes","53":"product_cat-nissan-interstar-m1","54":"product_cat-nissan-interstar-n1","55":"product_cat-nissan-nv400-m1","56":"product_cat-nissan-nv400-n1","57":"product_cat-opel-movano-a-m1","58":"product_cat-opel-movano-a-n1","59":"product_cat-opel-movano-b-m1","60":"product_cat-opel-movano-b-n1","61":"product_cat-renault-master-ii-n1","62":"product_cat-renault-master-iii-m1","63":"product_cat-renault-master-iii-n1","65":"first","66":"instock","67":"purchasable","68":"product-type-simple"},"acf":[],"_links":{"self":[{"href":"https:\/\/altaroda.es\/en\/wp-json\/wp\/v2\/product\/5070","targetHints":{"allow":["GET"]}}],"collection":[{"href":"https:\/\/altaroda.es\/en\/wp-json\/wp\/v2\/product"}],"about":[{"href":"https:\/\/altaroda.es\/en\/wp-json\/wp\/v2\/types\/product"}],"replies":[{"embeddable":true,"href":"https:\/\/altaroda.es\/en\/wp-json\/wp\/v2\/comments?post=5070"}],"version-history":[{"count":1,"href":"https:\/\/altaroda.es\/en\/wp-json\/wp\/v2\/product\/5070\/revisions"}],"predecessor-version":[{"id":5071,"href":"https:\/\/altaroda.es\/en\/wp-json\/wp\/v2\/product\/5070\/revisions\/5071"}],"wp:featuredmedia":[{"embeddable":true,"href":"https:\/\/altaroda.es\/en\/wp-json\/wp\/v2\/media\/5072"}],"wp:attachment":[{"href":"https:\/\/altaroda.es\/en\/wp-json\/wp\/v2\/media?parent=5070"}],"wp:term":[{"taxonomy":"product_brand","embeddable":true,"href":"https:\/\/altaroda.es\/en\/wp-json\/wp\/v2\/product_brand?post=5070"},{"taxonomy":"product_cat","embeddable":true,"href":"https:\/\/altaroda.es\/en\/wp-json\/wp\/v2\/product_cat?post=5070"},{"taxonomy":"product_tag","embeddable":true,"href":"https:\/\/altaroda.es\/en\/wp-json\/wp\/v2\/product_tag?post=5070"}],"curies":[{"name":"wp","href":"https:\/\/api.w.org\/{rel}","templated":true}]}}