{"id":5067,"date":"2025-06-08T13:38:49","date_gmt":"2025-06-08T13:38:49","guid":{"rendered":"https:\/\/altaroda.es\/product\/overland-17-light-titan-5\/"},"modified":"2025-06-08T13:38:50","modified_gmt":"2025-06-08T13:38:50","slug":"overland-17-light-titan-5","status":"publish","type":"product","link":"https:\/\/altaroda.es\/en\/product\/overland-17-light-titan-5\/","title":{"rendered":"OVERLAND 17 LIGHT TITAN"},"content":{"rendered":"<p>7J17 OVERL\/KT ET66 5X130 89,1 LIGTIPARA RODAS HOMOLOGADAS VERIFIQUE OS DOCUMENTOS TUVCertifica\u00e7\u00f5es: RV7070 KT-89,1-A09Notas:<br \/>\n                     &#8211; Pre\u00e7o unit\u00e1rio;<br \/>\n                     &#8211; IVA \u00e0 taxa em vigor inclu\u00eddo no pre\u00e7o;<br \/>\n                     &#8211; Limitado ao stock existente;<br \/>\n                     &#8211; Disponibilidade e pre\u00e7o carece de re-confirma\u00e7\u00e3o.<\/p>","protected":false},"excerpt":{"rendered":"<p>7J17 OVERL\/KT ET66 5X130 89,1 LIGTIPARA RODAS HOMOLOGADAS VERIFIQUE OS DOCUMENTOS TUVCertifica\u00e7\u00f5es: RV7070 KT-89,1-A09Notas:<br \/>\n                     &#8211; Pre\u00e7o unit\u00e1rio;<br \/>\n                     &#8211; IVA \u00e0 taxa em vigor inclu\u00eddo no pre\u00e7o;<br \/>\n                     &#8211; Limitado ao stock existente;<br \/>\n                     &#8211; Disponibilidade e pre\u00e7o carece de re-confirma\u00e7\u00e3o.<\/p>","protected":false},"featured_media":5069,"comment_status":"closed","ping_status":"open","template":"","meta":{"_acf_changed":false},"product_brand":[],"product_cat":[1340,4403,1342,4401,1339,4399,4404,1341,1338,4402,4400,1351,1348,4405,4410,1350,4408,4406,1352,1349,4409,4407,1354,4414,4412,1356,1353,4415,4413,1355,4411,4416,1357,4421,4419,2938,4417,2937,2936,2935,4420,2934,4418,2933,2010,2011,635,1333,1334,2927,2928,1335,1336,2929,2930,1337,2931,2932],"product_tag":[],"class_list":{"0":"post-5067","1":"product","2":"type-product","3":"status-publish","4":"has-post-thumbnail","6":"product_cat-08-2000-2009-opel-movano-a-m1","7":"product_cat-08-2000-2009-renault-master-iii-m1","8":"product_cat-08-2000-2009-renault-master-ii-n1","9":"product_cat-08-2000-2009-opel-movano-b-m1","10":"product_cat-08-2000-2009-nissan-interstar-n1","11":"product_cat-08-2000-2009-nissan-nv400-m1","12":"product_cat-08-2000-2009-renault-master-iii-n1","13":"product_cat-08-2000-2009-opel-movano-a-n1","14":"product_cat-08-2000-2009","15":"product_cat-08-2000-2009-opel-movano-b-n1","16":"product_cat-08-2000-2009-nissan-nv400-n1","17":"product_cat-2001-2009-opel-movano-a-n1","18":"product_cat-2001-2009","19":"product_cat-2001-2009-nissan-nv400-m1","20":"product_cat-2001-2009-renault-master-iii-n1","21":"product_cat-2001-2009-opel-movano-a-m1","22":"product_cat-2001-2009-opel-movano-b-n1","23":"product_cat-2001-2009-nissan-nv400-n1","24":"product_cat-2001-2009-renault-master-ii-n1","25":"product_cat-2001-2009-nissan-interstar-n1","26":"product_cat-2001-2009-renault-master-iii-m1","27":"product_cat-2001-2009-opel-movano-b-m1","28":"product_cat-2002-2011-nissan-interstar-n1","29":"product_cat-2002-2011-opel-movano-b-n1","30":"product_cat-2002-2011-nissan-nv400-n1","31":"product_cat-2002-2011-opel-movano-a-n1","32":"product_cat-2002-2011","33":"product_cat-2002-2011-renault-master-iii-m1","34":"product_cat-2002-2011-opel-movano-b-m1","35":"product_cat-2002-2011-opel-movano-a-m1","36":"product_cat-2002-2011-nissan-nv400-m1","37":"product_cat-2002-2011-renault-master-iii-n1","38":"product_cat-2002-2011-renault-master-ii-n1","39":"product_cat-2010-2021-renault-master-ii-n1","40":"product_cat-2010-2021-opel-movano-a-m1","41":"product_cat-2010-2021-renault-master-iii-n1","42":"product_cat-2010-2021-nissan-interstar-m1","43":"product_cat-2010-2021-renault-master-iii-m1","44":"product_cat-2010-2021-opel-movano-b-n1","45":"product_cat-2010-2021-opel-movano-b-m1","46":"product_cat-2010-2021-opel-movano-a-n1","47":"product_cat-2010-2021-nissan-nv400-n1","48":"product_cat-2010-2021-nissan-interstar-n1","49":"product_cat-2010-2021","50":"product_cat-2013-2017-volkswagen-vento","51":"product_cat-2014-2019-audi-a1-allstreet","52":"product_cat-jantes","53":"product_cat-nissan-interstar-m1","54":"product_cat-nissan-interstar-n1","55":"product_cat-nissan-nv400-m1","56":"product_cat-nissan-nv400-n1","57":"product_cat-opel-movano-a-m1","58":"product_cat-opel-movano-a-n1","59":"product_cat-opel-movano-b-m1","60":"product_cat-opel-movano-b-n1","61":"product_cat-renault-master-ii-n1","62":"product_cat-renault-master-iii-m1","63":"product_cat-renault-master-iii-n1","65":"first","66":"instock","67":"purchasable","68":"product-type-simple"},"acf":[],"_links":{"self":[{"href":"https:\/\/altaroda.es\/en\/wp-json\/wp\/v2\/product\/5067","targetHints":{"allow":["GET"]}}],"collection":[{"href":"https:\/\/altaroda.es\/en\/wp-json\/wp\/v2\/product"}],"about":[{"href":"https:\/\/altaroda.es\/en\/wp-json\/wp\/v2\/types\/product"}],"replies":[{"embeddable":true,"href":"https:\/\/altaroda.es\/en\/wp-json\/wp\/v2\/comments?post=5067"}],"version-history":[{"count":1,"href":"https:\/\/altaroda.es\/en\/wp-json\/wp\/v2\/product\/5067\/revisions"}],"predecessor-version":[{"id":5068,"href":"https:\/\/altaroda.es\/en\/wp-json\/wp\/v2\/product\/5067\/revisions\/5068"}],"wp:featuredmedia":[{"embeddable":true,"href":"https:\/\/altaroda.es\/en\/wp-json\/wp\/v2\/media\/5069"}],"wp:attachment":[{"href":"https:\/\/altaroda.es\/en\/wp-json\/wp\/v2\/media?parent=5067"}],"wp:term":[{"taxonomy":"product_brand","embeddable":true,"href":"https:\/\/altaroda.es\/en\/wp-json\/wp\/v2\/product_brand?post=5067"},{"taxonomy":"product_cat","embeddable":true,"href":"https:\/\/altaroda.es\/en\/wp-json\/wp\/v2\/product_cat?post=5067"},{"taxonomy":"product_tag","embeddable":true,"href":"https:\/\/altaroda.es\/en\/wp-json\/wp\/v2\/product_tag?post=5067"}],"curies":[{"name":"wp","href":"https:\/\/api.w.org\/{rel}","templated":true}]}}