{"id":5037,"date":"2025-06-08T13:38:31","date_gmt":"2025-06-08T13:38:31","guid":{"rendered":"https:\/\/altaroda.es\/product\/overland-17-gloss-black-mirror-ring-3\/"},"modified":"2025-06-08T13:38:31","modified_gmt":"2025-06-08T13:38:31","slug":"overland-17-gloss-black-mirror-ring-3","status":"publish","type":"product","link":"https:\/\/altaroda.es\/en\/product\/overland-17-gloss-black-mirror-ring-3\/","title":{"rendered":"OVERLAND 17 GLOSS BLACK MIRROR RING"},"content":{"rendered":"<p>7J17 OVERL\/IG3X ET51 5X120 65,1 BMLPARA RODAS HOMOLOGADAS VERIFIQUE OS DOCUMENTOS TUV-NADCertifica\u00e7\u00f5es: RV7070 IG3X-65,1-A06Notas:<br \/>\n                     &#8211; Pre\u00e7o unit\u00e1rio;<br \/>\n                     &#8211; IVA \u00e0 taxa em vigor inclu\u00eddo no pre\u00e7o;<br \/>\n                     &#8211; Limitado ao stock existente;<br \/>\n                     &#8211; Disponibilidade e pre\u00e7o carece de re-confirma\u00e7\u00e3o.<\/p>","protected":false},"excerpt":{"rendered":"<p>7J17 OVERL\/IG3X ET51 5X120 65,1 BMLPARA RODAS HOMOLOGADAS VERIFIQUE OS DOCUMENTOS TUV-NADCertifica\u00e7\u00f5es: RV7070 IG3X-65,1-A06Notas:<br \/>\n                     &#8211; Pre\u00e7o unit\u00e1rio;<br \/>\n                     &#8211; IVA \u00e0 taxa em vigor inclu\u00eddo no pre\u00e7o;<br \/>\n                     &#8211; Limitado ao stock existente;<br \/>\n                     &#8211; Disponibilidade e pre\u00e7o carece de re-confirma\u00e7\u00e3o.<\/p>","protected":false},"featured_media":5039,"comment_status":"closed","ping_status":"open","template":"","meta":{"_acf_changed":false},"product_brand":[],"product_cat":[3507,3498,3503,3508,3499,3504,3509,3500,3505,3510,3501,3506,3502,3521,3512,3517,3522,3513,3518,3523,3514,3519,3515,3520,3511,3516,3543,3548,3539,3544,3549,3540,3545,3541,3546,3537,3542,3547,3538,2017,2020,2021,3565,3570,3575,3566,3571,3567,3572,3563,3568,3573,3564,3569,3574,635,2543,3488,3489,2544,3490,3491,3492,3493,3494,3495,3496,3497,2503],"product_tag":[],"class_list":{"0":"post-5037","1":"product","2":"type-product","3":"status-publish","4":"has-post-thumbnail","6":"product_cat-10-2010-2022-volkswagen-t6-multivan","7":"product_cat-10-2010-2022","8":"product_cat-10-2010-2022-volkswagen-t5-multivan-caravelle-transporter","9":"product_cat-10-2010-2022-volkswagen-t6-transporter-m1","10":"product_cat-10-2010-2022-man-tge-n1","11":"product_cat-10-2010-2022-volkswagen-t5-transporter","12":"product_cat-10-2010-2022-volkswagen-t6-transporter-n1","13":"product_cat-10-2010-2022-volkswagen-amarok-n1","14":"product_cat-10-2010-2022-volkswagen-t6-california","15":"product_cat-10-2010-2022-volkswagen-t7-multivan","16":"product_cat-10-2010-2022-volkswagen-crafter-m1","17":"product_cat-10-2010-2022-volkswagen-t6-kombi","18":"product_cat-10-2010-2022-volkswagen-crafter-n1","19":"product_cat-2003-2009-volkswagen-t6-transporter-m1","20":"product_cat-2003-2009-man-tge-n1","21":"product_cat-2003-2009-volkswagen-t5-transporter","22":"product_cat-2003-2009-volkswagen-t6-transporter-n1","23":"product_cat-2003-2009-volkswagen-amarok-n1","24":"product_cat-2003-2009-volkswagen-t6-california","25":"product_cat-2003-2009-volkswagen-t7-multivan","26":"product_cat-2003-2009-volkswagen-crafter-m1","27":"product_cat-2003-2009-volkswagen-t6-kombi","28":"product_cat-2003-2009-volkswagen-crafter-n1","29":"product_cat-2003-2009-volkswagen-t6-multivan","30":"product_cat-2003-2009","31":"product_cat-2003-2009-volkswagen-t5-multivan-caravelle-transporter","32":"product_cat-2010-2014-volkswagen-t5-transporter","33":"product_cat-2010-2014-volkswagen-t6-transporter-n1","34":"product_cat-2010-2014-volkswagen-amarok-n1","35":"product_cat-2010-2014-volkswagen-t6-california","36":"product_cat-2010-2014-volkswagen-t7-multivan","37":"product_cat-2010-2014-volkswagen-crafter-m1","38":"product_cat-2010-2014-volkswagen-t6-kombi","39":"product_cat-2010-2014-volkswagen-crafter-n1","40":"product_cat-2010-2014-volkswagen-t6-multivan","41":"product_cat-2010-2014","42":"product_cat-2010-2014-volkswagen-t5-multivan-caravelle-transporter","43":"product_cat-2010-2014-volkswagen-t6-transporter-m1","44":"product_cat-2010-2014-man-tge-n1","45":"product_cat-2014-2019-lexus-ct-200h","46":"product_cat-2014-2019-subaru-forester","47":"product_cat-2014-2019-subaru-impreza","48":"product_cat-2015-2019-volkswagen-amarok-n1","49":"product_cat-2015-2019-volkswagen-t6-california","50":"product_cat-2015-2019-volkswagen-t7-multivan","51":"product_cat-2015-2019-volkswagen-crafter-m1","52":"product_cat-2015-2019-volkswagen-t6-kombi","53":"product_cat-2015-2019-volkswagen-crafter-n1","54":"product_cat-2015-2019-volkswagen-t6-multivan","55":"product_cat-2015-2019","56":"product_cat-2015-2019-volkswagen-t5-multivan-caravelle-transporter","57":"product_cat-2015-2019-volkswagen-t6-transporter-m1","58":"product_cat-2015-2019-man-tge-n1","59":"product_cat-2015-2019-volkswagen-t5-transporter","60":"product_cat-2015-2019-volkswagen-t6-transporter-n1","61":"product_cat-jantes","62":"product_cat-man-tge-m1","63":"product_cat-man-tge-n1","64":"product_cat-volkswagen-amarok-n1","65":"product_cat-volkswagen-crafter-m1","66":"product_cat-volkswagen-crafter-n1","67":"product_cat-volkswagen-t5-multivan-caravelle-transporter","68":"product_cat-volkswagen-t5-transporter","69":"product_cat-volkswagen-t6-california","70":"product_cat-volkswagen-t6-kombi","71":"product_cat-volkswagen-t6-multivan","72":"product_cat-volkswagen-t6-transporter-m1","73":"product_cat-volkswagen-t6-transporter-n1","74":"product_cat-volkswagen-t7-multivan","76":"first","77":"instock","78":"purchasable","79":"product-type-simple"},"acf":[],"_links":{"self":[{"href":"https:\/\/altaroda.es\/en\/wp-json\/wp\/v2\/product\/5037","targetHints":{"allow":["GET"]}}],"collection":[{"href":"https:\/\/altaroda.es\/en\/wp-json\/wp\/v2\/product"}],"about":[{"href":"https:\/\/altaroda.es\/en\/wp-json\/wp\/v2\/types\/product"}],"replies":[{"embeddable":true,"href":"https:\/\/altaroda.es\/en\/wp-json\/wp\/v2\/comments?post=5037"}],"version-history":[{"count":1,"href":"https:\/\/altaroda.es\/en\/wp-json\/wp\/v2\/product\/5037\/revisions"}],"predecessor-version":[{"id":5038,"href":"https:\/\/altaroda.es\/en\/wp-json\/wp\/v2\/product\/5037\/revisions\/5038"}],"wp:featuredmedia":[{"embeddable":true,"href":"https:\/\/altaroda.es\/en\/wp-json\/wp\/v2\/media\/5039"}],"wp:attachment":[{"href":"https:\/\/altaroda.es\/en\/wp-json\/wp\/v2\/media?parent=5037"}],"wp:term":[{"taxonomy":"product_brand","embeddable":true,"href":"https:\/\/altaroda.es\/en\/wp-json\/wp\/v2\/product_brand?post=5037"},{"taxonomy":"product_cat","embeddable":true,"href":"https:\/\/altaroda.es\/en\/wp-json\/wp\/v2\/product_cat?post=5037"},{"taxonomy":"product_tag","embeddable":true,"href":"https:\/\/altaroda.es\/en\/wp-json\/wp\/v2\/product_tag?post=5037"}],"curies":[{"name":"wp","href":"https:\/\/api.w.org\/{rel}","templated":true}]}}