{"id":5028,"date":"2025-06-08T13:38:18","date_gmt":"2025-06-08T13:38:18","guid":{"rendered":"https:\/\/altaroda.es\/product\/overland-17-light-titan-2\/"},"modified":"2025-06-08T13:38:27","modified_gmt":"2025-06-08T13:38:27","slug":"overland-17-light-titan-2","status":"publish","type":"product","link":"https:\/\/altaroda.es\/en\/product\/overland-17-light-titan-2\/","title":{"rendered":"OVERLAND 17 LIGHT TITAN"},"content":{"rendered":"<p>7J17 OVERL\/IG5X ET60 5X120 65,1 LITPARA RODAS HOMOLOGADAS VERIFIQUE OS DOCUMENTOS TUV-NADCertifica\u00e7\u00f5es: RV7070 IG5X-65,1-A07Notas:<br \/>\n                     &#8211; Pre\u00e7o unit\u00e1rio;<br \/>\n                     &#8211; IVA \u00e0 taxa em vigor inclu\u00eddo no pre\u00e7o;<br \/>\n                     &#8211; Limitado ao stock existente;<br \/>\n                     &#8211; Disponibilidade e pre\u00e7o carece de re-confirma\u00e7\u00e3o.<\/p>","protected":false},"excerpt":{"rendered":"<p>7J17 OVERL\/IG5X ET60 5X120 65,1 LITPARA RODAS HOMOLOGADAS VERIFIQUE OS DOCUMENTOS TUV-NADCertifica\u00e7\u00f5es: RV7070 IG5X-65,1-A07Notas:<br \/>\n                     &#8211; Pre\u00e7o unit\u00e1rio;<br \/>\n                     &#8211; IVA \u00e0 taxa em vigor inclu\u00eddo no pre\u00e7o;<br \/>\n                     &#8211; Limitado ao stock existente;<br \/>\n                     &#8211; Disponibilidade e pre\u00e7o carece de re-confirma\u00e7\u00e3o.<\/p>","protected":false},"featured_media":5030,"comment_status":"closed","ping_status":"open","template":"","meta":{"_acf_changed":false},"product_brand":[],"product_cat":[3498,3510,3499,3500,3501,3502,2017,2021,635,2543,3488,3489,2544,3490,2503],"product_tag":[],"class_list":{"0":"post-5028","1":"product","2":"type-product","3":"status-publish","4":"has-post-thumbnail","6":"product_cat-10-2010-2022","7":"product_cat-10-2010-2022-volkswagen-t7-multivan","8":"product_cat-10-2010-2022-man-tge-n1","9":"product_cat-10-2010-2022-volkswagen-amarok-n1","10":"product_cat-10-2010-2022-volkswagen-crafter-m1","11":"product_cat-10-2010-2022-volkswagen-crafter-n1","12":"product_cat-2014-2019-lexus-ct-200h","13":"product_cat-2014-2019-subaru-impreza","14":"product_cat-jantes","15":"product_cat-man-tge-m1","16":"product_cat-man-tge-n1","17":"product_cat-volkswagen-amarok-n1","18":"product_cat-volkswagen-crafter-m1","19":"product_cat-volkswagen-crafter-n1","20":"product_cat-volkswagen-t7-multivan","22":"first","23":"instock","24":"purchasable","25":"product-type-simple"},"acf":[],"_links":{"self":[{"href":"https:\/\/altaroda.es\/en\/wp-json\/wp\/v2\/product\/5028","targetHints":{"allow":["GET"]}}],"collection":[{"href":"https:\/\/altaroda.es\/en\/wp-json\/wp\/v2\/product"}],"about":[{"href":"https:\/\/altaroda.es\/en\/wp-json\/wp\/v2\/types\/product"}],"replies":[{"embeddable":true,"href":"https:\/\/altaroda.es\/en\/wp-json\/wp\/v2\/comments?post=5028"}],"version-history":[{"count":1,"href":"https:\/\/altaroda.es\/en\/wp-json\/wp\/v2\/product\/5028\/revisions"}],"predecessor-version":[{"id":5029,"href":"https:\/\/altaroda.es\/en\/wp-json\/wp\/v2\/product\/5028\/revisions\/5029"}],"wp:featuredmedia":[{"embeddable":true,"href":"https:\/\/altaroda.es\/en\/wp-json\/wp\/v2\/media\/5030"}],"wp:attachment":[{"href":"https:\/\/altaroda.es\/en\/wp-json\/wp\/v2\/media?parent=5028"}],"wp:term":[{"taxonomy":"product_brand","embeddable":true,"href":"https:\/\/altaroda.es\/en\/wp-json\/wp\/v2\/product_brand?post=5028"},{"taxonomy":"product_cat","embeddable":true,"href":"https:\/\/altaroda.es\/en\/wp-json\/wp\/v2\/product_cat?post=5028"},{"taxonomy":"product_tag","embeddable":true,"href":"https:\/\/altaroda.es\/en\/wp-json\/wp\/v2\/product_tag?post=5028"}],"curies":[{"name":"wp","href":"https:\/\/api.w.org\/{rel}","templated":true}]}}