{"id":5022,"date":"2025-06-08T13:38:18","date_gmt":"2025-06-08T13:38:18","guid":{"rendered":"https:\/\/altaroda.es\/product\/arrow-d-20-black-mirror\/"},"modified":"2025-06-08T13:38:25","modified_gmt":"2025-06-08T13:38:25","slug":"arrow-d-20-black-mirror","status":"publish","type":"product","link":"https:\/\/altaroda.es\/en\/product\/arrow-d-20-black-mirror\/","title":{"rendered":"ARROW-D 20 BLACK MIRROR"},"content":{"rendered":"<p>9,5J20 ARROWD\/WS1Y E35 5112 66,6 BMRODAS SA\u00cdDAS DOS P\u00c1RA-LAMASTR\u00c1S &#8211; O.E. (DB) Compat\u00edvel com tampa central Pe\u00e7a Nr.. A2224002200 &#8211; Pe\u00e7a Nr.. A171400.. &#8211; Pe\u00e7a Nr.. B66470210 &#8211; PARA RODAS HOMOLOGADAS VERIFIQUE OS DOCUMENTOS TUVCertifica\u00e7\u00f5es: OW85-WD9520 WSY-WS1Y-66,6Notas:<br \/>\n                     &#8211; Pre\u00e7o unit\u00e1rio;<br \/>\n                     &#8211; IVA \u00e0 taxa em vigor inclu\u00eddo no pre\u00e7o;<br \/>\n                     &#8211; Limitado ao stock existente;<br \/>\n                     &#8211; Disponibilidade e pre\u00e7o carece de re-confirma\u00e7\u00e3o.<\/p>","protected":false},"excerpt":{"rendered":"<p>9,5J20 ARROWD\/WS1Y E35 5112 66,6 BMRODAS SA\u00cdDAS DOS P\u00c1RA-LAMASTR\u00c1S &#8211; O.E. (DB) Compat\u00edvel com tampa central Pe\u00e7a Nr.. A2224002200 &#8211; Pe\u00e7a Nr.. A171400.. &#8211; Pe\u00e7a Nr.. B66470210 &#8211; PARA RODAS HOMOLOGADAS VERIFIQUE OS DOCUMENTOS TUVCertifica\u00e7\u00f5es: OW85-WD9520 WSY-WS1Y-66,6Notas:<br \/>\n                     &#8211; Pre\u00e7o unit\u00e1rio;<br \/>\n                     &#8211; IVA \u00e0 taxa em vigor inclu\u00eddo no pre\u00e7o;<br \/>\n                     &#8211; Limitado ao stock existente;<br \/>\n                     &#8211; Disponibilidade e pre\u00e7o carece de re-confirma\u00e7\u00e3o.<\/p>","protected":false},"featured_media":5024,"comment_status":"closed","ping_status":"open","template":"","meta":{"_acf_changed":false},"product_brand":[],"product_cat":[3457,3464,3455,3462,3460,3458,3465,3456,3463,3461,3459,2021,2024,2023,2018,2022,3466,3473,3471,3469,3476,3467,3474,3472,3470,3468,3475,3482,3480,3487,3478,3485,3483,3481,3479,3486,3477,3484,1328,1009,1016,635,3446,3447,3448,3449,1280,3450,3451,3452,3453,983,3454],"product_tag":[],"class_list":{"0":"post-5022","1":"product","2":"type-product","3":"status-publish","4":"has-post-thumbnail","6":"product_cat-10-2012-2015-mercedes-c-klasse-s-w","7":"product_cat-10-2012-2015-mercedes-gls","8":"product_cat-10-2012-2015","9":"product_cat-10-2012-2015-mercedes-glc","10":"product_cat-10-2012-2015-mercedes-eqs","11":"product_cat-10-2012-2015-mercedes-cle-klasse","12":"product_cat-10-2012-2015-mercedes-s-klasse","13":"product_cat-10-2012-2015-mercedes-c-klasse-amg","14":"product_cat-10-2012-2015-mercedes-glc-coupe","15":"product_cat-10-2012-2015-mercedes-gl-klasse","16":"product_cat-10-2012-2015-mercedes-cls","17":"product_cat-2014-2019-subaru-impreza","18":"product_cat-2014-2019-subaru-trezia","19":"product_cat-2014-2019-subaru-outback-legacy","20":"product_cat-2014-2019-rover-75","21":"product_cat-2014-2019-subaru-legacy","22":"product_cat-2015-2020-mercedes-c-klasse","23":"product_cat-2015-2020-mercedes-glc","24":"product_cat-2015-2020-mercedes-eqs","25":"product_cat-2015-2020-mercedes-cle-klasse","26":"product_cat-2015-2020-mercedes-s-klasse","27":"product_cat-2015-2020-mercedes-c-klasse-amg","28":"product_cat-2015-2020-mercedes-glc-coupe","29":"product_cat-2015-2020-mercedes-gl-klasse","30":"product_cat-2015-2020-mercedes-cls","31":"product_cat-2015-2020-mercedes-c-klasse-s-w","32":"product_cat-2015-2020-mercedes-gls","33":"product_cat-2016-2018-mercedes-eqs","34":"product_cat-2016-2018-mercedes-cle-klasse","35":"product_cat-2016-2018-mercedes-s-klasse","36":"product_cat-2016-2018-mercedes-c-klasse-amg","37":"product_cat-2016-2018-mercedes-glc-coupe","38":"product_cat-2016-2018-mercedes-gl-klasse","39":"product_cat-2016-2018-mercedes-cls","40":"product_cat-2016-2018-mercedes-c-klasse-s-w","41":"product_cat-2016-2018-mercedes-gls","42":"product_cat-2016-2018-mercedes-c-klasse","43":"product_cat-2016-2018-mercedes-glc","44":"product_cat-2018-mercedes-cls","45":"product_cat-2022-mercedes-gls","46":"product_cat-2024-mercedes-gls","47":"product_cat-jantes","48":"product_cat-mercedes-c-klasse","49":"product_cat-mercedes-c-klasse-amg","50":"product_cat-mercedes-c-klasse-s-w","51":"product_cat-mercedes-cle-klasse","52":"product_cat-mercedes-cls","53":"product_cat-mercedes-eqs","54":"product_cat-mercedes-gl-klasse","55":"product_cat-mercedes-glc","56":"product_cat-mercedes-glc-coupe","57":"product_cat-mercedes-gls","58":"product_cat-mercedes-s-klasse","60":"first","61":"instock","62":"purchasable","63":"product-type-simple"},"acf":[],"_links":{"self":[{"href":"https:\/\/altaroda.es\/en\/wp-json\/wp\/v2\/product\/5022","targetHints":{"allow":["GET"]}}],"collection":[{"href":"https:\/\/altaroda.es\/en\/wp-json\/wp\/v2\/product"}],"about":[{"href":"https:\/\/altaroda.es\/en\/wp-json\/wp\/v2\/types\/product"}],"replies":[{"embeddable":true,"href":"https:\/\/altaroda.es\/en\/wp-json\/wp\/v2\/comments?post=5022"}],"version-history":[{"count":1,"href":"https:\/\/altaroda.es\/en\/wp-json\/wp\/v2\/product\/5022\/revisions"}],"predecessor-version":[{"id":5023,"href":"https:\/\/altaroda.es\/en\/wp-json\/wp\/v2\/product\/5022\/revisions\/5023"}],"wp:featuredmedia":[{"embeddable":true,"href":"https:\/\/altaroda.es\/en\/wp-json\/wp\/v2\/media\/5024"}],"wp:attachment":[{"href":"https:\/\/altaroda.es\/en\/wp-json\/wp\/v2\/media?parent=5022"}],"wp:term":[{"taxonomy":"product_brand","embeddable":true,"href":"https:\/\/altaroda.es\/en\/wp-json\/wp\/v2\/product_brand?post=5022"},{"taxonomy":"product_cat","embeddable":true,"href":"https:\/\/altaroda.es\/en\/wp-json\/wp\/v2\/product_cat?post=5022"},{"taxonomy":"product_tag","embeddable":true,"href":"https:\/\/altaroda.es\/en\/wp-json\/wp\/v2\/product_tag?post=5022"}],"curies":[{"name":"wp","href":"https:\/\/api.w.org\/{rel}","templated":true}]}}