{"id":5016,"date":"2025-06-08T13:38:18","date_gmt":"2025-06-08T13:38:18","guid":{"rendered":"https:\/\/altaroda.es\/product\/malmoe-20-black-mirror\/"},"modified":"2025-06-08T13:38:22","modified_gmt":"2025-06-08T13:38:22","slug":"malmoe-20-black-mirror","status":"publish","type":"product","link":"https:\/\/altaroda.es\/en\/product\/malmoe-20-black-mirror\/","title":{"rendered":"MALMOE 20 BLACK MIRROR"},"content":{"rendered":"<p>9J20 MALMOE\/GD4Y ET53 5X108 63,4 BMPARA RODAS HOMOLOGADAS VERIFIQUE OS DOCUMENTOS TUV-NADCertifica\u00e7\u00f5es: OE9020 GD4Y-63,4-A02Notas:<br \/>\n                     &#8211; Pre\u00e7o unit\u00e1rio;<br \/>\n                     &#8211; IVA \u00e0 taxa em vigor inclu\u00eddo no pre\u00e7o;<br \/>\n                     &#8211; Limitado ao stock existente;<br \/>\n                     &#8211; Disponibilidade e pre\u00e7o carece de re-confirma\u00e7\u00e3o.<\/p>","protected":false},"excerpt":{"rendered":"<p>9J20 MALMOE\/GD4Y ET53 5X108 63,4 BMPARA RODAS HOMOLOGADAS VERIFIQUE OS DOCUMENTOS TUV-NADCertifica\u00e7\u00f5es: OE9020 GD4Y-63,4-A02Notas:<br \/>\n                     &#8211; Pre\u00e7o unit\u00e1rio;<br \/>\n                     &#8211; IVA \u00e0 taxa em vigor inclu\u00eddo no pre\u00e7o;<br \/>\n                     &#8211; Limitado ao stock existente;<br \/>\n                     &#8211; Disponibilidade e pre\u00e7o carece de re-confirma\u00e7\u00e3o.<\/p>","protected":false},"featured_media":5018,"comment_status":"closed","ping_status":"open","template":"","meta":{"_acf_changed":false},"product_brand":[],"product_cat":[3433,3424,3415,3438,3429,3420,3443,3434,3425,3416,3439,3430,3421,3444,3435,3426,3417,3440,3431,3422,3445,3436,3427,3418,3441,3432,3423,3437,3428,3419,3442,2015,2021,2020,2022,1054,3408,3409,3410,3411,3412,3413,635,1053,3414,2501,2502],"product_tag":[],"class_list":{"0":"post-5016","1":"product","2":"type-product","3":"status-publish","4":"has-post-thumbnail","6":"product_cat-10-2015-ford-edge-o-e-steel-wheels-3","7":"product_cat-10-2015-volvo-xc40-recharge-p8","8":"product_cat-10-2015-ford-edge-o-e-alloy-wheels","9":"product_cat-10-2015-polestar-polestar-2-not-brembo-brakes-3","10":"product_cat-10-2015-ford-s-max-ii-serie-o-e-alloy-wheels-2","11":"product_cat-10-2015-ford-s-max-ii-serie-o-e-steel-wheels","12":"product_cat-10-2015-ford-s-max-ii-serie-o-e-alloy-wheels-4","13":"product_cat-10-2015-ford-galaxy-iii-serie-o-e-alloy-wheels-3","14":"product_cat-10-2015-ford-edge-o-e-alloy-wheels-2","15":"product_cat-10-2015-ford-edge-o-e-steel-wheels","16":"product_cat-10-2015-ford-edge-o-e-alloy-wheels-4","17":"product_cat-10-2015-ford-s-max-ii-serie-o-e-steel-wheels-2","18":"product_cat-10-2015-polestar-polestar-2-brembo-brakes","19":"product_cat-10-2015-ford-s-max-ii-serie-o-e-steel-wheels-4","20":"product_cat-10-2015-ford-galaxy-iii-serie-o-e-steel-wheels-3","21":"product_cat-10-2015-ford-edge-o-e-steel-wheels-2","22":"product_cat-10-2015-ford-galaxy-iii-serie-o-e-alloy-wheels","23":"product_cat-10-2015-ford-edge-o-e-steel-wheels-4","24":"product_cat-10-2015-polestar-polestar-2-not-brembo-brakes-2","25":"product_cat-10-2015-polestar-polestar-2-not-brembo-brakes","26":"product_cat-10-2015-polestar-polestar-2-not-brembo-brakes-4","27":"product_cat-10-2015-ford-s-max-ii-serie-o-e-alloy-wheels-3","28":"product_cat-10-2015-ford-galaxy-iii-serie-o-e-alloy-wheels-2","29":"product_cat-10-2015-ford-galaxy-iii-serie-o-e-steel-wheels","30":"product_cat-10-2015-ford-galaxy-iii-serie-o-e-alloy-wheels-4","31":"product_cat-10-2015-ford-edge-o-e-alloy-wheels-3","32":"product_cat-10-2015-volvo-c40-recharge","33":"product_cat-10-2015-ford-s-max-ii-serie-o-e-steel-wheels-3","34":"product_cat-10-2015-ford-galaxy-iii-serie-o-e-steel-wheels-2","35":"product_cat-10-2015-ford-s-max-ii-serie-o-e-alloy-wheels","36":"product_cat-10-2015-ford-galaxy-iii-serie-o-e-steel-wheels-4","37":"product_cat-2014-2019-chrysler-pt-cruiser","38":"product_cat-2014-2019-subaru-impreza","39":"product_cat-2014-2019-subaru-forester","40":"product_cat-2014-2019-subaru-legacy","41":"product_cat-2020-polestar-polestar-2-brembo-brakes","42":"product_cat-ford-edge-o-e-alloy-wheels","43":"product_cat-ford-edge-o-e-steel-wheels","44":"product_cat-ford-galaxy-iii-serie-o-e-alloy-wheels","45":"product_cat-ford-galaxy-iii-serie-o-e-steel-wheels","46":"product_cat-ford-s-max-ii-serie-o-e-alloy-wheels","47":"product_cat-ford-s-max-ii-serie-o-e-steel-wheels","48":"product_cat-jantes","49":"product_cat-polestar-polestar-2-brembo-brakes","50":"product_cat-polestar-polestar-2-not-brembo-brakes","51":"product_cat-volvo-c40-recharge","52":"product_cat-volvo-xc40-recharge-p8","54":"first","55":"instock","56":"purchasable","57":"product-type-simple"},"acf":[],"_links":{"self":[{"href":"https:\/\/altaroda.es\/en\/wp-json\/wp\/v2\/product\/5016","targetHints":{"allow":["GET"]}}],"collection":[{"href":"https:\/\/altaroda.es\/en\/wp-json\/wp\/v2\/product"}],"about":[{"href":"https:\/\/altaroda.es\/en\/wp-json\/wp\/v2\/types\/product"}],"replies":[{"embeddable":true,"href":"https:\/\/altaroda.es\/en\/wp-json\/wp\/v2\/comments?post=5016"}],"version-history":[{"count":1,"href":"https:\/\/altaroda.es\/en\/wp-json\/wp\/v2\/product\/5016\/revisions"}],"predecessor-version":[{"id":5017,"href":"https:\/\/altaroda.es\/en\/wp-json\/wp\/v2\/product\/5016\/revisions\/5017"}],"wp:featuredmedia":[{"embeddable":true,"href":"https:\/\/altaroda.es\/en\/wp-json\/wp\/v2\/media\/5018"}],"wp:attachment":[{"href":"https:\/\/altaroda.es\/en\/wp-json\/wp\/v2\/media?parent=5016"}],"wp:term":[{"taxonomy":"product_brand","embeddable":true,"href":"https:\/\/altaroda.es\/en\/wp-json\/wp\/v2\/product_brand?post=5016"},{"taxonomy":"product_cat","embeddable":true,"href":"https:\/\/altaroda.es\/en\/wp-json\/wp\/v2\/product_cat?post=5016"},{"taxonomy":"product_tag","embeddable":true,"href":"https:\/\/altaroda.es\/en\/wp-json\/wp\/v2\/product_tag?post=5016"}],"curies":[{"name":"wp","href":"https:\/\/api.w.org\/{rel}","templated":true}]}}