{"id":5007,"date":"2025-06-08T13:38:18","date_gmt":"2025-06-08T13:38:18","guid":{"rendered":"https:\/\/altaroda.es\/product\/epica-17-black-mirror-7\/"},"modified":"2025-06-08T13:38:19","modified_gmt":"2025-06-08T13:38:19","slug":"epica-17-black-mirror-7","status":"publish","type":"product","link":"https:\/\/altaroda.es\/en\/product\/epica-17-black-mirror-7\/","title":{"rendered":"EPICA 17 BLACK MIRROR"},"content":{"rendered":"<p>7J17 EPICA\/PE4X ET51 5X100 57,1 BLMO.E. (SEAT) Compat\u00edvel com tampa central Pe\u00e7a Nr.. 6LL601171 &#8211; PARA RODAS HOMOLOGADAS VERIFIQUE OS DOCUMENTOS ECE-NADNotas:<br \/>\n                     &#8211; Pre\u00e7o unit\u00e1rio;<br \/>\n                     &#8211; IVA \u00e0 taxa em vigor inclu\u00eddo no pre\u00e7o;<br \/>\n                     &#8211; Limitado ao stock existente;<br \/>\n                     &#8211; Disponibilidade e pre\u00e7o carece de re-confirma\u00e7\u00e3o.<\/p>","protected":false},"excerpt":{"rendered":"<p>7J17 EPICA\/PE4X ET51 5X100 57,1 BLMO.E. (SEAT) Compat\u00edvel com tampa central Pe\u00e7a Nr.. 6LL601171 &#8211; PARA RODAS HOMOLOGADAS VERIFIQUE OS DOCUMENTOS ECE-NADNotas:<br \/>\n                     &#8211; Pre\u00e7o unit\u00e1rio;<br \/>\n                     &#8211; IVA \u00e0 taxa em vigor inclu\u00eddo no pre\u00e7o;<br \/>\n                     &#8211; Limitado ao stock existente;<br \/>\n                     &#8211; Disponibilidade e pre\u00e7o carece de re-confirma\u00e7\u00e3o.<\/p>","protected":false},"featured_media":5009,"comment_status":"closed","ping_status":"open","template":"","meta":{"_acf_changed":false},"product_brand":[],"product_cat":[3295,3293,3294,2021,2017,635,2576,2578,3288],"product_tag":[],"class_list":{"0":"post-5007","1":"product","2":"type-product","3":"status-publish","4":"has-post-thumbnail","6":"product_cat-10-2017-volkswagen-polo-vi-serie","7":"product_cat-10-2017-seat-ibiza","8":"product_cat-10-2017-skoda-fabia","9":"product_cat-2014-2019-subaru-impreza","10":"product_cat-2014-2019-lexus-ct-200h","11":"product_cat-jantes","12":"product_cat-seat-ibiza","13":"product_cat-skoda-fabia","14":"product_cat-volkswagen-polo-vi-serie","16":"first","17":"instock","18":"purchasable","19":"product-type-simple"},"acf":[],"_links":{"self":[{"href":"https:\/\/altaroda.es\/en\/wp-json\/wp\/v2\/product\/5007","targetHints":{"allow":["GET"]}}],"collection":[{"href":"https:\/\/altaroda.es\/en\/wp-json\/wp\/v2\/product"}],"about":[{"href":"https:\/\/altaroda.es\/en\/wp-json\/wp\/v2\/types\/product"}],"replies":[{"embeddable":true,"href":"https:\/\/altaroda.es\/en\/wp-json\/wp\/v2\/comments?post=5007"}],"version-history":[{"count":1,"href":"https:\/\/altaroda.es\/en\/wp-json\/wp\/v2\/product\/5007\/revisions"}],"predecessor-version":[{"id":5008,"href":"https:\/\/altaroda.es\/en\/wp-json\/wp\/v2\/product\/5007\/revisions\/5008"}],"wp:featuredmedia":[{"embeddable":true,"href":"https:\/\/altaroda.es\/en\/wp-json\/wp\/v2\/media\/5009"}],"wp:attachment":[{"href":"https:\/\/altaroda.es\/en\/wp-json\/wp\/v2\/media?parent=5007"}],"wp:term":[{"taxonomy":"product_brand","embeddable":true,"href":"https:\/\/altaroda.es\/en\/wp-json\/wp\/v2\/product_brand?post=5007"},{"taxonomy":"product_cat","embeddable":true,"href":"https:\/\/altaroda.es\/en\/wp-json\/wp\/v2\/product_cat?post=5007"},{"taxonomy":"product_tag","embeddable":true,"href":"https:\/\/altaroda.es\/en\/wp-json\/wp\/v2\/product_tag?post=5007"}],"curies":[{"name":"wp","href":"https:\/\/api.w.org\/{rel}","templated":true}]}}