{"id":5004,"date":"2025-06-08T13:38:18","date_gmt":"2025-06-08T13:38:18","guid":{"rendered":"https:\/\/altaroda.es\/product\/kassel-17-gloss-black\/"},"modified":"2025-06-08T13:38:18","modified_gmt":"2025-06-08T13:38:18","slug":"kassel-17-gloss-black","status":"publish","type":"product","link":"https:\/\/altaroda.es\/en\/product\/kassel-17-gloss-black\/","title":{"rendered":"KASSEL 17 GLOSS BLACK"},"content":{"rendered":"<p>7,5J17 KASSE\/PE3Y E46 5X100 57,1 GBPARA RODAS HOMOLOGADAS VERIFIQUE OS DOCUMENTOS TUVCertifica\u00e7\u00f5es: KA7570 PE3Y-57,1-A15Notas:<br \/>\n                     &#8211; Pre\u00e7o unit\u00e1rio;<br \/>\n                     &#8211; IVA \u00e0 taxa em vigor inclu\u00eddo no pre\u00e7o;<br \/>\n                     &#8211; Limitado ao stock existente;<br \/>\n                     &#8211; Disponibilidade e pre\u00e7o carece de re-confirma\u00e7\u00e3o.<\/p>","protected":false},"excerpt":{"rendered":"<p>7,5J17 KASSE\/PE3Y E46 5X100 57,1 GBPARA RODAS HOMOLOGADAS VERIFIQUE OS DOCUMENTOS TUVCertifica\u00e7\u00f5es: KA7570 PE3Y-57,1-A15Notas:<br \/>\n                     &#8211; Pre\u00e7o unit\u00e1rio;<br \/>\n                     &#8211; IVA \u00e0 taxa em vigor inclu\u00eddo no pre\u00e7o;<br \/>\n                     &#8211; Limitado ao stock existente;<br \/>\n                     &#8211; Disponibilidade e pre\u00e7o carece de re-confirma\u00e7\u00e3o.<\/p>","protected":false},"featured_media":5006,"comment_status":"closed","ping_status":"open","template":"","meta":{"_acf_changed":false},"product_brand":[],"product_cat":[3296,3293,3292,3294,3291,3295,3290,3300,3298,2872,3299,3301,3297,2874,2018,2021,2020,2019,2017,2023,1250,894,893,1363,1249,635,2576,2578,3288,3289],"product_tag":[],"class_list":{"0":"post-5004","1":"product","2":"type-product","3":"status-publish","4":"has-post-thumbnail","6":"product_cat-10-2017-volkswagen-polo-gti-vi-serie","7":"product_cat-10-2017-seat-ibiza","8":"product_cat-10-2017-audi-a1-sportback","9":"product_cat-10-2017-skoda-fabia","10":"product_cat-10-2017-audi-a1-citycarver","11":"product_cat-10-2017-volkswagen-polo-vi-serie","12":"product_cat-10-2017-audi-a1-allstreet","13":"product_cat-2007-2020-volkswagen-polo-vi-serie","14":"product_cat-2007-2020-audi-a1-citycarver","15":"product_cat-2007-2020-seat-ibiza","16":"product_cat-2007-2020-audi-a1-sportback","17":"product_cat-2007-2020-volkswagen-polo-gti-vi-serie","18":"product_cat-2007-2020-audi-a1-allstreet","19":"product_cat-2007-2020-skoda-fabia","20":"product_cat-2014-2019-rover-75","21":"product_cat-2014-2019-subaru-impreza","22":"product_cat-2014-2019-subaru-forester","23":"product_cat-2014-2019-subaru-brz","24":"product_cat-2014-2019-lexus-ct-200h","25":"product_cat-2014-2019-subaru-outback-legacy","26":"product_cat-2019-audi-a1-sportback","27":"product_cat-2023-audi-a1-allstreet","28":"product_cat-audi-a1-allstreet","29":"product_cat-audi-a1-citycarver","30":"product_cat-audi-a1-sportback","31":"product_cat-jantes","32":"product_cat-seat-ibiza","33":"product_cat-skoda-fabia","34":"product_cat-volkswagen-polo-vi-serie","35":"product_cat-volkswagen-polo-gti-vi-serie","37":"first","38":"instock","39":"purchasable","40":"product-type-simple"},"acf":[],"_links":{"self":[{"href":"https:\/\/altaroda.es\/en\/wp-json\/wp\/v2\/product\/5004","targetHints":{"allow":["GET"]}}],"collection":[{"href":"https:\/\/altaroda.es\/en\/wp-json\/wp\/v2\/product"}],"about":[{"href":"https:\/\/altaroda.es\/en\/wp-json\/wp\/v2\/types\/product"}],"replies":[{"embeddable":true,"href":"https:\/\/altaroda.es\/en\/wp-json\/wp\/v2\/comments?post=5004"}],"version-history":[{"count":1,"href":"https:\/\/altaroda.es\/en\/wp-json\/wp\/v2\/product\/5004\/revisions"}],"predecessor-version":[{"id":5005,"href":"https:\/\/altaroda.es\/en\/wp-json\/wp\/v2\/product\/5004\/revisions\/5005"}],"wp:featuredmedia":[{"embeddable":true,"href":"https:\/\/altaroda.es\/en\/wp-json\/wp\/v2\/media\/5006"}],"wp:attachment":[{"href":"https:\/\/altaroda.es\/en\/wp-json\/wp\/v2\/media?parent=5004"}],"wp:term":[{"taxonomy":"product_brand","embeddable":true,"href":"https:\/\/altaroda.es\/en\/wp-json\/wp\/v2\/product_brand?post=5004"},{"taxonomy":"product_cat","embeddable":true,"href":"https:\/\/altaroda.es\/en\/wp-json\/wp\/v2\/product_cat?post=5004"},{"taxonomy":"product_tag","embeddable":true,"href":"https:\/\/altaroda.es\/en\/wp-json\/wp\/v2\/product_tag?post=5004"}],"curies":[{"name":"wp","href":"https:\/\/api.w.org\/{rel}","templated":true}]}}